{"id":2030,"date":"2015-09-11T11:25:18","date_gmt":"2015-09-11T11:25:18","guid":{"rendered":"https:\/\/humansfest.com\/?page_id=886"},"modified":"2022-03-21T16:21:29","modified_gmt":"2022-03-21T16:21:29","slug":"premios-2","status":"publish","type":"page","link":"https:\/\/fundacionporlajusticia.org\/va\/humansfest\/2020-edicion\/premios-2\/","title":{"rendered":"PREMIS"},"content":{"rendered":"<blockquote><p><a href=\"https:\/\/fundacionporlajusticia.org\/wp-content\/uploads\/2014\/11\/clausura-4.jpg\"><img loading=\"lazy\" decoding=\"async\" class=\"wp-image-764 alignright\" src=\"https:\/\/fundacionporlajusticia.org\/wp-content\/uploads\/2014\/11\/clausura-4-200x300.jpg\" alt=\"clausura-4\" width=\"173\" height=\"260\" \/><\/a><strong><a href=\"https:\/\/fundacionporlajusticia.org\/es\/premio-pau-i-justicia\/\" target=\"_blank\" rel=\"noopener noreferrer\">PREMI PAU I JUST\u00cdCIA<\/a>:\u00a0<\/strong>A la carrera professional cinematogr\u00e0fica dedicada a la defensa dels drets humans.<\/p>\n<p>El Festival preveu el lliurament de<strong>\u00a0els seg\u00fcents premis:\u00a0<\/strong><\/p>\n<p>Premi Millor<strong> Llargmetratge<\/strong> (Menci\u00f3 honor\u00edfica).<br \/>\nPremi EDAV Millor <strong>Gui\u00f3 de Llargmetratge<\/strong> (Menci\u00f3 honor\u00edfica).<br \/>\nPremi Millor <strong>Curtmetratge sobre Inf\u00e0ncia, Joventut i DDHH<\/strong> \u2013 1000 \u20ac<br \/>\nPremi Millor <strong>Curtmetratge Valenci\u00e0<\/strong> \u2013 750 \u20ac<br \/>\nPremi EDAV al Millor <strong>Gui\u00f3 de Curtmetratge Valenci\u00e0<\/strong> \u2013 Un any de subscripci\u00f3 gratu\u00efta a EDAV.<br \/>\nPremi <strong>Minicurtmetratge \u00abUn Minut Un Dret\u00bb<\/strong> \u2013 400 \u20ac<br \/>\nPremi Millor <strong>Webs\u00e8rie<\/strong> \u2013 500 \u20ac<br \/>\nPremi Millor <strong>Videojoc Serio, Video 360 o Realitat Virtual<\/strong> \u2013 Menci\u00f3 Honor\u00edfica<\/p><\/blockquote>\n<h1><strong>PREMIS EDICI\u00d3 XII<\/strong><\/h1>\n<p><u>Premi Canvi social<\/u><br \/>\n<strong>Associaci\u00f3 de Polio i Postpoli de la Comunitat Valenciana, <\/strong>va rebre el premi Teresa Salort, presidenta de l&#039;APIP-CV.<\/p>\n<p><u>Premi millor curtmetratge secci\u00f3 \u00abUn Minut Un Dret\u00bb<\/u><br \/>\n<strong>Els bulls maten, no siguis c\u00f2mplice, <span style=\"font-weight: 400;\">de Daniel Garc\u00eda.<\/span><\/strong><\/p>\n<p><u>Premi millor Gui\u00f3 Curtmetratge Valenci\u00e0<\/u><br \/>\n<strong>Stanbrook, <span style=\"font-weight: 400;\">d&#039;\u00d3scar Bern\u00e1cer.<\/span><\/strong><\/p>\n<p><u>Premi millor Gui\u00f3 Llargmetratge<\/u><br \/>\n<strong>Quo vadis, Aida?, <\/strong>de la directora Jasmila \u017dbani\u0107<span style=\"font-weight: 400;\">.<\/span><\/p>\n<p><u>Premi millor Gui\u00f3 Llargmetratge<\/u><br \/>\n<strong>Quo vadis, Aida?, <\/strong>de la directora Jasmila \u017dbani\u0107<span style=\"font-weight: 400;\">.<br \/>\n<\/span><\/p>\n<p><u>Premi millor Curtmetratge Valenci\u00e0 Estudiants<\/u><br \/>\n<strong>La nit dels homes, <\/strong>de Raquel Arias i Bego\u00f1a Moret<span style=\"font-weight: 400;\">.<\/span><\/p>\n<p><u>Premi millor Curtmetratge Valenci\u00e0<\/u><br \/>\n<strong>On ets tu? <\/strong>de Maria Tr\u00e9nor<span style=\"font-weight: 400;\">.<\/span><\/p>\n<p><u>Premi millor Curtmetratge Internacional<\/u><br \/>\n<strong>El meu cos no em pertany, <\/strong>de Parviz Majidov<span style=\"font-weight: 400;\">.<\/span><\/p>\n<p><u>Premi Pau i Just\u00edcia<\/u><br \/>\n<strong>Josefina Molina, <\/strong>primera dona llicenciada en cinematografia a Espanya i cofundadora de l&#039;Associaci\u00f3 de Dones Cineastes i de Mitjans Audiovisuals (CIMA)<span style=\"font-weight: 400;\">.<\/span><\/p>\n<p><u>Premi millor Llargmetratge<\/u><br \/>\n<strong>Quo vadis, Aida?, <\/strong>de la directora Jasmila \u017dbani\u0107<span style=\"font-weight: 400;\">.<br \/>\n<img loading=\"lazy\" decoding=\"async\" class=\"size-medium wp-image-6470 alignleft\" src=\"https:\/\/fundacionporlajusticia.org\/wp-content\/uploads\/2021\/01\/quo-vadis-aida_-poster-210x300.jpg\" alt=\"Poster - Quo Vadis, Aida?\" width=\"210\" height=\"300\" \/><br \/>\n<\/span><\/p>\n<h1><strong>PREMIS EDICI\u00d3 XI<\/strong><\/h1>\n<p><strong>Premi Pau i Just\u00edcia:<\/strong> Pepe Viyuela per la seva traject\u00f2ria en defensa dels drets humans des de l&#039;humor.<br \/>\n<strong style=\"font-size: inherit;\">Premi Canvi social:<\/strong> Associaci\u00f3 V\u00edctimes de l&#039;accident de metro de Val\u00e8ncia. 3 de juliol.<\/p>\n<h1><strong>PREMIS EDICI\u00d3 X<\/strong><\/h1>\n<p><strong>Premi Pau i Just\u00edcia:<\/strong> Hwidar Abdelatif<br \/>\nAquest any el Festival ha decidit lliurar el Premi <strong>PAU I JUST\u00cdCIA<\/strong> al director i actor <strong>Hwidar Abdelatif<\/strong>, per la seva traject\u00f2ria en la defensa dels Drets Socials i Humans mitjan\u00e7ant el cinema com a element de transformaci\u00f3 de la nostra societat.<\/p>\n<p><strong> Premi Comprom\u00eds amb la Cultura:<\/strong> Carmen Alborch<br \/>\nAquest reconeixement no ha estat l\u00fanic entregat durant la Gala dInauguraci\u00f3. El festival aquest any ha decidit recordar una de les dones m\u00e9s actives al panorama cultural valenci\u00e0 i nacional, i una defensora incansable dels drets de les dones i del seu treball. Mitjan\u00e7ant una entrevista feta per la directora <strong>Giovanna Ribes<\/strong>, s&#039;ha lliurat el <strong>Premi Comprom\u00eds amb la Cultura<\/strong> a la recentment morta, <strong>Carmen Alborch<\/strong>.<\/p>\n<p><strong> Premi Acollida:<\/strong> Emilio Mart\u00ed<br \/>\nEn la celebraci\u00f3 d&#039;aquests 10 anys de traject\u00f2ria del festival, s&#039;ha retut un altre homenatge durant la gala de cloenda, a un director que ha col\u00b7laborat amb el festival des dels seus comen\u00e7aments, i el comprom\u00eds del qual amb la cossa dels drets humans i sobretot de les persones refugiades \u00e9s la base de la feina quotidiana. El festival ha atorgat el <strong>Premi Acollida<\/strong> al director d&#039;animaci\u00f3 <strong>Emilio Mart\u00ed<\/strong>.<\/p>\n<h1><strong>PREMIS EDICI\u00d3 IX<\/strong><\/h1>\n<p><strong>Premi Pau i Just\u00edcia:<\/strong>\u00a0 Silvia Munt<\/p>\n<p>Aquest any el Festival ha decidit lliurar a la directora, actriu i productora <strong>Silvia Munt<\/strong> el Premi<strong> PAU I JUST\u00cdCIA<\/strong>, per la seva traject\u00f2ria en la defensa dels Drets Socials i Humans mitjan\u00e7ant el cinema com a element de transformaci\u00f3 de la nostra societat. Silvia va recollir el premi durant la inauguraci\u00f3 del festival, el divendres 9 de febrer.<\/p>\n<p><a href=\"https:\/\/fundacionporlajusticia.org\/wp-content\/uploads\/2014\/11\/clausura-4.jpg\"><img loading=\"lazy\" decoding=\"async\" class=\"aligncenter size-full wp-image-5067\" src=\"https:\/\/fundacionporlajusticia.org\/wp-content\/uploads\/2019\/01\/image029.jpg\" alt=\"\" width=\"239\" height=\"239\" \/><\/a><\/p>\n<ul>\n<li><strong>Premi al millor Llarg Documental i PREMI EDAV: \u00abComplicit\u00bb <\/strong>de Heather White i Lynn Zhang<br \/>\n<em>\u201cPer haver aconseguit fer-nos veure pensaments, comprendre el drama del que no es diu i veure all\u00f2 que no es mostra\u201d.<\/em><\/li>\n<li><strong>Menci\u00f3 especial Llarg Documental<\/strong>:\n<ul>\n<li><strong>MR GAY SYRIA<\/strong> d&#039;Ayse Torpak<\/li>\n<li><strong>JACKSON<\/strong> de Maisie Crow<\/li>\n<\/ul>\n<\/li>\n<li><strong>Premi al millor C<\/strong><strong>ortometratge sobre dret asil i persones refugiades: \u00abImport<\/strong><strong>\u00bb <\/strong>d&#039;Ena Sendijarevic<strong><br \/>\n<\/strong><\/li>\n<li><strong>Menci\u00f3 especial C<\/strong><strong>ortometratge asil:<\/strong>\n<ul>\n<li><strong>\u00abEl fill de F\u00e0tima\u00bb <\/strong>de Carlotta Piccinini<\/li>\n<li><strong> El bosc de l&#039;amor <\/strong>d&#039;Alexandre G. Salgado<\/li>\n<\/ul>\n<\/li>\n<li><strong><strong>Premi \u201c1 minut 1 dret\u201d: \u201cQuotidi\u00e0\u201d<\/strong><\/strong> EASD \u2013 Escola d&#039;Art i Superi\u00f3 de Disseny de Val\u00e8ncia directores Marta D\u00edaz Grimaldos i Mar\u00eda Benet<\/li>\n<\/ul>\n<p><img loading=\"lazy\" decoding=\"async\" class=\"aligncenter size-full wp-image-5069\" src=\"https:\/\/fundacionporlajusticia.org\/wp-content\/uploads\/2019\/01\/image022.jpg\" alt=\"\" width=\"675\" height=\"302\" \/><\/p>\n<h1><strong>PREMIS EDICI\u00d3 VIII<\/strong><\/h1>\n<p><strong>Premi Pau i Just\u00edcia:<\/strong>\u00a0 Juan Diego Botto<\/p>\n<ul>\n<li><strong>Premi al millor Llarg Documental:<\/strong>\u00a0\u00ab<strong><a href=\"https:\/\/fundacionporlajusticia.org\/es\/paciente\/\" target=\"_blank\" rel=\"noopener noreferrer\">Pacient<\/a><\/strong>\u00ab, de Borja Caballero.<\/li>\n<li><strong>Menci\u00f3 especial Llarg Documental<\/strong>: \u00ab<strong><a href=\"https:\/\/fundacionporlajusticia.org\/es\/la-estrategia-del-silencio\/\" target=\"_blank\" rel=\"noopener noreferrer\">L&#039;Estrat\u00e8gia del Silenci<\/a><\/strong>\u00ab, de Vicente Peris i \u00ab<strong><a href=\"https:\/\/fundacionporlajusticia.org\/es\/transit-havana\/\" target=\"_blank\" rel=\"noopener noreferrer\">Transit Havana<\/a><\/strong>\u00ab, de Daniel Abma.<\/li>\n<li><strong>Premi al millor Curtmetratge: <\/strong>\u00ab<strong><a href=\"https:\/\/fundacionporlajusticia.org\/es\/eisen\/\" target=\"_blank\" rel=\"noopener noreferrer\">Eisen<\/a><\/strong>\u00ab, de Benjamin Kahlmeyer.<\/li>\n<li><strong>Menci\u00f3 especial Curtmetratge<\/strong>: \u00ab<b><a href=\"https:\/\/fundacionporlajusticia.org\/es\/safe-space\/\" target=\"_blank\" rel=\"noopener noreferrer\">Safe Space<\/a><\/b>\u00ab, de Zora Rux.<\/li>\n<li><strong>Premi \u00ab1 minut 1 dret\u00bb:<\/strong> \u00ab<strong>Jo era<\/strong>\u00ab, de Josemi Novo, Alexandre Ortiz, Sonia Guzm\u00e1n, Carlos Herrero, Tatiana Hern\u00e1ndez, Romina Guti\u00e9rrez (grup d&#039;estudiants del Col\u00b7legi Juan Comenius).<\/li>\n<li><strong>Menci\u00f3 especial \u00ab1 minut 1 dret\u00bb<\/strong>: \u00ab<strong>Rosa<\/strong>\u00bb, de Neus Cerd\u00e1 i Mar\u00eda Bl\u00e1zquez, de l&#039;Escola d&#039;Art i Superior de Disseny EASD.<\/li>\n<\/ul>\n<div id=\"attachment_4046\" style=\"width: 220px\" class=\"wp-caption alignleft\"><a href=\"https:\/\/fundacionporlajusticia.org\/es\/paciente\/\" target=\"_blank\" rel=\"noopener noreferrer\"><img loading=\"lazy\" decoding=\"async\" aria-describedby=\"caption-attachment-4046\" class=\"wp-image-4046 size-medium\" title=\"Documental Pacient de Jorge Caballero\" src=\"https:\/\/fundacionporlajusticia.org\/wp-content\/uploads\/2017\/01\/PACIENTE-_poster-210x300.jpg\" alt=\"Paciente, mejor documental Humans Fest\" width=\"210\" height=\"300\" \/><\/a><p id=\"caption-attachment-4046\" class=\"wp-caption-text\">Premi al millor documental<\/p><\/div>\n<div id=\"attachment_4619\" style=\"width: 310px\" class=\"wp-caption alignleft\"><img loading=\"lazy\" decoding=\"async\" aria-describedby=\"caption-attachment-4619\" class=\"wp-image-4619 size-medium\" title=\"Juan Diego Botto Humans Fest\" src=\"https:\/\/fundacionporlajusticia.org\/wp-content\/uploads\/2015\/09\/WhatsApp-Image-2017-01-25-at-11.36.55-300x300.jpeg\" alt=\"Juan Diego Botto Premi Pau i Just\u00edcia\" width=\"300\" height=\"300\" \/><p id=\"caption-attachment-4619\" class=\"wp-caption-text\">Premi Pau i Just\u00edcia: Juan Diego Botto<\/p><\/div>\n<div id=\"attachment_4220\" style=\"width: 226px\" class=\"wp-caption alignleft\"><a href=\"https:\/\/fundacionporlajusticia.org\/es\/eisen\/\"><img loading=\"lazy\" decoding=\"async\" aria-describedby=\"caption-attachment-4220\" class=\"wp-image-4220 size-medium\" title=\"Eisen de Benjamin Kahlmeyer\" src=\"https:\/\/fundacionporlajusticia.org\/wp-content\/uploads\/2017\/01\/POSTER_EISEN_1-216x300.jpg\" alt=\"Eisen premio mejor cortometraje Humans Fest\" width=\"216\" height=\"300\" \/><\/a><p id=\"caption-attachment-4220\" class=\"wp-caption-text\">Premi al millor curtmetratge<\/p><\/div>\n<h1><\/h1>\n<h1><\/h1>\n<h1><\/h1>\n<h1><\/h1>\n<h1><\/h1>\n<h1><strong>PREMIS EDICI\u00d3 VII<\/strong><\/h1>\n<p><strong>Premi Pau i Just\u00edcia:<\/strong>\u00a0 Montxo Armend\u00e1riz i Puy Oria.<\/p>\n<ul>\n<li><strong>Premi al millor Llarg Documental:<\/strong>\u00a0Tot and his sisters, d&#039;Alexander Nanau.<\/li>\n<li><strong>Premi al millor Curtmetratge: \u00ab<\/strong>Una hora, un pas\u00bb, d?Aitor Iturriza i Bernat Gual.<\/li>\n<li><strong>Premis \u00ab1 minut 1 dret\u00bb:<\/strong> \u00abDespr\u00e9s dels n\u00fameros\u00bb de Mariola Ponce i Christian Feijoo i per a \u00abFarts\u00bb d&#039;Isabel Viso, alumna de l&#039;EASD.<\/li>\n<\/ul>\n<div id=\"attachment_3724\" style=\"width: 310px\" class=\"wp-caption alignleft\"><a href=\"https:\/\/fundacionporlajusticia.org\/wp-content\/uploads\/2015\/12\/puy-y-montxo3-2.png\"><img loading=\"lazy\" decoding=\"async\" aria-describedby=\"caption-attachment-3724\" class=\"wp-image-3724 size-medium\" src=\"https:\/\/fundacionporlajusticia.org\/wp-content\/uploads\/2015\/12\/puy-y-montxo3-2-300x142.png\" alt=\"Puy Oria y Montxo Armend\u00e1riz\" width=\"300\" height=\"142\" \/><\/a><p id=\"caption-attachment-3724\" class=\"wp-caption-text\">Premi Pau i Just\u00edcia<\/p><\/div>\n<div id=\"attachment_1235\" style=\"width: 222px\" class=\"wp-caption alignleft\"><a href=\"https:\/\/fundacionporlajusticia.org\/wp-content\/uploads\/2015\/09\/Toto_Poster_small_poster_580.jpg\"><img loading=\"lazy\" decoding=\"async\" aria-describedby=\"caption-attachment-1235\" class=\"wp-image-1235 size-medium\" src=\"https:\/\/fundacionporlajusticia.org\/wp-content\/uploads\/2015\/09\/Toto_Poster_small_poster_580-212x300.jpg\" alt=\"Toto and his sisters\" width=\"212\" height=\"300\" \/><\/a><p id=\"caption-attachment-1235\" class=\"wp-caption-text\">Premi al Millor Documental<\/p><\/div>\n<div id=\"attachment_1994\" style=\"width: 242px\" class=\"wp-caption alignleft\"><a href=\"https:\/\/fundacionporlajusticia.org\/wp-content\/uploads\/2015\/09\/cartel-una-hora-un-paso.jpg\"><img loading=\"lazy\" decoding=\"async\" aria-describedby=\"caption-attachment-1994\" class=\"wp-image-1994 size-medium\" src=\"https:\/\/fundacionporlajusticia.org\/wp-content\/uploads\/2015\/09\/cartel-una-hora-un-paso-232x300.jpg\" alt=\"cartel una hora un paso\" width=\"232\" height=\"300\" \/><\/a><p id=\"caption-attachment-1994\" class=\"wp-caption-text\">Premi al millor Curtmetratge<\/p><\/div>\n<h1><strong>PREMIS EDICI\u00d3 VI<\/strong><\/h1>\n<p><strong>Premi Pau i Just\u00edcia:<\/strong> Carles Bosch.<\/p>\n<ul>\n<li><strong>Premi al millor Llarg Documental:<\/strong>\u00a0Els anys salvatges de Ventura Durall.<\/li>\n<li><strong>Premi al millor curt \u00ab1 minut 1 dret\u00bb: \u00ab<\/strong>Pussy Riot\u00bb d&#039;Itziar Telletxea.<strong><br \/>\n<\/strong><\/li>\n<\/ul>\n<div id=\"attachment_730\" style=\"width: 310px\" class=\"wp-caption alignleft\"><img loading=\"lazy\" decoding=\"async\" aria-describedby=\"caption-attachment-730\" class=\"wp-image-730 size-medium\" src=\"https:\/\/fundacionporlajusticia.org\/wp-content\/uploads\/2014\/10\/MG_0126-300x200.jpg\" alt=\"_MG_0126\" width=\"300\" height=\"200\" \/><p id=\"caption-attachment-730\" class=\"wp-caption-text\">Carles Bosch<\/p><\/div>\n<div id=\"attachment_765\" style=\"width: 310px\" class=\"wp-caption alignleft\"><img loading=\"lazy\" decoding=\"async\" aria-describedby=\"caption-attachment-765\" class=\"wp-image-765 size-medium\" src=\"https:\/\/fundacionporlajusticia.org\/wp-content\/uploads\/2014\/11\/clausura-5-300x200.jpg\" alt=\"clausura-5\" width=\"300\" height=\"200\" \/><p id=\"caption-attachment-765\" class=\"wp-caption-text\">Ventura Durall<\/p><\/div>\n<div id=\"attachment_762\" style=\"width: 310px\" class=\"wp-caption alignleft\"><a href=\"https:\/\/fundacionporlajusticia.org\/wp-content\/uploads\/2014\/11\/clausura-1.jpg\"><img loading=\"lazy\" decoding=\"async\" aria-describedby=\"caption-attachment-762\" class=\"wp-image-762 size-medium\" src=\"https:\/\/fundacionporlajusticia.org\/wp-content\/uploads\/2014\/11\/clausura-1-300x200.jpg\" alt=\"clausura-1\" width=\"300\" height=\"200\" \/><\/a><p id=\"caption-attachment-762\" class=\"wp-caption-text\">Premiats, Jurat i organitzadors<\/p><\/div>","protected":false},"excerpt":{"rendered":"<p>PREMIO PAU I JUST\u00cdCIA:\u00a0A la carrera profesional cinematogr\u00e1fica dedicada a la defensa de los derechos humanos. El Festival prev\u00e9 la entrega de\u00a0los siguientes premios:\u00a0 Premio Mejor Largometraje (Menci\u00f3n honor\u00edfica). Premio EDAV Mejor Gui\u00f3n de Largometraje (Menci\u00f3n honor\u00edfica). Premio Mejor Cortometraje sobre Infancia, Juventud y DDHH &#8211; 1000 \u20ac Premio Mejor Cortometraje Valenciano &#8211; 750 \u20ac [&hellip;]<\/p>\n","protected":false},"author":2,"featured_media":0,"parent":2079,"menu_order":8,"comment_status":"closed","ping_status":"closed","template":"","meta":{"_et_pb_use_builder":"","_et_pb_old_content":"","_et_gb_content_width":"","_uf_show_specific_survey":0,"_uf_disable_surveys":false,"footnotes":""},"class_list":["post-2030","page","type-page","status-publish","hentry"],"aioseo_notices":[],"_links":{"self":[{"href":"https:\/\/fundacionporlajusticia.org\/va\/wp-json\/wp\/v2\/pages\/2030","targetHints":{"allow":["GET"]}}],"collection":[{"href":"https:\/\/fundacionporlajusticia.org\/va\/wp-json\/wp\/v2\/pages"}],"about":[{"href":"https:\/\/fundacionporlajusticia.org\/va\/wp-json\/wp\/v2\/types\/page"}],"author":[{"embeddable":true,"href":"https:\/\/fundacionporlajusticia.org\/va\/wp-json\/wp\/v2\/users\/2"}],"replies":[{"embeddable":true,"href":"https:\/\/fundacionporlajusticia.org\/va\/wp-json\/wp\/v2\/comments?post=2030"}],"version-history":[{"count":3,"href":"https:\/\/fundacionporlajusticia.org\/va\/wp-json\/wp\/v2\/pages\/2030\/revisions"}],"predecessor-version":[{"id":3479,"href":"https:\/\/fundacionporlajusticia.org\/va\/wp-json\/wp\/v2\/pages\/2030\/revisions\/3479"}],"up":[{"embeddable":true,"href":"https:\/\/fundacionporlajusticia.org\/va\/wp-json\/wp\/v2\/pages\/2079"}],"wp:attachment":[{"href":"https:\/\/fundacionporlajusticia.org\/va\/wp-json\/wp\/v2\/media?parent=2030"}],"curies":[{"name":"wp","href":"https:\/\/api.w.org\/{rel}","templated":true}]}}