{"id":14558,"date":"2026-04-09T14:14:08","date_gmt":"2026-04-09T12:14:08","guid":{"rendered":"https:\/\/fundacionporlajusticia.org\/?page_id=14558"},"modified":"2026-04-09T14:17:41","modified_gmt":"2026-04-09T12:17:41","slug":"mexico","status":"publish","type":"page","link":"https:\/\/fundacionporlajusticia.org\/va\/proyectos\/accion-social\/mexico\/","title":{"rendered":"M\u00e9xico"},"content":{"rendered":"<p>[et_pb_section fb_built=\u00bb1&#8243; _builder_version=\u00bb4.27.4&#8243; _module_preset=\u00bbdefault\u00bb background_color=\u00bb#92857c\u00bb background_image=\u00bbhttps:\/\/fundacionporlajusticia.org\/wp-content\/uploads\/2022\/03\/Fonzo_Verde_Fundacion_baja.jpeg\u00bb global_colors_info=\u00bb{}\u00bb][et_pb_row admin_label=\u00bbComo\u00bb _builder_version=\u00bb4.16&#8243; _module_preset=\u00bbdefault\u00bb custom_padding=\u00bb||29px|||\u00bb global_colors_info=\u00bb{}\u00bb][et_pb_column type=\u00bb4_4&#8243; _builder_version=\u00bb4.16&#8243; _module_preset=\u00bbdefault\u00bb global_colors_info=\u00bb{}\u00bb][et_pb_text admin_label=\u00bbTitulo\u00bb _builder_version=\u00bb4.27.4&#8243; _module_preset=\u00bbdefault\u00bb text_font=\u00bb|700|||||||\u00bb text_text_color=\u00bb#FFFFFF\u00bb text_orientation=\u00bbcenter\u00bb background_layout=\u00bbdark\u00bb custom_padding=\u00bb7px|||||\u00bb animation_style=\u00bbfold\u00bb global_colors_info=\u00bb{}\u00bb]<\/p>\n<h2 style=\"text-align: center;\"><span style=\"color: #92857c;\">M\u00c9XICO<\/span><\/h2>\n<p>[\/et_pb_text][\/et_pb_column][\/et_pb_row][\/et_pb_section][et_pb_section fb_built=\u00bb1&#8243; _builder_version=\u00bb4.27.4&#8243; _module_preset=\u00bbdefault\u00bb global_colors_info=\u00bb{}\u00bb][et_pb_row _builder_version=\u00bb4.27.4&#8243; _module_preset=\u00bbdefault\u00bb global_colors_info=\u00bb{}\u00bb][et_pb_column type=\u00bb4_4&#8243; _builder_version=\u00bb4.27.4&#8243; _module_preset=\u00bbdefault\u00bb global_colors_info=\u00bb{}\u00bb][et_pb_text _builder_version=\u00bb4.27.5&#8243; _module_preset=\u00bbdefault\u00bb custom_padding=\u00bb||0px|||\u00bb global_colors_info=\u00bb{}\u00bb]<\/p>\n<p><span style=\"font-size: large;\"><strong>T\u00cdTULO: Capacitaci\u00f3n en mediaci\u00f3n asociativa comunitaria de personas de bajos recursos de Hermosillo (MX)<\/strong><\/span><\/p>\n<p><span style=\"font-size: large;\"><strong>Financiador: Generalitat Valenciana<br \/>Importe subvenci\u00f3n: 79.998,00\u20ac<br \/>Fecha inicio: por definir<br \/>Duraci\u00f3n: 12 meses<br \/><\/strong><\/span><\/p>\n<p>[\/et_pb_text][et_pb_divider _builder_version=\u00bb4.27.4&#8243; _module_preset=\u00bbdefault\u00bb global_colors_info=\u00bb{}\u00bb][\/et_pb_divider][et_pb_text admin_label=\u00bbTitulo\u00bb _builder_version=\u00bb4.27.5&#8243; _module_preset=\u00bbdefault\u00bb text_font=\u00bb|700|||||||\u00bb text_text_color=\u00bb#FFFFFF\u00bb text_orientation=\u00bbcenter\u00bb background_layout=\u00bbdark\u00bb custom_padding=\u00bb7px|||||\u00bb animation_style=\u00bbfold\u00bb global_colors_info=\u00bb{}\u00bb]<\/p>\n<h2 style=\"text-align: center;\"><span style=\"color: #92857c;\"><i>Descripci\u00f3n del programa<\/i><\/span><i><\/i><\/h2>\n<p>[\/et_pb_text][et_pb_text _builder_version=\u00bb4.27.5&#8243; _module_preset=\u00bbdefault\u00bb custom_padding=\u00bb||0px|||\u00bb global_colors_info=\u00bb{}\u00bb]<\/p>\n<p style=\"text-align: justify;\"><span style=\"font-weight: 400;\">El proyecto busca fortalecer la convivencia social y la justicia comunitaria en contextos urbanos y periurbanos marcados por graves desigualdades en el acceso a servicios b\u00e1sicos como agua, electricidad y transporte. A partir de un diagn\u00f3stico participativo, se identifica que estos d\u00e9ficits generan altos niveles de conflictividad social que afectan especialmente a mujeres y otros grupos vulnerables. La mediaci\u00f3n comunitaria se plantea como una herramienta accesible y eficaz para transformar estos conflictos de manera pac\u00edfica, promoviendo el empoderamiento ciudadano y la autogesti\u00f3n colectiva.<\/span><\/p>\n<p style=\"text-align: justify;\"><span style=\"font-weight: 400;\">La intervenci\u00f3n se centra en la <\/span><b>formaci\u00f3n de redes de mediaci\u00f3n comunitaria<\/b><span style=\"font-weight: 400;\">, capacitando a 250 personas \u2014mayoritariamente mujeres\u2014 como mediadoras comunitarias asociativas, as\u00ed como en la creaci\u00f3n de equipos territoriales y una red ciudadana articulada con autoridades p\u00fablicas y medios de comunicaci\u00f3n. El proyecto incorpora de forma transversal el enfoque de g\u00e9nero basado en derechos humanos, garantizando la participaci\u00f3n equilibrada, el liderazgo femenino y la inclusi\u00f3n de colectivos tradicionalmente excluidos. Todas las fases del proyecto se desarrollan de manera participativa, con un fuerte arraigo territorial y una coordinaci\u00f3n constante entre las entidades implicadas y la poblaci\u00f3n beneficiaria.<\/span><\/p>\n<p style=\"text-align: justify;\"><span style=\"font-weight: 400;\">Finalmente, el proyecto apuesta por la <\/span><b>sostenibilidad y replicabilidad<\/b><span style=\"font-weight: 400;\"> de los resultados mediante la consolidaci\u00f3n de capacidades locales, la institucionalizaci\u00f3n de la mediaci\u00f3n comunitaria en las organizaciones socias y la socializaci\u00f3n de aprendizajes y buenas pr\u00e1cticas. Alineado con los Objetivos de Desarrollo Sostenible y el V Plan Director de la Cooperaci\u00f3n Valenciana, la iniciativa no solo busca resolver conflictos puntuales, sino transformar las din\u00e1micas de convivencia, fortalecer el tejido social y generar un impacto duradero en la defensa de los derechos y la cohesi\u00f3n comunitaria en Hermosillo.<\/span><\/p>\n<p>[\/et_pb_text][\/et_pb_column][\/et_pb_row][et_pb_row _builder_version=\u00bb4.27.5&#8243; _module_preset=\u00bbdefault\u00bb global_colors_info=\u00bb{}\u00bb][et_pb_column type=\u00bb4_4&#8243; _builder_version=\u00bb4.27.5&#8243; _module_preset=\u00bbdefault\u00bb global_colors_info=\u00bb{}\u00bb][et_pb_button button_url=\u00bbhttps:\/\/fundacionporlajusticia.org\/colabora\/haz-voluntariado\/\u00bb button_text=\u00bbHaz voluntariado en la Escoleta\u00bb button_alignment=\u00bbcenter\u00bb disabled_on=\u00bbon|on|on\u00bb _builder_version=\u00bb4.27.5&#8243; _module_preset=\u00bbdefault\u00bb custom_button=\u00bbon\u00bb button_text_size=\u00bb18px\u00bb button_text_color=\u00bb#ada39a\u00bb transform_scale=\u00bb105%|105%\u00bb disabled=\u00bbon\u00bb locked=\u00bboff\u00bb global_colors_info=\u00bb{}\u00bb][\/et_pb_button][\/et_pb_column][\/et_pb_row][\/et_pb_section][et_pb_section fb_built=\u00bb1&#8243; admin_label=\u00bbSecci\u00f3n\u00bb _builder_version=\u00bb4.27.4&#8243; _module_preset=\u00bbdefault\u00bb background_color=\u00bb#92857c\u00bb background_image=\u00bbhttps:\/\/fundacionporlajusticia.org\/wp-content\/uploads\/2022\/03\/Fonzo_Verde_Fundacion_baja.jpeg\u00bb locked=\u00bboff\u00bb global_colors_info=\u00bb{}\u00bb][et_pb_row admin_label=\u00bbComo\u00bb _builder_version=\u00bb4.16&#8243; _module_preset=\u00bbdefault\u00bb collapsed=\u00bboff\u00bb global_colors_info=\u00bb{}\u00bb][et_pb_column type=\u00bb4_4&#8243; _builder_version=\u00bb4.16&#8243; _module_preset=\u00bbdefault\u00bb global_colors_info=\u00bb{}\u00bb][\/et_pb_column][\/et_pb_row][\/et_pb_section][et_pb_section fb_built=\u00bb1&#8243; _builder_version=\u00bb4.16&#8243; _module_preset=\u00bbdefault\u00bb global_colors_info=\u00bb{}\u00bb][et_pb_row _builder_version=\u00bb4.16&#8243; _module_preset=\u00bbdefault\u00bb global_colors_info=\u00bb{}\u00bb][et_pb_column type=\u00bb4_4&#8243; _builder_version=\u00bb4.16&#8243; _module_preset=\u00bbdefault\u00bb global_colors_info=\u00bb{}\u00bb][et_pb_text admin_label=\u00bbTexto\u00bb _builder_version=\u00bb4.17.1&#8243; _module_preset=\u00bbdefault\u00bb global_colors_info=\u00bb{}\u00bb]<\/p>\n<h3 style=\"text-align: center;\">Proyectos relacionados<\/h3>\n<p>[\/et_pb_text][et_pb_divider _builder_version=\u00bb4.17.1&#8243; _module_preset=\u00bbdefault\u00bb global_colors_info=\u00bb{}\u00bb][\/et_pb_divider][et_pb_blog fullwidth=\u00bboff\u00bb posts_number=\u00bb9&#8243; include_categories=\u00bb6&#8243; excerpt_length=\u00bb498&#8243; show_author=\u00bboff\u00bb _builder_version=\u00bb4.17.1&#8243; _module_preset=\u00bbdefault\u00bb border_radii_image=\u00bbon|10px|10px|10px|10px\u00bb global_colors_info=\u00bb{}\u00bb][\/et_pb_blog][\/et_pb_column][\/et_pb_row][\/et_pb_section]<\/p>\n","protected":false},"excerpt":{"rendered":"<p>M\u00c9XICOT\u00cdTULO: Capacitaci\u00f3n en mediaci\u00f3n asociativa comunitaria de personas de bajos recursos de Hermosillo (MX) Financiador: Generalitat ValencianaImporte subvenci\u00f3n: 79.998,00\u20acFecha inicio: por definirDuraci\u00f3n: 12 mesesDescripci\u00f3n del programa El proyecto busca fortalecer la convivencia social y la justicia comunitaria en contextos urbanos y periurbanos marcados por graves desigualdades en el acceso a servicios b\u00e1sicos como agua, electricidad [&hellip;]<\/p>\n","protected":false},"author":2,"featured_media":0,"parent":880,"menu_order":0,"comment_status":"closed","ping_status":"closed","template":"","meta":{"_et_pb_use_builder":"on","_et_pb_old_content":"<p>[et_pb_section fb_built=\"1\" _builder_version=\"4.27.4\" _module_preset=\"default\" background_color=\"#92857c\" background_image=\"https:\/\/fundacionporlajusticia.org\/wp-content\/uploads\/2022\/03\/Fonzo_Verde_Fundacion_baja.jpeg\" global_colors_info=\"{}\"][et_pb_row admin_label=\"Como\" _builder_version=\"4.16\" _module_preset=\"default\" custom_padding=\"||29px|||\" global_colors_info=\"{}\"][et_pb_column type=\"4_4\" _builder_version=\"4.16\" _module_preset=\"default\" global_colors_info=\"{}\"][et_pb_text admin_label=\"Titulo\" _builder_version=\"4.27.4\" _module_preset=\"default\" text_font=\"|700|||||||\" text_text_color=\"#FFFFFF\" text_orientation=\"center\" background_layout=\"dark\" custom_padding=\"7px|||||\" animation_style=\"fold\" global_colors_info=\"{}\"]<\/p><h2 style=\"text-align: center;\"><span style=\"color: #92857c;\">ESCOLETA MATINAL DE NAZARET<\/span><\/h2><p>[\/et_pb_text][\/et_pb_column][\/et_pb_row][\/et_pb_section][et_pb_section fb_built=\"1\" fullwidth=\"on\" _builder_version=\"4.27.4\" _module_preset=\"default\" global_colors_info=\"{}\"][et_pb_fullwidth_image title_text=\"_DSC8625\" _builder_version=\"4.27.5\" _module_preset=\"default\" background_image=\"https:\/\/fundacionporlajusticia.org\/wp-content\/uploads\/2026\/03\/DSC8625-scaled.jpg\" parallax=\"on\" min_height=\"600px\" global_colors_info=\"{}\"][\/et_pb_fullwidth_image][\/et_pb_section][et_pb_section fb_built=\"1\" _builder_version=\"4.27.4\" _module_preset=\"default\" global_colors_info=\"{}\"][et_pb_row _builder_version=\"4.27.4\" _module_preset=\"default\" global_colors_info=\"{}\"][et_pb_column type=\"4_4\" _builder_version=\"4.27.4\" _module_preset=\"default\" global_colors_info=\"{}\"][et_pb_text _builder_version=\"4.27.4\" _module_preset=\"default\" custom_padding=\"||0px|||\" global_colors_info=\"{}\"]<\/p><p><span style=\"font-size: large;\"><strong>T\u00cdTULO: Escoleta Matinal de Nazaret<\/strong><\/span><\/p><p><span style=\"font-size: large;\"><strong>Financiadores (curso 25\/26): Fundaci\u00f3n \u201cLa Caixa\u201d, Aportem, IKUN, Fundaci\u00f3n Raminatrans<\/strong><\/span><br \/><span style=\"font-size: large;\"><strong>Presupuesto total: \u00a012.775 \u20ac<\/strong><\/span><\/p><p>[\/et_pb_text][et_pb_divider _builder_version=\"4.27.4\" _module_preset=\"default\" global_colors_info=\"{}\"][\/et_pb_divider][et_pb_text admin_label=\"Titulo\" _builder_version=\"4.27.5\" _module_preset=\"default\" text_font=\"|700|||||||\" text_text_color=\"#FFFFFF\" text_orientation=\"center\" background_layout=\"dark\" custom_padding=\"7px|||||\" animation_style=\"fold\" global_colors_info=\"{}\"]<\/p><h2 style=\"text-align: center;\"><span style=\"color: #92857c;\"><i>Descripci\u00f3n del programa<\/i><\/span><i><\/i><\/h2><p>[\/et_pb_text][et_pb_text _builder_version=\"4.27.5\" _module_preset=\"default\" custom_padding=\"||0px|||\" global_colors_info=\"{}\"]<\/p><p style=\"text-align: justify;\"><span style=\"font-weight: 400;\">La Escoleta Matinal es una iniciativa de Fundaci\u00f3n por la Justicia (FxJ) que busca reducir el riesgo de exclusi\u00f3n social de ni\u00f1os y ni\u00f1as en situaci\u00f3n de alta vulnerabilidad del barrio de Nazaret (Val\u00e8ncia), atendiendo de manera integral sus necesidades de desarrollo y acompa\u00f1ando tambi\u00e9n a sus cuidadoras y familias. El proyecto se implementa en el Colegio Nuestra Se\u00f1ora de los Desamparados, situado en uno de los barrios con mayores \u00edndices de pobreza, abandono escolar y segregaci\u00f3n educativa de la ciudad.<\/span><\/p><p style=\"text-align: justify;\"><span style=\"font-weight: 400;\">La intervenci\u00f3n parte de una constataci\u00f3n clara: sin una atenci\u00f3n sostenida a las condiciones de vida, aprendizaje y v\u00ednculos afectivos de la infancia vulnerable, el abandono educativo y la exclusi\u00f3n social se perpet\u00faan. As\u00ed pues, la Escoleta ofrece cada ma\u00f1ana, de lunes a viernes, de 8:30 a 9:30 h, un espacio seguro y estructurado que combina atenci\u00f3n a necesidades b\u00e1sicas, actividades l\u00fadicas, apoyo psicoemocional y acompa\u00f1amiento familiar. Todo ello con el objetivo de reducir las tasas de abandono escolar temprano, mejorar el rendimiento escolar y fomentar la convivencia e integraci\u00f3n cultural, actuando de forma preventiva ante los factores que conducen a la exclusi\u00f3n educativa.<\/span><\/p><p style=\"text-align: justify;\"><span style=\"font-weight: 400;\">El programa se articula en torno a cuatro \u00e1reas complementarias:<\/span><\/p><ol style=\"text-align: justify;\"><li style=\"font-weight: 400;\" aria-level=\"1\"><span style=\"font-weight: 400;\">Satisfacci\u00f3n de necesidades b\u00e1sicas, mediante desayunos equilibrados y rutinas diarias de higiene como refuerzo de h\u00e1bitos saludables y de asistencia escolar.<\/span><\/li><li style=\"font-weight: 400;\" aria-level=\"1\"><span style=\"font-weight: 400;\">Actividades educativas, l\u00fadicas, deportivas y art\u00edsticas, que fomentan la autoestima, la convivencia y la cultura de paz.<\/span><\/li><li style=\"font-weight: 400;\" aria-level=\"1\"><span style=\"font-weight: 400;\">Acompa\u00f1amiento a las personas cuidadoras, con encuentros formativos e individuales que fortalecen sus capacidades de cuidado y orientaci\u00f3n educativa.<\/span><\/li><li style=\"font-weight: 400;\" aria-level=\"1\"><span style=\"font-weight: 400;\">Apoyo psicol\u00f3gico, con atenci\u00f3n individual y grupal a cargo de profesionales especializadas.<\/span><\/li><\/ol><p style=\"text-align: justify;\"><span style=\"font-weight: 400;\">Desde su inicio en el curso 2013\/14, se han realizado unos 220 acompa\u00f1amientos a menores, quienes han mejorado su rendimiento acad\u00e9mico, reducido significativamente su absentismo y adquirido herramientas personales y emocionales para afrontar situaciones de conflicto y exclusi\u00f3n. Adem\u00e1s, el proyecto ha consolidado una red de trabajo en colaboraci\u00f3n con el centro educativo, C\u00e1ritas, otras entidades sociales del barrio y un equipo estable de voluntariado.<\/span><\/p><p style=\"text-align: justify;\">[\/et_pb_text][\/et_pb_column][\/et_pb_row][et_pb_row _builder_version=\"4.27.5\" _module_preset=\"default\" global_colors_info=\"{}\"][et_pb_column type=\"4_4\" _builder_version=\"4.27.5\" _module_preset=\"default\" global_colors_info=\"{}\"][et_pb_button button_url=\"https:\/\/fundacionporlajusticia.org\/colabora\/haz-voluntariado\/\" button_text=\"Haz voluntariado en la Escoleta\" button_alignment=\"center\" _builder_version=\"4.27.5\" _module_preset=\"default\" custom_button=\"on\" button_text_size=\"18px\" button_text_color=\"#ada39a\" transform_scale=\"105%|105%\" locked=\"off\" global_colors_info=\"{}\"][\/et_pb_button][\/et_pb_column][\/et_pb_row][et_pb_row _builder_version=\"4.27.5\" _module_preset=\"default\" global_colors_info=\"{}\"][et_pb_column type=\"4_4\" _builder_version=\"4.27.5\" _module_preset=\"default\" global_colors_info=\"{}\"][et_pb_code _builder_version=\"4.27.5\" _module_preset=\"default\" global_colors_info=\"{}\"]<a title=\"Escoleta Matinal de Nazaret\" href=\"https:\/\/www.flickr.com\/photos\/202842270@N03\/albums\/72177720332571468\" data-flickr-embed=\"true\"><img src=\"https:\/\/live.staticflickr.com\/65535\/55150951118_bee9f469c4_h.jpg\" alt=\"Escoleta Matinal de Nazaret\" width=\"1200\" height=\"1600\" \/><\/a><script async src=\"\/\/embedr.flickr.com\/assets\/client-code.js\" charset=\"utf-8\"><\/script>[\/et_pb_code][\/et_pb_column][\/et_pb_row][\/et_pb_section][et_pb_section fb_built=\"1\" admin_label=\"Secci\u00f3n\" _builder_version=\"4.27.4\" _module_preset=\"default\" background_color=\"#92857c\" background_image=\"https:\/\/fundacionporlajusticia.org\/wp-content\/uploads\/2022\/03\/Fonzo_Verde_Fundacion_baja.jpeg\" locked=\"off\" global_colors_info=\"{}\"][et_pb_row admin_label=\"Como\" _builder_version=\"4.16\" _module_preset=\"default\" collapsed=\"off\" global_colors_info=\"{}\"][et_pb_column type=\"4_4\" _builder_version=\"4.16\" _module_preset=\"default\" global_colors_info=\"{}\"][\/et_pb_column][\/et_pb_row][\/et_pb_section][et_pb_section fb_built=\"1\" _builder_version=\"4.16\" _module_preset=\"default\" global_colors_info=\"{}\"][et_pb_row _builder_version=\"4.16\" _module_preset=\"default\" global_colors_info=\"{}\"][et_pb_column type=\"4_4\" _builder_version=\"4.16\" _module_preset=\"default\" global_colors_info=\"{}\"][et_pb_text admin_label=\"Texto\" _builder_version=\"4.17.1\" _module_preset=\"default\" global_colors_info=\"{}\"]<\/p><h3 style=\"text-align: center;\">Proyectos relacionados<\/h3><p>[\/et_pb_text][et_pb_divider _builder_version=\"4.17.1\" _module_preset=\"default\" global_colors_info=\"{}\"][\/et_pb_divider][et_pb_blog fullwidth=\"off\" posts_number=\"9\" include_categories=\"6\" excerpt_length=\"498\" show_author=\"off\" _builder_version=\"4.17.1\" _module_preset=\"default\" border_radii_image=\"on|10px|10px|10px|10px\" global_colors_info=\"{}\"][\/et_pb_blog][\/et_pb_column][\/et_pb_row][\/et_pb_section]<\/p>","_et_gb_content_width":"","_uf_show_specific_survey":0,"_uf_disable_surveys":false,"footnotes":""},"class_list":["post-14558","page","type-page","status-publish","hentry"],"aioseo_notices":[],"_links":{"self":[{"href":"https:\/\/fundacionporlajusticia.org\/va\/wp-json\/wp\/v2\/pages\/14558","targetHints":{"allow":["GET"]}}],"collection":[{"href":"https:\/\/fundacionporlajusticia.org\/va\/wp-json\/wp\/v2\/pages"}],"about":[{"href":"https:\/\/fundacionporlajusticia.org\/va\/wp-json\/wp\/v2\/types\/page"}],"author":[{"embeddable":true,"href":"https:\/\/fundacionporlajusticia.org\/va\/wp-json\/wp\/v2\/users\/2"}],"replies":[{"embeddable":true,"href":"https:\/\/fundacionporlajusticia.org\/va\/wp-json\/wp\/v2\/comments?post=14558"}],"version-history":[{"count":8,"href":"https:\/\/fundacionporlajusticia.org\/va\/wp-json\/wp\/v2\/pages\/14558\/revisions"}],"predecessor-version":[{"id":14569,"href":"https:\/\/fundacionporlajusticia.org\/va\/wp-json\/wp\/v2\/pages\/14558\/revisions\/14569"}],"up":[{"embeddable":true,"href":"https:\/\/fundacionporlajusticia.org\/va\/wp-json\/wp\/v2\/pages\/880"}],"wp:attachment":[{"href":"https:\/\/fundacionporlajusticia.org\/va\/wp-json\/wp\/v2\/media?parent=14558"}],"curies":[{"name":"wp","href":"https:\/\/api.w.org\/{rel}","templated":true}]}}