{"id":14182,"date":"2026-03-16T15:00:02","date_gmt":"2026-03-16T14:00:02","guid":{"rendered":"https:\/\/fundacionporlajusticia.org\/?page_id=14182"},"modified":"2026-03-16T15:00:02","modified_gmt":"2026-03-16T14:00:02","slug":"espai-comunitari-en-catarroja","status":"publish","type":"page","link":"https:\/\/fundacionporlajusticia.org\/va\/proyectos\/accion-social\/espai-comunitari-en-catarroja\/","title":{"rendered":"Espai comunitari en Catarroja"},"content":{"rendered":"<p>[et_pb_section fb_built=\u00bb1&#8243; _builder_version=\u00bb4.27.4&#8243; _module_preset=\u00bbdefault\u00bb background_color=\u00bb#92857c\u00bb background_image=\u00bbhttps:\/\/fundacionporlajusticia.org\/wp-content\/uploads\/2022\/03\/Fonzo_Verde_Fundacion_baja.jpeg\u00bb global_colors_info=\u00bb{}\u00bb][et_pb_row admin_label=\u00bbComo\u00bb _builder_version=\u00bb4.16&#8243; _module_preset=\u00bbdefault\u00bb custom_padding=\u00bb||29px|||\u00bb global_colors_info=\u00bb{}\u00bb][et_pb_column type=\u00bb4_4&#8243; _builder_version=\u00bb4.16&#8243; _module_preset=\u00bbdefault\u00bb global_colors_info=\u00bb{}\u00bb][et_pb_text admin_label=\u00bbTitulo\u00bb _builder_version=\u00bb4.27.4&#8243; _module_preset=\u00bbdefault\u00bb text_font=\u00bb|700|||||||\u00bb text_text_color=\u00bb#FFFFFF\u00bb text_orientation=\u00bbcenter\u00bb background_layout=\u00bbdark\u00bb custom_padding=\u00bb7px|||||\u00bb animation_style=\u00bbfold\u00bb global_colors_info=\u00bb{}\u00bb]<\/p>\n<h2 style=\"text-align: center;\"><span style=\"color: #92857c;\">ESPAI COMUNITARI EN CATARROJA<\/span><\/h2>\n<p>[\/et_pb_text][\/et_pb_column][\/et_pb_row][\/et_pb_section][et_pb_section fb_built=\u00bb1&#8243; fullwidth=\u00bbon\u00bb _builder_version=\u00bb4.27.5&#8243; _module_preset=\u00bbdefault\u00bb hover_enabled=\u00bb0&#8243; global_colors_info=\u00bb{}\u00bb sticky_enabled=\u00bb0&#8243;][et_pb_fullwidth_image title_text=\u00bboplus_32&#8243; _builder_version=\u00bb4.27.5&#8243; _module_preset=\u00bbdefault\u00bb background_image=\u00bbhttps:\/\/fundacionporlajusticia.org\/wp-content\/uploads\/2026\/03\/IMG20260224172226-scaled.jpg\u00bb min_height=\u00bb600px\u00bb hover_enabled=\u00bb0&#8243; global_colors_info=\u00bb{}\u00bb sticky_enabled=\u00bb0&#8243;][\/et_pb_fullwidth_image][\/et_pb_section][et_pb_section fb_built=\u00bb1&#8243; _builder_version=\u00bb4.27.4&#8243; _module_preset=\u00bbdefault\u00bb global_colors_info=\u00bb{}\u00bb][et_pb_row _builder_version=\u00bb4.27.4&#8243; _module_preset=\u00bbdefault\u00bb global_colors_info=\u00bb{}\u00bb][et_pb_column type=\u00bb4_4&#8243; _builder_version=\u00bb4.27.4&#8243; _module_preset=\u00bbdefault\u00bb global_colors_info=\u00bb{}\u00bb][et_pb_text _builder_version=\u00bb4.27.4&#8243; _module_preset=\u00bbdefault\u00bb custom_padding=\u00bb||0px|||\u00bb global_colors_info=\u00bb{}\u00bb]<\/p>\n<p><span style=\"font-size: large;\"><strong>T\u00cdTULO: Reactivaci\u00f3n de espacios educativos y comunitarios interrumpidos por la DANA<br \/><\/strong><\/span><\/p>\n<p><span style=\"font-size: large;\"><strong>Financiador: Generalitat Valenciana<br \/>Importe subvenci\u00f3n: 128.186,00\u20ac<br \/>Fecha inicio: 15.01.2026<br \/>Fecha fin: 14.04.2027<br \/><\/strong><\/span><\/p>\n<p>[\/et_pb_text][et_pb_divider _builder_version=\u00bb4.27.4&#8243; _module_preset=\u00bbdefault\u00bb global_colors_info=\u00bb{}\u00bb][\/et_pb_divider][et_pb_text admin_label=\u00bbTitulo\u00bb _builder_version=\u00bb4.27.5&#8243; _module_preset=\u00bbdefault\u00bb text_font=\u00bb|700|||||||\u00bb text_text_color=\u00bb#FFFFFF\u00bb text_orientation=\u00bbcenter\u00bb background_layout=\u00bbdark\u00bb custom_padding=\u00bb7px|||||\u00bb animation_style=\u00bbfold\u00bb hover_enabled=\u00bb0&#8243; global_colors_info=\u00bb{}\u00bb sticky_enabled=\u00bb0&#8243;]<\/p>\n<h2 style=\"text-align: center;\"><span style=\"color: #92857c;\"><i>Descripci\u00f3n del programa<\/i><\/span><i><\/i><\/h2>\n<p>[\/et_pb_text][et_pb_text _builder_version=\u00bb4.27.5&#8243; _module_preset=\u00bbdefault\u00bb custom_padding=\u00bb||0px|||\u00bb hover_enabled=\u00bb0&#8243; global_colors_info=\u00bb{}\u00bb sticky_enabled=\u00bb0&#8243;]<\/p>\n<p style=\"text-align: justify;\"><span style=\"font-weight: 400;\">Este proyecto tiene como objetivo <\/span><b>reactivar y consolidar un espacio educativo, emocional y comunitario para adolescentes en situaci\u00f3n de vulnerabilidad en Catarroja<\/b><span style=\"font-weight: 400;\">. La DANA provoc\u00f3 la interrupci\u00f3n de este recurso clave del municipio, generando un impacto negativo en el rendimiento acad\u00e9mico, el bienestar emocional y los v\u00ednculos sociales de adolescentes que ya presentaban trayectorias fr\u00e1giles. La propuesta responde a este vac\u00edo, abordando de forma integral las consecuencias educativas, relacionales y comunitarias agravadas tras la emergencia.<\/span><\/p>\n<p style=\"text-align: justify;\"><span style=\"font-weight: 400;\">Durante <\/span><b>15 meses<\/b><span style=\"font-weight: 400;\">, el proyecto ofrecer\u00e1 una intervenci\u00f3n continuada dirigida a <\/span><b>20 adolescentes de ESO<\/b><span style=\"font-weight: 400;\">, identificados y derivados en coordinaci\u00f3n con los Servicios Sociales municipales. Las actividades se estructuran en tres ejes: <\/span><b>refuerzo escolar y orientaci\u00f3n acad\u00e9mica<\/b><span style=\"font-weight: 400;\">, con apoyo educativo diario y acompa\u00f1amiento vocacional para prevenir el abandono temprano; <\/span><b>fortalecimiento emocional y de v\u00ednculos<\/b><span style=\"font-weight: 400;\">, mediante ocio educativo, expresi\u00f3n art\u00edstica, apoyo entre iguales y un campamento de verano; y <\/span><b>sostenibilidad del espacio<\/b><span style=\"font-weight: 400;\">, a trav\u00e9s de un proceso de transferencia progresiva del proyecto a Ca la Mare, garantizando su continuidad m\u00e1s all\u00e1 del periodo subvencionado.<\/span><\/p>\n<p style=\"text-align: justify;\"><span style=\"font-weight: 400;\">La intervenci\u00f3n ser\u00e1 desarrollada por un equipo profesional formado por una psic\u00f3loga y una educadora, con coordinaci\u00f3n t\u00e9cnica de Fundaci\u00f3n por la Justicia (FxJ), e incorporar\u00e1 metodolog\u00edas participativas e inclusivas que fomenten la expresi\u00f3n emocional, la cohesi\u00f3n grupal y la participaci\u00f3n activa de la adolescencia. El enfoque del proyecto se basa en los <\/span><b>Derechos Humanos, la perspectiva de g\u00e9nero y la mirada comunitaria<\/b><span style=\"font-weight: 400;\">, prestando especial atenci\u00f3n a las desigualdades estructurales que afectan a chicas adolescentes y a j\u00f3venes en situaciones de mayor riesgo social o emocional.<\/span><\/p>\n<p style=\"text-align: justify;\">\n<p style=\"text-align: justify;\">\n<p>[\/et_pb_text][\/et_pb_column][\/et_pb_row][et_pb_row _builder_version=\u00bb4.27.5&#8243; _module_preset=\u00bbdefault\u00bb global_colors_info=\u00bb{}\u00bb][et_pb_column type=\u00bb4_4&#8243; _builder_version=\u00bb4.27.5&#8243; _module_preset=\u00bbdefault\u00bb global_colors_info=\u00bb{}\u00bb][et_pb_button button_url=\u00bbhttps:\/\/fundacionporlajusticia.org\/colabora\/haz-voluntariado\/\u00bb button_text=\u00bbHaz voluntariado en l&#8217;Espai Comunitari de Catarroja\u00bb button_alignment=\u00bbcenter\u00bb _builder_version=\u00bb4.27.5&#8243; _module_preset=\u00bbdefault\u00bb custom_button=\u00bbon\u00bb button_text_size=\u00bb18px\u00bb button_text_color=\u00bb#ada39a\u00bb transform_scale=\u00bb105%|105%\u00bb hover_enabled=\u00bb0&#8243; locked=\u00bboff\u00bb global_colors_info=\u00bb{}\u00bb sticky_enabled=\u00bb0&#8243;][\/et_pb_button][\/et_pb_column][\/et_pb_row][\/et_pb_section][et_pb_section fb_built=\u00bb1&#8243; admin_label=\u00bbSecci\u00f3n\u00bb _builder_version=\u00bb4.27.4&#8243; _module_preset=\u00bbdefault\u00bb background_color=\u00bb#92857c\u00bb background_image=\u00bbhttps:\/\/fundacionporlajusticia.org\/wp-content\/uploads\/2022\/03\/Fonzo_Verde_Fundacion_baja.jpeg\u00bb locked=\u00bboff\u00bb global_colors_info=\u00bb{}\u00bb][et_pb_row admin_label=\u00bbComo\u00bb _builder_version=\u00bb4.16&#8243; _module_preset=\u00bbdefault\u00bb collapsed=\u00bboff\u00bb global_colors_info=\u00bb{}\u00bb][et_pb_column type=\u00bb4_4&#8243; _builder_version=\u00bb4.16&#8243; _module_preset=\u00bbdefault\u00bb global_colors_info=\u00bb{}\u00bb][\/et_pb_column][\/et_pb_row][\/et_pb_section][et_pb_section fb_built=\u00bb1&#8243; _builder_version=\u00bb4.16&#8243; _module_preset=\u00bbdefault\u00bb global_colors_info=\u00bb{}\u00bb][et_pb_row _builder_version=\u00bb4.16&#8243; _module_preset=\u00bbdefault\u00bb global_colors_info=\u00bb{}\u00bb][et_pb_column type=\u00bb4_4&#8243; _builder_version=\u00bb4.16&#8243; _module_preset=\u00bbdefault\u00bb global_colors_info=\u00bb{}\u00bb][et_pb_text admin_label=\u00bbTexto\u00bb _builder_version=\u00bb4.17.1&#8243; _module_preset=\u00bbdefault\u00bb global_colors_info=\u00bb{}\u00bb]<\/p>\n<h3 style=\"text-align: center;\">Proyectos relacionados<\/h3>\n<p>[\/et_pb_text][et_pb_divider _builder_version=\u00bb4.17.1&#8243; _module_preset=\u00bbdefault\u00bb global_colors_info=\u00bb{}\u00bb][\/et_pb_divider][et_pb_blog fullwidth=\u00bboff\u00bb posts_number=\u00bb9&#8243; include_categories=\u00bb6&#8243; excerpt_length=\u00bb498&#8243; show_author=\u00bboff\u00bb _builder_version=\u00bb4.17.1&#8243; _module_preset=\u00bbdefault\u00bb border_radii_image=\u00bbon|10px|10px|10px|10px\u00bb global_colors_info=\u00bb{}\u00bb][\/et_pb_blog][\/et_pb_column][\/et_pb_row][\/et_pb_section]<\/p>\n","protected":false},"excerpt":{"rendered":"<p>ESPAI COMUNITARI EN CATARROJAT\u00cdTULO: Reactivaci\u00f3n de espacios educativos y comunitarios interrumpidos por la DANA Financiador: Generalitat ValencianaImporte subvenci\u00f3n: 128.186,00\u20acFecha inicio: 15.01.2026Fecha fin: 14.04.2027Descripci\u00f3n del programaEste proyecto tiene como objetivo reactivar y consolidar un espacio educativo, emocional y comunitario para adolescentes en situaci\u00f3n de vulnerabilidad en Catarroja. La DANA provoc\u00f3 la interrupci\u00f3n de este recurso clave [&hellip;]<\/p>\n","protected":false},"author":2,"featured_media":0,"parent":880,"menu_order":0,"comment_status":"closed","ping_status":"closed","template":"","meta":{"_et_pb_use_builder":"on","_et_pb_old_content":"<p>[et_pb_section fb_built=\"1\" _builder_version=\"4.27.4\" _module_preset=\"default\" background_color=\"#92857c\" background_image=\"https:\/\/fundacionporlajusticia.org\/wp-content\/uploads\/2022\/03\/Fonzo_Verde_Fundacion_baja.jpeg\" global_colors_info=\"{}\"][et_pb_row admin_label=\"Como\" _builder_version=\"4.16\" _module_preset=\"default\" custom_padding=\"||29px|||\" global_colors_info=\"{}\"][et_pb_column type=\"4_4\" _builder_version=\"4.16\" _module_preset=\"default\" global_colors_info=\"{}\"][et_pb_text admin_label=\"Titulo\" _builder_version=\"4.27.4\" _module_preset=\"default\" text_font=\"|700|||||||\" text_text_color=\"#FFFFFF\" text_orientation=\"center\" background_layout=\"dark\" custom_padding=\"7px|||||\" animation_style=\"fold\" global_colors_info=\"{}\"]<\/p><h2 style=\"text-align: center;\"><span style=\"color: #92857c;\">ESCOLETA MATINAL DE NAZARET<\/span><\/h2><p>[\/et_pb_text][\/et_pb_column][\/et_pb_row][\/et_pb_section][et_pb_section fb_built=\"1\" fullwidth=\"on\" _builder_version=\"4.27.4\" _module_preset=\"default\" global_colors_info=\"{}\"][et_pb_fullwidth_image title_text=\"_DSC8625\" _builder_version=\"4.27.5\" _module_preset=\"default\" background_image=\"https:\/\/fundacionporlajusticia.org\/wp-content\/uploads\/2026\/03\/DSC8625-scaled.jpg\" parallax=\"on\" min_height=\"600px\" global_colors_info=\"{}\"][\/et_pb_fullwidth_image][\/et_pb_section][et_pb_section fb_built=\"1\" _builder_version=\"4.27.4\" _module_preset=\"default\" global_colors_info=\"{}\"][et_pb_row _builder_version=\"4.27.4\" _module_preset=\"default\" global_colors_info=\"{}\"][et_pb_column type=\"4_4\" _builder_version=\"4.27.4\" _module_preset=\"default\" global_colors_info=\"{}\"][et_pb_text _builder_version=\"4.27.4\" _module_preset=\"default\" custom_padding=\"||0px|||\" global_colors_info=\"{}\"]<\/p><p><span style=\"font-size: large;\"><strong>T\u00cdTULO: Escoleta Matinal de Nazaret<\/strong><\/span><\/p><p><span style=\"font-size: large;\"><strong>Financiadores (curso 2025\/26: Financiadores (curso 25\/26): Fundaci\u00f3n \u201cLa Caixa\u201d, Aportem, IKUN, Fundaci\u00f3n Raminatrans<\/strong><\/span><br \/><span style=\"font-size: large;\"><strong>Presupuesto total: XXX<\/strong><\/span><\/p><p>[\/et_pb_text][et_pb_divider _builder_version=\"4.27.4\" _module_preset=\"default\" global_colors_info=\"{}\"][\/et_pb_divider][et_pb_text admin_label=\"Titulo\" _builder_version=\"4.27.5\" _module_preset=\"default\" text_font=\"|700|||||||\" text_text_color=\"#FFFFFF\" text_orientation=\"center\" background_layout=\"dark\" custom_padding=\"7px|||||\" animation_style=\"fold\" global_colors_info=\"{}\"]<\/p><h2 style=\"text-align: center;\"><span style=\"color: #92857c;\"><i>Descripci\u00f3n del programa<\/i><\/span><i><\/i><\/h2><p>[\/et_pb_text][et_pb_text _builder_version=\"4.27.5\" _module_preset=\"default\" custom_padding=\"||0px|||\" global_colors_info=\"{}\"]<\/p><p style=\"text-align: justify;\"><span style=\"font-weight: 400;\">La Escoleta Matinal es una iniciativa de Fundaci\u00f3n por la Justicia (FxJ) que busca reducir el riesgo de exclusi\u00f3n social de ni\u00f1os y ni\u00f1as en situaci\u00f3n de alta vulnerabilidad del barrio de Nazaret (Val\u00e8ncia), atendiendo de manera integral sus necesidades de desarrollo y acompa\u00f1ando tambi\u00e9n a sus cuidadoras y familias. El proyecto se implementa en el Colegio Nuestra Se\u00f1ora de los Desamparados, situado en uno de los barrios con mayores \u00edndices de pobreza, abandono escolar y segregaci\u00f3n educativa de la ciudad.<\/span><\/p><p style=\"text-align: justify;\"><span style=\"font-weight: 400;\">La intervenci\u00f3n parte de una constataci\u00f3n clara: sin una atenci\u00f3n sostenida a las condiciones de vida, aprendizaje y v\u00ednculos afectivos de la infancia vulnerable, el abandono educativo y la exclusi\u00f3n social se perpet\u00faan. As\u00ed pues, la Escoleta ofrece cada ma\u00f1ana, de lunes a viernes, de 8:30 a 9:30 h, un espacio seguro y estructurado que combina atenci\u00f3n a necesidades b\u00e1sicas, actividades l\u00fadicas, apoyo psicoemocional y acompa\u00f1amiento familiar. Todo ello con el objetivo de reducir las tasas de abandono escolar temprano, mejorar el rendimiento escolar y fomentar la convivencia e integraci\u00f3n cultural, actuando de forma preventiva ante los factores que conducen a la exclusi\u00f3n educativa.<\/span><\/p><p style=\"text-align: justify;\"><span style=\"font-weight: 400;\">El programa se articula en torno a cuatro \u00e1reas complementarias:<\/span><\/p><ol style=\"text-align: justify;\"><li style=\"font-weight: 400;\" aria-level=\"1\"><span style=\"font-weight: 400;\">Satisfacci\u00f3n de necesidades b\u00e1sicas, mediante desayunos equilibrados y rutinas diarias de higiene como refuerzo de h\u00e1bitos saludables y de asistencia escolar.<\/span><\/li><li style=\"font-weight: 400;\" aria-level=\"1\"><span style=\"font-weight: 400;\">Actividades educativas, l\u00fadicas, deportivas y art\u00edsticas, que fomentan la autoestima, la convivencia y la cultura de paz.<\/span><\/li><li style=\"font-weight: 400;\" aria-level=\"1\"><span style=\"font-weight: 400;\">Acompa\u00f1amiento a las personas cuidadoras, con encuentros formativos e individuales que fortalecen sus capacidades de cuidado y orientaci\u00f3n educativa.<\/span><\/li><li style=\"font-weight: 400;\" aria-level=\"1\"><span style=\"font-weight: 400;\">Apoyo psicol\u00f3gico, con atenci\u00f3n individual y grupal a cargo de profesionales especializadas.<\/span><\/li><\/ol><p style=\"text-align: justify;\"><span style=\"font-weight: 400;\">Desde su inicio en el curso 2013\/14, se han realizado unos 220 acompa\u00f1amientos a menores, quienes han mejorado su rendimiento acad\u00e9mico, reducido significativamente su absentismo y adquirido herramientas personales y emocionales para afrontar situaciones de conflicto y exclusi\u00f3n. Adem\u00e1s, el proyecto ha consolidado una red de trabajo en colaboraci\u00f3n con el centro educativo, C\u00e1ritas, otras entidades sociales del barrio y un equipo estable de voluntariado.<\/span><\/p><p style=\"text-align: justify;\">[\/et_pb_text][\/et_pb_column][\/et_pb_row][et_pb_row _builder_version=\"4.27.5\" _module_preset=\"default\"][et_pb_column _builder_version=\"4.27.5\" _module_preset=\"default\" type=\"4_4\"][et_pb_button button_url=\"https:\/\/fundacionporlajusticia.org\/colabora\/haz-voluntariado\/\" button_text=\"Haz voluntariado en la Escoleta\" button_alignment=\"center\" _builder_version=\"4.27.5\" _module_preset=\"default\" custom_button=\"on\" button_text_size=\"18px\" button_text_color=\"#ada39a\" transform_scale=\"105%|105%\" hover_enabled=\"0\" global_colors_info=\"{}\" locked=\"off\" sticky_enabled=\"0\"][\/et_pb_button][\/et_pb_column][\/et_pb_row][et_pb_row _builder_version=\"4.27.5\" _module_preset=\"default\"][et_pb_column _builder_version=\"4.27.5\" _module_preset=\"default\" type=\"4_4\"][et_pb_code _builder_version=\"4.27.5\" _module_preset=\"default\" hover_enabled=\"0\" sticky_enabled=\"0\"]<a title=\"Escoleta Matinal de Nazaret\" href=\"https:\/\/www.flickr.com\/photos\/202842270@N03\/albums\/72177720332571468\" data-flickr-embed=\"true\"><img src=\"https:\/\/live.staticflickr.com\/65535\/55150951118_bee9f469c4_h.jpg\" alt=\"Escoleta Matinal de Nazaret\" width=\"1200\" height=\"1600\" \/><\/a><script async src=\"\/\/embedr.flickr.com\/assets\/client-code.js\" charset=\"utf-8\"><\/script>[\/et_pb_code][\/et_pb_column][\/et_pb_row][\/et_pb_section][et_pb_section fb_built=\"1\" admin_label=\"Secci\u00f3n\" _builder_version=\"4.27.4\" _module_preset=\"default\" background_color=\"#92857c\" background_image=\"https:\/\/fundacionporlajusticia.org\/wp-content\/uploads\/2022\/03\/Fonzo_Verde_Fundacion_baja.jpeg\" locked=\"off\" global_colors_info=\"{}\"][et_pb_row admin_label=\"Como\" _builder_version=\"4.16\" _module_preset=\"default\" collapsed=\"off\" global_colors_info=\"{}\"][et_pb_column type=\"4_4\" _builder_version=\"4.16\" _module_preset=\"default\" global_colors_info=\"{}\"][\/et_pb_column][\/et_pb_row][\/et_pb_section][et_pb_section fb_built=\"1\" _builder_version=\"4.16\" _module_preset=\"default\" global_colors_info=\"{}\"][et_pb_row _builder_version=\"4.16\" _module_preset=\"default\" global_colors_info=\"{}\"][et_pb_column type=\"4_4\" _builder_version=\"4.16\" _module_preset=\"default\" global_colors_info=\"{}\"][et_pb_text admin_label=\"Texto\" _builder_version=\"4.17.1\" _module_preset=\"default\" global_colors_info=\"{}\"]<\/p><h3 style=\"text-align: center;\">Proyectos relacionados<\/h3><p>[\/et_pb_text][et_pb_divider _builder_version=\"4.17.1\" _module_preset=\"default\" global_colors_info=\"{}\"][\/et_pb_divider][et_pb_blog fullwidth=\"off\" posts_number=\"9\" include_categories=\"6\" excerpt_length=\"498\" show_author=\"off\" _builder_version=\"4.17.1\" _module_preset=\"default\" border_radii_image=\"on|10px|10px|10px|10px\" global_colors_info=\"{}\"][\/et_pb_blog][\/et_pb_column][\/et_pb_row][\/et_pb_section]<\/p>","_et_gb_content_width":"","_uf_show_specific_survey":0,"_uf_disable_surveys":false,"footnotes":""},"class_list":["post-14182","page","type-page","status-publish","hentry"],"aioseo_notices":[],"_links":{"self":[{"href":"https:\/\/fundacionporlajusticia.org\/va\/wp-json\/wp\/v2\/pages\/14182","targetHints":{"allow":["GET"]}}],"collection":[{"href":"https:\/\/fundacionporlajusticia.org\/va\/wp-json\/wp\/v2\/pages"}],"about":[{"href":"https:\/\/fundacionporlajusticia.org\/va\/wp-json\/wp\/v2\/types\/page"}],"author":[{"embeddable":true,"href":"https:\/\/fundacionporlajusticia.org\/va\/wp-json\/wp\/v2\/users\/2"}],"replies":[{"embeddable":true,"href":"https:\/\/fundacionporlajusticia.org\/va\/wp-json\/wp\/v2\/comments?post=14182"}],"version-history":[{"count":4,"href":"https:\/\/fundacionporlajusticia.org\/va\/wp-json\/wp\/v2\/pages\/14182\/revisions"}],"predecessor-version":[{"id":14188,"href":"https:\/\/fundacionporlajusticia.org\/va\/wp-json\/wp\/v2\/pages\/14182\/revisions\/14188"}],"up":[{"embeddable":true,"href":"https:\/\/fundacionporlajusticia.org\/va\/wp-json\/wp\/v2\/pages\/880"}],"wp:attachment":[{"href":"https:\/\/fundacionporlajusticia.org\/va\/wp-json\/wp\/v2\/media?parent=14182"}],"curies":[{"name":"wp","href":"https:\/\/api.w.org\/{rel}","templated":true}]}}