{"id":14163,"date":"2026-03-16T14:19:08","date_gmt":"2026-03-16T13:19:08","guid":{"rendered":"https:\/\/fundacionporlajusticia.org\/?page_id=14163"},"modified":"2026-03-16T15:01:51","modified_gmt":"2026-03-16T14:01:51","slug":"escoleta-matinal-de-nazaret","status":"publish","type":"page","link":"https:\/\/fundacionporlajusticia.org\/va\/proyectos\/accion-social\/escoleta-matinal-de-nazaret\/","title":{"rendered":"Escoleta Matinal de Natzaret"},"content":{"rendered":"<p>[et_pb_section fb_built=\u00bb1&#8243; _builder_version=\u00bb4.27.4&#8243; _module_preset=\u00bbdefault\u00bb background_color=\u00bb#92857c\u00bb background_image=\u00bbhttps:\/\/fundacionporlajusticia.org\/wp-content\/uploads\/2022\/03\/Fonzo_Verde_Fundacion_baja.jpeg\u00bb global_colors_info=\u00bb{}\u00bb][et_pb_row admin_label=\u00bbComo\u00bb _builder_version=\u00bb4.16&#8243; _module_preset=\u00bbdefault\u00bb custom_padding=\u00bb||29px|||\u00bb global_colors_info=\u00bb{}\u00bb][et_pb_column type=\u00bb4_4&#8243; _builder_version=\u00bb4.16&#8243; _module_preset=\u00bbdefault\u00bb global_colors_info=\u00bb{}\u00bb][et_pb_text admin_label=\u00bbTitulo\u00bb _builder_version=\u00bb4.27.4&#8243; _module_preset=\u00bbdefault\u00bb text_font=\u00bb|700|||||||\u00bb text_text_color=\u00bb#FFFFFF\u00bb text_orientation=\u00bbcenter\u00bb background_layout=\u00bbdark\u00bb custom_padding=\u00bb7px|||||\u00bb animation_style=\u00bbfold\u00bb global_colors_info=\u00bb{}\u00bb]<\/p>\n<h2 style=\"text-align: center;\"><span style=\"color: #92857c;\">ESCOLETA MATINAL DE NAZARET<\/span><\/h2>\n<p>[\/et_pb_text][\/et_pb_column][\/et_pb_row][\/et_pb_section][et_pb_section fb_built=\u00bb1&#8243; fullwidth=\u00bbon\u00bb _builder_version=\u00bb4.27.4&#8243; _module_preset=\u00bbdefault\u00bb global_colors_info=\u00bb{}\u00bb][et_pb_fullwidth_image title_text=\u00bb_DSC8625&#8243; _builder_version=\u00bb4.27.5&#8243; _module_preset=\u00bbdefault\u00bb background_image=\u00bbhttps:\/\/fundacionporlajusticia.org\/wp-content\/uploads\/2026\/03\/DSC8625-scaled.jpg\u00bb parallax=\u00bbon\u00bb min_height=\u00bb600px\u00bb global_colors_info=\u00bb{}\u00bb][\/et_pb_fullwidth_image][\/et_pb_section][et_pb_section fb_built=\u00bb1&#8243; _builder_version=\u00bb4.27.4&#8243; _module_preset=\u00bbdefault\u00bb global_colors_info=\u00bb{}\u00bb][et_pb_row _builder_version=\u00bb4.27.4&#8243; _module_preset=\u00bbdefault\u00bb global_colors_info=\u00bb{}\u00bb][et_pb_column type=\u00bb4_4&#8243; _builder_version=\u00bb4.27.4&#8243; _module_preset=\u00bbdefault\u00bb global_colors_info=\u00bb{}\u00bb][et_pb_text _builder_version=\u00bb4.27.4&#8243; _module_preset=\u00bbdefault\u00bb custom_padding=\u00bb||0px|||\u00bb global_colors_info=\u00bb{}\u00bb]<\/p>\n<p><span style=\"font-size: large;\"><strong>T\u00cdTULO: Escoleta Matinal de Nazaret<\/strong><\/span><\/p>\n<p><span style=\"font-size: large;\"><strong>Financiadores (curso 25\/26): Fundaci\u00f3n \u201cLa Caixa\u201d, Aportem, IKUN, Fundaci\u00f3n Raminatrans<\/strong><\/span><br \/><span style=\"font-size: large;\"><strong>Presupuesto total: XXX<\/strong><\/span><\/p>\n<p>[\/et_pb_text][et_pb_divider _builder_version=\u00bb4.27.4&#8243; _module_preset=\u00bbdefault\u00bb global_colors_info=\u00bb{}\u00bb][\/et_pb_divider][et_pb_text admin_label=\u00bbTitulo\u00bb _builder_version=\u00bb4.27.5&#8243; _module_preset=\u00bbdefault\u00bb text_font=\u00bb|700|||||||\u00bb text_text_color=\u00bb#FFFFFF\u00bb text_orientation=\u00bbcenter\u00bb background_layout=\u00bbdark\u00bb custom_padding=\u00bb7px|||||\u00bb animation_style=\u00bbfold\u00bb global_colors_info=\u00bb{}\u00bb]<\/p>\n<h2 style=\"text-align: center;\"><span style=\"color: #92857c;\"><i>Descripci\u00f3n del programa<\/i><\/span><i><\/i><\/h2>\n<p>[\/et_pb_text][et_pb_text _builder_version=\u00bb4.27.5&#8243; _module_preset=\u00bbdefault\u00bb custom_padding=\u00bb||0px|||\u00bb global_colors_info=\u00bb{}\u00bb]<\/p>\n<p style=\"text-align: justify;\"><span style=\"font-weight: 400;\">La Escoleta Matinal es una iniciativa de Fundaci\u00f3n por la Justicia (FxJ) que busca reducir el riesgo de exclusi\u00f3n social de ni\u00f1os y ni\u00f1as en situaci\u00f3n de alta vulnerabilidad del barrio de Nazaret (Val\u00e8ncia), atendiendo de manera integral sus necesidades de desarrollo y acompa\u00f1ando tambi\u00e9n a sus cuidadoras y familias. El proyecto se implementa en el Colegio Nuestra Se\u00f1ora de los Desamparados, situado en uno de los barrios con mayores \u00edndices de pobreza, abandono escolar y segregaci\u00f3n educativa de la ciudad.<\/span><\/p>\n<p style=\"text-align: justify;\"><span style=\"font-weight: 400;\">La intervenci\u00f3n parte de una constataci\u00f3n clara: sin una atenci\u00f3n sostenida a las condiciones de vida, aprendizaje y v\u00ednculos afectivos de la infancia vulnerable, el abandono educativo y la exclusi\u00f3n social se perpet\u00faan. As\u00ed pues, la Escoleta ofrece cada ma\u00f1ana, de lunes a viernes, de 8:30 a 9:30 h, un espacio seguro y estructurado que combina atenci\u00f3n a necesidades b\u00e1sicas, actividades l\u00fadicas, apoyo psicoemocional y acompa\u00f1amiento familiar. Todo ello con el objetivo de reducir las tasas de abandono escolar temprano, mejorar el rendimiento escolar y fomentar la convivencia e integraci\u00f3n cultural, actuando de forma preventiva ante los factores que conducen a la exclusi\u00f3n educativa.<\/span><\/p>\n<p style=\"text-align: justify;\"><span style=\"font-weight: 400;\">El programa se articula en torno a cuatro \u00e1reas complementarias:<\/span><\/p>\n<ol style=\"text-align: justify;\">\n<li style=\"font-weight: 400;\" aria-level=\"1\"><span style=\"font-weight: 400;\">Satisfacci\u00f3n de necesidades b\u00e1sicas, mediante desayunos equilibrados y rutinas diarias de higiene como refuerzo de h\u00e1bitos saludables y de asistencia escolar.<\/span><\/li>\n<li style=\"font-weight: 400;\" aria-level=\"1\"><span style=\"font-weight: 400;\">Actividades educativas, l\u00fadicas, deportivas y art\u00edsticas, que fomentan la autoestima, la convivencia y la cultura de paz.<\/span><\/li>\n<li style=\"font-weight: 400;\" aria-level=\"1\"><span style=\"font-weight: 400;\">Acompa\u00f1amiento a las personas cuidadoras, con encuentros formativos e individuales que fortalecen sus capacidades de cuidado y orientaci\u00f3n educativa.<\/span><\/li>\n<li style=\"font-weight: 400;\" aria-level=\"1\"><span style=\"font-weight: 400;\">Apoyo psicol\u00f3gico, con atenci\u00f3n individual y grupal a cargo de profesionales especializadas.<\/span><\/li>\n<\/ol>\n<p style=\"text-align: justify;\"><span style=\"font-weight: 400;\">Desde su inicio en el curso 2013\/14, se han realizado unos 220 acompa\u00f1amientos a menores, quienes han mejorado su rendimiento acad\u00e9mico, reducido significativamente su absentismo y adquirido herramientas personales y emocionales para afrontar situaciones de conflicto y exclusi\u00f3n. Adem\u00e1s, el proyecto ha consolidado una red de trabajo en colaboraci\u00f3n con el centro educativo, C\u00e1ritas, otras entidades sociales del barrio y un equipo estable de voluntariado.<\/span><\/p>\n<p style=\"text-align: justify;\">[\/et_pb_text][\/et_pb_column][\/et_pb_row][et_pb_row _builder_version=\u00bb4.27.5&#8243; _module_preset=\u00bbdefault\u00bb global_colors_info=\u00bb{}\u00bb][et_pb_column type=\u00bb4_4&#8243; _builder_version=\u00bb4.27.5&#8243; _module_preset=\u00bbdefault\u00bb global_colors_info=\u00bb{}\u00bb][et_pb_button button_url=\u00bbhttps:\/\/fundacionporlajusticia.org\/colabora\/haz-voluntariado\/\u00bb button_text=\u00bbHaz voluntariado en la Escoleta\u00bb button_alignment=\u00bbcenter\u00bb _builder_version=\u00bb4.27.5&#8243; _module_preset=\u00bbdefault\u00bb custom_button=\u00bbon\u00bb button_text_size=\u00bb18px\u00bb button_text_color=\u00bb#ada39a\u00bb transform_scale=\u00bb105%|105%\u00bb locked=\u00bboff\u00bb global_colors_info=\u00bb{}\u00bb][\/et_pb_button][\/et_pb_column][\/et_pb_row][et_pb_row _builder_version=\u00bb4.27.5&#8243; _module_preset=\u00bbdefault\u00bb global_colors_info=\u00bb{}\u00bb][et_pb_column type=\u00bb4_4&#8243; _builder_version=\u00bb4.27.5&#8243; _module_preset=\u00bbdefault\u00bb global_colors_info=\u00bb{}\u00bb][et_pb_code _builder_version=\u00bb4.27.5&#8243; _module_preset=\u00bbdefault\u00bb global_colors_info=\u00bb{}\u00bb]<a data-flickr-embed=\"true\" href=\"https:\/\/www.flickr.com\/photos\/202842270@N03\/albums\/72177720332571468\" title=\"Escoleta Matinal de Nazaret\"><img loading=\"lazy\" decoding=\"async\" src=\"https:\/\/live.staticflickr.com\/65535\/55150951118_bee9f469c4_h.jpg\" width=\"1200\" height=\"1600\" alt=\"Escoleta Matinal de Nazaret\"\/><\/a><script async src=\"\/\/embedr.flickr.com\/assets\/client-code.js\" charset=\"utf-8\"><\/script>[\/et_pb_code][\/et_pb_column][\/et_pb_row][\/et_pb_section][et_pb_section fb_built=\u00bb1&#8243; admin_label=\u00bbSecci\u00f3n\u00bb _builder_version=\u00bb4.27.4&#8243; _module_preset=\u00bbdefault\u00bb background_color=\u00bb#92857c\u00bb background_image=\u00bbhttps:\/\/fundacionporlajusticia.org\/wp-content\/uploads\/2022\/03\/Fonzo_Verde_Fundacion_baja.jpeg\u00bb locked=\u00bboff\u00bb global_colors_info=\u00bb{}\u00bb][et_pb_row admin_label=\u00bbComo\u00bb _builder_version=\u00bb4.16&#8243; _module_preset=\u00bbdefault\u00bb collapsed=\u00bboff\u00bb global_colors_info=\u00bb{}\u00bb][et_pb_column type=\u00bb4_4&#8243; _builder_version=\u00bb4.16&#8243; _module_preset=\u00bbdefault\u00bb global_colors_info=\u00bb{}\u00bb][\/et_pb_column][\/et_pb_row][\/et_pb_section][et_pb_section fb_built=\u00bb1&#8243; _builder_version=\u00bb4.16&#8243; _module_preset=\u00bbdefault\u00bb global_colors_info=\u00bb{}\u00bb][et_pb_row _builder_version=\u00bb4.16&#8243; _module_preset=\u00bbdefault\u00bb global_colors_info=\u00bb{}\u00bb][et_pb_column type=\u00bb4_4&#8243; _builder_version=\u00bb4.16&#8243; _module_preset=\u00bbdefault\u00bb global_colors_info=\u00bb{}\u00bb][et_pb_text admin_label=\u00bbTexto\u00bb _builder_version=\u00bb4.17.1&#8243; _module_preset=\u00bbdefault\u00bb global_colors_info=\u00bb{}\u00bb]<\/p>\n<h3 style=\"text-align: center;\">Proyectos relacionados<\/h3>\n<p>[\/et_pb_text][et_pb_divider _builder_version=\u00bb4.17.1&#8243; _module_preset=\u00bbdefault\u00bb global_colors_info=\u00bb{}\u00bb][\/et_pb_divider][et_pb_blog fullwidth=\u00bboff\u00bb posts_number=\u00bb9&#8243; include_categories=\u00bb6&#8243; excerpt_length=\u00bb498&#8243; show_author=\u00bboff\u00bb _builder_version=\u00bb4.17.1&#8243; _module_preset=\u00bbdefault\u00bb border_radii_image=\u00bbon|10px|10px|10px|10px\u00bb global_colors_info=\u00bb{}\u00bb][\/et_pb_blog][\/et_pb_column][\/et_pb_row][\/et_pb_section]<\/p>\n","protected":false},"excerpt":{"rendered":"<p>ESCOLETA MATINAL DE NAZARETT\u00cdTULO: Escoleta Matinal de Nazaret Financiadores (curso 25\/26): Fundaci\u00f3n \u201cLa Caixa\u201d, Aportem, IKUN, Fundaci\u00f3n RaminatransPresupuesto total: XXXDescripci\u00f3n del programaLa Escoleta Matinal es una iniciativa de Fundaci\u00f3n por la Justicia (FxJ) que busca reducir el riesgo de exclusi\u00f3n social de ni\u00f1os y ni\u00f1as en situaci\u00f3n de alta vulnerabilidad del barrio de Nazaret (Val\u00e8ncia), [&hellip;]<\/p>\n","protected":false},"author":2,"featured_media":0,"parent":880,"menu_order":0,"comment_status":"closed","ping_status":"closed","template":"","meta":{"_et_pb_use_builder":"on","_et_pb_old_content":"<p>[et_pb_section fb_built=\"1\" _builder_version=\"4.27.4\" _module_preset=\"default\" background_color=\"#92857c\" background_image=\"https:\/\/fundacionporlajusticia.org\/wp-content\/uploads\/2022\/03\/Fonzo_Verde_Fundacion_baja.jpeg\" global_colors_info=\"{}\"][et_pb_row admin_label=\"Como\" _builder_version=\"4.16\" _module_preset=\"default\" custom_padding=\"||29px|||\" global_colors_info=\"{}\"][et_pb_column type=\"4_4\" _builder_version=\"4.16\" _module_preset=\"default\" global_colors_info=\"{}\"][et_pb_text admin_label=\"Titulo\" _builder_version=\"4.27.4\" _module_preset=\"default\" text_font=\"|700|||||||\" text_text_color=\"#FFFFFF\" text_orientation=\"center\" background_layout=\"dark\" custom_padding=\"7px|||||\" animation_style=\"fold\" global_colors_info=\"{}\"]<\/p><h2 style=\"text-align: center;\"><span style=\"color: #92857c;\">BARRIOS VIVOS E INTERCULTURALES<\/span><\/h2><h2 style=\"text-align: center;\"><span style=\"color: #92857c;\">MIL HISTORIAS POR CONTAR<\/span><\/h2><p>[\/et_pb_text][\/et_pb_column][\/et_pb_row][\/et_pb_section][et_pb_section fb_built=\"1\" fullwidth=\"on\" _builder_version=\"4.27.4\" _module_preset=\"default\" global_colors_info=\"{}\"][et_pb_fullwidth_image title_text=\"WhatsApp Image 2025-05-31 at 12.59.38\" _builder_version=\"4.27.4\" _module_preset=\"default\" background_image=\"https:\/\/fundacionporlajusticia.org\/wp-content\/uploads\/2025\/09\/WhatsApp-Image-2025-05-31-at-12.59.38-e1758804100272.jpeg\" parallax=\"on\" min_height=\"600px\" global_colors_info=\"{}\"][\/et_pb_fullwidth_image][\/et_pb_section][et_pb_section fb_built=\"1\" _builder_version=\"4.27.4\" _module_preset=\"default\" global_colors_info=\"{}\"][et_pb_row _builder_version=\"4.27.4\" _module_preset=\"default\" global_colors_info=\"{}\"][et_pb_column type=\"4_4\" _builder_version=\"4.27.4\" _module_preset=\"default\" global_colors_info=\"{}\"][et_pb_text _builder_version=\"4.27.4\" _module_preset=\"default\" custom_padding=\"||0px|||\" global_colors_info=\"{}\"]<\/p><p><span style=\"font-size: large;\"><strong>T\u00cdTULO: Barrios Vivos e Interculturales. Mil Historias por Contar<\/strong><\/span><\/p><p><span style=\"font-size: large;\"><strong>Financiador: Ayuntamiento de Val\u00e8ncia<\/strong><\/span><br \/><span style=\"font-size: large;\"><strong>Presupuesto total: 11.250 \u20ac<\/strong><\/span><br \/><span style=\"font-size: large;\"><strong>Importe subvenci\u00f3n: 9.000 \u20ac<\/strong><\/span><br \/><span style=\"font-size: large;\"><strong>Fecha inicio: 10\/01\/2025<\/strong><\/span><br \/><span style=\"font-size: large;\"><strong>Fecha fin: 9\/01\/2026<\/strong><\/span><\/p><p>[\/et_pb_text][et_pb_divider _builder_version=\"4.27.4\" _module_preset=\"default\" global_colors_info=\"{}\"][\/et_pb_divider][et_pb_text admin_label=\"Titulo\" _builder_version=\"4.27.5\" _module_preset=\"default\" text_font=\"|700|||||||\" text_text_color=\"#FFFFFF\" text_orientation=\"center\" background_layout=\"dark\" custom_padding=\"7px|||||\" animation_style=\"fold\" hover_enabled=\"0\" global_colors_info=\"{}\" sticky_enabled=\"0\"]<\/p><h2 style=\"text-align: center;\"><span style=\"color: #92857c;\"><i>Descripci\u00f3n del programa<\/i><\/span><i><\/i><\/h2><p>[\/et_pb_text][et_pb_text _builder_version=\"4.27.4\" _module_preset=\"default\" custom_padding=\"||0px|||\" global_colors_info=\"{}\"]<\/p><p style=\"text-align: justify;\"><span style=\"font-weight: 400;\">El proyecto \"BARRIOS VIVOS E INTERCULTURALES. MIL HISTORIAS POR CONTAR\" surge en respuesta a las din\u00e1micas de convivencia y participaci\u00f3n comunitaria en los barrios perif\u00e9ricos de la ciudad, caracterizados por una diversidad cultural creciente y desaf\u00edos significativos en t\u00e9rminos de integraci\u00f3n y cohesi\u00f3n social.\u00a0<\/span><\/p><p style=\"text-align: justify;\"><span style=\"font-weight: 400;\">As\u00ed, la iniciativa se centra en fortalecer la convivencia en los barrios perif\u00e9ricos de la ciudad. A trav\u00e9s de jornadas inclusivas de expresi\u00f3n cultural, se busca promover el reconocimiento y el respeto hacia la diversidad cultural existente, al mismo tiempo que se fortalece la interacci\u00f3n positiva entre la vecindad y el tejido asociativo barrial.\u00a0<\/span><\/p><p style=\"text-align: justify;\"><span style=\"font-weight: 400;\">Concretamente, el proyecto incluye la realizaci\u00f3n de cinco jornadas en cinco barrios diferentes de la ciudad. Cada una de ellas comenzar\u00e1 con un cuentacuentos dirigido a todos los p\u00fablicos, dise\u00f1ado para reflejar y celebrar la diversidad cultural. Esta actividad inicial ser\u00e1 seguida por talleres espec\u00edficos para la infancia, enfocados en promover valores de interculturalidad, respeto y reconocimiento de la diversidad de manera l\u00fadica y educativa. Simult\u00e1neamente, se llevar\u00e1n a cabo talleres para adultos organizados por entidades locales de cada uno de los barrios, en los que \u00e9stas presentar\u00e1n diferentes aspectos culturales de las regiones de origen de los participantes. Estas actividades podr\u00e1n incluir desde aprender un baile tradicional o realizar una representaci\u00f3n teatral, hasta cocinar platos t\u00edpicos.<\/span><\/p><p style=\"text-align: justify;\"><span style=\"font-weight: 400;\">Dichas actividades han sido dise\u00f1adas, no solo para enriquecer la vida cultural de los barrios, sino tambi\u00e9n para fomentar el sentido de comunidad, as\u00ed como fortalecer el tejido asociativo, promoviendo as\u00ed una convivencia m\u00e1s armoniosa y respetuosa. Se estima que el proyecto alcance al menos a 200 residentes de los 5 barrios participantes, incluyendo ni\u00f1as y ni\u00f1os, j\u00f3venes y adultos de diversas procedencias culturales, involucrando activamente al menos a 10 entidades locales de dichos barrios, como pueden ser asociaciones vecinales, ONGDs o grupos comunitarios.<\/span><\/p><p>[\/et_pb_text][\/et_pb_column][\/et_pb_row][\/et_pb_section][et_pb_section fb_built=\"1\" admin_label=\"Secci\u00f3n\" _builder_version=\"4.27.4\" _module_preset=\"default\" background_color=\"#92857c\" background_image=\"https:\/\/fundacionporlajusticia.org\/wp-content\/uploads\/2022\/03\/Fonzo_Verde_Fundacion_baja.jpeg\" locked=\"off\" global_colors_info=\"{}\"][et_pb_row admin_label=\"Como\" _builder_version=\"4.16\" _module_preset=\"default\" collapsed=\"off\" global_colors_info=\"{}\"][et_pb_column type=\"4_4\" _builder_version=\"4.16\" _module_preset=\"default\" global_colors_info=\"{}\"][\/et_pb_column][\/et_pb_row][\/et_pb_section][et_pb_section fb_built=\"1\" _builder_version=\"4.16\" _module_preset=\"default\" global_colors_info=\"{}\"][et_pb_row _builder_version=\"4.16\" _module_preset=\"default\" global_colors_info=\"{}\"][et_pb_column type=\"4_4\" _builder_version=\"4.16\" _module_preset=\"default\" global_colors_info=\"{}\"][et_pb_text admin_label=\"Texto\" _builder_version=\"4.17.1\" _module_preset=\"default\" global_colors_info=\"{}\"]<\/p><h3 style=\"text-align: center;\">Proyectos relacionados<\/h3><p>[\/et_pb_text][et_pb_divider _builder_version=\"4.17.1\" _module_preset=\"default\" global_colors_info=\"{}\"][\/et_pb_divider][et_pb_blog fullwidth=\"off\" posts_number=\"9\" include_categories=\"6\" excerpt_length=\"498\" show_author=\"off\" _builder_version=\"4.17.1\" _module_preset=\"default\" border_radii_image=\"on|10px|10px|10px|10px\" global_colors_info=\"{}\"][\/et_pb_blog][\/et_pb_column][\/et_pb_row][\/et_pb_section]<\/p>","_et_gb_content_width":"","_uf_show_specific_survey":0,"_uf_disable_surveys":false,"footnotes":""},"class_list":["post-14163","page","type-page","status-publish","hentry"],"aioseo_notices":[],"_links":{"self":[{"href":"https:\/\/fundacionporlajusticia.org\/va\/wp-json\/wp\/v2\/pages\/14163","targetHints":{"allow":["GET"]}}],"collection":[{"href":"https:\/\/fundacionporlajusticia.org\/va\/wp-json\/wp\/v2\/pages"}],"about":[{"href":"https:\/\/fundacionporlajusticia.org\/va\/wp-json\/wp\/v2\/types\/page"}],"author":[{"embeddable":true,"href":"https:\/\/fundacionporlajusticia.org\/va\/wp-json\/wp\/v2\/users\/2"}],"replies":[{"embeddable":true,"href":"https:\/\/fundacionporlajusticia.org\/va\/wp-json\/wp\/v2\/comments?post=14163"}],"version-history":[{"count":9,"href":"https:\/\/fundacionporlajusticia.org\/va\/wp-json\/wp\/v2\/pages\/14163\/revisions"}],"predecessor-version":[{"id":14191,"href":"https:\/\/fundacionporlajusticia.org\/va\/wp-json\/wp\/v2\/pages\/14163\/revisions\/14191"}],"up":[{"embeddable":true,"href":"https:\/\/fundacionporlajusticia.org\/va\/wp-json\/wp\/v2\/pages\/880"}],"wp:attachment":[{"href":"https:\/\/fundacionporlajusticia.org\/va\/wp-json\/wp\/v2\/media?parent=14163"}],"curies":[{"name":"wp","href":"https:\/\/api.w.org\/{rel}","templated":true}]}}