{"id":13589,"date":"2025-09-25T14:33:08","date_gmt":"2025-09-25T12:33:08","guid":{"rendered":"https:\/\/fundacionporlajusticia.org\/?page_id=13589"},"modified":"2026-03-16T14:21:48","modified_gmt":"2026-03-16T13:21:48","slug":"barrios-vivos-e-interculturales","status":"publish","type":"page","link":"https:\/\/fundacionporlajusticia.org\/va\/proyectos\/sensibilizacion\/barrios-vivos-e-interculturales\/","title":{"rendered":"Barris Vius i Interculturals"},"content":{"rendered":"<p>[et_pb_section fb_built=\u00bb1&#8243; _builder_version=\u00bb4.27.4&#8243; _module_preset=\u00bbdefault\u00bb background_color=\u00bb#92857c\u00bb background_image=\u00bbhttps:\/\/fundacionporlajusticia.org\/wp-content\/uploads\/2022\/03\/Fonzo_Verde_Fundacion_baja.jpeg\u00bb global_colors_info=\u00bb{}\u00bb][et_pb_row admin_label=\u00bbComo\u00bb _builder_version=\u00bb4.16&#8243; _module_preset=\u00bbdefault\u00bb custom_padding=\u00bb||29px|||\u00bb global_colors_info=\u00bb{}\u00bb][et_pb_column type=\u00bb4_4&#8243; _builder_version=\u00bb4.16&#8243; _module_preset=\u00bbdefault\u00bb global_colors_info=\u00bb{}\u00bb][et_pb_text admin_label=\u00bbTitulo\u00bb _builder_version=\u00bb4.27.4&#8243; _module_preset=\u00bbdefault\u00bb text_font=\u00bb|700|||||||\u00bb text_text_color=\u00bb#FFFFFF\u00bb text_orientation=\u00bbcenter\u00bb background_layout=\u00bbdark\u00bb custom_padding=\u00bb7px|||||\u00bb animation_style=\u00bbfold\u00bb global_colors_info=\u00bb{}\u00bb]<\/p>\n<h2 style=\"text-align: center;\"><span style=\"color: #92857c;\">BARRIOS VIVOS E INTERCULTURALES<\/span><\/h2>\n<h2 style=\"text-align: center;\"><span style=\"color: #92857c;\">MIL HISTORIAS POR CONTAR<\/span><\/h2>\n<p>[\/et_pb_text][\/et_pb_column][\/et_pb_row][\/et_pb_section][et_pb_section fb_built=\u00bb1&#8243; fullwidth=\u00bbon\u00bb _builder_version=\u00bb4.27.4&#8243; _module_preset=\u00bbdefault\u00bb global_colors_info=\u00bb{}\u00bb][et_pb_fullwidth_image title_text=\u00bbWhatsApp Image 2025-05-31 at 12.59.38&#8243; _builder_version=\u00bb4.27.4&#8243; _module_preset=\u00bbdefault\u00bb background_image=\u00bbhttps:\/\/fundacionporlajusticia.org\/wp-content\/uploads\/2025\/09\/WhatsApp-Image-2025-05-31-at-12.59.38-e1758804100272.jpeg\u00bb parallax=\u00bbon\u00bb min_height=\u00bb600px\u00bb global_colors_info=\u00bb{}\u00bb][\/et_pb_fullwidth_image][\/et_pb_section][et_pb_section fb_built=\u00bb1&#8243; _builder_version=\u00bb4.27.4&#8243; _module_preset=\u00bbdefault\u00bb global_colors_info=\u00bb{}\u00bb][et_pb_row _builder_version=\u00bb4.27.4&#8243; _module_preset=\u00bbdefault\u00bb global_colors_info=\u00bb{}\u00bb][et_pb_column type=\u00bb4_4&#8243; _builder_version=\u00bb4.27.4&#8243; _module_preset=\u00bbdefault\u00bb global_colors_info=\u00bb{}\u00bb][et_pb_text _builder_version=\u00bb4.27.4&#8243; _module_preset=\u00bbdefault\u00bb custom_padding=\u00bb||0px|||\u00bb global_colors_info=\u00bb{}\u00bb]<\/p>\n<p><span style=\"font-size: large;\"><strong>T\u00cdTULO: Barrios Vivos e Interculturales. Mil Historias por Contar<\/strong><\/span><\/p>\n<p><span style=\"font-size: large;\"><strong>Financiador: Ayuntamiento de Val\u00e8ncia<\/strong><\/span><br \/><span style=\"font-size: large;\"><strong>Presupuesto total: 11.250 \u20ac<\/strong><\/span><br \/><span style=\"font-size: large;\"><strong>Importe subvenci\u00f3n: 9.000 \u20ac<\/strong><\/span><br \/><span style=\"font-size: large;\"><strong>Fecha inicio: 10\/01\/2025<\/strong><\/span><br \/><span style=\"font-size: large;\"><strong>Fecha fin: 9\/01\/2026<\/strong><\/span><\/p>\n<p>[\/et_pb_text][et_pb_divider _builder_version=\u00bb4.27.4&#8243; _module_preset=\u00bbdefault\u00bb global_colors_info=\u00bb{}\u00bb][\/et_pb_divider][et_pb_text admin_label=\u00bbTitulo\u00bb _builder_version=\u00bb4.27.5&#8243; _module_preset=\u00bbdefault\u00bb text_font=\u00bb|700|||||||\u00bb text_text_color=\u00bb#FFFFFF\u00bb text_orientation=\u00bbcenter\u00bb background_layout=\u00bbdark\u00bb custom_padding=\u00bb7px|||||\u00bb animation_style=\u00bbfold\u00bb global_colors_info=\u00bb{}\u00bb]<\/p>\n<h2 style=\"text-align: center;\"><span style=\"color: #92857c;\"><i>Descripci\u00f3n del programa<\/i><\/span><i><\/i><\/h2>\n<p>[\/et_pb_text][et_pb_text _builder_version=\u00bb4.27.4&#8243; _module_preset=\u00bbdefault\u00bb custom_padding=\u00bb||0px|||\u00bb global_colors_info=\u00bb{}\u00bb]<\/p>\n<p style=\"text-align: justify;\"><span style=\"font-weight: 400;\">El proyecto \u00abBARRIOS VIVOS E INTERCULTURALES. MIL HISTORIAS POR CONTAR\u00bb surge en respuesta a las din\u00e1micas de convivencia y participaci\u00f3n comunitaria en los barrios perif\u00e9ricos de la ciudad, caracterizados por una diversidad cultural creciente y desaf\u00edos significativos en t\u00e9rminos de integraci\u00f3n y cohesi\u00f3n social.\u00a0<\/span><\/p>\n<p style=\"text-align: justify;\"><span style=\"font-weight: 400;\">As\u00ed, la iniciativa se centra en fortalecer la convivencia en los barrios perif\u00e9ricos de la ciudad. A trav\u00e9s de jornadas inclusivas de expresi\u00f3n cultural, se busca promover el reconocimiento y el respeto hacia la diversidad cultural existente, al mismo tiempo que se fortalece la interacci\u00f3n positiva entre la vecindad y el tejido asociativo barrial.\u00a0<\/span><\/p>\n<p style=\"text-align: justify;\"><span style=\"font-weight: 400;\">Concretamente, el proyecto incluye la realizaci\u00f3n de cinco jornadas en cinco barrios diferentes de la ciudad. Cada una de ellas comenzar\u00e1 con un cuentacuentos dirigido a todos los p\u00fablicos, dise\u00f1ado para reflejar y celebrar la diversidad cultural. Esta actividad inicial ser\u00e1 seguida por talleres espec\u00edficos para la infancia, enfocados en promover valores de interculturalidad, respeto y reconocimiento de la diversidad de manera l\u00fadica y educativa. Simult\u00e1neamente, se llevar\u00e1n a cabo talleres para adultos organizados por entidades locales de cada uno de los barrios, en los que \u00e9stas presentar\u00e1n diferentes aspectos culturales de las regiones de origen de los participantes. Estas actividades podr\u00e1n incluir desde aprender un baile tradicional o realizar una representaci\u00f3n teatral, hasta cocinar platos t\u00edpicos.<\/span><\/p>\n<p style=\"text-align: justify;\"><span style=\"font-weight: 400;\">Dichas actividades han sido dise\u00f1adas, no solo para enriquecer la vida cultural de los barrios, sino tambi\u00e9n para fomentar el sentido de comunidad, as\u00ed como fortalecer el tejido asociativo, promoviendo as\u00ed una convivencia m\u00e1s armoniosa y respetuosa. Se estima que el proyecto alcance al menos a 200 residentes de los 5 barrios participantes, incluyendo ni\u00f1as y ni\u00f1os, j\u00f3venes y adultos de diversas procedencias culturales, involucrando activamente al menos a 10 entidades locales de dichos barrios, como pueden ser asociaciones vecinales, ONGDs o grupos comunitarios.<\/span><\/p>\n<p style=\"text-align: justify;\">\n<p>[\/et_pb_text][\/et_pb_column][\/et_pb_row][\/et_pb_section][et_pb_section fb_built=\u00bb1&#8243; admin_label=\u00bbSecci\u00f3n\u00bb _builder_version=\u00bb4.27.4&#8243; _module_preset=\u00bbdefault\u00bb background_color=\u00bb#92857c\u00bb background_image=\u00bbhttps:\/\/fundacionporlajusticia.org\/wp-content\/uploads\/2022\/03\/Fonzo_Verde_Fundacion_baja.jpeg\u00bb locked=\u00bboff\u00bb global_colors_info=\u00bb{}\u00bb][et_pb_row admin_label=\u00bbComo\u00bb _builder_version=\u00bb4.16&#8243; _module_preset=\u00bbdefault\u00bb collapsed=\u00bboff\u00bb global_colors_info=\u00bb{}\u00bb][et_pb_column type=\u00bb4_4&#8243; _builder_version=\u00bb4.16&#8243; _module_preset=\u00bbdefault\u00bb global_colors_info=\u00bb{}\u00bb][\/et_pb_column][\/et_pb_row][\/et_pb_section][et_pb_section fb_built=\u00bb1&#8243; _builder_version=\u00bb4.16&#8243; _module_preset=\u00bbdefault\u00bb global_colors_info=\u00bb{}\u00bb][et_pb_row _builder_version=\u00bb4.16&#8243; _module_preset=\u00bbdefault\u00bb global_colors_info=\u00bb{}\u00bb][et_pb_column type=\u00bb4_4&#8243; _builder_version=\u00bb4.16&#8243; _module_preset=\u00bbdefault\u00bb global_colors_info=\u00bb{}\u00bb][et_pb_text admin_label=\u00bbTexto\u00bb _builder_version=\u00bb4.17.1&#8243; _module_preset=\u00bbdefault\u00bb global_colors_info=\u00bb{}\u00bb]<\/p>\n<h3 style=\"text-align: center;\">Proyectos relacionados<\/h3>\n<p>[\/et_pb_text][et_pb_divider _builder_version=\u00bb4.17.1&#8243; _module_preset=\u00bbdefault\u00bb global_colors_info=\u00bb{}\u00bb][\/et_pb_divider][et_pb_blog fullwidth=\u00bboff\u00bb posts_number=\u00bb9&#8243; include_categories=\u00bb6&#8243; excerpt_length=\u00bb498&#8243; show_author=\u00bboff\u00bb _builder_version=\u00bb4.17.1&#8243; _module_preset=\u00bbdefault\u00bb border_radii_image=\u00bbon|10px|10px|10px|10px\u00bb global_colors_info=\u00bb{}\u00bb][\/et_pb_blog][\/et_pb_column][\/et_pb_row][\/et_pb_section]<\/p>\n","protected":false},"excerpt":{"rendered":"<p>BARRIOS VIVOS E INTERCULTURALES MIL HISTORIAS POR CONTART\u00cdTULO: Barrios Vivos e Interculturales. Mil Historias por Contar Financiador: Ayuntamiento de Val\u00e8nciaPresupuesto total: 11.250 \u20acImporte subvenci\u00f3n: 9.000 \u20acFecha inicio: 10\/01\/2025Fecha fin: 9\/01\/2026Descripci\u00f3n del programaEl proyecto \u00abBARRIOS VIVOS E INTERCULTURALES. MIL HISTORIAS POR CONTAR\u00bb surge en respuesta a las din\u00e1micas de convivencia y participaci\u00f3n comunitaria en los barrios [&hellip;]<\/p>\n","protected":false},"author":2,"featured_media":0,"parent":4313,"menu_order":0,"comment_status":"closed","ping_status":"closed","template":"","meta":{"_et_pb_use_builder":"on","_et_pb_old_content":"<p>[et_pb_section fb_built=\"1\" _builder_version=\"4.27.4\" _module_preset=\"default\" background_color=\"#92857c\" background_image=\"https:\/\/fundacionporlajusticia.org\/wp-content\/uploads\/2022\/03\/Fonzo_Verde_Fundacion_baja.jpeg\" global_colors_info=\"{}\"][et_pb_row admin_label=\"Como\" _builder_version=\"4.16\" _module_preset=\"default\" custom_padding=\"||29px|||\" global_colors_info=\"{}\"][et_pb_column type=\"4_4\" _builder_version=\"4.16\" _module_preset=\"default\" global_colors_info=\"{}\"][et_pb_text admin_label=\"Titulo\" _builder_version=\"4.27.4\" _module_preset=\"default\" text_font=\"|700|||||||\" text_text_color=\"#FFFFFF\" text_orientation=\"center\" background_layout=\"dark\" custom_padding=\"7px|||||\" animation_style=\"fold\" global_colors_info=\"{}\"]<\/p><h2 style=\"text-align: center;\"><span style=\"color: #92857c;\">ABORDAMOS CONFLICTOS ARMADOS DEL SUR PARA <\/span><\/h2><h2 style=\"text-align: center;\"><span style=\"color: #92857c;\">GENERAR CULTURA DE PAZ DESDE EL NORTE<\/span><\/h2><p>[\/et_pb_text][\/et_pb_column][\/et_pb_row][\/et_pb_section][et_pb_section fb_built=\"1\" fullwidth=\"on\" theme_builder_area=\"post_content\" _builder_version=\"4.27.4\" _module_preset=\"default\" hover_enabled=\"0\" sticky_enabled=\"0\"][et_pb_fullwidth_image _builder_version=\"4.27.4\" _module_preset=\"default\" theme_builder_area=\"post_content\" title_text=\"WhatsApp Image 2025-04-17 at 11.54.48\" hover_enabled=\"0\" sticky_enabled=\"0\" background_image=\"https:\/\/fundacionporlajusticia.org\/wp-content\/uploads\/2025\/04\/WhatsApp-Image-2025-04-17-at-11.54.48.jpeg\" parallax=\"on\" min_height=\"800px\"][\/et_pb_fullwidth_image][\/et_pb_section][et_pb_section fb_built=\"1\" _builder_version=\"4.27.4\" _module_preset=\"default\" global_colors_info=\"{}\"][et_pb_row _builder_version=\"4.27.4\" _module_preset=\"default\" global_colors_info=\"{}\"][et_pb_column type=\"4_4\" _builder_version=\"4.27.4\" _module_preset=\"default\" global_colors_info=\"{}\"][et_pb_text _builder_version=\"4.27.4\" _module_preset=\"default\" custom_padding=\"||0px|||\" global_colors_info=\"{}\"]<\/p><p><span style=\"font-size: large;\"><strong>T\u00cdTULO: Abordamos conflictos armados del Sur para generar cultura de paz desde el Norte<\/strong><\/span><\/p><p><span style=\"font-size: large;\"><strong>Financiador: Generalitat Valenciana, CVONGD y Caixa Popular<\/strong><\/span><br \/><span style=\"font-size: large;\"><strong>Presupuesto total: 99.402 \u20ac<\/strong><\/span><br \/><span style=\"font-size: large;\"><strong>Importe subvenci\u00f3n: 92.408 \u20ac (GVA) + 3.034 \u20ac (CVONGD + Caixa Popular)<\/strong><\/span><br \/><span style=\"font-size: large;\"><strong>Fecha inicio: 01\/01\/2025<\/strong><\/span><br \/><span style=\"font-size: large;\"><strong>Fecha fin: 31\/12\/2025<\/strong><\/span><\/p><p>\u00a0<\/p><p>[\/et_pb_text][et_pb_text admin_label=\"Titulo\" _builder_version=\"4.27.4\" _module_preset=\"default\" text_font=\"|700|||||||\" text_text_color=\"#FFFFFF\" text_orientation=\"center\" background_layout=\"dark\" custom_padding=\"7px|||||\" animation_style=\"fold\" global_colors_info=\"{}\"]<\/p><h2 style=\"text-align: center;\"><span style=\"color: #92857c;\"><i>Resumen<\/i><\/span><i><\/i><\/h2><p>[\/et_pb_text][et_pb_text _builder_version=\"4.27.4\" _module_preset=\"default\" custom_padding=\"||0px|||\" global_colors_info=\"{}\"]<\/p><p style=\"text-align: justify;\"><span style=\"font-weight: 400;\">En un contexto global marcado por el aumento de la violencia, las migraciones forzadas, la emergencia clim\u00e1tica y la expansi\u00f3n de la desinformaci\u00f3n, se hace cada vez m\u00e1s urgente promover una ciudadan\u00eda comprometida con la defensa de los derechos humanos y la construcci\u00f3n de paz. Frente a esta necesidad, Fundaci\u00f3n por la Justicia impulsa un proyecto de Educaci\u00f3n para la Ciudadan\u00eda Global centrado en los conflictos armados del Sur Global, con un enfoque basado en derechos humanos y cultura de paz. Tomando como referencia el caso de Colombia, la iniciativa busca generar conciencia cr\u00edtica sobre la complejidad de estos conflictos, sus causas estructurales, sus consecuencias sociales y la responsabilidad compartida que tiene tambi\u00e9n el Norte Global.<\/span><\/p><p style=\"text-align: justify;\"><span style=\"font-weight: 400;\">A trav\u00e9s de una programaci\u00f3n diversa de actividades, el proyecto crea espacios de reflexi\u00f3n y debate abiertos a la ciudadan\u00eda valenciana, poniendo en valor las voces de personas expertas, activistas, organizaciones sociales y, especialmente, los testimonios de personas afectadas por situaciones de conflicto. Se promueve as\u00ed una comprensi\u00f3n profunda de las din\u00e1micas de la guerra y sus impactos, pero tambi\u00e9n de las posibilidades de transformaci\u00f3n social desde la participaci\u00f3n ciudadana y el trabajo en red. La producci\u00f3n y difusi\u00f3n de materiales audiovisuales de car\u00e1cter testimonial desempe\u00f1a un papel central, no solo como herramienta de sensibilizaci\u00f3n, sino tambi\u00e9n como medio de empoderamiento de quienes han vivido directamente estas realidades.<\/span><\/p><p style=\"text-align: justify;\"><span style=\"font-weight: 400;\">El proyecto pone un foco especial en la juventud, tanto valenciana como colombiana, a trav\u00e9s de talleres educativos, procesos participativos de creaci\u00f3n audiovisual y una jornada de reflexi\u00f3n espec\u00edficamente dirigida a este colectivo. Adem\u00e1s, incorpora acciones para garantizar la accesibilidad y la inclusi\u00f3n de personas y colectivos en situaci\u00f3n de vulnerabilidad, al tiempo que refuerza alianzas con instituciones p\u00fablicas, entidades sociales y actores clave en el \u00e1mbito de los derechos humanos. Esta iniciativa se desarrolla en paralelo al XVI Humans Fest, que en esa edici\u00f3n aborda precisamente la tem\u00e1tica de los conflictos armados y la cultura de paz, ampliando su impacto y alcance social. Con todo ello, se busca contribuir al fortalecimiento de una ciudadan\u00eda cr\u00edtica, global y diversa, capaz de incidir en la promoci\u00f3n de pol\u00edticas p\u00fablicas orientadas a la paz y la justicia social, sin dejar a nadie atr\u00e1s.<\/span><\/p><p>[\/et_pb_text][\/et_pb_column][\/et_pb_row][et_pb_row _builder_version=\"4.27.4\" _module_preset=\"default\" global_colors_info=\"{}\"][et_pb_column type=\"4_4\" _builder_version=\"4.27.4\" _module_preset=\"default\" global_colors_info=\"{}\"][et_pb_button button_text=\"Evaluaci\u00f3n externa del proyecto (pr\u00f3ximamente)\" button_alignment=\"center\" _builder_version=\"4.27.4\" _module_preset=\"default\" custom_button=\"on\" button_text_size=\"18px\" button_text_color=\"#ada39a\" transform_scale=\"105%|105%\" hover_enabled=\"0\" global_colors_info=\"{}\" sticky_enabled=\"0\"][\/et_pb_button][et_pb_button button_text=\"V\u00eddeo participativo 'Manual de empadronamiento'\" button_alignment=\"center\" _builder_version=\"4.27.4\" _module_preset=\"default\" custom_button=\"on\" button_text_size=\"18px\" button_text_color=\"#ada39a\" transform_scale=\"105%|105%\" hover_enabled=\"0\" global_colors_info=\"{}\" button_url=\"https:\/\/humansmedia.org\/pages\/video\/67d0652d-a2d1-4837-adfb-5edbddb4bcb3 \" sticky_enabled=\"0\"][\/et_pb_button][et_pb_button button_text=\"V\u00eddeo participativo 'Cuchara caliente, aj\u00ed picante'\" button_alignment=\"center\" _builder_version=\"4.27.4\" _module_preset=\"default\" custom_button=\"on\" button_text_size=\"18px\" button_text_color=\"#ada39a\" transform_scale=\"105%|105%\" hover_enabled=\"0\" global_colors_info=\"{}\" button_url=\"https:\/\/humansmedia.org\/pages\/video\/1c03a2c2-3b86-438f-ba84-ace881208dfb\" sticky_enabled=\"0\"][\/et_pb_button][et_pb_button button_text=\"V\u00eddeo participativo 'Las chicas de la calle revoluci\u00f3n'\" button_alignment=\"center\" _builder_version=\"4.27.4\" _module_preset=\"default\" custom_button=\"on\" button_text_size=\"18px\" button_text_color=\"#ada39a\" transform_scale=\"105%|105%\" hover_enabled=\"0\" global_colors_info=\"{}\" button_url=\"https:\/\/humansmedia.org\/pages\/video\/50523e97-36ec-46ad-aa70-823038f19d91\" sticky_enabled=\"0\"][\/et_pb_button][et_pb_button button_text=\"V\u00eddeo participativo 'Idiomas: identidad y memoria'\" button_alignment=\"center\" _builder_version=\"4.27.4\" _module_preset=\"default\" custom_button=\"on\" button_text_size=\"18px\" button_text_color=\"#ada39a\" transform_scale=\"105%|105%\" hover_enabled=\"0\" global_colors_info=\"{}\" button_url=\"https:\/\/humansmedia.org\/pages\/video\/352b4637-680b-4188-a0f5-bdf3b20f5458\" sticky_enabled=\"0\"][\/et_pb_button][\/et_pb_column][\/et_pb_row][\/et_pb_section][et_pb_section fb_built=\"1\" admin_label=\"Secci\u00f3n\" _builder_version=\"4.27.4\" _module_preset=\"default\" background_color=\"#92857c\" background_image=\"https:\/\/fundacionporlajusticia.org\/wp-content\/uploads\/2022\/03\/Fonzo_Verde_Fundacion_baja.jpeg\" locked=\"off\" global_colors_info=\"{}\"][et_pb_row admin_label=\"Como\" _builder_version=\"4.16\" _module_preset=\"default\" collapsed=\"off\" global_colors_info=\"{}\"][et_pb_column type=\"4_4\" _builder_version=\"4.16\" _module_preset=\"default\" global_colors_info=\"{}\"][\/et_pb_column][\/et_pb_row][\/et_pb_section][et_pb_section fb_built=\"1\" _builder_version=\"4.16\" _module_preset=\"default\" global_colors_info=\"{}\"][et_pb_row _builder_version=\"4.16\" _module_preset=\"default\" global_colors_info=\"{}\"][et_pb_column type=\"4_4\" _builder_version=\"4.16\" _module_preset=\"default\" global_colors_info=\"{}\"][et_pb_text admin_label=\"Texto\" _builder_version=\"4.17.1\" _module_preset=\"default\" global_colors_info=\"{}\"]<\/p><h3 style=\"text-align: center;\">Proyectos relacionados<\/h3><p>[\/et_pb_text][et_pb_divider _builder_version=\"4.17.1\" _module_preset=\"default\" global_colors_info=\"{}\"][\/et_pb_divider][et_pb_blog fullwidth=\"off\" posts_number=\"9\" include_categories=\"6\" excerpt_length=\"498\" show_author=\"off\" _builder_version=\"4.17.1\" _module_preset=\"default\" border_radii_image=\"on|10px|10px|10px|10px\" global_colors_info=\"{}\"][\/et_pb_blog][\/et_pb_column][\/et_pb_row][\/et_pb_section]<\/p>","_et_gb_content_width":"","_uf_show_specific_survey":0,"_uf_disable_surveys":false,"footnotes":""},"class_list":["post-13589","page","type-page","status-publish","hentry"],"aioseo_notices":[],"_links":{"self":[{"href":"https:\/\/fundacionporlajusticia.org\/va\/wp-json\/wp\/v2\/pages\/13589","targetHints":{"allow":["GET"]}}],"collection":[{"href":"https:\/\/fundacionporlajusticia.org\/va\/wp-json\/wp\/v2\/pages"}],"about":[{"href":"https:\/\/fundacionporlajusticia.org\/va\/wp-json\/wp\/v2\/types\/page"}],"author":[{"embeddable":true,"href":"https:\/\/fundacionporlajusticia.org\/va\/wp-json\/wp\/v2\/users\/2"}],"replies":[{"embeddable":true,"href":"https:\/\/fundacionporlajusticia.org\/va\/wp-json\/wp\/v2\/comments?post=13589"}],"version-history":[{"count":10,"href":"https:\/\/fundacionporlajusticia.org\/va\/wp-json\/wp\/v2\/pages\/13589\/revisions"}],"predecessor-version":[{"id":14173,"href":"https:\/\/fundacionporlajusticia.org\/va\/wp-json\/wp\/v2\/pages\/13589\/revisions\/14173"}],"up":[{"embeddable":true,"href":"https:\/\/fundacionporlajusticia.org\/va\/wp-json\/wp\/v2\/pages\/4313"}],"wp:attachment":[{"href":"https:\/\/fundacionporlajusticia.org\/va\/wp-json\/wp\/v2\/media?parent=13589"}],"curies":[{"name":"wp","href":"https:\/\/api.w.org\/{rel}","templated":true}]}}