{"id":13564,"date":"2025-09-25T13:46:35","date_gmt":"2025-09-25T11:46:35","guid":{"rendered":"https:\/\/fundacionporlajusticia.org\/?page_id=13564"},"modified":"2026-02-04T13:32:32","modified_gmt":"2026-02-04T12:32:32","slug":"futuros-en-libertad-defensoras-de-ddhh-2025","status":"publish","type":"page","link":"https:\/\/fundacionporlajusticia.org\/va\/proyectos\/sensibilizacion\/futuros-en-libertad-defensoras-ddhh\/futuros-en-libertad-defensoras-de-ddhh-2025\/","title":{"rendered":"Futuros en Libertad. Defensoras de DDHH (2025)"},"content":{"rendered":"<p>[et_pb_section fb_built=\u00bb1&#8243; _builder_version=\u00bb4.27.4&#8243; _module_preset=\u00bbdefault\u00bb background_color=\u00bb#92857c\u00bb background_image=\u00bbhttps:\/\/fundacionporlajusticia.org\/wp-content\/uploads\/2022\/03\/Fonzo_Verde_Fundacion_baja.jpeg\u00bb global_colors_info=\u00bb{}\u00bb][et_pb_row admin_label=\u00bbComo\u00bb _builder_version=\u00bb4.16&#8243; _module_preset=\u00bbdefault\u00bb custom_padding=\u00bb||29px|||\u00bb global_colors_info=\u00bb{}\u00bb][et_pb_column type=\u00bb4_4&#8243; _builder_version=\u00bb4.16&#8243; _module_preset=\u00bbdefault\u00bb global_colors_info=\u00bb{}\u00bb][et_pb_text admin_label=\u00bbTitulo\u00bb _builder_version=\u00bb4.27.4&#8243; _module_preset=\u00bbdefault\u00bb text_font=\u00bb|700|||||||\u00bb text_text_color=\u00bb#FFFFFF\u00bb text_orientation=\u00bbcenter\u00bb background_layout=\u00bbdark\u00bb custom_padding=\u00bb7px|||||\u00bb animation_style=\u00bbfold\u00bb global_colors_info=\u00bb{}\u00bb]<\/p>\n<h2 style=\"text-align: center;\"><span style=\"color: #92857c;\">FUTUROS EN LIBERTAD. DEFENSORAS DDHH (2025)<\/span><i><\/i><\/h2>\n<p>[\/et_pb_text][et_pb_text admin_label=\u00bbTitulo\u00bb _builder_version=\u00bb4.27.4&#8243; _module_preset=\u00bbdefault\u00bb text_font=\u00bb|700|||||||\u00bb text_text_color=\u00bb#FFFFFF\u00bb text_orientation=\u00bbcenter\u00bb background_layout=\u00bbdark\u00bb custom_padding=\u00bb7px|||||\u00bb animation_style=\u00bbfold\u00bb global_colors_info=\u00bb{}\u00bb]<\/p>\n<h2><em><span style=\"color: #92857c;\"><span style=\"font-size: medium;\">Voces del exilio. Consecuencias del conflicto en Colombia para activistas de Derechos Humanos<\/span><\/span><\/em><\/h2>\n<p>&nbsp;<\/p>\n<p>[\/et_pb_text][\/et_pb_column][\/et_pb_row][\/et_pb_section][et_pb_section fb_built=\u00bb1&#8243; _builder_version=\u00bb4.27.4&#8243; _module_preset=\u00bbdefault\u00bb global_colors_info=\u00bb{}\u00bb][et_pb_row _builder_version=\u00bb4.27.4&#8243; _module_preset=\u00bbdefault\u00bb global_colors_info=\u00bb{}\u00bb][et_pb_column type=\u00bb4_4&#8243; _builder_version=\u00bb4.27.4&#8243; _module_preset=\u00bbdefault\u00bb global_colors_info=\u00bb{}\u00bb][et_pb_text _builder_version=\u00bb4.27.4&#8243; _module_preset=\u00bbdefault\u00bb custom_padding=\u00bb||0px|||\u00bb global_colors_info=\u00bb{}\u00bb]<\/p>\n<p><span style=\"font-size: large;\"><strong>T\u00cdTULO: Voces del exilio. Consecuencias del conflicto en Colombia para activistas de Derechos Humanos<\/strong><\/span><\/p>\n<p><span style=\"font-size: large;\"><strong>Financiador: Generalitat Valenciana<\/strong><\/span><br \/><span style=\"font-size: large;\"><strong>Presupuesto total: 38.763\u20ac<\/strong><\/span><br \/><span style=\"font-size: large;\"><strong>Importe subvenci\u00f3n: 37.903\u20ac<\/strong><\/span><br \/><span style=\"font-size: large;\"><strong>Fecha inicio: 01\/01\/2025<\/strong><\/span><br \/><span style=\"font-size: large;\"><strong>Fecha fin: 31\/12\/2025<\/strong><\/span><span style=\"font-size: large;\"><strong><\/strong><\/span><\/p>\n<p><span style=\"font-size: large;\"><strong><\/strong><\/span><\/p>\n<p>[\/et_pb_text][et_pb_text admin_label=\u00bbTitulo\u00bb _builder_version=\u00bb4.27.4&#8243; _module_preset=\u00bbdefault\u00bb text_font=\u00bb|700|||||||\u00bb text_text_color=\u00bb#FFFFFF\u00bb text_orientation=\u00bbcenter\u00bb background_layout=\u00bbdark\u00bb custom_padding=\u00bb7px|||||\u00bb animation_style=\u00bbfold\u00bb global_colors_info=\u00bb{}\u00bb]<\/p>\n<h2 style=\"text-align: center;\"><span style=\"color: #92857c;\"><i>Resumen<\/i><\/span><i><\/i><\/h2>\n<p>[\/et_pb_text][et_pb_text _builder_version=\u00bb4.27.4&#8243; _module_preset=\u00bbdefault\u00bb custom_padding=\u00bb||0px|||\u00bb global_colors_info=\u00bb{}\u00bb]<\/p>\n<p style=\"text-align: justify;\"><span style=\"font-weight: 400;\">Este proyecto pone el foco en la cr\u00edtica situaci\u00f3n de violencia, hostigamiento y vulneraci\u00f3n de derechos que enfrentan las personas defensoras de los derechos humanos, l\u00edderes y lideresas sociales en Colombia. A ra\u00edz del conflicto armado y la persistencia de din\u00e1micas de persecuci\u00f3n, muchas de estas personas sufren amenazas, agresiones f\u00edsicas, desplazamientos forzados, exilio y, en los casos m\u00e1s extremos, asesinatos selectivos. La falta de respuesta efectiva por parte del Estado, sumada a un preocupante nivel de impunidad, agrava la vulnerabilidad de quienes se dedican a proteger los derechos fundamentales de sus comunidades. Especialmente alarmante es el aumento de las agresiones por raz\u00f3n de g\u00e9nero, que afectan de manera espec\u00edfica a mujeres lideresas y defensoras, sometidas tambi\u00e9n a tortura psicol\u00f3gica, violencia sexual y amenazas contra su entorno m\u00e1s cercano.<\/span><\/p>\n<p style=\"text-align: justify;\"><span style=\"font-weight: 400;\">La intervenci\u00f3n busca concienciar a la sociedad valenciana sobre estas realidades invisibilizadas y generar espacios de empat\u00eda, compromiso y acci\u00f3n. Para ello, se promueve una ciudadan\u00eda cr\u00edtica e informada que entienda la gravedad de la situaci\u00f3n de las personas defensoras en Colombia y apoye la necesidad de pol\u00edticas p\u00fablicas de protecci\u00f3n efectiva, tanto a nivel internacional como en nuestra propia comunidad. Las actividades del proyecto incluyen campa\u00f1as de sensibilizaci\u00f3n, charlas, encuentros con activistas, materiales audiovisuales y colaboraciones con medios de comunicaci\u00f3n, con el objetivo de amplificar estas voces y poner en el centro su papel esencial en la construcci\u00f3n de paz y democracia.<\/span><\/p>\n<p style=\"text-align: justify;\"><span style=\"font-weight: 400;\">Al mismo tiempo, se refuerzan los v\u00ednculos de cooperaci\u00f3n entre organizaciones de derechos humanos de Colombia y la Comunitat Valenciana. Fundaci\u00f3n por la Justicia mantiene una relaci\u00f3n activa y comprometida con entidades colombianas con amplia trayectoria en la defensa de los derechos fundamentales, como la Comisi\u00f3n Colombiana de Juristas, y apuesta por seguir fortaleciendo estas alianzas. El trabajo conjunto permitir\u00e1 no solo una mayor eficacia en las acciones de sensibilizaci\u00f3n, sino tambi\u00e9n avanzar hacia una cooperaci\u00f3n transformadora y horizontal, basada en la justicia global, que conecte las luchas del Sur con la implicaci\u00f3n solidaria del Norte.<\/span><\/p>\n<p style=\"text-align: justify;\">\n<p>[\/et_pb_text][\/et_pb_column][\/et_pb_row][et_pb_row _builder_version=\u00bb4.27.4&#8243; _module_preset=\u00bbdefault\u00bb global_colors_info=\u00bb{}\u00bb][et_pb_column type=\u00bb4_4&#8243; _builder_version=\u00bb4.27.4&#8243; _module_preset=\u00bbdefault\u00bb global_colors_info=\u00bb{}\u00bb][et_pb_button button_text=\u00bbEvaluaci\u00f3n interna del proyecto (pr\u00f3ximamente)\u00bb button_alignment=\u00bbcenter\u00bb _builder_version=\u00bb4.27.4&#8243; _module_preset=\u00bbdefault\u00bb custom_button=\u00bbon\u00bb button_text_size=\u00bb18px\u00bb button_text_color=\u00bb#ada39a\u00bb transform_scale=\u00bb105%|105%\u00bb global_colors_info=\u00bb{}\u00bb][\/et_pb_button][et_pb_button button_text=\u00bbDocumental %22La Paz Rota. Voces del exilio colombiano%22&#8243; button_alignment=\u00bbcenter\u00bb _builder_version=\u00bb4.27.5&#8243; _module_preset=\u00bbdefault\u00bb custom_button=\u00bbon\u00bb button_text_size=\u00bb18px\u00bb button_text_color=\u00bb#ada39a\u00bb transform_scale=\u00bb105%|105%\u00bb hover_enabled=\u00bb0&#8243; global_colors_info=\u00bb{}\u00bb sticky_enabled=\u00bb0&#8243; button_url=\u00bbhttps:\/\/www.humansmedia.org\/pages\/home?panel=7971482b-d4bb-45df-aa08-9dce95c0d53d\u00bb url_new_window=\u00bbon\u00bb][\/et_pb_button][et_pb_button button_text=\u00bbInforme \u201cEmpujadas al exilio: Testimonios de activistas de derechos humanos de Colombia\u201d\u00bb button_alignment=\u00bbcenter\u00bb _builder_version=\u00bb4.27.5&#8243; _module_preset=\u00bbdefault\u00bb custom_button=\u00bbon\u00bb button_text_size=\u00bb18px\u00bb button_text_color=\u00bb#ada39a\u00bb transform_scale=\u00bb105%|105%\u00bb hover_enabled=\u00bb0&#8243; global_colors_info=\u00bb{}\u00bb sticky_enabled=\u00bb0&#8243; button_url=\u00bbhttps:\/\/www.cvongd.org\/wp-content\/uploads\/2026\/01\/Docu_testimonios_Colombia_FxJ.pdf\u00bb url_new_window=\u00bbon\u00bb][\/et_pb_button][et_pb_button button_text=\u00bbDeclaraci\u00f3n institucional sobre la situaci\u00f3n de los DDHH de l\u00edderes y lideresas colombianos exiliados en la CV\u00bb button_alignment=\u00bbcenter\u00bb _builder_version=\u00bb4.27.5&#8243; _module_preset=\u00bbdefault\u00bb custom_button=\u00bbon\u00bb button_text_size=\u00bb18px\u00bb button_text_color=\u00bb#ada39a\u00bb transform_scale=\u00bb105%|105%\u00bb hover_enabled=\u00bb0&#8243; global_colors_info=\u00bb{}\u00bb sticky_enabled=\u00bb0&#8243; button_url=\u00bbhttps:\/\/fundacionporlajusticia.org\/declaracion-institucional-sobre-la-situacion-actual-de-los-derechos-humanos-de-lideres-y-lideresas-colombianos-exiliados-en-la-cv\/\u00bb url_new_window=\u00bbon\u00bb][\/et_pb_button][\/et_pb_column][\/et_pb_row][\/et_pb_section][et_pb_section fb_built=\u00bb1&#8243; admin_label=\u00bbSecci\u00f3n\u00bb _builder_version=\u00bb4.27.4&#8243; _module_preset=\u00bbdefault\u00bb background_color=\u00bb#92857c\u00bb background_image=\u00bbhttps:\/\/fundacionporlajusticia.org\/wp-content\/uploads\/2022\/03\/Fonzo_Verde_Fundacion_baja.jpeg\u00bb locked=\u00bboff\u00bb global_colors_info=\u00bb{}\u00bb][et_pb_row admin_label=\u00bbComo\u00bb _builder_version=\u00bb4.16&#8243; _module_preset=\u00bbdefault\u00bb collapsed=\u00bboff\u00bb global_colors_info=\u00bb{}\u00bb][et_pb_column type=\u00bb4_4&#8243; _builder_version=\u00bb4.16&#8243; _module_preset=\u00bbdefault\u00bb global_colors_info=\u00bb{}\u00bb][\/et_pb_column][\/et_pb_row][\/et_pb_section][et_pb_section fb_built=\u00bb1&#8243; _builder_version=\u00bb4.16&#8243; _module_preset=\u00bbdefault\u00bb global_colors_info=\u00bb{}\u00bb][et_pb_row _builder_version=\u00bb4.16&#8243; _module_preset=\u00bbdefault\u00bb global_colors_info=\u00bb{}\u00bb][et_pb_column type=\u00bb4_4&#8243; _builder_version=\u00bb4.16&#8243; _module_preset=\u00bbdefault\u00bb global_colors_info=\u00bb{}\u00bb][et_pb_text admin_label=\u00bbTexto\u00bb _builder_version=\u00bb4.17.1&#8243; _module_preset=\u00bbdefault\u00bb global_colors_info=\u00bb{}\u00bb]<\/p>\n<h3 style=\"text-align: center;\">Proyectos relacionados<\/h3>\n<p>[\/et_pb_text][et_pb_divider _builder_version=\u00bb4.17.1&#8243; _module_preset=\u00bbdefault\u00bb global_colors_info=\u00bb{}\u00bb][\/et_pb_divider][et_pb_blog fullwidth=\u00bboff\u00bb posts_number=\u00bb9&#8243; include_categories=\u00bb6&#8243; excerpt_length=\u00bb498&#8243; show_author=\u00bboff\u00bb _builder_version=\u00bb4.17.1&#8243; _module_preset=\u00bbdefault\u00bb border_radii_image=\u00bbon|10px|10px|10px|10px\u00bb global_colors_info=\u00bb{}\u00bb][\/et_pb_blog][\/et_pb_column][\/et_pb_row][\/et_pb_section]<\/p>\n","protected":false},"excerpt":{"rendered":"<p>FUTUROS EN LIBERTAD. DEFENSORAS DDHH (2025)Voces del exilio. Consecuencias del conflicto en Colombia para activistas de Derechos Humanos &nbsp;T\u00cdTULO: Voces del exilio. Consecuencias del conflicto en Colombia para activistas de Derechos Humanos Financiador: Generalitat ValencianaPresupuesto total: 38.763\u20acImporte subvenci\u00f3n: 37.903\u20acFecha inicio: 01\/01\/2025Fecha fin: 31\/12\/2025 Resumen Este proyecto pone el foco en la cr\u00edtica situaci\u00f3n de violencia, [&hellip;]<\/p>\n","protected":false},"author":2,"featured_media":0,"parent":13527,"menu_order":0,"comment_status":"closed","ping_status":"closed","template":"","meta":{"_et_pb_use_builder":"on","_et_pb_old_content":"<p>[et_pb_section fb_built=\"1\" _builder_version=\"4.27.4\" _module_preset=\"default\" background_color=\"#92857c\" background_image=\"https:\/\/fundacionporlajusticia.org\/wp-content\/uploads\/2022\/03\/Fonzo_Verde_Fundacion_baja.jpeg\" global_colors_info=\"{}\"][et_pb_row admin_label=\"Como\" _builder_version=\"4.16\" _module_preset=\"default\" global_colors_info=\"{}\" custom_padding=\"||29px|||\"][et_pb_column type=\"4_4\" _builder_version=\"4.16\" _module_preset=\"default\" global_colors_info=\"{}\"][et_pb_text admin_label=\"Titulo\" _builder_version=\"4.27.4\" _module_preset=\"default\" text_font=\"|700|||||||\" text_text_color=\"#FFFFFF\" text_orientation=\"center\" background_layout=\"dark\" custom_padding=\"7px|||||\" animation_style=\"fold\" global_colors_info=\"{}\"]<\/p><h2 style=\"text-align: center;\"><span style=\"color: #92857c;\">FUTUROS EN LIBERTAD. DEFENSORAS DDHH (2024)<\/span><i><\/i><\/h2><p>[\/et_pb_text][et_pb_text admin_label=\"Titulo\" _builder_version=\"4.27.4\" _module_preset=\"default\" text_font=\"|700|||||||\" text_text_color=\"#FFFFFF\" text_orientation=\"center\" background_layout=\"dark\" custom_padding=\"7px|||||\" animation_style=\"fold\" global_colors_info=\"{}\"]<\/p><h2><em><span style=\"color: #92857c;\"><span style=\"font-size: medium;\">Visibilizaci\u00f3n y defensa de activistas de derechos humanos desde el activismo vecinal <br \/>en defensa de derechos humanos en Paraguay<\/span><\/span><\/em><\/h2><p>\u00a0<\/p><p>[\/et_pb_text][\/et_pb_column][\/et_pb_row][\/et_pb_section][et_pb_section fb_built=\"1\" _builder_version=\"4.27.4\" _module_preset=\"default\" global_colors_info=\"{}\"][et_pb_row _builder_version=\"4.27.4\" _module_preset=\"default\" global_colors_info=\"{}\"][et_pb_column type=\"4_4\" _builder_version=\"4.27.4\" _module_preset=\"default\" global_colors_info=\"{}\"][et_pb_text _builder_version=\"4.27.4\" _module_preset=\"default\" custom_padding=\"||0px|||\" global_colors_info=\"{}\"]<\/p><p><span style=\"font-size: large;\"><strong>T\u00cdTULO: Visibilizaci\u00f3n y defensa de activistas de derechos humanos desde el activismo vecinal en defensa de derechos humanos en Paraguay<\/strong><\/span><\/p><p><span style=\"font-size: large;\"><strong>Financiador: Generalitat Valenciana <\/strong><\/span><br \/><span style=\"font-size: large;\"><strong>Presupuesto total: 30.526,00 \u20ac<\/strong><\/span><br \/><span style=\"font-size: large;\"><strong>Importe subvenci\u00f3n: 28.836,00 \u20ac<\/strong><\/span><br \/><span style=\"font-size: large;\"><strong>Fecha inicio: 01\/06\/2024<\/strong><\/span><br \/><span style=\"font-size: large;\"><strong>Fecha fin: 30\/11\/2024<\/strong><\/span><\/p><p>[\/et_pb_text][et_pb_text admin_label=\"Titulo\" _builder_version=\"4.27.4\" _module_preset=\"default\" text_font=\"|700|||||||\" text_text_color=\"#FFFFFF\" text_orientation=\"center\" background_layout=\"dark\" custom_padding=\"7px|||||\" animation_style=\"fold\" global_colors_info=\"{}\"]<\/p><h2 style=\"text-align: center;\"><span style=\"color: #92857c;\"><i>Resumen<\/i><\/span><i><\/i><\/h2><p>[\/et_pb_text][et_pb_text _builder_version=\"4.27.4\" _module_preset=\"default\" custom_padding=\"||0px|||\" global_colors_info=\"{}\"]<\/p><p style=\"text-align: justify;\"><span style=\"font-weight: 400;\">Este proyecto tiene como objetivo visibilizar la lucha de activistas vecinales y defensores de derechos humanos en Paraguay frente a un contexto profundamente marcado por la corrupci\u00f3n, la violencia institucional y la impunidad. A trav\u00e9s de la colaboraci\u00f3n con organizaciones como la Contralor\u00eda Ciudadana de Luque y la Federaci\u00f3n de Entidades Vecinalistas del Paraguay, la intervenci\u00f3n pone en el centro el papel clave que desempe\u00f1a la ciudadan\u00eda organizada en la defensa de los derechos civiles, la transparencia y la justicia social. En un pa\u00eds donde los \u00edndices de corrupci\u00f3n son alarmantes y las personas defensoras sufren amenazas, hostigamiento y criminalizaci\u00f3n, se hace urgente tejer redes de solidaridad que fortalezcan su labor y acerquen estas realidades a la sociedad valenciana.<\/span><\/p><p style=\"text-align: justify;\"><span style=\"font-weight: 400;\">La propuesta busca construir puentes entre entidades sociales de Paraguay y la Comunitat Valenciana, generando espacios de di\u00e1logo, sensibilizaci\u00f3n y aprendizaje mutuo. Para ello, se impulsan actividades como coloquios, talleres, mesas de debate, visitas de activistas paraguayos, as\u00ed como campa\u00f1as informativas y audiovisuales que acerquen a la ciudadan\u00eda valenciana las graves vulneraciones de derechos que se producen en Paraguay. El proyecto fomenta tambi\u00e9n la creaci\u00f3n de alianzas institucionales y el impulso de declaraciones p\u00fablicas que refuercen la presi\u00f3n internacional en defensa de los derechos humanos, especialmente ante la falta de garant\u00edas por parte del Estado paraguayo.<\/span><\/p><p style=\"text-align: justify;\"><span style=\"font-weight: 400;\">A trav\u00e9s de estas acciones, se promueve una ciudadan\u00eda global, cr\u00edtica y comprometida, que reconozca la importancia del activismo vecinal como motor de cambio y justicia. Visibilizar las luchas poco conocidas, como la de Paraguay, es una forma de romper el silencio, de construir empat\u00eda y de sumar voces a una causa com\u00fan: garantizar que ninguna persona sea perseguida por defender la verdad, exigir transparencia o proteger su comunidad.\u00a0<\/span><\/p><p>[\/et_pb_text][\/et_pb_column][\/et_pb_row][et_pb_row _builder_version=\"4.27.4\" _module_preset=\"default\" global_colors_info=\"{}\"][et_pb_column type=\"4_4\" _builder_version=\"4.27.4\" _module_preset=\"default\" global_colors_info=\"{}\"][et_pb_button button_url=\"https:\/\/drive.google.com\/open?id=1_GbwLHYP9K442A6UGGoDWT5lM_sb0-Ya&usp=drive_fs\" button_text=\"Evaluaci\u00f3n interna del proyecto\" button_alignment=\"center\" _builder_version=\"4.27.4\" _module_preset=\"default\" custom_button=\"on\" button_text_size=\"18px\" button_text_color=\"#ada39a\" transform_scale=\"105%|105%\" hover_enabled=\"0\" global_colors_info=\"{}\" sticky_enabled=\"0\"][\/et_pb_button][et_pb_button button_url=\"https:\/\/www.youtube.com\/watch?v=PlKjDzmjXIQ\" button_text=\"Documental 'Escuela Vecinal'\" button_alignment=\"center\" _builder_version=\"4.27.4\" _module_preset=\"default\" custom_button=\"on\" button_text_size=\"18px\" button_text_color=\"#ada39a\" transform_scale=\"105%|105%\" hover_enabled=\"0\" global_colors_info=\"{}\" sticky_enabled=\"0\"][\/et_pb_button][et_pb_button button_url=\" https:\/\/www.youtube.com\/watch?v=k2nV9e961is\" button_text=\"Podcast Radiorriols\" button_alignment=\"center\" _builder_version=\"4.27.4\" _module_preset=\"default\" custom_button=\"on\" button_text_size=\"18px\" button_text_color=\"#ada39a\" transform_scale=\"105%|105%\" hover_enabled=\"0\" global_colors_info=\"{}\" sticky_enabled=\"0\"][\/et_pb_button][et_pb_button button_url=\"https:\/\/www.youtube.com\/watch?v=C_vFLs92Jw8\" button_text=\"Taller en el IDHUV\" button_alignment=\"center\" _builder_version=\"4.27.4\" _module_preset=\"default\" custom_button=\"on\" button_text_size=\"18px\" button_text_color=\"#ada39a\" transform_scale=\"105%|105%\" hover_enabled=\"0\" global_colors_info=\"{}\" sticky_enabled=\"0\"][\/et_pb_button][\/et_pb_column][\/et_pb_row][\/et_pb_section][et_pb_section fb_built=\"1\" admin_label=\"Secci\u00f3n\" _builder_version=\"4.27.4\" _module_preset=\"default\" background_color=\"#92857c\" background_image=\"https:\/\/fundacionporlajusticia.org\/wp-content\/uploads\/2022\/03\/Fonzo_Verde_Fundacion_baja.jpeg\" locked=\"off\" global_colors_info=\"{}\"][et_pb_row admin_label=\"Como\" _builder_version=\"4.16\" _module_preset=\"default\" collapsed=\"off\" global_colors_info=\"{}\"][et_pb_column type=\"4_4\" _builder_version=\"4.16\" _module_preset=\"default\" global_colors_info=\"{}\"][\/et_pb_column][\/et_pb_row][\/et_pb_section][et_pb_section fb_built=\"1\" _builder_version=\"4.16\" _module_preset=\"default\" global_colors_info=\"{}\"][et_pb_row _builder_version=\"4.16\" _module_preset=\"default\" global_colors_info=\"{}\"][et_pb_column type=\"4_4\" _builder_version=\"4.16\" _module_preset=\"default\" global_colors_info=\"{}\"][et_pb_text admin_label=\"Texto\" _builder_version=\"4.17.1\" _module_preset=\"default\" global_colors_info=\"{}\"]<\/p><h3 style=\"text-align: center;\">Proyectos relacionados<\/h3><p>[\/et_pb_text][et_pb_divider _builder_version=\"4.17.1\" _module_preset=\"default\" global_colors_info=\"{}\"][\/et_pb_divider][et_pb_blog fullwidth=\"off\" posts_number=\"9\" include_categories=\"6\" excerpt_length=\"498\" show_author=\"off\" _builder_version=\"4.17.1\" _module_preset=\"default\" border_radii_image=\"on|10px|10px|10px|10px\" global_colors_info=\"{}\"][\/et_pb_blog][\/et_pb_column][\/et_pb_row][\/et_pb_section]<\/p>","_et_gb_content_width":"","_uf_show_specific_survey":0,"_uf_disable_surveys":false,"footnotes":""},"class_list":["post-13564","page","type-page","status-publish","hentry"],"aioseo_notices":[],"_links":{"self":[{"href":"https:\/\/fundacionporlajusticia.org\/va\/wp-json\/wp\/v2\/pages\/13564","targetHints":{"allow":["GET"]}}],"collection":[{"href":"https:\/\/fundacionporlajusticia.org\/va\/wp-json\/wp\/v2\/pages"}],"about":[{"href":"https:\/\/fundacionporlajusticia.org\/va\/wp-json\/wp\/v2\/types\/page"}],"author":[{"embeddable":true,"href":"https:\/\/fundacionporlajusticia.org\/va\/wp-json\/wp\/v2\/users\/2"}],"replies":[{"embeddable":true,"href":"https:\/\/fundacionporlajusticia.org\/va\/wp-json\/wp\/v2\/comments?post=13564"}],"version-history":[{"count":6,"href":"https:\/\/fundacionporlajusticia.org\/va\/wp-json\/wp\/v2\/pages\/13564\/revisions"}],"predecessor-version":[{"id":14003,"href":"https:\/\/fundacionporlajusticia.org\/va\/wp-json\/wp\/v2\/pages\/13564\/revisions\/14003"}],"up":[{"embeddable":true,"href":"https:\/\/fundacionporlajusticia.org\/va\/wp-json\/wp\/v2\/pages\/13527"}],"wp:attachment":[{"href":"https:\/\/fundacionporlajusticia.org\/va\/wp-json\/wp\/v2\/media?parent=13564"}],"curies":[{"name":"wp","href":"https:\/\/api.w.org\/{rel}","templated":true}]}}