{"id":13527,"date":"2025-09-24T14:52:35","date_gmt":"2025-09-24T12:52:35","guid":{"rendered":"https:\/\/fundacionporlajusticia.org\/?page_id=13527"},"modified":"2026-02-24T11:14:26","modified_gmt":"2026-02-24T10:14:26","slug":"futuros-en-libertad-defensoras-ddhh","status":"publish","type":"page","link":"https:\/\/fundacionporlajusticia.org\/va\/proyectos\/sensibilizacion\/futuros-en-libertad-defensoras-ddhh\/","title":{"rendered":"Futurs a Llibertat. Defensores DDHH"},"content":{"rendered":"<p>[et_pb_section fb_built=\u00bb1&#8243; _builder_version=\u00bb4.16&#8243; _module_preset=\u00bbdefault\u00bb background_color=\u00bb#92857c\u00bb background_image=\u00bbhttps:\/\/fundacionporlajusticia.org\/wp-content\/uploads\/2022\/03\/Fondo_fundaciojn_marron_baja.jpeg\u00bb global_colors_info=\u00bb{}\u00bb][et_pb_row admin_label=\u00bbComo\u00bb _builder_version=\u00bb4.16&#8243; _module_preset=\u00bbdefault\u00bb global_colors_info=\u00bb{}\u00bb][et_pb_column type=\u00bb4_4&#8243; _builder_version=\u00bb4.16&#8243; _module_preset=\u00bbdefault\u00bb global_colors_info=\u00bb{}\u00bb][et_pb_text admin_label=\u00bbTitulo\u00bb _builder_version=\u00bb4.27.4&#8243; _module_preset=\u00bbdefault\u00bb text_font=\u00bb|700|||||||\u00bb text_text_color=\u00bb#FFFFFF\u00bb text_orientation=\u00bbcenter\u00bb background_layout=\u00bbdark\u00bb animation_style=\u00bbfold\u00bb global_colors_info=\u00bb{}\u00bb]<\/p>\n<h3>FUTUROS EN LIBERTAD. DEFENSORAS DERECHOS HUMANOS.<\/h3>\n<p>[\/et_pb_text][\/et_pb_column][\/et_pb_row][\/et_pb_section][et_pb_section fb_built=\u00bb1&#8243; fullwidth=\u00bbon\u00bb _builder_version=\u00bb4.27.5&#8243; _module_preset=\u00bbdefault\u00bb hover_enabled=\u00bb0&#8243; global_colors_info=\u00bb{}\u00bb sticky_enabled=\u00bb0&#8243;][et_pb_fullwidth_image title_text=\u00bb594A1322&#8243; _builder_version=\u00bb4.27.5&#8243; _module_preset=\u00bbdefault\u00bb background_image=\u00bbhttps:\/\/fundacionporlajusticia.org\/wp-content\/uploads\/2026\/02\/594A1322-scaled.jpg\u00bb parallax=\u00bbon\u00bb min_height=\u00bb600px\u00bb hover_enabled=\u00bb0&#8243; global_colors_info=\u00bb{}\u00bb sticky_enabled=\u00bb0&#8243;][\/et_pb_fullwidth_image][\/et_pb_section][et_pb_section fb_built=\u00bb1&#8243; _builder_version=\u00bb4.27.4&#8243; _module_preset=\u00bbdefault\u00bb global_colors_info=\u00bb{}\u00bb][et_pb_row _builder_version=\u00bb4.27.4&#8243; _module_preset=\u00bbdefault\u00bb global_colors_info=\u00bb{}\u00bb][et_pb_column type=\u00bb4_4&#8243; _builder_version=\u00bb4.27.4&#8243; _module_preset=\u00bbdefault\u00bb global_colors_info=\u00bb{}\u00bb][et_pb_text admin_label=\u00bbTitulo\u00bb _builder_version=\u00bb4.27.4&#8243; _module_preset=\u00bbdefault\u00bb text_font=\u00bb|700|||||||\u00bb text_text_color=\u00bb#FFFFFF\u00bb text_orientation=\u00bbcenter\u00bb background_layout=\u00bbdark\u00bb custom_padding=\u00bb7px|||||\u00bb animation_style=\u00bbfold\u00bb global_colors_info=\u00bb{}\u00bb]<\/p>\n<h2 style=\"text-align: center;\"><span style=\"color: #92857c;\"><i>Descripci\u00f3n del programa<\/i><\/span><i><\/i><\/h2>\n<p>[\/et_pb_text][et_pb_text _builder_version=\u00bb4.16.0&#8243; _module_preset=\u00bbdefault\u00bb global_colors_info=\u00bb{}\u00bb]<\/p>\n<p style=\"text-align: justify;\"><span style=\"font-weight: 400;\">Desde Fundaci\u00f3n por la Justicia trabajamos para visibilizar, acompa\u00f1ar y proteger a quienes defienden los derechos humanos en contextos de especial riesgo. A trav\u00e9s de este programa, acercamos a la sociedad valenciana las historias, luchas y voces de activistas que, en distintos pa\u00edses del mundo, enfrentan amenazas, criminalizaci\u00f3n y violencia por su labor. Lo hacemos generando espacios de sensibilizaci\u00f3n, reflexi\u00f3n e incidencia pol\u00edtica, convencidas de que conocer sus realidades es el primer paso para construir redes de solidaridad y exigir garant\u00edas de protecci\u00f3n all\u00ed donde m\u00e1s se necesitan.<\/span><\/p>\n<p style=\"text-align: justify;\"><span style=\"font-weight: 400;\">Este programa tambi\u00e9n busca tejer alianzas s\u00f3lidas entre organizaciones del Sur Global y entidades valencianas, fomentando una ciudadan\u00eda comprometida con la justicia social y el respeto a los derechos fundamentales. Porque defender a quienes defienden es defendernos a todas.<\/span><\/p>\n<p>[\/et_pb_text][\/et_pb_column][\/et_pb_row][et_pb_row _builder_version=\u00bb4.27.4&#8243; _module_preset=\u00bbdefault\u00bb global_colors_info=\u00bb{}\u00bb][et_pb_column type=\u00bb4_4&#8243; _builder_version=\u00bb4.27.4&#8243; _module_preset=\u00bbdefault\u00bb global_colors_info=\u00bb{}\u00bb][et_pb_divider _builder_version=\u00bb4.27.4&#8243; _module_preset=\u00bbdefault\u00bb global_colors_info=\u00bb{}\u00bb][\/et_pb_divider][et_pb_text admin_label=\u00bbTitulo\u00bb _builder_version=\u00bb4.27.4&#8243; _module_preset=\u00bbdefault\u00bb text_font=\u00bb|700|||||||\u00bb text_text_color=\u00bb#FFFFFF\u00bb text_orientation=\u00bbcenter\u00bb background_layout=\u00bbdark\u00bb custom_padding=\u00bb7px|||||\u00bb animation_style=\u00bbfold\u00bb global_colors_info=\u00bb{}\u00bb]<\/p>\n<h2 style=\"text-align: center;\"><span style=\"color: #92857c;\"><i>Proyectos<\/i><\/span><i><\/i><i><\/i><\/h2>\n<p>[\/et_pb_text][\/et_pb_column][\/et_pb_row][et_pb_row _builder_version=\u00bb4.27.4&#8243; _module_preset=\u00bbdefault\u00bb global_colors_info=\u00bb{}\u00bb][et_pb_column type=\u00bb4_4&#8243; _builder_version=\u00bb4.27.4&#8243; _module_preset=\u00bbdefault\u00bb global_colors_info=\u00bb{}\u00bb][et_pb_button button_url=\u00bbhttps:\/\/fundacionporlajusticia.org\/proyectos\/sensibilizacion\/futuros-en-libertad-defensoras-ddhh\/futuros-en-libertad-defensoras-de-ddhh-2021\/\u00bb button_text=\u00bbActivistas de DDHH del colectivo LGTBIQ+ en El Salvador (2021)\u00bb button_alignment=\u00bbcenter\u00bb _builder_version=\u00bb4.27.4&#8243; _module_preset=\u00bbdefault\u00bb custom_button=\u00bbon\u00bb button_text_size=\u00bb18px\u00bb button_text_color=\u00bb#ada39a\u00bb transform_scale=\u00bb105%|105%\u00bb global_colors_info=\u00bb{}\u00bb][\/et_pb_button][et_pb_button button_url=\u00bbhttps:\/\/fundacionporlajusticia.org\/proyectos\/sensibilizacion\/futuros-en-libertad-defensoras-ddhh\/futuros-en-libertad-defensoras-de-ddhh-2022\/\u00bb button_text=\u00bbActivistas de derechos humanos vinculados a la libertad de expresi\u00f3n y prensa en El Salvador (2022)\u00bb button_alignment=\u00bbcenter\u00bb _builder_version=\u00bb4.27.4&#8243; _module_preset=\u00bbdefault\u00bb custom_button=\u00bbon\u00bb button_text_size=\u00bb18px\u00bb button_text_color=\u00bb#ada39a\u00bb transform_scale=\u00bb105%|105%\u00bb global_colors_info=\u00bb{}\u00bb][\/et_pb_button][et_pb_button button_url=\u00bbhttps:\/\/fundacionporlajusticia.org\/proyectos\/sensibilizacion\/futuros-en-libertad-defensoras-ddhh\/futuros-en-libertad-defensoras-de-ddhh-2023\/\u00bb button_text=\u00bbActivistas de DDHH por parte de Abogados y Abogadas defensores de Derechos Humanos en Guatemala (2023)\u00bb button_alignment=\u00bbcenter\u00bb _builder_version=\u00bb4.27.4&#8243; _module_preset=\u00bbdefault\u00bb custom_button=\u00bbon\u00bb button_text_size=\u00bb18px\u00bb button_text_color=\u00bb#ada39a\u00bb transform_scale=\u00bb105%|105%\u00bb global_colors_info=\u00bb{}\u00bb][\/et_pb_button][et_pb_button button_url=\u00bbhttps:\/\/fundacionporlajusticia.org\/proyectos\/sensibilizacion\/futuros-en-libertad-defensoras-ddhh\/futuros-en-libertad-defensoras-de-ddhh-2024\/\u00bb button_text=\u00bbActivistas de derechos humanos desde el activismo vecinal en defensa de derechos humanos en Paraguay (2024)\u00bb button_alignment=\u00bbcenter\u00bb _builder_version=\u00bb4.27.4&#8243; _module_preset=\u00bbdefault\u00bb custom_button=\u00bbon\u00bb button_text_size=\u00bb18px\u00bb button_text_color=\u00bb#ada39a\u00bb transform_scale=\u00bb105%|105%\u00bb global_colors_info=\u00bb{}\u00bb][\/et_pb_button][et_pb_button button_url=\u00bbhttps:\/\/fundacionporlajusticia.org\/proyectos\/sensibilizacion\/futuros-en-libertad-defensoras-ddhh\/futuros-en-libertad-defensoras-de-ddhh-2025\/\u00bb button_text=\u00bbVoces del exilio. Consecuencias del conflicto en Colombia para activistas de Derechos Humanos (2025)\u00bb button_alignment=\u00bbcenter\u00bb _builder_version=\u00bb4.27.4&#8243; _module_preset=\u00bbdefault\u00bb custom_button=\u00bbon\u00bb button_text_size=\u00bb18px\u00bb button_text_color=\u00bb#ada39a\u00bb transform_scale=\u00bb105%|105%\u00bb global_colors_info=\u00bb{}\u00bb][\/et_pb_button][et_pb_button button_url=\u00bbhttps:\/\/fundacionporlajusticia.org\/proyectos\/sensibilizacion\/futuros-en-libertad-defensoras-ddhh\/futuros-en-libertad-defensoras-de-ddhh-2026\/\u00bb button_text=\u00bbVoces comprometidas. Defendemos la libertad de expresi\u00f3n e informaci\u00f3n en Centroam\u00e9rica (2026)\u00bb button_alignment=\u00bbcenter\u00bb _builder_version=\u00bb4.27.5&#8243; _module_preset=\u00bbdefault\u00bb custom_button=\u00bbon\u00bb button_text_size=\u00bb18px\u00bb button_text_color=\u00bb#ada39a\u00bb transform_scale=\u00bb105%|105%\u00bb global_colors_info=\u00bb{}\u00bb][\/et_pb_button][\/et_pb_column][\/et_pb_row][\/et_pb_section][et_pb_section fb_built=\u00bb1&#8243; admin_label=\u00bbSecci\u00f3n\u00bb _builder_version=\u00bb4.27.4&#8243; _module_preset=\u00bbdefault\u00bb background_color=\u00bb#92857c\u00bb background_image=\u00bbhttps:\/\/fundacionporlajusticia.org\/wp-content\/uploads\/2022\/03\/Fonzo_Verde_Fundacion_baja.jpeg\u00bb locked=\u00bboff\u00bb global_colors_info=\u00bb{}\u00bb][et_pb_row admin_label=\u00bbComo\u00bb _builder_version=\u00bb4.16&#8243; _module_preset=\u00bbdefault\u00bb collapsed=\u00bboff\u00bb global_colors_info=\u00bb{}\u00bb][et_pb_column type=\u00bb4_4&#8243; _builder_version=\u00bb4.16&#8243; _module_preset=\u00bbdefault\u00bb global_colors_info=\u00bb{}\u00bb][\/et_pb_column][\/et_pb_row][\/et_pb_section][et_pb_section fb_built=\u00bb1&#8243; _builder_version=\u00bb4.16&#8243; _module_preset=\u00bbdefault\u00bb global_colors_info=\u00bb{}\u00bb][et_pb_row _builder_version=\u00bb4.16&#8243; _module_preset=\u00bbdefault\u00bb global_colors_info=\u00bb{}\u00bb][et_pb_column type=\u00bb4_4&#8243; _builder_version=\u00bb4.16&#8243; _module_preset=\u00bbdefault\u00bb global_colors_info=\u00bb{}\u00bb][et_pb_text admin_label=\u00bbTexto\u00bb _builder_version=\u00bb4.17.1&#8243; _module_preset=\u00bbdefault\u00bb global_colors_info=\u00bb{}\u00bb]<\/p>\n<h3 style=\"text-align: center;\">Proyectos relacionados<\/h3>\n<p>&nbsp;<br \/>\n[\/et_pb_text][et_pb_divider _builder_version=\u00bb4.17.1&#8243; _module_preset=\u00bbdefault\u00bb global_colors_info=\u00bb{}\u00bb][\/et_pb_divider][et_pb_blog fullwidth=\u00bboff\u00bb posts_number=\u00bb9&#8243; include_categories=\u00bb6&#8243; excerpt_length=\u00bb498&#8243; show_author=\u00bboff\u00bb _builder_version=\u00bb4.17.1&#8243; _module_preset=\u00bbdefault\u00bb border_radii_image=\u00bbon|10px|10px|10px|10px\u00bb global_colors_info=\u00bb{}\u00bb][\/et_pb_blog][\/et_pb_column][\/et_pb_row][\/et_pb_section]<\/p>\n","protected":false},"excerpt":{"rendered":"<p>FUTUROS EN LIBERTAD. DEFENSORAS DERECHOS HUMANOS.Descripci\u00f3n del programa Desde Fundaci\u00f3n por la Justicia trabajamos para visibilizar, acompa\u00f1ar y proteger a quienes defienden los derechos humanos en contextos de especial riesgo. A trav\u00e9s de este programa, acercamos a la sociedad valenciana las historias, luchas y voces de activistas que, en distintos pa\u00edses del mundo, enfrentan amenazas, [&hellip;]<\/p>\n","protected":false},"author":2,"featured_media":0,"parent":4313,"menu_order":0,"comment_status":"closed","ping_status":"closed","template":"","meta":{"_et_pb_use_builder":"on","_et_pb_old_content":"<p>[et_pb_section fb_built=\"1\" _builder_version=\"4.16\" _module_preset=\"default\" background_color=\"#92857c\" background_image=\"https:\/\/fundacionporlajusticia.org\/wp-content\/uploads\/2022\/03\/Fondo_fundaciojn_marron_baja.jpeg\" global_colors_info=\"{}\"][et_pb_row admin_label=\"Como\" _builder_version=\"4.16\" _module_preset=\"default\" global_colors_info=\"{}\"][et_pb_column type=\"4_4\" _builder_version=\"4.16\" _module_preset=\"default\" global_colors_info=\"{}\"][et_pb_text admin_label=\"Titulo\" _builder_version=\"4.27.4\" _module_preset=\"default\" text_font=\"|700|||||||\" text_text_color=\"#FFFFFF\" text_orientation=\"center\" background_layout=\"dark\" animation_style=\"fold\" global_colors_info=\"{}\"]<\/p><h3>FUTUROS EN LIBERTAD<\/h3><p>[\/et_pb_text][\/et_pb_column][\/et_pb_row][\/et_pb_section][et_pb_section fb_built=\"1\" _builder_version=\"4.27.4\" _module_preset=\"default\" global_colors_info=\"{}\"][et_pb_row _builder_version=\"4.27.4\" _module_preset=\"default\" global_colors_info=\"{}\"][et_pb_column type=\"4_4\" _builder_version=\"4.27.4\" _module_preset=\"default\" global_colors_info=\"{}\"][et_pb_text admin_label=\"Titulo\" _builder_version=\"4.27.4\" _module_preset=\"default\" text_font=\"|700|||||||\" text_text_color=\"#FFFFFF\" text_orientation=\"center\" background_layout=\"dark\" custom_padding=\"7px|||||\" animation_style=\"fold\" global_colors_info=\"{}\"]<\/p><h2 style=\"text-align: center;\"><span style=\"color: #92857c;\"><i>Descripci\u00f3n del programa<\/i><\/span><i><\/i><\/h2><p>[\/et_pb_text][et_pb_text _builder_version=\"4.16.0\" _module_preset=\"default\" global_colors_info=\"{}\"]<\/p><p style=\"text-align: justify;\">Desde Fundaci\u00f3n por la Justicia acompa\u00f1amos desde hace a\u00f1os a personas privadas de libertad del Centro Penitenciario de Val\u00e8ncia Antoni Asunci\u00f3n Hern\u00e1ndez (Picassent), a trav\u00e9s de un programa de intervenci\u00f3n art\u00edstica y psicosocial que busca promover la dignidad, el desarrollo personal y la integraci\u00f3n social. Creemos firmemente en el poder transformador del arte y la creatividad como herramientas para recuperar la voz, fortalecer la autoestima y construir nuevas formas de relaci\u00f3n con una misma, con los dem\u00e1s y con el entorno.<\/p><p style=\"text-align: justify;\">Cada uno de los proyectos que forman parte de este programa se dise\u00f1a desde un enfoque de derechos humanos, inclusi\u00f3n y justicia social, adapt\u00e1ndose a las realidades y necesidades espec\u00edficas de las personas participantes, ya sean hombres o mujeres. A trav\u00e9s del teatro, la expresi\u00f3n corporal, la creaci\u00f3n audiovisual y sonora o el trabajo grupal sobre emociones y estereotipos, generamos espacios seguros donde compartir, imaginar y construir. Un peque\u00f1o lugar de libertad dentro de los muros.<\/p><p>[\/et_pb_text][\/et_pb_column][\/et_pb_row][et_pb_row _builder_version=\"4.27.4\" _module_preset=\"default\" global_colors_info=\"{}\"][et_pb_column type=\"4_4\" _builder_version=\"4.27.4\" _module_preset=\"default\" global_colors_info=\"{}\"][et_pb_divider _builder_version=\"4.27.4\" _module_preset=\"default\" global_colors_info=\"{}\"][\/et_pb_divider][et_pb_text admin_label=\"Titulo\" _builder_version=\"4.27.4\" _module_preset=\"default\" text_font=\"|700|||||||\" text_text_color=\"#FFFFFF\" text_orientation=\"center\" background_layout=\"dark\" custom_padding=\"7px|||||\" animation_style=\"fold\" global_colors_info=\"{}\"]<\/p><h2 style=\"text-align: center;\"><span style=\"color: #92857c;\"><i>Proyectos<\/i><\/span><i><\/i><i><\/i><\/h2><p>[\/et_pb_text][\/et_pb_column][\/et_pb_row][et_pb_row _builder_version=\"4.27.4\" _module_preset=\"default\" global_colors_info=\"{}\"][et_pb_column type=\"4_4\" _builder_version=\"4.27.4\" _module_preset=\"default\" global_colors_info=\"{}\"][et_pb_button button_url=\"https:\/\/fundacionporlajusticia.org\/futuros-en-libertad-2\/\" button_text=\"Futuros en libertad (2021)\" button_alignment=\"center\" _builder_version=\"4.27.4\" _module_preset=\"default\" custom_button=\"on\" button_text_size=\"18px\" button_text_color=\"#ada39a\" transform_scale=\"105%|105%\" hover_enabled=\"0\" global_colors_info=\"{}\" sticky_enabled=\"0\"][\/et_pb_button][et_pb_button button_url=\"https:\/\/fundacionporlajusticia.org\/futuros-en-libertad-2022\/\" button_text=\"Futuros en Libertad. Espacio Integr-Arte (2022)\" button_alignment=\"center\" _builder_version=\"4.27.4\" _module_preset=\"default\" custom_button=\"on\" button_text_size=\"18px\" button_text_color=\"#ada39a\" transform_scale=\"105%|105%\" hover_enabled=\"0\" global_colors_info=\"{}\" sticky_enabled=\"0\"][\/et_pb_button][et_pb_button button_url=\"https:\/\/fundacionporlajusticia.org\/proyectos\/accion-social\/futuros-en-libertad\/futuros-en-libertad-2023\/\" button_text=\"Futuros en Libertad. Espacio Reintegr-Arte (2023)\" button_alignment=\"center\" _builder_version=\"4.27.4\" _module_preset=\"default\" custom_button=\"on\" button_text_size=\"18px\" button_text_color=\"#ada39a\" transform_scale=\"105%|105%\" hover_enabled=\"0\" global_colors_info=\"{}\" sticky_enabled=\"0\"][\/et_pb_button][et_pb_button button_url=\"https:\/\/fundacionporlajusticia.org\/proyectos\/accion-social\/futuros-en-libertad\/futuros-en-libertad-2024\/\" button_text=\"Futuros en Libertad. Voces femeninas para Integr-Arte (2024)\" button_alignment=\"center\" _builder_version=\"4.27.4\" _module_preset=\"default\" custom_button=\"on\" button_text_size=\"18px\" button_text_color=\"#ada39a\" transform_scale=\"105%|105%\" hover_enabled=\"0\" global_colors_info=\"{}\" sticky_enabled=\"0\"][\/et_pb_button][\/et_pb_column][\/et_pb_row][\/et_pb_section][et_pb_section fb_built=\"1\" admin_label=\"Secci\u00f3n\" _builder_version=\"4.27.4\" _module_preset=\"default\" background_color=\"#92857c\" background_image=\"https:\/\/fundacionporlajusticia.org\/wp-content\/uploads\/2022\/03\/Fonzo_Verde_Fundacion_baja.jpeg\" locked=\"off\" global_colors_info=\"{}\"][et_pb_row admin_label=\"Como\" _builder_version=\"4.16\" _module_preset=\"default\" collapsed=\"off\" global_colors_info=\"{}\"][et_pb_column type=\"4_4\" _builder_version=\"4.16\" _module_preset=\"default\" global_colors_info=\"{}\"][\/et_pb_column][\/et_pb_row][\/et_pb_section][et_pb_section fb_built=\"1\" _builder_version=\"4.16\" _module_preset=\"default\" global_colors_info=\"{}\"][et_pb_row _builder_version=\"4.16\" _module_preset=\"default\" global_colors_info=\"{}\"][et_pb_column type=\"4_4\" _builder_version=\"4.16\" _module_preset=\"default\" global_colors_info=\"{}\"][et_pb_text admin_label=\"Texto\" _builder_version=\"4.17.1\" _module_preset=\"default\" global_colors_info=\"{}\"]<\/p><h3 style=\"text-align: center;\">Proyectos relacionados<\/h3><p>\u00a0<\/p><p>[\/et_pb_text][et_pb_divider _builder_version=\"4.17.1\" _module_preset=\"default\" global_colors_info=\"{}\"][\/et_pb_divider][et_pb_blog fullwidth=\"off\" posts_number=\"9\" include_categories=\"6\" excerpt_length=\"498\" show_author=\"off\" _builder_version=\"4.17.1\" _module_preset=\"default\" border_radii_image=\"on|10px|10px|10px|10px\" global_colors_info=\"{}\"][\/et_pb_blog][\/et_pb_column][\/et_pb_row][\/et_pb_section]<\/p>","_et_gb_content_width":"","_uf_show_specific_survey":0,"_uf_disable_surveys":false,"footnotes":""},"class_list":["post-13527","page","type-page","status-publish","hentry"],"aioseo_notices":[],"_links":{"self":[{"href":"https:\/\/fundacionporlajusticia.org\/va\/wp-json\/wp\/v2\/pages\/13527","targetHints":{"allow":["GET"]}}],"collection":[{"href":"https:\/\/fundacionporlajusticia.org\/va\/wp-json\/wp\/v2\/pages"}],"about":[{"href":"https:\/\/fundacionporlajusticia.org\/va\/wp-json\/wp\/v2\/types\/page"}],"author":[{"embeddable":true,"href":"https:\/\/fundacionporlajusticia.org\/va\/wp-json\/wp\/v2\/users\/2"}],"replies":[{"embeddable":true,"href":"https:\/\/fundacionporlajusticia.org\/va\/wp-json\/wp\/v2\/comments?post=13527"}],"version-history":[{"count":14,"href":"https:\/\/fundacionporlajusticia.org\/va\/wp-json\/wp\/v2\/pages\/13527\/revisions"}],"predecessor-version":[{"id":14062,"href":"https:\/\/fundacionporlajusticia.org\/va\/wp-json\/wp\/v2\/pages\/13527\/revisions\/14062"}],"up":[{"embeddable":true,"href":"https:\/\/fundacionporlajusticia.org\/va\/wp-json\/wp\/v2\/pages\/4313"}],"wp:attachment":[{"href":"https:\/\/fundacionporlajusticia.org\/va\/wp-json\/wp\/v2\/media?parent=13527"}],"curies":[{"name":"wp","href":"https:\/\/api.w.org\/{rel}","templated":true}]}}