{"id":13483,"date":"2025-09-24T13:30:08","date_gmt":"2025-09-24T11:30:08","guid":{"rendered":"https:\/\/fundacionporlajusticia.org\/?page_id=13483"},"modified":"2026-02-23T13:37:08","modified_gmt":"2026-02-23T12:37:08","slug":"futuros-en-libertad-2023","status":"publish","type":"page","link":"https:\/\/fundacionporlajusticia.org\/va\/proyectos\/accion-social\/futuros-en-libertad\/futuros-en-libertad-2023\/","title":{"rendered":"Futuros en Libertad (2023)"},"content":{"rendered":"<p>[et_pb_section fb_built=\u00bb1&#8243; _builder_version=\u00bb4.27.4&#8243; _module_preset=\u00bbdefault\u00bb background_color=\u00bb#92857c\u00bb background_image=\u00bbhttps:\/\/fundacionporlajusticia.org\/wp-content\/uploads\/2022\/03\/Fonzo_Verde_Fundacion_baja.jpeg\u00bb global_colors_info=\u00bb{}\u00bb][et_pb_row admin_label=\u00bbComo\u00bb _builder_version=\u00bb4.16&#8243; _module_preset=\u00bbdefault\u00bb global_colors_info=\u00bb{}\u00bb][et_pb_column type=\u00bb4_4&#8243; _builder_version=\u00bb4.16&#8243; _module_preset=\u00bbdefault\u00bb global_colors_info=\u00bb{}\u00bb][et_pb_text admin_label=\u00bbTitulo\u00bb _builder_version=\u00bb4.27.4&#8243; _module_preset=\u00bbdefault\u00bb text_font=\u00bb|700|||||||\u00bb text_text_color=\u00bb#FFFFFF\u00bb text_orientation=\u00bbcenter\u00bb background_layout=\u00bbdark\u00bb custom_padding=\u00bb7px|||||\u00bb animation_style=\u00bbfold\u00bb global_colors_info=\u00bb{}\u00bb]<\/p>\n<h2 style=\"text-align: center;\"><span style=\"color: #92857c;\">FUTUROS EN LIBERTAD. ESPACIO INTEGR-ARTE (2023)<\/span><i><\/i><\/h2>\n<p>[\/et_pb_text][\/et_pb_column][\/et_pb_row][\/et_pb_section][et_pb_section fb_built=\u00bb1&#8243; _builder_version=\u00bb4.27.4&#8243; _module_preset=\u00bbdefault\u00bb global_colors_info=\u00bb{}\u00bb][et_pb_row _builder_version=\u00bb4.27.4&#8243; _module_preset=\u00bbdefault\u00bb global_colors_info=\u00bb{}\u00bb][et_pb_column type=\u00bb4_4&#8243; _builder_version=\u00bb4.27.4&#8243; _module_preset=\u00bbdefault\u00bb global_colors_info=\u00bb{}\u00bb][et_pb_text _builder_version=\u00bb4.27.4&#8243; _module_preset=\u00bbdefault\u00bb custom_padding=\u00bb||0px|||\u00bb global_colors_info=\u00bb{}\u00bb]<\/p>\n<p><span style=\"font-size: large;\"><strong>T\u00cdTULO: Futuros en libertad. Espacio Integr-Arte.<\/strong><\/span><\/p>\n<p><span style=\"font-size: large;\"><strong>Financiador: Ayuntamiento de Val\u00e8ncia<\/strong><\/span><br \/><span style=\"font-size: large;\"><strong>Presupuesto total: 24.560 \u20ac<\/strong><\/span><br \/><span style=\"font-size: large;\"><strong>Importe subvenci\u00f3n: 12.280 \u20ac<\/strong><\/span><br \/><span style=\"font-size: large;\"><strong>Fecha inicio: 01\/12\/2022<\/strong><\/span><br \/><span style=\"font-size: large;\"><strong>Fecha fin: 01\/09\/2023<br \/><\/strong><\/span><\/p>\n<p>[\/et_pb_text][et_pb_text admin_label=\u00bbTitulo\u00bb _builder_version=\u00bb4.27.4&#8243; _module_preset=\u00bbdefault\u00bb text_font=\u00bb|700|||||||\u00bb text_text_color=\u00bb#FFFFFF\u00bb text_orientation=\u00bbcenter\u00bb background_layout=\u00bbdark\u00bb custom_padding=\u00bb7px|||||\u00bb animation_style=\u00bbfold\u00bb global_colors_info=\u00bb{}\u00bb]<\/p>\n<h2 style=\"text-align: center;\"><span style=\"color: #92857c;\"><i>Resumen<\/i><\/span><i><\/i><\/h2>\n<p>[\/et_pb_text][et_pb_text _builder_version=\u00bb4.27.4&#8243; _module_preset=\u00bbdefault\u00bb custom_padding=\u00bb||0px|||\u00bb global_colors_info=\u00bb{}\u00bb]<\/p>\n<p style=\"text-align: justify;\"><strong>\u00abFuturos en libertad. Espacio Integr-Arte\u00bb <\/strong>es una iniciativa que nace con el objetivo de ofrecer a personas privadas de libertad del Centro Penitenciario de Val\u00e8ncia Antoni Asunci\u00f3n Hern\u00e1ndez un espacio seguro de exploraci\u00f3n, expresi\u00f3n y transformaci\u00f3n personal a trav\u00e9s del arte. La propuesta se articula en sesiones grupales quincenales o mensuales que combinan t\u00e9cnicas art\u00edsticas, ejercicios de memoria, din\u00e1micas de autoconocimiento y herramientas del Teatro del Oprimido, todo ello bajo una metodolog\u00eda abierta y multidisciplinar. Este proceso, sostenido por profesionales con experiencia en intervenci\u00f3n art\u00edstica y psicosocial, crea un entorno \u00edntimo en el que canalizar pensamientos, emociones y relatos vitales, promoviendo el encuentro consigo mismas y con los dem\u00e1s desde una mirada respetuosa, l\u00fadica y participativa.<\/p>\n<p style=\"text-align: justify;\">A lo largo del proyecto, las personas participantes desarrollan varios cortometrajes de creaci\u00f3n colectiva, basados en las vivencias e ideas surgidas durante los talleres. Son ellas mismas quienes idean la narrativa, seleccionan las historias que desean contar y asumen distintos roles en la elaboraci\u00f3n del producto final, desde la escritura hasta la interpretaci\u00f3n. El proceso creativo pone en juego habilidades de colaboraci\u00f3n, reflexi\u00f3n cr\u00edtica, expresi\u00f3n subjetiva y construcci\u00f3n colectiva, con un enfoque transversal de g\u00e9nero, diversidad e inclusi\u00f3n. Se promueve as\u00ed una toma de conciencia en torno a los valores de igualdad y respeto, y se fomenta la participaci\u00f3n activa de personas que, por distintas razones, suelen quedar fuera del discurso social dominante.<\/p>\n<p style=\"text-align: justify;\">Una vez finalizado el cortometraje, el proyecto contempla su proyecci\u00f3n tanto dentro del propio centro, con acceso a m\u00e1s personas reclusas de las que han participado directamente, como en espacios culturales externos. Las proyecciones van acompa\u00f1adas de espacios de reflexi\u00f3n sobre el arte en contextos de privaci\u00f3n de libertad, el proceso vivido por las personas participantes y el potencial transformador de la creaci\u00f3n colectiva. Uno de los marcos destacados para esta difusi\u00f3n es el Humans Fest &#8211; Festival Internacional de Cine y Derechos Humanos de Val\u00e8ncia, que acoge cada a\u00f1o producciones con fuerte contenido social. El proyecto, valorado muy positivamente por el centro penitenciario por su calidad humana y art\u00edstica, no solo busca reducir el estigma asociado a la poblaci\u00f3n reclusa, sino tambi\u00e9n generar v\u00ednculos entre las realidades intramuros y el tejido cultural y social exterior, abriendo nuevas posibilidades de reconocimiento, participaci\u00f3n y dignidad a trav\u00e9s del arte.<strong><br \/><\/strong><\/p>\n<p>[\/et_pb_text][\/et_pb_column][\/et_pb_row][\/et_pb_section][et_pb_section fb_built=\u00bb1&#8243; admin_label=\u00bbSecci\u00f3n\u00bb _builder_version=\u00bb4.27.4&#8243; _module_preset=\u00bbdefault\u00bb background_color=\u00bb#92857c\u00bb background_image=\u00bbhttps:\/\/fundacionporlajusticia.org\/wp-content\/uploads\/2022\/03\/Fonzo_Verde_Fundacion_baja.jpeg\u00bb locked=\u00bboff\u00bb global_colors_info=\u00bb{}\u00bb][et_pb_row admin_label=\u00bbComo\u00bb _builder_version=\u00bb4.16&#8243; _module_preset=\u00bbdefault\u00bb collapsed=\u00bboff\u00bb global_colors_info=\u00bb{}\u00bb][et_pb_column type=\u00bb4_4&#8243; _builder_version=\u00bb4.16&#8243; _module_preset=\u00bbdefault\u00bb global_colors_info=\u00bb{}\u00bb][\/et_pb_column][\/et_pb_row][\/et_pb_section][et_pb_section fb_built=\u00bb1&#8243; _builder_version=\u00bb4.16&#8243; _module_preset=\u00bbdefault\u00bb global_colors_info=\u00bb{}\u00bb][et_pb_row _builder_version=\u00bb4.16&#8243; _module_preset=\u00bbdefault\u00bb global_colors_info=\u00bb{}\u00bb][et_pb_column type=\u00bb4_4&#8243; _builder_version=\u00bb4.16&#8243; _module_preset=\u00bbdefault\u00bb global_colors_info=\u00bb{}\u00bb][et_pb_text admin_label=\u00bbTexto\u00bb _builder_version=\u00bb4.17.1&#8243; _module_preset=\u00bbdefault\u00bb global_colors_info=\u00bb{}\u00bb]<\/p>\n<h3 style=\"text-align: center;\">Proyectos relacionados<\/h3>\n<p>[\/et_pb_text][et_pb_divider _builder_version=\u00bb4.17.1&#8243; _module_preset=\u00bbdefault\u00bb global_colors_info=\u00bb{}\u00bb][\/et_pb_divider][et_pb_blog fullwidth=\u00bboff\u00bb posts_number=\u00bb9&#8243; include_categories=\u00bb6&#8243; excerpt_length=\u00bb498&#8243; show_author=\u00bboff\u00bb _builder_version=\u00bb4.17.1&#8243; _module_preset=\u00bbdefault\u00bb border_radii_image=\u00bbon|10px|10px|10px|10px\u00bb global_colors_info=\u00bb{}\u00bb][\/et_pb_blog][\/et_pb_column][\/et_pb_row][\/et_pb_section]<\/p>\n","protected":false},"excerpt":{"rendered":"<p>FUTUROS EN LIBERTAD. ESPACIO INTEGR-ARTE (2023)T\u00cdTULO: Futuros en libertad. Espacio Integr-Arte. Financiador: Ayuntamiento de Val\u00e8nciaPresupuesto total: 24.560 \u20acImporte subvenci\u00f3n: 12.280 \u20acFecha inicio: 01\/12\/2022Fecha fin: 01\/09\/2023Resumen \u00abFuturos en libertad. Espacio Integr-Arte\u00bb es una iniciativa que nace con el objetivo de ofrecer a personas privadas de libertad del Centro Penitenciario de Val\u00e8ncia Antoni Asunci\u00f3n Hern\u00e1ndez un espacio [&hellip;]<\/p>\n","protected":false},"author":2,"featured_media":0,"parent":13457,"menu_order":0,"comment_status":"closed","ping_status":"closed","template":"","meta":{"_et_pb_use_builder":"on","_et_pb_old_content":"<p>[et_pb_section fb_built=\"1\" _builder_version=\"4.27.4\" _module_preset=\"default\" background_color=\"#92857c\" background_image=\"https:\/\/fundacionporlajusticia.org\/wp-content\/uploads\/2022\/03\/Fonzo_Verde_Fundacion_baja.jpeg\" global_colors_info=\"{}\"][et_pb_row admin_label=\"Como\" _builder_version=\"4.16\" _module_preset=\"default\" global_colors_info=\"{}\"][et_pb_column type=\"4_4\" _builder_version=\"4.16\" _module_preset=\"default\" global_colors_info=\"{}\"][et_pb_text admin_label=\"Titulo\" _builder_version=\"4.27.4\" _module_preset=\"default\" text_font=\"|700|||||||\" text_text_color=\"#FFFFFF\" text_orientation=\"center\" background_layout=\"dark\" custom_padding=\"7px|||||\" animation_style=\"fold\" global_colors_info=\"{}\"]<\/p><h2 style=\"text-align: center;\"><span style=\"color: #92857c;\">FUTUROS EN LIBERTAD (2021)<\/span><i><\/i><\/h2><p>[\/et_pb_text][\/et_pb_column][\/et_pb_row][\/et_pb_section][et_pb_section fb_built=\"1\" _builder_version=\"4.27.4\" _module_preset=\"default\" global_colors_info=\"{}\"][et_pb_row _builder_version=\"4.27.4\" _module_preset=\"default\" global_colors_info=\"{}\"][et_pb_column type=\"4_4\" _builder_version=\"4.27.4\" _module_preset=\"default\" global_colors_info=\"{}\"][et_pb_text _builder_version=\"4.27.4\" _module_preset=\"default\" custom_padding=\"||0px|||\" global_colors_info=\"{}\"]<\/p><p><span style=\"font-size: large;\"><strong>T\u00cdTULO: Futuros en libertad<\/strong><\/span><\/p><p><span style=\"font-size: large;\"><strong>Financiador: Ayuntamiento de Val\u00e8ncia<\/strong><\/span><br \/><span style=\"font-size: large;\"><strong>Presupuesto total: 21.216 \u20ac<\/strong><\/span><br \/><span style=\"font-size: large;\"><strong>Importe subvenci\u00f3n: 9.769 \u20ac<\/strong><\/span><br \/><span style=\"font-size: large;\"><strong>Fecha inicio: 01\/03\/2021<\/strong><\/span><br \/><span style=\"font-size: large;\"><strong>Fecha fin: 28\/02\/2022<\/strong><\/span><\/p><p>[\/et_pb_text][et_pb_text admin_label=\"Titulo\" _builder_version=\"4.27.4\" _module_preset=\"default\" text_font=\"|700|||||||\" text_text_color=\"#FFFFFF\" text_orientation=\"center\" background_layout=\"dark\" custom_padding=\"7px|||||\" animation_style=\"fold\" global_colors_info=\"{}\"]<\/p><h2 style=\"text-align: center;\"><span style=\"color: #92857c;\"><i>Resumen<\/i><\/span><i><\/i><\/h2><p>[\/et_pb_text][et_pb_text _builder_version=\"4.27.4\" _module_preset=\"default\" global_colors_info=\"{}\"]<\/p><p style=\"text-align: justify;\"><strong>\"Futuros en libertad\"<\/strong> es un proyecto creativo y transformador dirigido a personas privadas de libertad en el Centro Penitenciario de Val\u00e8ncia Antoni Asunci\u00f3n Hern\u00e1ndez. Su propuesta se articula en torno a dos l\u00edneas complementarias: por un lado, un proceso grupal de creaci\u00f3n art\u00edstica que se desarrolla dos veces por semana, donde las personas participantes experimentan con diversas t\u00e9cnicas pl\u00e1sticas en un espacio seguro, \u00edntimo y sostenido por profesionales especializados. Este entorno, basado en el juego, la expresi\u00f3n libre y el intercambio, permite canalizar emociones, pensamientos e historias personales a trav\u00e9s del arte, fomentando el autoconocimiento y la conexi\u00f3n con una identidad propia m\u00e1s all\u00e1 del contexto penitenciario.<\/p><p style=\"text-align: justify;\">La segunda l\u00ednea del proyecto culmina en la creaci\u00f3n colectiva de un largometraje de ficci\u00f3n, ideado, escrito y protagonizado por las propias personas internas a partir de los relatos de vida surgidos durante el proceso art\u00edstico. A lo largo de este recorrido, se desarrollan habilidades vinculadas al trabajo en equipo, la creatividad compartida, la construcci\u00f3n de narrativas personales y colectivas, as\u00ed como la reflexi\u00f3n cr\u00edtica sobre la sociedad y los roles de g\u00e9nero. El enfoque de g\u00e9nero se trabaja de forma espec\u00edfica con mujeres, fomentando referentes que sirvan de inspiraci\u00f3n en sus procesos creativos, y con hombres, promoviendo valores de igualdad, respeto y diversidad. Adem\u00e1s, se presta especial atenci\u00f3n a las personas alejadas de la heteronormatividad, favoreciendo su inclusi\u00f3n y fortalecimiento mediante estrategias creativas que mejoren la convivencia dentro y fuera del centro penitenciario.<\/p><p style=\"text-align: justify;\">La dimensi\u00f3n p\u00fablica del proyecto es tambi\u00e9n esencial. A medida que avanza, se difunden sus etapas a trav\u00e9s de redes sociales, y una vez finalizado el largometraje, se realizan proyecciones en salas de cine, festivales audiovisuales y centros culturales, acompa\u00f1adas de espacios de reflexi\u00f3n sobre el valor de la creaci\u00f3n art\u00edstica en contextos de vulnerabilidad. El proyecto cuenta con el respaldo del propio centro penitenciario, que ha valorado muy positivamente su enfoque art\u00edstico, participativo y transformador, y su capacidad para trasladar a la sociedad una imagen m\u00e1s justa y compleja de las personas reclusas a trav\u00e9s del arte, el cine y la palabra compartida.<\/p><p>[\/et_pb_text][\/et_pb_column][\/et_pb_row][et_pb_row _builder_version=\"4.27.4\" _module_preset=\"default\" global_colors_info=\"{}\"][et_pb_column type=\"4_4\" _builder_version=\"4.27.4\" _module_preset=\"default\" global_colors_info=\"{}\"][et_pb_button button_url=\"https:\/\/www.youtube.com\/watch?v=5Ag16-grEoA\" button_text=\"Tr\u00e1iler del documental 'T\u00fa eliges'\" button_alignment=\"center\" _builder_version=\"4.27.4\" _module_preset=\"default\" custom_button=\"on\" button_text_size=\"18px\" button_text_color=\"#ada39a\" transform_scale=\"105%|105%\" global_colors_info=\"{}\"][\/et_pb_button][\/et_pb_column][\/et_pb_row][\/et_pb_section][et_pb_section fb_built=\"1\" admin_label=\"Secci\u00f3n\" _builder_version=\"4.27.4\" _module_preset=\"default\" background_color=\"#92857c\" background_image=\"https:\/\/fundacionporlajusticia.org\/wp-content\/uploads\/2022\/03\/Fonzo_Verde_Fundacion_baja.jpeg\" locked=\"off\" global_colors_info=\"{}\"][et_pb_row admin_label=\"Como\" _builder_version=\"4.16\" _module_preset=\"default\" collapsed=\"off\" global_colors_info=\"{}\"][et_pb_column type=\"4_4\" _builder_version=\"4.16\" _module_preset=\"default\" global_colors_info=\"{}\"][\/et_pb_column][\/et_pb_row][\/et_pb_section][et_pb_section fb_built=\"1\" _builder_version=\"4.16\" _module_preset=\"default\" global_colors_info=\"{}\"][et_pb_row _builder_version=\"4.16\" _module_preset=\"default\" global_colors_info=\"{}\"][et_pb_column type=\"4_4\" _builder_version=\"4.16\" _module_preset=\"default\" global_colors_info=\"{}\"][et_pb_text admin_label=\"Texto\" _builder_version=\"4.17.1\" _module_preset=\"default\" global_colors_info=\"{}\"]<\/p><h3 style=\"text-align: center;\">Proyectos relacionados<\/h3><p>\u00a0<br \/>[\/et_pb_text][et_pb_divider _builder_version=\"4.17.1\" _module_preset=\"default\" global_colors_info=\"{}\"][\/et_pb_divider][et_pb_blog fullwidth=\"off\" posts_number=\"9\" include_categories=\"6\" excerpt_length=\"498\" show_author=\"off\" _builder_version=\"4.17.1\" _module_preset=\"default\" border_radii_image=\"on|10px|10px|10px|10px\" global_colors_info=\"{}\"][\/et_pb_blog][\/et_pb_column][\/et_pb_row][\/et_pb_section]<\/p>","_et_gb_content_width":"","_uf_show_specific_survey":0,"_uf_disable_surveys":false,"footnotes":""},"class_list":["post-13483","page","type-page","status-publish","hentry"],"aioseo_notices":[],"_links":{"self":[{"href":"https:\/\/fundacionporlajusticia.org\/va\/wp-json\/wp\/v2\/pages\/13483","targetHints":{"allow":["GET"]}}],"collection":[{"href":"https:\/\/fundacionporlajusticia.org\/va\/wp-json\/wp\/v2\/pages"}],"about":[{"href":"https:\/\/fundacionporlajusticia.org\/va\/wp-json\/wp\/v2\/types\/page"}],"author":[{"embeddable":true,"href":"https:\/\/fundacionporlajusticia.org\/va\/wp-json\/wp\/v2\/users\/2"}],"replies":[{"embeddable":true,"href":"https:\/\/fundacionporlajusticia.org\/va\/wp-json\/wp\/v2\/comments?post=13483"}],"version-history":[{"count":7,"href":"https:\/\/fundacionporlajusticia.org\/va\/wp-json\/wp\/v2\/pages\/13483\/revisions"}],"predecessor-version":[{"id":14037,"href":"https:\/\/fundacionporlajusticia.org\/va\/wp-json\/wp\/v2\/pages\/13483\/revisions\/14037"}],"up":[{"embeddable":true,"href":"https:\/\/fundacionporlajusticia.org\/va\/wp-json\/wp\/v2\/pages\/13457"}],"wp:attachment":[{"href":"https:\/\/fundacionporlajusticia.org\/va\/wp-json\/wp\/v2\/media?parent=13483"}],"curies":[{"name":"wp","href":"https:\/\/api.w.org\/{rel}","templated":true}]}}