{"id":12908,"date":"2025-05-13T01:14:24","date_gmt":"2025-05-13T01:14:24","guid":{"rendered":"https:\/\/fundacionporlajusticia.org\/?page_id=12908"},"modified":"2025-05-13T01:42:49","modified_gmt":"2025-05-13T01:42:49","slug":"pop-up-newsletter","status":"publish","type":"page","link":"https:\/\/fundacionporlajusticia.org\/va\/pop-up-newsletter\/","title":{"rendered":"Pop Up Newsletter"},"content":{"rendered":"<p>[et_pb_section fb_built=\u00bb1&#8243; _builder_version=\u00bb4.27.4&#8243; _module_preset=\u00bbdefault\u00bb global_colors_info=\u00bb{}\u00bb][et_pb_row _builder_version=\u00bb4.27.4&#8243; _module_preset=\u00bbdefault\u00bb global_colors_info=\u00bb{}\u00bb][et_pb_column type=\u00bb4_4&#8243; _builder_version=\u00bb4.27.4&#8243; _module_preset=\u00bbdefault\u00bb global_colors_info=\u00bb{}\u00bb][et_pb_button button_text=\u00bbClics\u00bb _builder_version=\u00bb4.27.4&#8243; _module_preset=\u00bbdefault\u00bb global_colors_info=\u00bb{}\u00bb][\/et_pb_button][\/et_pb_column][\/et_pb_row][\/et_pb_section][et_pb_section fb_built=\u00bb1&#8243; admin_label=\u00bbPopup &#8211; #popupnewsletter\u00bb module_id=\u00bbov-videoModal\u00bb module_class=\u00bbov-modal-overlay\u00bb _builder_version=\u00bb4.27.4&#8243; _module_preset=\u00bbdefault\u00bb background_color=\u00bb#635b54&#8243; width=\u00bb50%\u00bb max_width=\u00bb50%\u00bb hover_enabled=\u00bb0&#8243; global_colors_info=\u00bb{}\u00bb positioning=\u00bbfixed\u00bb z_index=\u00bb99999&#8243; sticky_enabled=\u00bb0&#8243; custom_margin=\u00bb331px||||false|false\u00bb][et_pb_row _builder_version=\u00bb4.27.4&#8243; _module_preset=\u00bbdefault\u00bb global_colors_info=\u00bb{}\u00bb][et_pb_column type=\u00bb4_4&#8243; _builder_version=\u00bb4.27.4&#8243; _module_preset=\u00bbdefault\u00bb global_colors_info=\u00bb{}\u00bb][et_pb_code _builder_version=\u00bb4.27.4&#8243; _module_preset=\u00bbdefault\u00bb hover_enabled=\u00bb0&#8243; sticky_enabled=\u00bb0&#8243; admin_label=\u00bbboton-cerrar-modal\u00bb width=\u00bb100%\u00bb positioning=\u00bbabsolute\u00bb position_origin_a=\u00bbtop_right\u00bb z_index=\u00bb9999&#8243;]<button class=\"ov-close-button\" onclick=\"closeModal()\">\u00d7<\/button>[\/et_pb_code][et_pb_blurb title=\u00bb\u00bfTe gustar\u00eda recibir informaci\u00f3n sobre las actividades y eventos que lleva a cabo la Fundaci\u00f3n por la Justicia?\u00bb _builder_version=\u00bb4.27.4&#8243; _module_preset=\u00bbdefault\u00bb background_layout=\u00bbdark\u00bb hover_enabled=\u00bb0&#8243; global_colors_info=\u00bb{}\u00bb module_class=\u00bbov-modal-content\u00bb sticky_enabled=\u00bb0&#8243;][\/et_pb_blurb][et_pb_button button_url=\u00bbhttp:\/\/eepurl.com\/i6U76k\u00bb url_new_window=\u00bbon\u00bb button_text=\u00bbHaz click aqu\u00ed para no perderte nada\u00bb button_alignment=\u00bbcenter\u00bb _builder_version=\u00bb4.27.4&#8243; _module_preset=\u00bbdefault\u00bb background_layout=\u00bbdark\u00bb hover_enabled=\u00bb0&#8243; locked=\u00bboff\u00bb global_colors_info=\u00bb{}\u00bb module_class=\u00bbov-modal-content\u00bb sticky_enabled=\u00bb0&#8243;][\/et_pb_button][\/et_pb_column][\/et_pb_row][\/et_pb_section][et_pb_section fb_built=\u00bb1&#8243; admin_label=\u00bbPopup &#8211; #popupnewsletter\u00bb module_id=\u00bbov-videoModal\u00bb module_class=\u00bbov-modal-overlay\u00bb _builder_version=\u00bb4.27.4&#8243; _module_preset=\u00bbdefault\u00bb background_color=\u00bb#635b54&#8243; width=\u00bb50%\u00bb max_width=\u00bb50%\u00bb hover_enabled=\u00bb0&#8243; global_colors_info=\u00bb{}\u00bb positioning=\u00bbfixed\u00bb z_index=\u00bb99999&#8243; sticky_enabled=\u00bb0&#8243;][et_pb_row _builder_version=\u00bb4.27.4&#8243; _module_preset=\u00bbdefault\u00bb global_colors_info=\u00bb{}\u00bb][et_pb_column type=\u00bb4_4&#8243; _builder_version=\u00bb4.27.4&#8243; _module_preset=\u00bbdefault\u00bb global_colors_info=\u00bb{}\u00bb][et_pb_code _builder_version=\u00bb4.27.4&#8243; _module_preset=\u00bbdefault\u00bb hover_enabled=\u00bb0&#8243; sticky_enabled=\u00bb0&#8243; admin_label=\u00bbboton-cerrar-modal\u00bb width=\u00bb100%\u00bb positioning=\u00bbabsolute\u00bb position_origin_a=\u00bbtop_right\u00bb z_index=\u00bb9999&#8243;]<button class=\"ov-close-button\" onclick=\"closeModal()\">\u00d7<\/button>[\/et_pb_code][et_pb_blurb title=\u00bb\u00bfTe gustar\u00eda recibir informaci\u00f3n sobre las actividades y eventos que lleva a cabo la Fundaci\u00f3n por la Justicia?\u00bb _builder_version=\u00bb4.27.4&#8243; _module_preset=\u00bbdefault\u00bb background_layout=\u00bbdark\u00bb hover_enabled=\u00bb0&#8243; global_colors_info=\u00bb{}\u00bb module_class=\u00bbov-modal-content\u00bb sticky_enabled=\u00bb0&#8243;][\/et_pb_blurb][et_pb_button button_url=\u00bbhttp:\/\/eepurl.com\/i6U76k\u00bb url_new_window=\u00bbon\u00bb button_text=\u00bbHaz click aqu\u00ed para no perderte nada\u00bb button_alignment=\u00bbcenter\u00bb _builder_version=\u00bb4.27.4&#8243; _module_preset=\u00bbdefault\u00bb background_layout=\u00bbdark\u00bb hover_enabled=\u00bb0&#8243; locked=\u00bboff\u00bb global_colors_info=\u00bb{}\u00bb module_class=\u00bbov-modal-content\u00bb sticky_enabled=\u00bb0&#8243;][\/et_pb_button][\/et_pb_column][\/et_pb_row][\/et_pb_section]<\/p>\n","protected":false},"excerpt":{"rendered":"","protected":false},"author":1,"featured_media":0,"parent":0,"menu_order":0,"comment_status":"closed","ping_status":"closed","template":"","meta":{"_et_pb_use_builder":"on","_et_pb_old_content":"","_et_gb_content_width":"","_uf_show_specific_survey":0,"_uf_disable_surveys":false,"footnotes":""},"class_list":["post-12908","page","type-page","status-publish","hentry"],"aioseo_notices":[],"_links":{"self":[{"href":"https:\/\/fundacionporlajusticia.org\/va\/wp-json\/wp\/v2\/pages\/12908","targetHints":{"allow":["GET"]}}],"collection":[{"href":"https:\/\/fundacionporlajusticia.org\/va\/wp-json\/wp\/v2\/pages"}],"about":[{"href":"https:\/\/fundacionporlajusticia.org\/va\/wp-json\/wp\/v2\/types\/page"}],"author":[{"embeddable":true,"href":"https:\/\/fundacionporlajusticia.org\/va\/wp-json\/wp\/v2\/users\/1"}],"replies":[{"embeddable":true,"href":"https:\/\/fundacionporlajusticia.org\/va\/wp-json\/wp\/v2\/comments?post=12908"}],"version-history":[{"count":12,"href":"https:\/\/fundacionporlajusticia.org\/va\/wp-json\/wp\/v2\/pages\/12908\/revisions"}],"predecessor-version":[{"id":12926,"href":"https:\/\/fundacionporlajusticia.org\/va\/wp-json\/wp\/v2\/pages\/12908\/revisions\/12926"}],"wp:attachment":[{"href":"https:\/\/fundacionporlajusticia.org\/va\/wp-json\/wp\/v2\/media?parent=12908"}],"curies":[{"name":"wp","href":"https:\/\/api.w.org\/{rel}","templated":true}]}}