{"id":12871,"date":"2025-05-05T12:06:33","date_gmt":"2025-05-05T12:06:33","guid":{"rendered":"https:\/\/fundacionporlajusticia.org\/?page_id=12871"},"modified":"2025-05-05T12:08:30","modified_gmt":"2025-05-05T12:08:30","slug":"proteccio-de-dades","status":"publish","type":"page","link":"https:\/\/fundacionporlajusticia.org\/va\/proteccio-de-dades\/","title":{"rendered":"Protecci\u00f3 de dades"},"content":{"rendered":"<p><b>Qui \u00e9s el responsable del tractament de les teves dades?<\/b><\/p>\n<p><span style=\"font-weight: 400;\">Fundaci\u00f3 per la Just\u00edcia de la Comunitat Valenciana amb CIF G96356290 i sede c\/ Ripalda, 16 Baix de Val\u00e8ncia 46003.<\/span><\/p>\n<p>&nbsp;<\/p>\n<p><b>Per qu\u00e8 utilitzem les teves dades personals?<\/b><\/p>\n<p><span style=\"font-weight: 400;\">Les dades personals que ens facilitis es tractaran amb la finalitat exclusiva de gestionar la teva participaci\u00f3 en activitats, accions formatives, esdeveniments o projectes organitzats per Fundaci\u00f3 per la Just\u00edcia. No es prendran decisions automatitzades ni s&#039;elaboraran perfils a partir dels teus dades.<\/span><\/p>\n<p>&nbsp;<\/p>\n<p><b>Quina \u00e9s la legitimaci\u00f3 per al tractament de les teves dades?<\/b><\/p>\n<p><span style=\"font-weight: 400;\">La base legal per al tractament \u00e9s el teu consentiment, que s&#039;ent\u00e9n atorgat a enviar el formulari d&#039;inscripci\u00f3 o participaci\u00f3 corresponent.<\/span><\/p>\n<p>&nbsp;<\/p>\n<p><b>Per quant de temps conservarem les teves dades?<\/b><\/p>\n<p><span style=\"font-weight: 400;\">Les dades personals proporcionades es conservaran mentre duri l&#039;activitat o projecte en qu\u00e8 participis i, posteriorment, durant el temps necessari per complir les obligacions legals i de justificaci\u00f3 davant entitats finan\u00e7adores. Pots revocar el teu consentiment i sol\u00b7licitar la supressi\u00f3 de les teves dades en qualsevol moment, escrivint a: info@fundacionporlajusticia.org.<\/span><\/p>\n<p>&nbsp;<\/p>\n<p><b>A qui comunicarem els teus dades?<\/b><\/p>\n<p><span style=\"font-weight: 400;\">No cedirem els teus dades a tercers, excepte obligaci\u00f3 legal o en cas que sigui necessari per complir les finalitats esmentades.<\/span><\/p>\n<p>&nbsp;<\/p>\n<p><b>Quins s\u00f3n els teus drets quan ens facilitis els teus dades?<\/b><\/p>\n<p><span style=\"font-weight: 400;\">Tens dret a accedir a les teves dades personals, demanar que els corregim si s\u00f3n incorrectes o incomplets, sol\u00b7licitar que els eliminem, limitar-ne l&#039;\u00fas, oposar-te al fet que els tractem o demanar que te&#039;ls enviem (portabilitat). Pots exercir aquests drets en qualsevol moment escrivint a: info@fundacionporlajusticia.org. Un cop rebuda la teva sol\u00b7licitud, et respondrem dins el termini legal. Si no esteu satisfets amb la nostra resposta o considereu que els vostres drets no han estat respectats, podeu presentar una reclamaci\u00f3 davant l&#039;Ag\u00e8ncia Espanyola de Protecci\u00f3 de Dades: www.aepd.es.<\/span><\/p>","protected":false},"excerpt":{"rendered":"<p>Qui \u00e9s el responsable del tractament de les teues dades? Fundaci\u00f3 per la Just\u00edcia de la Comunitat Valenciana amb CIF G96356290 i seu en c\/ Ripalda, 16 Baix de Val\u00e8ncia 46003. &nbsp; Per a qu\u00e8 utilitzem les teues dades personals? Les dades personals que ens facilites es tractaran amb la finalitat exclusiva de gestionar la [&hellip;]<\/p>\n","protected":false},"author":2,"featured_media":0,"parent":0,"menu_order":0,"comment_status":"closed","ping_status":"closed","template":"","meta":{"_et_pb_use_builder":"","_et_pb_old_content":"","_et_gb_content_width":"","_uf_show_specific_survey":0,"_uf_disable_surveys":false,"footnotes":""},"class_list":["post-12871","page","type-page","status-publish","hentry"],"aioseo_notices":[],"_links":{"self":[{"href":"https:\/\/fundacionporlajusticia.org\/va\/wp-json\/wp\/v2\/pages\/12871","targetHints":{"allow":["GET"]}}],"collection":[{"href":"https:\/\/fundacionporlajusticia.org\/va\/wp-json\/wp\/v2\/pages"}],"about":[{"href":"https:\/\/fundacionporlajusticia.org\/va\/wp-json\/wp\/v2\/types\/page"}],"author":[{"embeddable":true,"href":"https:\/\/fundacionporlajusticia.org\/va\/wp-json\/wp\/v2\/users\/2"}],"replies":[{"embeddable":true,"href":"https:\/\/fundacionporlajusticia.org\/va\/wp-json\/wp\/v2\/comments?post=12871"}],"version-history":[{"count":2,"href":"https:\/\/fundacionporlajusticia.org\/va\/wp-json\/wp\/v2\/pages\/12871\/revisions"}],"predecessor-version":[{"id":12873,"href":"https:\/\/fundacionporlajusticia.org\/va\/wp-json\/wp\/v2\/pages\/12871\/revisions\/12873"}],"wp:attachment":[{"href":"https:\/\/fundacionporlajusticia.org\/va\/wp-json\/wp\/v2\/media?parent=12871"}],"curies":[{"name":"wp","href":"https:\/\/api.w.org\/{rel}","templated":true}]}}