{"id":12868,"date":"2025-05-05T12:00:57","date_gmt":"2025-05-05T12:00:57","guid":{"rendered":"https:\/\/fundacionporlajusticia.org\/?page_id=12868"},"modified":"2025-05-05T12:01:29","modified_gmt":"2025-05-05T12:01:29","slug":"proteccion-de-datos","status":"publish","type":"page","link":"https:\/\/fundacionporlajusticia.org\/va\/proteccion-de-datos\/","title":{"rendered":"Protecci\u00f3 de dades"},"content":{"rendered":"<p><b>Qui \u00e9s el responsable del tractament de les dades?\u00a0<\/b><\/p>\n<p><span style=\"font-weight: 400;\">Fundaci\u00f3 per la Just\u00edcia de la Comunitat Valenciana amb CIF G96356290 i seu al c\/ Ripalda, 16 Baix de Val\u00e8ncia 46003.<\/span><\/p>\n<p>&nbsp;<\/p>\n<p><b>Per qu\u00e8 utilitzem les teves dades personals?<\/b><\/p>\n<p><span style=\"font-weight: 400;\">Les dades personals que ens facilites es tractaran amb la finalitat exclusiva de gestionar la teva participaci\u00f3 en activitats, accions formatives, esdeveniments o projectes organitzats per la Fundaci\u00f3 per la Just\u00edcia. No es prendran decisions automatitzades ni s&#039;elaboraran perfils a partir de les vostres dades.<\/span><\/p>\n<p>&nbsp;<\/p>\n<p><b>Quina \u00e9s la legitimaci\u00f3 per al tractament de les teves dades?<\/b><\/p>\n<p><span style=\"font-weight: 400;\">La base legal per al tractament \u00e9s el vostre consentiment, que s&#039;ent\u00e9n atorgat en enviar el formulari d&#039;inscripci\u00f3 o participaci\u00f3 corresponent.<\/span><\/p>\n<p>&nbsp;<\/p>\n<p><b>Per quant de temps conservarem les teves dades?\u00a0<\/b><\/p>\n<p><span style=\"font-weight: 400;\">Les dades personals proporcionades es conservaran mentre duri l&#039;activitat o projecte en qu\u00e8 participes i, posteriorment, durant el temps necessari per complir les obligacions legals i de justificaci\u00f3 davant d&#039;entitats finan\u00e7adores. Pots revocar el teu consentiment i sol\u00b7licitar la supressi\u00f3 de les teves dades en qualsevol moment, escrivint a: info@fundacionporlajusticia.org.<\/span><\/p>\n<p>&nbsp;<\/p>\n<p><b>A qui comunicarem les teves dades?<\/b><span style=\"font-weight: 400;\">\u00a0<\/span><\/p>\n<p><span style=\"font-weight: 400;\">No cedirem les teves dades a tercers, excepte obligaci\u00f3 legal o en cas que sigui necessari per complir les finalitats esmentades.<\/span><\/p>\n<p>&nbsp;<\/p>\n<p><b>Quins s\u00f3n els teus drets quan ens facilites les dades?\u00a0<\/b><\/p>\n<p><span style=\"font-weight: 400;\">Tens dret a accedir a les teves dades personals, demanar que les corregim si s\u00f3n incorrectes o incomplets, sol\u00b7licitar que les eliminem, limitar-ne l&#039;\u00fas, oposar-te que les tractem o demanar que te&#039;ls enviem (portabilitat). Pots exercir aquests drets en qualsevol moment escrivint a: <\/span><a href=\"mailto:info@fundacionporlajusticia.org\"><span style=\"font-weight: 400;\">info@fundacionporlajusticia.org<\/span><\/a><span style=\"font-weight: 400;\">. Un cop rebuda la teva sol\u00b7licitud, et respondrem dins el termini legal. Si no est\u00e0s satisfet\/a amb la nostra resposta o consideres que els teus drets no han estat respectats, pots presentar una reclamaci\u00f3 davant de l&#039;Ag\u00e8ncia Espanyola de Protecci\u00f3 de Dades:<\/span><a href=\"http:\/\/www.aepd.es\"> <span style=\"font-weight: 400;\">www.aepd.es<\/span><\/a><span style=\"font-weight: 400;\">.<\/span><\/p>\n<p>&nbsp;<\/p>","protected":false},"excerpt":{"rendered":"<p>\u00bfQui\u00e9n es el responsable del tratamiento de tus datos?\u00a0 Fundaci\u00f3n por la Justicia de la Comunitat Valenciana con CIF G96356290 y sede en c\/ Ripalda, 16 Bajo de Val\u00e8ncia 46003. &nbsp; \u00bfPara qu\u00e9 utilizamos tus datos personales? Los datos personales que nos facilitas se tratar\u00e1n con la finalidad exclusiva de gestionar tu participaci\u00f3n en actividades, [&hellip;]<\/p>\n","protected":false},"author":2,"featured_media":0,"parent":0,"menu_order":0,"comment_status":"closed","ping_status":"closed","template":"","meta":{"_et_pb_use_builder":"","_et_pb_old_content":"","_et_gb_content_width":"","_uf_show_specific_survey":0,"_uf_disable_surveys":false,"footnotes":""},"class_list":["post-12868","page","type-page","status-publish","hentry"],"aioseo_notices":[],"_links":{"self":[{"href":"https:\/\/fundacionporlajusticia.org\/va\/wp-json\/wp\/v2\/pages\/12868","targetHints":{"allow":["GET"]}}],"collection":[{"href":"https:\/\/fundacionporlajusticia.org\/va\/wp-json\/wp\/v2\/pages"}],"about":[{"href":"https:\/\/fundacionporlajusticia.org\/va\/wp-json\/wp\/v2\/types\/page"}],"author":[{"embeddable":true,"href":"https:\/\/fundacionporlajusticia.org\/va\/wp-json\/wp\/v2\/users\/2"}],"replies":[{"embeddable":true,"href":"https:\/\/fundacionporlajusticia.org\/va\/wp-json\/wp\/v2\/comments?post=12868"}],"version-history":[{"count":2,"href":"https:\/\/fundacionporlajusticia.org\/va\/wp-json\/wp\/v2\/pages\/12868\/revisions"}],"predecessor-version":[{"id":12870,"href":"https:\/\/fundacionporlajusticia.org\/va\/wp-json\/wp\/v2\/pages\/12868\/revisions\/12870"}],"wp:attachment":[{"href":"https:\/\/fundacionporlajusticia.org\/va\/wp-json\/wp\/v2\/media?parent=12868"}],"curies":[{"name":"wp","href":"https:\/\/api.w.org\/{rel}","templated":true}]}}