{"id":12284,"date":"2024-07-16T14:46:59","date_gmt":"2024-07-16T14:46:59","guid":{"rendered":"https:\/\/fundacionporlajusticia.org\/?page_id=12284"},"modified":"2024-07-17T11:13:30","modified_gmt":"2024-07-17T11:13:30","slug":"2023-edicion-xiv","status":"publish","type":"page","link":"https:\/\/fundacionporlajusticia.org\/va\/humansfest\/2023-edicion-xiv\/","title":{"rendered":"2023 \u2013 Edici\u00f3 XIV"},"content":{"rendered":"<p>[et_pb_section fb_built=\u00bb1&#8243; _builder_version=\u00bb4.16&#8243; _module_preset=\u00bbdefault\u00bb global_colors_info=\u00bb{}\u00bb][et_pb_row _builder_version=\u00bb4.16&#8243; _module_preset=\u00bbdefault\u00bb global_colors_info=\u00bb{}\u00bb][et_pb_column type=\u00bb4_4&#8243; _builder_version=\u00bb4.16&#8243; _module_preset=\u00bbdefault\u00bb global_colors_info=\u00bb{}\u00bb][et_pb_text _builder_version=\u00bb4.26.1&#8243; _module_preset=\u00bbdefault\u00bb global_colors_info=\u00bb{}\u00bb]<\/p>\n<h1><strong>2023 &#8211; Edici\u00f3n XIV<\/strong><\/h1>\n<p>[\/et_pb_text][\/et_pb_column][\/et_pb_row][et_pb_row column_structure=\u00bb3_5,2_5&#8243; _builder_version=\u00bb4.16&#8243; _module_preset=\u00bbdefault\u00bb global_colors_info=\u00bb{}\u00bb][et_pb_column type=\u00bb3_5&#8243; _builder_version=\u00bb4.16&#8243; _module_preset=\u00bbdefault\u00bb global_colors_info=\u00bb{}\u00bb][et_pb_text _builder_version=\u00bb4.26.1&#8243; _module_preset=\u00bbdefault\u00bb link_font=\u00bb|700|||on|||#635b54|\u00bb link_text_color=\u00bb#635b54&#8243; link_font_size=\u00bb17px\u00bb link_letter_spacing=\u00bb4px\u00bb link_line_height=\u00bb2em\u00bb hover_enabled=\u00bb0&#8243; global_colors_info=\u00bb{}\u00bb sticky_enabled=\u00bb0&#8243;]<\/p>\n<p><a href=\"https:\/\/fundacionporlajusticia.org\/humansfest\/programacion-2023\/\" target=\"_blank\" rel=\"noopener\">Programa<\/a><\/p>\n<p><a href=\"https:\/\/fundacionporlajusticia.org\/la-perspectiva-de-genero-en-la-defensa-de-los-derechos-humanos-protagonizara-la-xiv-edicion-de-humans-fest\/\" target=\"_blank\" rel=\"noopener\">Tem\u00e1tica e info de la edici\u00f3n<\/a><\/p>\n<p><a href=\"https:\/\/fundacionporlajusticia.org\/humansfest\/invitadas-especiales\/\" target=\"_blank\" rel=\"noopener\">Invitadas especiales<\/a><\/p>\n<p><a href=\"https:\/\/fundacionporlajusticia.org\/el-festival-humans-fest-entrega-su-premio-honorifico-de-2023-a-la-directora-isabel-coixet\/\" target=\"_blank\" rel=\"noopener\">Premio honor\u00edfico a Isabel Coixet<\/a><\/p>\n<p><a href=\"https:\/\/fundacionporlajusticia.org\/el-festival-de-cine-humans-fest-y-la-aecid-organizan-proyecciones-en-20-paises-para-promover-la-defensa-de-los-derechos-humanos-a-traves-del-cine\/\" target=\"_blank\" rel=\"noopener\">Ciclo \u00abUn mundo en movimiento\u00bb con AECID<\/a><\/p>\n<p><a href=\"https:\/\/fundacionporlajusticia.org\/humans-fest-inaugura-una-exposicion-de-la-fotoperiodista-eva-manez-sobre-las-movilizaciones-feministas-en-valencia\/\" target=\"_blank\" rel=\"noopener\">Exposici\u00f3n de foto<\/a><\/p>\n<p><a href=\"https:\/\/fundacionporlajusticia.org\/humansfest\/el-festival\/premios-y-jurados-2023\/\" target=\"_blank\" rel=\"noopener\">Premios y jurado<\/a><\/p>\n<p><a href=\"https:\/\/fundacionporlajusticia.org\/humans-fest-lleva-la-reflexion-sobre-derechos-humanos-a-quesa-como-festival-invitado-de-enclave-cinema\/\" target=\"_blank\" rel=\"noopener\">Participaci\u00f3n en Enclave Cinema<\/a><\/p>\n<p><a href=\"https:\/\/fundacionporlajusticia.org\/humans-fest-pone-en-marcha-su-primer-laboratorio-de-creacion-audiovisual-sobre-derechos-humanos\/\" target=\"_blank\" rel=\"noopener\">I edici\u00f3n de Humans Lab<\/a><\/p>\n<p><a href=\"https:\/\/fundacionporlajusticia.org\/wp-content\/uploads\/2024\/07\/Memoria-2023.pdf\" target=\"_blank\" rel=\"noopener\">Memoria de actividades<\/a><\/p>\n<p>[\/et_pb_text][\/et_pb_column][et_pb_column type=\u00bb2_5&#8243; _builder_version=\u00bb4.16&#8243; _module_preset=\u00bbdefault\u00bb global_colors_info=\u00bb{}\u00bb][et_pb_image src=\u00bbhttps:\/\/fundacionporlajusticia.org\/wp-content\/uploads\/2023\/05\/IG.jpg\u00bb alt=\u00bbCartel del Humans Fest 2023. Del 1 al 10 de Juny\u00bb title_text=\u00bbCartel del Humans Fest 2023. Del 1 al 10 de Juny\u00bb _builder_version=\u00bb4.26.1&#8243; _module_preset=\u00bbdefault\u00bb global_colors_info=\u00bb{}\u00bb][\/et_pb_image][\/et_pb_column][\/et_pb_row][\/et_pb_section]<\/p>\n","protected":false},"excerpt":{"rendered":"<p>2023 \u2013 Edici\u00f3 XIV Programa Tem\u00e0tica i info de l&#039;edici\u00f3 Convidades especials Premi honor\u00edfic a Isabel Coixet Cicle \u00abUn m\u00f3n en moviment\u00bb amb AECID Exposici\u00f3 de foto Premis i jurat Participaci\u00f3 a Enclavament Cinema I edici\u00f3 d&#039;Humans Lab Mem\u00f2ria d&#039;activitats<\/p>","protected":false},"author":2,"featured_media":0,"parent":442,"menu_order":0,"comment_status":"closed","ping_status":"closed","template":"","meta":{"_et_pb_use_builder":"on","_et_pb_old_content":"<p>[et_pb_section fb_built=\"1\" _builder_version=\"4.16\" _module_preset=\"default\" global_colors_info=\"{}\"][et_pb_row _builder_version=\"4.16\" _module_preset=\"default\" global_colors_info=\"{}\"][et_pb_column type=\"4_4\" _builder_version=\"4.16\" _module_preset=\"default\" global_colors_info=\"{}\"][et_pb_text _builder_version=\"4.26.1\" _module_preset=\"default\" hover_enabled=\"0\" sticky_enabled=\"0\"]<\/p><h1><strong>2022 - Edici\u00f3n XIII<\/strong><\/h1><p>[\/et_pb_text][\/et_pb_column][\/et_pb_row][et_pb_row column_structure=\"3_5,2_5\" _builder_version=\"4.16\" _module_preset=\"default\" global_colors_info=\"{}\"][et_pb_column type=\"3_5\" _builder_version=\"4.16\" _module_preset=\"default\" global_colors_info=\"{}\"][et_pb_text _builder_version=\"4.26.1\" _module_preset=\"default\" link_font=\"|700|||on|||#635b54|\" link_text_color=\"#635b54\" link_font_size=\"17px\" link_letter_spacing=\"4px\" link_line_height=\"2em\" hover_enabled=\"0\" global_colors_info=\"{}\" sticky_enabled=\"0\"]<\/p><p><a href=\"https:\/\/fundacionporlajusticia.org\/humansfest\/programa-humans-fest-2022\/\" target=\"_blank\" rel=\"noopener\">Programa<\/a><\/p><p><a href=\"https:\/\/fundacionporlajusticia.org\/humans-fest-valencia-peliculas-documentales\/\" target=\"_blank\" rel=\"noopener\">Tem\u00e1tica e info de la edici\u00f3n<\/a><\/p><p><a href=\"https:\/\/fundacionporlajusticia.org\/la-exposicion-de-fotoperiodismo-marcats-per-lodi-llega-a-valencia-de-la-mano-de-humans-fest\/\" target=\"_blank\" rel=\"noopener\">Exposici\u00f3n de foto<\/a><\/p><p><a href=\"https:\/\/fundacionporlajusticia.org\/las-directoras-mijke-de-jong-y-roser-corella-ganadoras-de-la-seccion-oficial-de-largometrajes-del-xiii-humans-fest\/\" target=\"_blank\" rel=\"noopener\">Premios<\/a><\/p><p>[\/et_pb_text][\/et_pb_column][et_pb_column type=\"2_5\" _builder_version=\"4.16\" _module_preset=\"default\" global_colors_info=\"{}\"][et_pb_image src=\"https:\/\/fundacionporlajusticia.org\/wp-content\/uploads\/2024\/07\/Cartel-Humans-Fest-2022.jpg\" _builder_version=\"4.26.1\" _module_preset=\"default\" title_text=\"Cartel Humans Fest 2022\" hover_enabled=\"0\" sticky_enabled=\"0\"][\/et_pb_image][\/et_pb_column][\/et_pb_row][\/et_pb_section]<\/p>","_et_gb_content_width":"","_uf_show_specific_survey":0,"_uf_disable_surveys":false,"footnotes":""},"class_list":["post-12284","page","type-page","status-publish","hentry"],"aioseo_notices":[],"_links":{"self":[{"href":"https:\/\/fundacionporlajusticia.org\/va\/wp-json\/wp\/v2\/pages\/12284","targetHints":{"allow":["GET"]}}],"collection":[{"href":"https:\/\/fundacionporlajusticia.org\/va\/wp-json\/wp\/v2\/pages"}],"about":[{"href":"https:\/\/fundacionporlajusticia.org\/va\/wp-json\/wp\/v2\/types\/page"}],"author":[{"embeddable":true,"href":"https:\/\/fundacionporlajusticia.org\/va\/wp-json\/wp\/v2\/users\/2"}],"replies":[{"embeddable":true,"href":"https:\/\/fundacionporlajusticia.org\/va\/wp-json\/wp\/v2\/comments?post=12284"}],"version-history":[{"count":5,"href":"https:\/\/fundacionporlajusticia.org\/va\/wp-json\/wp\/v2\/pages\/12284\/revisions"}],"predecessor-version":[{"id":12295,"href":"https:\/\/fundacionporlajusticia.org\/va\/wp-json\/wp\/v2\/pages\/12284\/revisions\/12295"}],"up":[{"embeddable":true,"href":"https:\/\/fundacionporlajusticia.org\/va\/wp-json\/wp\/v2\/pages\/442"}],"wp:attachment":[{"href":"https:\/\/fundacionporlajusticia.org\/va\/wp-json\/wp\/v2\/media?parent=12284"}],"curies":[{"name":"wp","href":"https:\/\/api.w.org\/{rel}","templated":true}]}}