{"id":12278,"date":"2024-07-16T14:31:14","date_gmt":"2024-07-16T14:31:14","guid":{"rendered":"https:\/\/fundacionporlajusticia.org\/?page_id=12278"},"modified":"2024-07-17T11:12:36","modified_gmt":"2024-07-17T11:12:36","slug":"2022-edicion-xiii","status":"publish","type":"page","link":"https:\/\/fundacionporlajusticia.org\/va\/humansfest\/2022-edicion-xiii\/","title":{"rendered":"2022 \u2013 Edici\u00f3 XIII"},"content":{"rendered":"<p>[et_pb_section fb_built=\u00bb1&#8243; _builder_version=\u00bb4.16&#8243; _module_preset=\u00bbdefault\u00bb global_colors_info=\u00bb{}\u00bb][et_pb_row _builder_version=\u00bb4.16&#8243; _module_preset=\u00bbdefault\u00bb global_colors_info=\u00bb{}\u00bb][et_pb_column type=\u00bb4_4&#8243; _builder_version=\u00bb4.16&#8243; _module_preset=\u00bbdefault\u00bb global_colors_info=\u00bb{}\u00bb][et_pb_text _builder_version=\u00bb4.26.1&#8243; _module_preset=\u00bbdefault\u00bb global_colors_info=\u00bb{}\u00bb]<\/p>\n<h1><strong>2022 &#8211; Edici\u00f3n XIII<\/strong><\/h1>\n<p>[\/et_pb_text][\/et_pb_column][\/et_pb_row][et_pb_row column_structure=\u00bb3_5,2_5&#8243; _builder_version=\u00bb4.16&#8243; _module_preset=\u00bbdefault\u00bb global_colors_info=\u00bb{}\u00bb][et_pb_column type=\u00bb3_5&#8243; _builder_version=\u00bb4.16&#8243; _module_preset=\u00bbdefault\u00bb global_colors_info=\u00bb{}\u00bb][et_pb_text _builder_version=\u00bb4.26.1&#8243; _module_preset=\u00bbdefault\u00bb link_font=\u00bb|700|||on|||#635b54|\u00bb link_text_color=\u00bb#635b54&#8243; link_font_size=\u00bb17px\u00bb link_letter_spacing=\u00bb4px\u00bb link_line_height=\u00bb2em\u00bb hover_enabled=\u00bb0&#8243; global_colors_info=\u00bb{}\u00bb sticky_enabled=\u00bb0&#8243;]<\/p>\n<p><a href=\"https:\/\/fundacionporlajusticia.org\/humansfest\/programa-humans-fest-2022\/\" target=\"_blank\" rel=\"noopener\">Programa<\/a><\/p>\n<p><a href=\"https:\/\/fundacionporlajusticia.org\/humans-fest-valencia-peliculas-documentales\/\" target=\"_blank\" rel=\"noopener\">Tem\u00e1tica e info de la edici\u00f3n<\/a><\/p>\n<p><a href=\"https:\/\/fundacionporlajusticia.org\/la-exposicion-de-fotoperiodismo-marcats-per-lodi-llega-a-valencia-de-la-mano-de-humans-fest\/\" target=\"_blank\" rel=\"noopener\">Exposici\u00f3n de foto<\/a><\/p>\n<p><a href=\"https:\/\/fundacionporlajusticia.org\/las-directoras-mijke-de-jong-y-roser-corella-ganadoras-de-la-seccion-oficial-de-largometrajes-del-xiii-humans-fest\/\" target=\"_blank\" rel=\"noopener\">Premios<\/a><\/p>\n<p><a href=\"https:\/\/fundacionporlajusticia.org\/wp-content\/uploads\/2024\/07\/Memoria-2022.pdf\" target=\"_blank\" rel=\"noopener\">Memoria de actividades<\/a><\/p>\n<p>[\/et_pb_text][\/et_pb_column][et_pb_column type=\u00bb2_5&#8243; _builder_version=\u00bb4.16&#8243; _module_preset=\u00bbdefault\u00bb global_colors_info=\u00bb{}\u00bb][et_pb_image src=\u00bbhttps:\/\/fundacionporlajusticia.org\/wp-content\/uploads\/2024\/07\/Cartel-Humans-Fest-2022.jpg\u00bb title_text=\u00bbCartel Humans Fest 2022&#8243; _builder_version=\u00bb4.26.1&#8243; _module_preset=\u00bbdefault\u00bb global_colors_info=\u00bb{}\u00bb][\/et_pb_image][\/et_pb_column][\/et_pb_row][\/et_pb_section]<\/p>\n","protected":false},"excerpt":{"rendered":"<p>2022 - Edici\u00f3 XIII Programa Tem\u00e0tica i info de l&#039;edici\u00f3 Exposici\u00f3 de foto Premis Mem\u00f2ria d&#039;activitats<\/p>","protected":false},"author":2,"featured_media":0,"parent":442,"menu_order":0,"comment_status":"closed","ping_status":"closed","template":"","meta":{"_et_pb_use_builder":"on","_et_pb_old_content":"<p>[et_pb_section fb_built=\"1\" _builder_version=\"4.15.1\" _module_preset=\"default\" global_colors_info=\"{}\"][et_pb_row _builder_version=\"4.15.1\" _module_preset=\"default\" global_colors_info=\"{}\"][et_pb_column type=\"4_4\" _builder_version=\"4.15.1\" _module_preset=\"default\" global_colors_info=\"{}\"][et_pb_post_title _builder_version=\"4.15.1\" _module_preset=\"default\" hover_enabled=\"0\" global_colors_info=\"{}\" meta=\"off\" featured_image=\"off\" border_color_bottom=\"#635b54\" border_width_bottom=\"1px\" sticky_enabled=\"0\"][\/et_pb_post_title][\/et_pb_column][\/et_pb_row][et_pb_row column_structure=\"3_5,2_5\" _builder_version=\"4.15.1\" _module_preset=\"default\" global_colors_info=\"{}\"][et_pb_column type=\"3_5\" _builder_version=\"4.15.1\" _module_preset=\"default\" global_colors_info=\"{}\"][et_pb_text _builder_version=\"4.15.1\" _module_preset=\"default\" link_font=\"|700|||on|||#635b54|\" link_text_color=\"#635b54\" link_line_height=\"2em\" hover_enabled=\"0\" global_colors_info=\"{}\" link_letter_spacing=\"4px\" link_font_size=\"17px\" sticky_enabled=\"0\"]<\/p><p><a href=\"https:\/\/fundacionporlajusticia.org\/2021-x-edicion\/calendario-2021\/\">Calendario 2021<\/a><br \/><a href=\"https:\/\/fundacionporlajusticia.org\/2021-x-edicion\/programacion-2021\/\">Programaci\u00f3n 2021<\/a><br \/><a href=\"https:\/\/fundacionporlajusticia.org\/2021-x-edicion\/2021-seccion-oficial-largometrajes\/\">Secci\u00f3n largometrajes 2021<\/a><br \/><a href=\"https:\/\/fundacionporlajusticia.org\/2021-x-edicion\/humans-vlc\/\">Humans VLC 2021<\/a><br \/><a href=\"https:\/\/fundacionporlajusticia.org\/el-festival-2\/entidadescolaboradoras\/\">Colaboradores<\/a><\/p><p>[\/et_pb_text][\/et_pb_column][et_pb_column type=\"2_5\" _builder_version=\"4.15.1\" _module_preset=\"default\" global_colors_info=\"{}\"][et_pb_image src=\"https:\/\/fundacionporlajusticia.org\/wp-content\/uploads\/2022\/01\/cartell-humans-fest-2021.jpg\" title_text=\"cartell-humans-fest-2021\" _builder_version=\"4.15.1\" _module_preset=\"default\" global_colors_info=\"{}\"][\/et_pb_image][\/et_pb_column][\/et_pb_row][\/et_pb_section]<\/p>","_et_gb_content_width":"","_uf_show_specific_survey":0,"_uf_disable_surveys":false,"footnotes":""},"class_list":["post-12278","page","type-page","status-publish","hentry"],"aioseo_notices":[],"_links":{"self":[{"href":"https:\/\/fundacionporlajusticia.org\/va\/wp-json\/wp\/v2\/pages\/12278","targetHints":{"allow":["GET"]}}],"collection":[{"href":"https:\/\/fundacionporlajusticia.org\/va\/wp-json\/wp\/v2\/pages"}],"about":[{"href":"https:\/\/fundacionporlajusticia.org\/va\/wp-json\/wp\/v2\/types\/page"}],"author":[{"embeddable":true,"href":"https:\/\/fundacionporlajusticia.org\/va\/wp-json\/wp\/v2\/users\/2"}],"replies":[{"embeddable":true,"href":"https:\/\/fundacionporlajusticia.org\/va\/wp-json\/wp\/v2\/comments?post=12278"}],"version-history":[{"count":4,"href":"https:\/\/fundacionporlajusticia.org\/va\/wp-json\/wp\/v2\/pages\/12278\/revisions"}],"predecessor-version":[{"id":12294,"href":"https:\/\/fundacionporlajusticia.org\/va\/wp-json\/wp\/v2\/pages\/12278\/revisions\/12294"}],"up":[{"embeddable":true,"href":"https:\/\/fundacionporlajusticia.org\/va\/wp-json\/wp\/v2\/pages\/442"}],"wp:attachment":[{"href":"https:\/\/fundacionporlajusticia.org\/va\/wp-json\/wp\/v2\/media?parent=12278"}],"curies":[{"name":"wp","href":"https:\/\/api.w.org\/{rel}","templated":true}]}}