{"id":1040,"date":"2015-09-17T11:45:41","date_gmt":"2015-09-17T11:45:41","guid":{"rendered":"https:\/\/humansfest.com\/?page_id=1040"},"modified":"2022-03-21T17:11:44","modified_gmt":"2022-03-21T17:11:44","slug":"seccion-oficial-3","status":"publish","type":"page","link":"https:\/\/fundacionporlajusticia.org\/va\/humansfest\/2016-vii-edicion\/seccion-oficial-3\/","title":{"rendered":"EDICI\u00d3 2016 SECCI\u00d3 OFICIAL LLARGMETRATGES"},"content":{"rendered":"<blockquote>\n<h3><a href=\"https:\/\/fundacionporlajusticia.org\/va\/bikes-vs-cars\/\">BIKE VS CARS<br \/>\n<\/a><a href=\"https:\/\/fundacionporlajusticia.org\/va\/bikes-vs-cars\/\"><img loading=\"lazy\" decoding=\"async\" class=\"alignleft wp-image-1041 size-thumbnail\" src=\"https:\/\/fundacionporlajusticia.org\/wp-content\/uploads\/2015\/09\/descarga-150x150.jpeg\" alt=\"descarga\" width=\"150\" height=\"150\" \/><\/a><\/h3>\n<p><strong>Director: <\/strong>Fredrik Gertten<\/p>\n<p>Su\u00e8cia 2015<\/p>\n<p>91min.<\/p>\n<p><strong>Idioma:<\/strong>\u00a0angl\u00e8s, portugu\u00e8s amb subt\u00edtols en castell\u00e0.<\/p><\/blockquote>\n<blockquote>\n<h3><a href=\"https:\/\/fundacionporlajusticia.org\/va\/boxing-for-freedom\/\" target=\"_blank\" rel=\"noopener\">BOXING FOR FREEDOM<\/a><\/h3>\n<h3><a href=\"https:\/\/fundacionporlajusticia.org\/va\/boxing-for-freedom\/\"><img loading=\"lazy\" decoding=\"async\" class=\"alignleft wp-image-1045 size-thumbnail\" src=\"https:\/\/fundacionporlajusticia.org\/wp-content\/uploads\/2015\/09\/boxingforfreedom_1-150x150.jpg\" alt=\"boxingforfreedom_1\" width=\"150\" height=\"150\" \/><\/a><\/h3>\n<p><strong>Directors:<\/strong> Juan Antonio Moreno Amador, Silvia Venegas<\/p>\n<p>Espanya<strong>\u00a0<\/strong>2015<\/p>\n<p>74 min<\/p>\n<p><strong>Idioma:<\/strong> Dari, Angl\u00e8s amb subt\u00edtols en castell\u00e0<\/p><\/blockquote>\n<h3><\/h3>\n<blockquote>\n<h3><a href=\"https:\/\/fundacionporlajusticia.org\/va\/a-quiet-inquisition\/\" target=\"_blank\" rel=\"noopener\">A QUIET INQUISITION<\/a><br \/>\n<a href=\"https:\/\/fundacionporlajusticia.org\/va\/a-quiet-inquisition\/\"><img loading=\"lazy\" decoding=\"async\" class=\"alignleft wp-image-1046 size-thumbnail\" src=\"https:\/\/fundacionporlajusticia.org\/wp-content\/uploads\/2015\/09\/9bed5a_027d968491da4172bc65a72e70b56950.jpg_srb_p_1788_1006_75_22_0.50_1.20_0.00_jpg_srb.00_jpg_srb-150x150.jpg\" alt=\"9bed5a_027d968491da4172bc65a72e70b56950.jpg_srb_p_1788_1006_75_22_0.50_1.20_0.00_jpg_srb.00_jpg_srb\" width=\"150\" height=\"150\" \/><\/a><\/h3>\n<p><strong>Directors:\u00a0<\/strong>Alessandra Zeka, Holen Sabrina Kahn<\/p>\n<p>USA 2014<\/p>\n<p>65 min<\/p>\n<p><strong>Idioma:<\/strong>\u00a0Espanyol<\/p><\/blockquote>\n<h3><\/h3>\n<blockquote>\n<h3><a href=\"https:\/\/fundacionporlajusticia.org\/va\/toto-and-his-sisters\/\" target=\"_blank\" rel=\"noopener\">TOT AND HIS SISTERS<\/a><\/h3>\n<h3><a href=\"https:\/\/fundacionporlajusticia.org\/va\/toto-and-his-sisters\/\"><img loading=\"lazy\" decoding=\"async\" class=\"alignleft wp-image-1047 size-thumbnail\" src=\"https:\/\/fundacionporlajusticia.org\/wp-content\/uploads\/2015\/09\/toto_and_his_sisters_1-150x150.jpg\" alt=\"toto_and_his_sisters_1\" width=\"150\" height=\"150\" \/><\/a><\/h3>\n<p><strong>Director: <\/strong>Alexander Nanau<\/p>\n<p>Romania 2014<\/p>\n<p>93 min<\/p>\n<p><strong>Idioma:<\/strong>\u00a0Roman\u00e8s amb subt\u00edtols en espanyol<\/p><\/blockquote>\n<h3><\/h3>\n<blockquote>\n<h3><a href=\"https:\/\/fundacionporlajusticia.org\/va\/children-404-not-found\/\" target=\"_blank\" rel=\"noopener\">XILDREN 404 NOT FOUND<\/a><\/h3>\n<h3><a href=\"https:\/\/fundacionporlajusticia.org\/va\/children-404-not-found\/\"><img loading=\"lazy\" decoding=\"async\" class=\"alignleft wp-image-1048 size-thumbnail\" src=\"https:\/\/fundacionporlajusticia.org\/wp-content\/uploads\/2015\/09\/Children_404_3-150x150.jpg\" alt=\"Children_404_3\" width=\"150\" height=\"150\" \/><\/a><\/h3>\n<p><strong>Director: <\/strong>Pavel Loparev, Askold Kurov<\/p>\n<p>R\u00fassia 2014<\/p>\n<p>70 min<\/p>\n<p><strong>Idioma:<\/strong>\u00a0Rus amb subt\u00edtols en espanyol<\/p>\n<p>&nbsp;<\/p><\/blockquote>\n<h3><\/h3>\n<blockquote>\n<h3><a href=\"https:\/\/fundacionporlajusticia.org\/va\/five-days-to-dance\/\" target=\"_blank\" rel=\"noopener\">FIVE DAYS TO DANCE<\/a><\/h3>\n<h3><a href=\"https:\/\/fundacionporlajusticia.org\/va\/five-days-to-dance\/\"><img loading=\"lazy\" decoding=\"async\" class=\"alignleft size-thumbnail wp-image-1049\" src=\"https:\/\/fundacionporlajusticia.org\/wp-content\/uploads\/2015\/09\/24-150x150.jpg\" alt=\"24\" width=\"150\" height=\"150\" \/><\/a><\/h3>\n<p><strong>Director: <\/strong>Rafa Mol\u00e9s, Pepe Andreu<\/p>\n<p>Espanya 2014<\/p>\n<p>77 min<\/p>\n<p><strong>Idioma:\u00a0<\/strong>Espanyol, angl\u00e8s, alemany i \u00e8uscar amb subt\u00edtols en castell\u00e0<\/p><\/blockquote>\n<h3><\/h3>\n<h3><\/h3>\n<blockquote>\n<h3><a href=\"https:\/\/fundacionporlajusticia.org\/va\/io-sto-con-la-sposa\/\" target=\"_blank\" rel=\"noopener\">IO STO AMB LA SPOSA<\/a><\/h3>\n<h3><a href=\"https:\/\/fundacionporlajusticia.org\/va\/io-sto-con-la-sposa\/\"><img loading=\"lazy\" decoding=\"async\" class=\"alignleft size-thumbnail wp-image-1122\" src=\"https:\/\/fundacionporlajusticia.org\/wp-content\/uploads\/2015\/09\/io-sto-con-la-sposa-150x150.jpg\" alt=\"io sto con la sposa\" width=\"150\" height=\"150\" \/><\/a><\/h3>\n<p><strong>Director: <\/strong>Antonio Augugliaro, Gabriele Del Gran, Khaled Soliman Al Nassiry.<\/p>\n<p>It\u00e0lia 2014<\/p>\n<p>98 min<\/p>\n<p><strong>Idioma: <\/strong>\u00c0rab, itali\u00e0, angl\u00e8s amb subt\u00edtols en espanyol<\/p><\/blockquote>\n<blockquote>\n<h3><a href=\"https:\/\/fundacionporlajusticia.org\/es\/labri\/\">L&#039;ABRI<\/a><\/h3>\n<h3><a href=\"https:\/\/fundacionporlajusticia.org\/es\/labri\/ \"><img loading=\"lazy\" decoding=\"async\" class=\"alignleft wp-image-2515 size-thumbnail\" src=\"https:\/\/fundacionporlajusticia.org\/wp-content\/uploads\/2015\/09\/l_labri-1-150x150.jpg\" alt=\"l_labri-1\" width=\"150\" height=\"150\" \/><\/a><\/h3>\n<p><strong>Director:\u00a0<\/strong>Fernand Melgar.<\/p>\n<p>Su\u00efssa 2014<\/p>\n<p>101 min<\/p>\n<p><strong>Idioma: <\/strong>Franc\u00e8s amb subt\u00edtols en espanyol<\/p><\/blockquote>\n<blockquote>\n<h3><a href=\"https:\/\/fundacionporlajusticia.org\/es\/llevate-a-mis-amores\/\" target=\"_blank\" rel=\"noopener\">EMPORTA&#039;T ALS MEUS AMORS<\/a><\/h3>\n<h3><a href=\"https:\/\/fundacionporlajusticia.org\/es\/llevate-a-mis-amores\/\"><img loading=\"lazy\" decoding=\"async\" class=\"alignleft wp-image-2516 size-thumbnail\" src=\"https:\/\/fundacionporlajusticia.org\/wp-content\/uploads\/2015\/09\/foto3llevate-mis-amores-150x150.jpg\" alt=\"foto3llevate-mis-amores\" width=\"150\" height=\"150\" \/><\/a><\/h3>\n<p><strong>Director: <\/strong>Arturo Gonz\u00e1lez Villasenyor<\/p>\n<p>Espanya 2014<\/p>\n<p>90 min<\/p>\n<p><strong>Idioma: <\/strong>Espanyol<\/p><\/blockquote>\n<h3><\/h3>\n<blockquote>\n<h3><a href=\"https:\/\/fundacionporlajusticia.org\/es\/la-granja-del-paso\/\" target=\"_blank\" rel=\"noopener\">LA GRANJA DEL PAS<\/a><\/h3>\n<p><strong><a href=\"https:\/\/fundacionporlajusticia.org\/es\/la-granja-del-paso\/\" target=\"_blank\" rel=\"noopener\"><img loading=\"lazy\" decoding=\"async\" class=\"alignleft wp-image-3156 size-thumbnail\" src=\"https:\/\/fundacionporlajusticia.org\/wp-content\/uploads\/2015\/09\/la-granja-del-pas-150x150.jpg\" alt=\"la granja del pas\" width=\"150\" height=\"150\" \/><\/a>Director: <\/strong>Silvia Munt<\/p>\n<p>Espanya 2015<\/p>\n<p>80 min<\/p>\n<p><strong>Idioma:\u00a0<\/strong>Catal\u00e0 i espanyol<\/p><\/blockquote>","protected":false},"excerpt":{"rendered":"<p>BIKE VS CARS Director: Fredrik Gertten Suecia 2015 91min. Idioma:\u00a0ingl\u00e9s, portugu\u00e9s con subt\u00edtulos en castellano. BOXING FOR FREEDOM Directores: Juan Antonio Moreno Amador, Silvia Venegas Espa\u00f1a\u00a02015 74 min Idioma: Dari, Ingl\u00e9s con subt\u00edtulos en castellano A QUIET INQUISITION Directores:\u00a0Alessandra Zeka, Holen Sabrina Kahn USA 2014 65\u00a0min Idioma:\u00a0Espa\u00f1ol TOTO AND HIS SISTERS Director: Alexander Nanau Rumania\u00a02014 [&hellip;]<\/p>\n","protected":false},"author":2,"featured_media":0,"parent":3322,"menu_order":1,"comment_status":"closed","ping_status":"closed","template":"","meta":{"_et_pb_use_builder":"","_et_pb_old_content":"","_et_gb_content_width":"","_uf_show_specific_survey":0,"_uf_disable_surveys":false,"footnotes":""},"class_list":["post-1040","page","type-page","status-publish","hentry"],"aioseo_notices":[],"_links":{"self":[{"href":"https:\/\/fundacionporlajusticia.org\/va\/wp-json\/wp\/v2\/pages\/1040","targetHints":{"allow":["GET"]}}],"collection":[{"href":"https:\/\/fundacionporlajusticia.org\/va\/wp-json\/wp\/v2\/pages"}],"about":[{"href":"https:\/\/fundacionporlajusticia.org\/va\/wp-json\/wp\/v2\/types\/page"}],"author":[{"embeddable":true,"href":"https:\/\/fundacionporlajusticia.org\/va\/wp-json\/wp\/v2\/users\/2"}],"replies":[{"embeddable":true,"href":"https:\/\/fundacionporlajusticia.org\/va\/wp-json\/wp\/v2\/comments?post=1040"}],"version-history":[{"count":7,"href":"https:\/\/fundacionporlajusticia.org\/va\/wp-json\/wp\/v2\/pages\/1040\/revisions"}],"predecessor-version":[{"id":3532,"href":"https:\/\/fundacionporlajusticia.org\/va\/wp-json\/wp\/v2\/pages\/1040\/revisions\/3532"}],"up":[{"embeddable":true,"href":"https:\/\/fundacionporlajusticia.org\/va\/wp-json\/wp\/v2\/pages\/3322"}],"wp:attachment":[{"href":"https:\/\/fundacionporlajusticia.org\/va\/wp-json\/wp\/v2\/media?parent=1040"}],"curies":[{"name":"wp","href":"https:\/\/api.w.org\/{rel}","templated":true}]}}