{"id":1029,"date":"2015-09-16T16:09:17","date_gmt":"2015-09-16T16:09:17","guid":{"rendered":"https:\/\/humansfest.com\/?page_id=1029"},"modified":"2022-03-21T15:44:41","modified_gmt":"2022-03-21T15:44:41","slug":"convocatoria2018","status":"publish","type":"page","link":"https:\/\/fundacionporlajusticia.org\/va\/convocatoria2018\/","title":{"rendered":"CONVOCAT\u00d2RIA 2018"},"content":{"rendered":"<blockquote><p>Obrim convocat\u00f2ria per a la Secci\u00f3 Oficial de la novena edici\u00f3 d&#039;HUMANS FEST \u2013 Festival Internacional de Cinema i Drets Humans de Val\u00e8ncia, que tindr\u00e0 lloc del 9 al 18 de febrer del 2018.<\/p><\/blockquote>\n<p><iframe loading=\"lazy\" src=\"https:\/\/www.youtube.com\/embed\/-h1FtERuJxY\" width=\"1040\" height=\"585\" frameborder=\"0\" allowfullscreen=\"allowfullscreen\"><\/iframe><\/p>\n<h1><strong>CONCURS INTERNACIONAL DE LLARGMETRATGES DE CINEMA DOCUMENTAL.<\/strong><\/h1>\n<p>El concurs \u00e9s competitiu i atorga un premi de 3.000 euros al millor llargmetratge, segons les seg\u00fcents normes de la convocat\u00f2ria:<\/p>\n<ul style=\"list-style-type: disc;\">\n<li>Durada m\u00ednima de 55 min.<\/li>\n<li>Ser originals i tractar el tema dels drets humans.<\/li>\n<li>Format projecci\u00f3 DCP (sense KDM), Blu Ray, 35mm.<\/li>\n<li>Treballs realitzats a partir de l&#039;1 de gener del 2016.<\/li>\n<li>G\u00e8nere cinema documental<\/li>\n<\/ul>\n<p>Aquesta secci\u00f3 t\u00e9 una taxa dinscripci\u00f3 de 10\u20ac<\/p>\n<p>Descarrega les <a href=\"https:\/\/fundacionporlajusticia.org\/wp-content\/uploads\/2017\/06\/HUMANS-FEST_bases2018_LARGO.pdf\" target=\"_blank\" rel=\"noopener noreferrer\">Bases convocat\u00f2ria llargmetratges cinema documental.<\/a><\/p>\n<h1><strong>CONCURS INTERNACIONAL DE CURTMETRATGES SOBRE DRET D&#039;ASIL I PERSONES REFUGIADES.<\/strong><\/h1>\n<p>El concurs \u00e9s competitiu i atorga un premi de 500 euros al millor curtmetratge, segons les seg\u00fcents normes de la convocat\u00f2ria:<\/p>\n<ul>\n<li>Durada m\u00e0xima 30 min. Ser originals i tractar el tema dels drets de les persones refugiades i drets d&#039;asil.<\/li>\n<li>Treballs realitzats a partir de l&#039;1 de gener del 2016.<\/li>\n<li>G\u00e8nere ficci\u00f3, documental i animaci\u00f3.<\/li>\n<\/ul>\n<p>Descarrega les <a href=\"https:\/\/fundacionporlajusticia.org\/wp-content\/uploads\/2017\/05\/HUMANS-FEST_bases2018_CORTO_ASILO.pdf\" target=\"_blank\" rel=\"noopener noreferrer\">Bases convocat\u00f2ria curtmetratges Dret Asil i Persones Refugiades<\/a><\/p>\n<p>El termini final per enviar feines \u00e9s el 15 d&#039;octubre 2017.<\/p>\n<p id=\"yui_3_16_0_ym19_1_1496338969037_55584\">L&#039;Organitzaci\u00f3 del Festival posa a disposici\u00f3 unes beques (waivers) per als realitzadors\/es o productores que vegin la taxa com un obstacle per a la inscripci\u00f3. Escriure a <a href=\"mailto:info@humansfest.com\" target=\"_blank\" rel=\"noopener noreferrer\">info@humansfest.com<\/a> per a m\u00e9s informaci\u00f3.<\/p>\n<p>Ser\u00e0 possible inscriure&#039;s a trav\u00e9s de les plataformes Movibeta i Festhome.<\/p>\n<table>\n<tbody>\n<tr>\n<td colspan=\"2\">Festhome<\/td>\n<\/tr>\n<tr>\n<td colspan=\"2\"><a href=\"https:\/\/festhome.com\/f\/3080 \"><img loading=\"lazy\" decoding=\"async\" class=\"alignleft wp-image-4918 size-medium\" src=\"https:\/\/fundacionporlajusticia.org\/wp-content\/uploads\/2015\/09\/Festhome-300x75.png\" alt=\"Festhome\" width=\"300\" height=\"75\" \/><\/a><\/td>\n<\/tr>\n<tr>\n<td colspan=\"2\">Movibeta<\/td>\n<\/tr>\n<tr>\n<td>Llargmetratges<\/td>\n<td>Curtmetratges<\/td>\n<\/tr>\n<tr>\n<td><a href=\"http:\/\/festival.movibeta.com\/web\/controllers\/siteController.php?action=12&amp;festival=105\"><img loading=\"lazy\" decoding=\"async\" class=\"alignleft wp-image-4917 size-medium\" src=\"https:\/\/fundacionporlajusticia.org\/wp-content\/uploads\/2015\/09\/banner-movibeta-v2-300x134.gif\" alt=\"banner-movibeta-v2\" width=\"300\" height=\"134\" \/><\/a><\/td>\n<td><a href=\"http:\/\/festival.movibeta.com\/web\/controllers\/siteController.php?action=12&amp;festival=617\"><img loading=\"lazy\" decoding=\"async\" class=\"alignleft wp-image-4917 size-medium\" src=\"https:\/\/fundacionporlajusticia.org\/wp-content\/uploads\/2015\/09\/banner-movibeta-v2-300x134.gif\" alt=\"banner-movibeta-v2\" width=\"300\" height=\"134\" \/><\/a><\/td>\n<\/tr>\n<\/tbody>\n<\/table>\n<p>Per a m\u00e9s informaci\u00f3 <a href=\"mailto:info@humansfest.com\" target=\"_blank\" rel=\"noopener noreferrer\">info@humansfest.com<\/a><\/p>\n<p>&nbsp;<\/p>\n<p>&nbsp;<\/p>","protected":false},"excerpt":{"rendered":"<p>Abrimos convocatoria para la Secci\u00f3n Oficial de la novena edici\u00f3n de HUMANS FEST &#8211; Festival Internacional de Cine y Derechos Humanos de Valencia, que tendr\u00e1 lugar del 9 al 18 de febrero de 2018. CONCURSO INTERNACIONAL DE LARGOMETRAJES DE CINE DOCUMENTAL. El concurso es competitivo y otorga un premio de 3.000 euros al mejor largometraje,\u00a0seg\u00fan [&hellip;]<\/p>\n","protected":false},"author":2,"featured_media":0,"parent":0,"menu_order":4,"comment_status":"closed","ping_status":"closed","template":"","meta":{"_et_pb_use_builder":"","_et_pb_old_content":"","_et_gb_content_width":"","_uf_show_specific_survey":0,"_uf_disable_surveys":false,"footnotes":""},"class_list":["post-1029","page","type-page","status-publish","hentry"],"aioseo_notices":[],"_links":{"self":[{"href":"https:\/\/fundacionporlajusticia.org\/va\/wp-json\/wp\/v2\/pages\/1029","targetHints":{"allow":["GET"]}}],"collection":[{"href":"https:\/\/fundacionporlajusticia.org\/va\/wp-json\/wp\/v2\/pages"}],"about":[{"href":"https:\/\/fundacionporlajusticia.org\/va\/wp-json\/wp\/v2\/types\/page"}],"author":[{"embeddable":true,"href":"https:\/\/fundacionporlajusticia.org\/va\/wp-json\/wp\/v2\/users\/2"}],"replies":[{"embeddable":true,"href":"https:\/\/fundacionporlajusticia.org\/va\/wp-json\/wp\/v2\/comments?post=1029"}],"version-history":[{"count":1,"href":"https:\/\/fundacionporlajusticia.org\/va\/wp-json\/wp\/v2\/pages\/1029\/revisions"}],"predecessor-version":[{"id":3060,"href":"https:\/\/fundacionporlajusticia.org\/va\/wp-json\/wp\/v2\/pages\/1029\/revisions\/3060"}],"wp:attachment":[{"href":"https:\/\/fundacionporlajusticia.org\/va\/wp-json\/wp\/v2\/media?parent=1029"}],"curies":[{"name":"wp","href":"https:\/\/api.w.org\/{rel}","templated":true}]}}