{"id":874,"date":"2015-09-11T10:38:56","date_gmt":"2015-09-11T10:38:56","guid":{"rendered":"https:\/\/humansfest.com\/?page_id=874"},"modified":"2022-03-23T11:55:43","modified_gmt":"2022-03-23T11:55:43","slug":"el_festival","status":"publish","type":"page","link":"https:\/\/fundacionporlajusticia.org\/en\/humansfest\/el_festival\/","title":{"rendered":"HUMANS FEST"},"content":{"rendered":"[et_pb_section fb_built=\u00bb1&#8243; _builder_version=\u00bb4.15&#8243; global_colors_info=\u00bb{}\u00bb][et_pb_row column_structure=\u00bb2_5,3_5&#8243; _builder_version=\u00bb4.15&#8243; background_size=\u00bbinitial\u00bb background_position=\u00bbtop_left\u00bb background_repeat=\u00bbrepeat\u00bb global_colors_info=\u00bb{}\u00bb][et_pb_column type=\u00bb2_5&#8243; _builder_version=\u00bb4.15&#8243; custom_padding=\u00bb|||\u00bb global_colors_info=\u00bb{}\u00bb custom_padding__hover=\u00bb|||\u00bb][et_pb_image src=\u00bbhttps:\/\/fundacionporlajusticia.org\/wp-content\/uploads\/2022\/03\/Difusion.png\u00bb title_text=\u00bbDifusion\u00bb _builder_version=\u00bb4.15.1&#8243; _module_preset=\u00bbdefault\u00bb width=\u00bb93%\u00bb max_width=\u00bb93%\u00bb max_width_tablet=\u00bb93%\u00bb max_width_phone=\u00bb93%\u00bb max_width_last_edited=\u00bbon|phone\u00bb global_colors_info=\u00bb{}\u00bb][\/et_pb_image][\/et_pb_column][et_pb_column type=\u00bb3_5&#8243; _builder_version=\u00bb4.15&#8243; custom_padding=\u00bb|||\u00bb global_colors_info=\u00bb{}\u00bb custom_padding__hover=\u00bb|||\u00bb][et_pb_text _builder_version=\u00bb4.15.1&#8243; background_size=\u00bbinitial\u00bb background_position=\u00bbtop_left\u00bb background_repeat=\u00bbrepeat\u00bb global_colors_info=\u00bb{}\u00bb]<p><\/p>\n<blockquote>\n<p style=\"text-align: justify;\">El <strong>FESTIVAL INTERNACIONAL DE CINE Y DERECHOS HUMANOS<\/strong> <strong>DE VAL\u00c8NCIA, el Humans Fest,<\/strong>\u00a0es una de las principales actividades de sensibilizaci\u00f3n, si no la m\u00e1s importante, impulsada por la\u00a0 <a href=\"https:\/\/fundacionporlajusticia.org\/\" target=\"_blank\" rel=\"noopener noreferrer\">Fundaci\u00f3n por la Justicia.<\/a><\/p>\n<p>&nbsp;<\/p>\n<p style=\"text-align: justify;\"><strong>Iniciado en 2008 y con 12 ediciones ya realizadas<\/strong>, el festival ha logrado un equilibrio entre la <strong>defensa de los derechos humanos y la denuncia de sus vulneraciones en todo el mundo<\/strong> y al mismo tiempo la <strong>realizaci\u00f3n de una serie de actividades de contenido social, que acercan la cultura audiovisual<\/strong> tanto al p\u00fablico general como a p\u00fablicos especialmente vulnerables.<\/p>\n<p>&nbsp;<\/p>\n<p style=\"text-align: justify;\">La <strong>XIII edici\u00f3n del Humans Fest, que tendr\u00e1 lugar en junio del 2022<\/strong>, profundizar\u00e1 en esta trayectoria y en las alianzas ya construidas para reforzar los espacios de integraci\u00f3n cultural desde el conocimiento de la realidad y la implicaci\u00f3n activa en la sociedad valenciana.<\/p>\n<\/blockquote>[\/et_pb_text][\/et_pb_column][\/et_pb_row][\/et_pb_section][et_pb_section fb_built=\u00bb1&#8243; fullwidth=\u00bbon\u00bb _builder_version=\u00bb4.15.1&#8243; _module_preset=\u00bbdefault\u00bb global_colors_info=\u00bb{}\u00bb][et_pb_fullwidth_header title=\u00bbOBJETIVOS\u00bb _builder_version=\u00bb4.15.1&#8243; _module_preset=\u00bbdefault\u00bb background_image=\u00bbhttps:\/\/fundacionporlajusticia.org\/wp-content\/uploads\/2022\/03\/Fondo-Oscuro-Humans-Fest-Baja.png\u00bb global_colors_info=\u00bb{}\u00bb][\/et_pb_fullwidth_header][\/et_pb_section][et_pb_section fb_built=\u00bb1&#8243; _builder_version=\u00bb4.15.1&#8243; _module_preset=\u00bbdefault\u00bb global_colors_info=\u00bb{}\u00bb][et_pb_row column_structure=\u00bb1_5,1_5,1_5,1_5,1_5&#8243; _builder_version=\u00bb4.15.1&#8243; _module_preset=\u00bbdefault\u00bb global_colors_info=\u00bb{}\u00bb][et_pb_column type=\u00bb1_5&#8243; _builder_version=\u00bb4.15.1&#8243; _module_preset=\u00bbdefault\u00bb global_colors_info=\u00bb{}\u00bb][et_pb_blurb _builder_version=\u00bb4.15.1&#8243; _module_preset=\u00bbdefault\u00bb global_colors_info=\u00bb{}\u00bb]<ul>\n<li style=\"text-align: left;\"><strong>Promover la cultura<\/strong>, principalmente a trav\u00e9s del cine y las dem\u00e1s artes pl\u00e1sticas y visuales, con la intenci\u00f3n de llegar a una audiencia amplia.<\/li>\n<\/ul>[\/et_pb_blurb][\/et_pb_column][et_pb_column type=\u00bb1_5&#8243; _builder_version=\u00bb4.15.1&#8243; _module_preset=\u00bbdefault\u00bb global_colors_info=\u00bb{}\u00bb][et_pb_blurb _builder_version=\u00bb4.15.1&#8243; _module_preset=\u00bbdefault\u00bb global_colors_info=\u00bb{}\u00bb]<ul>\n<li style=\"text-align: left;\"><strong>Promover una reflexi\u00f3n cr\u00edtica sobre las causas de la desigualdad mundial<\/strong> para provocar cambios en las pautas de comportamiento.<\/li>\n<\/ul>[\/et_pb_blurb][\/et_pb_column][et_pb_column type=\u00bb1_5&#8243; _builder_version=\u00bb4.15.1&#8243; _module_preset=\u00bbdefault\u00bb global_colors_info=\u00bb{}\u00bb][et_pb_blurb _builder_version=\u00bb4.15.1&#8243; _module_preset=\u00bbdefault\u00bb global_colors_info=\u00bb{}\u00bb]<ul>\n<li style=\"text-align: left;\">La <strong>promoci\u00f3n, difusi\u00f3n y formaci\u00f3n sobre los Derechos Humanos<\/strong> y la violaci\u00f3n de los mismos.<\/li>\n<\/ul>[\/et_pb_blurb][\/et_pb_column][et_pb_column type=\u00bb1_5&#8243; _builder_version=\u00bb4.15.1&#8243; _module_preset=\u00bbdefault\u00bb global_colors_info=\u00bb{}\u00bb][et_pb_blurb _builder_version=\u00bb4.15.1&#8243; _module_preset=\u00bbdefault\u00bb global_colors_info=\u00bb{}\u00bb]<ul>\n<li style=\"text-align: left;\"><strong>Fomentar el voluntariado<\/strong> y la participaci\u00f3n de la sociedad como agentes de la educaci\u00f3n para el desarrollo.<\/li>\n<\/ul>[\/et_pb_blurb][\/et_pb_column][et_pb_column type=\u00bb1_5&#8243; _builder_version=\u00bb4.15.1&#8243; _module_preset=\u00bbdefault\u00bb global_colors_info=\u00bb{}\u00bb][et_pb_blurb _builder_version=\u00bb4.15.1&#8243; _module_preset=\u00bbdefault\u00bb global_colors_info=\u00bb{}\u00bb]<ul>\n<li style=\"text-align: left;\"><strong>Desarrollar iniciativas<\/strong> y propuestas de car\u00e1cter innovador en el \u00e1mbito de la educaci\u00f3n para el desarrollo y la sensibilizaci\u00f3n social.<\/li>\n<\/ul>[\/et_pb_blurb][\/et_pb_column][\/et_pb_row][et_pb_row _builder_version=\u00bb4.15.1&#8243; _module_preset=\u00bbdefault\u00bb global_colors_info=\u00bb{}\u00bb][et_pb_column type=\u00bb4_4&#8243; _builder_version=\u00bb4.15.1&#8243; _module_preset=\u00bbdefault\u00bb global_colors_info=\u00bb{}\u00bb][et_pb_text _builder_version=\u00bb4.15.1&#8243; _module_preset=\u00bbdefault\u00bb global_colors_info=\u00bb{}\u00bb]<p style=\"text-align: left;\"><a href=\"https:\/\/www.humanrightsfilmnetwork.org\/\" target=\"_blank\" rel=\"noopener noreferrer\"><img loading=\"lazy\" decoding=\"async\" class=\"wp-image-3892 size-full alignleft\" src=\"https:\/\/fundacionporlajusticia.org\/wp-content\/uploads\/2015\/09\/logohrfn.jpg\" alt=\"logohrfn\" width=\"158\" height=\"113\" \/><\/a>Humans Fest forma parte de la red internacional de Festivales de Cine de Derechos Humanos &#8211; <a href=\"https:\/\/www.humanrightsfilmnetwork.org\/\">Human Rights Film Network<\/a>.<\/p>[\/et_pb_text][\/et_pb_column][\/et_pb_row][\/et_pb_section]","protected":false},"excerpt":{"rendered":"<p>El FESTIVAL INTERNACIONAL DE CINE Y DERECHOS HUMANOS DE VAL\u00c8NCIA, el Humans Fest,\u00a0es una de las principales actividades de sensibilizaci\u00f3n, si no la m\u00e1s importante, impulsada por la\u00a0 Fundaci\u00f3n por la Justicia. &nbsp; Iniciado en 2008 y con 12 ediciones ya realizadas, el festival ha logrado un equilibrio entre la defensa de los derechos humanos [&hellip;]<\/p>\n","protected":false},"author":2,"featured_media":0,"parent":442,"menu_order":1,"comment_status":"closed","ping_status":"closed","template":"","meta":{"_et_pb_use_builder":"on","_et_pb_old_content":"<!-- wp:image {\"id\":6888,\"sizeSlug\":\"large\",\"linkDestination\":\"media\"} -->\r\n<figure class=\"wp-block-image size-large\"><\/figure>\r\n<!-- \/wp:image -->\r\n<blockquote>\r\n<p style=\"text-align: justify;\">El <strong>FESTIVAL INTERNACIONAL DE CINE Y DERECHOS HUMANOS<\/strong> <strong>DE VAL\u00c9NCIA: \"Humans Fest\"<\/strong> es una de las principales actividades de sensibilizaci\u00f3n, si no la m\u00e1s importante, impulsadas por la\u00a0 <a href=\"https:\/\/fundacionporlajusticia.org\/\" target=\"_blank\" rel=\"noopener noreferrer\">Fundaci\u00f3n por la Justicia.<\/a><\/p>\r\n<p style=\"text-align: justify;\"><strong>Iniciado en 2008 y con 12 ediciones realizadas<\/strong>, el festival ha logrado un equilibrio entre la defensa de los derechos humanos y la denuncia de sus vulneraciones en todo el mundo y al mismo tiempo la realizaci\u00f3n de una serie de actividades de contenido social, que acercan la cultura audiovisual tanto al p\u00fablico general como a p\u00fablicos especialmente vulnerables.<\/p>\r\n<p style=\"text-align: justify;\">La <strong>XIII edici\u00f3n del Humans Fest, que tendr\u00e1 lugar en junio del 2022<\/strong>, profundizar\u00e1 en esta trayectoria y en las alianzas ya construidas para reforzar los espacios de integraci\u00f3n cultural desde el conocimiento de la realidad y la implicaci\u00f3n activa en la sociedad valenciana.<\/p>\r\n<\/blockquote>\r\n<p style=\"text-align: justify;\">Entre sus <em><strong>objetivos<\/strong><\/em> se encuentran:<\/p>\r\n<ul>\r\n<li>La promoci\u00f3n de la cultura principalmente a trav\u00e9s del cine y las dem\u00e1s artes pl\u00e1sticas y visuales con la intenci\u00f3n de llegar a una audiencia amplia y en particular a las personas m\u00e1s vulnerables con especial atenci\u00f3n a la perspectiva de g\u00e9nero y a la diversidad de las autoras y los autores.<\/li>\r\n<li style=\"text-align: justify;\">Promover una reflexi\u00f3n cr\u00edtica sobre las causas de la desigualdad mundial para provocar cambios en las pautas de comportamiento y que repercutan en las sociedades de los pa\u00edses del Sur.<\/li>\r\n<li style=\"text-align: justify;\">La promoci\u00f3n, difusi\u00f3n y formaci\u00f3n sobre los Derechos Humanos y la violaci\u00f3n de los mismos.<\/li>\r\n<li style=\"text-align: justify;\">Fomento del voluntariado y la participaci\u00f3n de la sociedad como agentes de la educaci\u00f3n para el desarrollo.<\/li>\r\n<li style=\"text-align: justify;\">Desarrollo de iniciativas y propuestas de car\u00e1cter innovador en el \u00e1mbito de la educaci\u00f3n para el desarrollo y la sensibilizaci\u00f3n social promoviendo la igualdad y el empoderamiento de los sectores mas desfavorecidos.<\/li>\r\n<\/ul>\r\n<blockquote>\r\n<p><a href=\"https:\/\/www.humanrightsfilmnetwork.org\/\" target=\"_blank\" rel=\"noopener noreferrer\"><img class=\"alignleft wp-image-3892 size-full\" src=\"https:\/\/fundacionporlajusticia.org\/wp-content\/uploads\/2015\/09\/logohrfn.jpg\" alt=\"logohrfn\" width=\"158\" height=\"113\" \/><\/a>Humans Fest forma parte de la red internacional de Festivales de Cine \u00a0de Derechos Humanos - Human Rights Film Network.<\/p>\r\n<\/blockquote>","_et_gb_content_width":"","_uf_show_specific_survey":0,"_uf_disable_surveys":false,"footnotes":""},"class_list":["post-874","page","type-page","status-publish","hentry"],"aioseo_notices":[],"_links":{"self":[{"href":"https:\/\/fundacionporlajusticia.org\/en\/wp-json\/wp\/v2\/pages\/874","targetHints":{"allow":["GET"]}}],"collection":[{"href":"https:\/\/fundacionporlajusticia.org\/en\/wp-json\/wp\/v2\/pages"}],"about":[{"href":"https:\/\/fundacionporlajusticia.org\/en\/wp-json\/wp\/v2\/types\/page"}],"author":[{"embeddable":true,"href":"https:\/\/fundacionporlajusticia.org\/en\/wp-json\/wp\/v2\/users\/2"}],"replies":[{"embeddable":true,"href":"https:\/\/fundacionporlajusticia.org\/en\/wp-json\/wp\/v2\/comments?post=874"}],"version-history":[{"count":11,"href":"https:\/\/fundacionporlajusticia.org\/en\/wp-json\/wp\/v2\/pages\/874\/revisions"}],"predecessor-version":[{"id":3725,"href":"https:\/\/fundacionporlajusticia.org\/en\/wp-json\/wp\/v2\/pages\/874\/revisions\/3725"}],"up":[{"embeddable":true,"href":"https:\/\/fundacionporlajusticia.org\/en\/wp-json\/wp\/v2\/pages\/442"}],"wp:attachment":[{"href":"https:\/\/fundacionporlajusticia.org\/en\/wp-json\/wp\/v2\/media?parent=874"}],"curies":[{"name":"wp","href":"https:\/\/api.w.org\/{rel}","templated":true}]}}