{"id":7723,"date":"2023-11-28T17:15:52","date_gmt":"2023-11-28T17:15:52","guid":{"rendered":"https:\/\/fundacionporlajusticia.accesia.info\/?page_id=7723"},"modified":"2023-11-28T17:15:52","modified_gmt":"2023-11-28T17:15:52","slug":"humans-lab-masterclasses","status":"publish","type":"page","link":"https:\/\/fundacionporlajusticia.org\/en\/humans-lab-masterclasses\/","title":{"rendered":"Humans Lab - Open Masterclasses"},"content":{"rendered":"<hr \/>\n<h2 style=\"text-align: center;\"><b>We have two masterclasses open to the public*!<br \/>\n<\/b><\/h2>\n<hr \/>\n<p style=\"text-align: center;\"><span style=\"font-weight: 400;\">*Attendance is free of charge. You only have to get your ticket for a question of capacity.<\/span><\/p>\n<p>&nbsp;<\/p>\n<h5 style=\"text-align: center;\">Friday 1 December - At 5 p.m. - Centre Cultural La Benefic\u00e8ncia<\/h5>\n<h3 style=\"text-align: center;\"><strong>Est\u00edbaliz Urresola (director)<\/strong><\/h3>\n<p>He has directed titles such as \"Adri\"; \"Polvo somos\"; and \"Cuerdas\", premiered at the Cannes Critics' Week 2022, winner of the Forqu\u00e9 Award for best short film and nominated for the Goya Awards 2023. His first fiction feature film, <strong>\"20,000 species of bees<\/strong>was premiered in the Official Selection at the Berlinale and won the Silver Bear for Best Actress for Sof\u00eda Otero, the Audience Award and the German Exhibitors' Award. It also won the Golden Biznaga for Best Film and the Silver Biznaga for Best Supporting Actress, Patricia L\u00f3pez Arnaiz, at the Malaga Film Festival. In addition, it has been chosen as <strong>candidate to represent Spain at the Oscars 2024<\/strong>.<\/p>\n<p><img loading=\"lazy\" decoding=\"async\" class=\"wp-image-7715 aligncenter\" src=\"https:\/\/fundacionporlajusticia.org\/wp-content\/uploads\/2023\/11\/Estibaliz-Urresola-\u00a9CamiloOviedo-scaled-e1701174223597-1024x894.jpg\" alt=\"\" width=\"400\" height=\"349\" srcset=\"https:\/\/fundacionporlajusticia.org\/wp-content\/uploads\/2023\/11\/Estibaliz-Urresola-\u00a9CamiloOviedo-scaled-e1701174223597-1024x894.jpg 1024w, https:\/\/fundacionporlajusticia.org\/wp-content\/uploads\/2023\/11\/Estibaliz-Urresola-\u00a9CamiloOviedo-scaled-e1701174223597-300x262.jpg 300w, https:\/\/fundacionporlajusticia.org\/wp-content\/uploads\/2023\/11\/Estibaliz-Urresola-\u00a9CamiloOviedo-scaled-e1701174223597-768x670.jpg 768w, https:\/\/fundacionporlajusticia.org\/wp-content\/uploads\/2023\/11\/Estibaliz-Urresola-\u00a9CamiloOviedo-scaled-e1701174223597-1536x1341.jpg 1536w, https:\/\/fundacionporlajusticia.org\/wp-content\/uploads\/2023\/11\/Estibaliz-Urresola-\u00a9CamiloOviedo-scaled-e1701174223597-1080x943.jpg 1080w, https:\/\/fundacionporlajusticia.org\/wp-content\/uploads\/2023\/11\/Estibaliz-Urresola-\u00a9CamiloOviedo-scaled-e1701174223597.jpg 1708w\" sizes=\"(max-width: 400px) 100vw, 400px\" \/><\/p>\n<p style=\"text-align: center;\"><a href='https:\/\/www.eventbrite.es\/e\/765207053897?aff=oddtdtcreator' class='big-button bigpink' target=\"_blank\">GET YOUR FREE TICKET HERE!<\/a><\/p>\n<p>&nbsp;<\/p>\n<h5 style=\"text-align: center;\">Saturday 2 December - At 11 a.m. - Centre Cultural La Benefic\u00e8ncia<\/h5>\n<h3 style=\"text-align: center;\"><strong>Salima Jirari (consultant)<\/strong><\/h3>\n<p>Consultancy specialising in <strong>diversity of audiovisual projects<\/strong>. He collaborates with various programmes, companies and universities, advising on projects in development and giving sessions on unconscious biases in the creative process. With <strong>more than ten years of experience<\/strong>has worked in different areas of the film sector, such as distribution and production. Jirari is a professional who advocates culture and film as tools for critical thinking and social change.<\/p>\n<p><img loading=\"lazy\" decoding=\"async\" class=\"wp-image-7714 aligncenter\" src=\"https:\/\/fundacionporlajusticia.org\/wp-content\/uploads\/2023\/11\/Salima-Jirari-scaled-e1701174151193-1024x996.jpg\" alt=\"\" width=\"400\" height=\"389\" \/><\/p>\n<p style=\"text-align: center;\"><a href='https:\/\/www.eventbrite.es\/e\/765214024747?aff=oddtdtcreator' class='big-button bigpink' target=\"_blank\">GET YOUR FREE TICKET HERE!<\/a><\/p>","protected":false},"excerpt":{"rendered":"<p>\u00a1Tenemos dos clases magistrales abiertas al p\u00fablico*! *La asistencia es gratuita. S\u00f3lo has de conseguir tu entrada por una cuesti\u00f3n de aforo. &nbsp; Viernes 1 de diciembre &#8211; A las 17 horas &#8211; Centre Cultural La Benefic\u00e8ncia Est\u00edbaliz Urresola (directora) Ha dirigido t\u00edtulos como \u00abAdri\u00bb; \u00abPolvo somos\u00bb; o \u00abCuerdas\u00bb, estrenado en la Semana de la [&hellip;]<\/p>\n","protected":false},"author":2,"featured_media":7660,"parent":0,"menu_order":0,"comment_status":"closed","ping_status":"closed","template":"","meta":{"_et_pb_use_builder":"","_et_pb_old_content":"","_et_gb_content_width":"","_uf_show_specific_survey":0,"_uf_disable_surveys":false,"footnotes":""},"class_list":["post-7723","page","type-page","status-publish","has-post-thumbnail","hentry"],"aioseo_notices":[],"_links":{"self":[{"href":"https:\/\/fundacionporlajusticia.org\/en\/wp-json\/wp\/v2\/pages\/7723","targetHints":{"allow":["GET"]}}],"collection":[{"href":"https:\/\/fundacionporlajusticia.org\/en\/wp-json\/wp\/v2\/pages"}],"about":[{"href":"https:\/\/fundacionporlajusticia.org\/en\/wp-json\/wp\/v2\/types\/page"}],"author":[{"embeddable":true,"href":"https:\/\/fundacionporlajusticia.org\/en\/wp-json\/wp\/v2\/users\/2"}],"replies":[{"embeddable":true,"href":"https:\/\/fundacionporlajusticia.org\/en\/wp-json\/wp\/v2\/comments?post=7723"}],"version-history":[{"count":3,"href":"https:\/\/fundacionporlajusticia.org\/en\/wp-json\/wp\/v2\/pages\/7723\/revisions"}],"predecessor-version":[{"id":7726,"href":"https:\/\/fundacionporlajusticia.org\/en\/wp-json\/wp\/v2\/pages\/7723\/revisions\/7726"}],"wp:featuredmedia":[{"embeddable":true,"href":"https:\/\/fundacionporlajusticia.org\/en\/wp-json\/wp\/v2\/media\/7660"}],"wp:attachment":[{"href":"https:\/\/fundacionporlajusticia.org\/en\/wp-json\/wp\/v2\/media?parent=7723"}],"curies":[{"name":"wp","href":"https:\/\/api.w.org\/{rel}","templated":true}]}}