{"id":7710,"date":"2023-11-28T12:25:41","date_gmt":"2023-11-28T12:25:41","guid":{"rendered":"https:\/\/fundacionporlajusticia.accesia.info\/?page_id=7710"},"modified":"2023-11-28T12:26:58","modified_gmt":"2023-11-28T12:26:58","slug":"humans-lab-personas-mentoras","status":"publish","type":"page","link":"https:\/\/fundacionporlajusticia.org\/en\/humans-lab-personas-mentoras\/","title":{"rendered":"Humans Lab - Mentors"},"content":{"rendered":"<hr \/>\n<h2 style=\"text-align: center;\"><b>Meet the professionals who will participate in the first edition of our audiovisual creation laboratory.<br \/>\n<\/b><\/h2>\n<hr \/>\n<p><span style=\"font-weight: 400;\">Humans Lab will be held in Valencia from Friday 1 to Sunday 3 December and will feature top-level audiovisual professionals giving two master classes (which will also be open to the general public), two tutored sessions, two workshops and two workshops for the general public. <em>one-to-one<\/em> on the selected projects and a group session to prepare for the <em>pitch<\/em> and, as a final touch, to make a presentation to different production companies in the Valencian Community.<\/span><\/p>\n<h3>Est\u00edbaliz Urresola, Director<\/h3>\n<p>He has directed titles such as \"Adri\"; \"Polvo somos\"; and \"Cuerdas\", premiered at the Cannes Critics' Week 2022, winner of the Forqu\u00e9 Award for best short film and nominated for the Goya Awards 2023. His first fiction feature film, <strong>\"20,000 species of bees<\/strong>was premiered in the Official Selection at the Berlinale and won the Silver Bear for Best Actress for Sof\u00eda Otero, the Audience Award and the German Exhibitors' Award. It also won the Golden Biznaga for Best Film and the Silver Biznaga for Best Supporting Actress, Patricia L\u00f3pez Arnaiz, at the Malaga Film Festival. In addition, it has been chosen as <strong>candidate to represent Spain at the Oscars 2024<\/strong>.<\/p>\n<p><img loading=\"lazy\" decoding=\"async\" class=\"wp-image-7715 aligncenter\" src=\"https:\/\/fundacionporlajusticia.org\/wp-content\/uploads\/2023\/11\/Estibaliz-Urresola-\u00a9CamiloOviedo-scaled-e1701174223597-1024x894.jpg\" alt=\"\" width=\"400\" height=\"349\" srcset=\"https:\/\/fundacionporlajusticia.org\/wp-content\/uploads\/2023\/11\/Estibaliz-Urresola-\u00a9CamiloOviedo-scaled-e1701174223597-1024x894.jpg 1024w, https:\/\/fundacionporlajusticia.org\/wp-content\/uploads\/2023\/11\/Estibaliz-Urresola-\u00a9CamiloOviedo-scaled-e1701174223597-300x262.jpg 300w, https:\/\/fundacionporlajusticia.org\/wp-content\/uploads\/2023\/11\/Estibaliz-Urresola-\u00a9CamiloOviedo-scaled-e1701174223597-768x670.jpg 768w, https:\/\/fundacionporlajusticia.org\/wp-content\/uploads\/2023\/11\/Estibaliz-Urresola-\u00a9CamiloOviedo-scaled-e1701174223597-1536x1341.jpg 1536w, https:\/\/fundacionporlajusticia.org\/wp-content\/uploads\/2023\/11\/Estibaliz-Urresola-\u00a9CamiloOviedo-scaled-e1701174223597-1080x943.jpg 1080w, https:\/\/fundacionporlajusticia.org\/wp-content\/uploads\/2023\/11\/Estibaliz-Urresola-\u00a9CamiloOviedo-scaled-e1701174223597.jpg 1708w\" sizes=\"(max-width: 400px) 100vw, 400px\" \/><\/p>\n<h3>Salima Jirari, consultant<\/h3>\n<p>Consultancy specialising in <strong>diversity of audiovisual projects<\/strong>. He collaborates with various programmes, companies and universities, advising on projects in development and giving sessions on unconscious biases in the creative process. With <strong>more than ten years of experience<\/strong>has worked in different areas of the film sector, such as distribution and production. Jirari is a professional who advocates culture and film as tools for critical thinking and social change.<\/p>\n<p><img loading=\"lazy\" decoding=\"async\" class=\"wp-image-7714 aligncenter\" src=\"https:\/\/fundacionporlajusticia.org\/wp-content\/uploads\/2023\/11\/Salima-Jirari-scaled-e1701174151193-1024x996.jpg\" alt=\"\" width=\"400\" height=\"389\" \/><\/p>\n<h3>Fran Ruvira, director<\/h3>\n<p>Graduate in Audiovisual Communication from the Universitat de Val\u00e8ncia and the UPF in Barcelona. His directorial and screenwriting debut, \"Orson West\", is a feature film somewhere between documentary and fiction. He has developed his career in the field of <strong>audiovisual research<\/strong> from the PhD in Film Theory at the UPF. He also stands out for his <strong>role as producer<\/strong> He is committed to projects such as \"Comala Comala\", \"Ferida arrel: Maria-Merc\u00e8 Mar\u00e7al\", \"#Precaritystory\" and \"Corto\". He also works as <strong>teacher<\/strong> in various centres dedicated to audiovisual scriptwriting and narrative.<\/p>\n<p><img loading=\"lazy\" decoding=\"async\" class=\"wp-image-7713 aligncenter\" src=\"https:\/\/fundacionporlajusticia.org\/wp-content\/uploads\/2023\/11\/FRAN-RUVIRA.jpeg\" alt=\"\" width=\"400\" height=\"372\" \/><\/p>\n<p style=\"text-align: center;\"><a href='https:\/\/fundacionporlajusticia.org\/en\/humans-lab-proyectos-2023\/' class='big-button bigpink'>FIND OUT ABOUT THE SELECTED PROJECTS!<\/a><\/p>","protected":false},"excerpt":{"rendered":"<p>Conoce a las\/os profesionales que participar\u00e1n en la primera edici\u00f3n de nuestro laboratorio de creaci\u00f3n audiovisual El Humans Lab se celebra en Val\u00e8ncia desde el viernes 1 hasta el domingo 3 de diciembre y cuenta con profesionales del \u00e1mbito audiovisual de primer nivel para impartir dos clases magistrales (que tambi\u00e9n estar\u00e1n abiertas al p\u00fablico en [&hellip;]<\/p>\n","protected":false},"author":2,"featured_media":7660,"parent":0,"menu_order":0,"comment_status":"closed","ping_status":"closed","template":"","meta":{"_et_pb_use_builder":"","_et_pb_old_content":"","_et_gb_content_width":"","_uf_show_specific_survey":0,"_uf_disable_surveys":false,"footnotes":""},"class_list":["post-7710","page","type-page","status-publish","has-post-thumbnail","hentry"],"aioseo_notices":[],"_links":{"self":[{"href":"https:\/\/fundacionporlajusticia.org\/en\/wp-json\/wp\/v2\/pages\/7710","targetHints":{"allow":["GET"]}}],"collection":[{"href":"https:\/\/fundacionporlajusticia.org\/en\/wp-json\/wp\/v2\/pages"}],"about":[{"href":"https:\/\/fundacionporlajusticia.org\/en\/wp-json\/wp\/v2\/types\/page"}],"author":[{"embeddable":true,"href":"https:\/\/fundacionporlajusticia.org\/en\/wp-json\/wp\/v2\/users\/2"}],"replies":[{"embeddable":true,"href":"https:\/\/fundacionporlajusticia.org\/en\/wp-json\/wp\/v2\/comments?post=7710"}],"version-history":[{"count":2,"href":"https:\/\/fundacionporlajusticia.org\/en\/wp-json\/wp\/v2\/pages\/7710\/revisions"}],"predecessor-version":[{"id":7717,"href":"https:\/\/fundacionporlajusticia.org\/en\/wp-json\/wp\/v2\/pages\/7710\/revisions\/7717"}],"wp:featuredmedia":[{"embeddable":true,"href":"https:\/\/fundacionporlajusticia.org\/en\/wp-json\/wp\/v2\/media\/7660"}],"wp:attachment":[{"href":"https:\/\/fundacionporlajusticia.org\/en\/wp-json\/wp\/v2\/media?parent=7710"}],"curies":[{"name":"wp","href":"https:\/\/api.w.org\/{rel}","templated":true}]}}