{"id":7696,"date":"2023-11-28T12:08:28","date_gmt":"2023-11-28T12:08:28","guid":{"rendered":"https:\/\/fundacionporlajusticia.accesia.info\/?page_id=7696"},"modified":"2023-11-28T12:28:00","modified_gmt":"2023-11-28T12:28:00","slug":"humans-lab-proyectos-2023","status":"publish","type":"page","link":"https:\/\/fundacionporlajusticia.org\/en\/humans-lab-proyectos-2023\/","title":{"rendered":"Humans Lab - Projects 2023"},"content":{"rendered":"<hr \/>\n<h2 style=\"text-align: center;\"><b>Check out the proposals selected for the first edition of our audiovisual creation laboratory.<br \/>\n<\/b><\/h2>\n<hr \/>\n<p><span style=\"font-weight: 400;\">Humans Lab will be held in Valencia from Friday 1 to Sunday 3 December. Those selected will be able to enjoy two masterclasses (which will also be open to the general public), two tutored sessions <em>one-to-one<\/em> about their projects and a group session to prepare for the <em>pitch<\/em> and, as a final touch, a presentation to different production companies in the Valencian Community. All of this will be given by professionals from the audiovisual field, such as the director <strong>Est\u00edbaliz Urresola<\/strong>the consultancy firm <strong>Salima Jirari<\/strong> and the director <strong>Fran Ruvira<\/strong>.<\/span><\/p>\n<h3>\"David versus Goliath\", by Honorato Ruiz<\/h3>\n<ul>\n<li><span style=\"text-decoration: underline;\">The proposal in one sentence<\/span>The resistance of the small, art against discarding, stories against accounts\".<\/li>\n<li><span style=\"text-decoration: underline;\">To get to know each other better<\/span>Honorato began his film career in 2015 and since then he has not stopped embarking on new projects. In addition to a university degree and a master's degree in film editing obtained during his five years of study at the ESCAC, he has made more than five fiction short films, most of which have been screened at festivals. He has also worked in documentaries, music videos and advertising. He is currently working in the post-production department of a series produced by Nanouk Films that will soon be broadcast on RTVE and TV3. He loves directing, writing and editing, the three disciplines in which he has specialised over the years.<\/li>\n<\/ul>\n<p><img loading=\"lazy\" decoding=\"async\" class=\"wp-image-7701 aligncenter\" src=\"https:\/\/fundacionporlajusticia.org\/wp-content\/uploads\/2023\/11\/Honorato-Ruiz-scaled-e1701173073186-1001x1024.jpeg\" alt=\"\" width=\"400\" height=\"409\" \/><\/p>\n<p>&nbsp;<\/p>\n<h3>Claudia Estrada's \"Breaking the cement\".<\/h3>\n<ul>\n<li><span style=\"text-decoration: underline;\">The proposal in one sentence<\/span>Read more : \"In a country where suicide is the leading cause of death, three young people demand quality mental health care\".<\/li>\n<li><span style=\"text-decoration: underline;\">To get to know each other better<\/span>Claudia is a Valencian director and screenwriter. Her filmography includes \"\u00bfC\u00f3mo fue tu vida, abuela?\" (2019), winner of the X Festival de Clipmetrajes de Manos Unidas; or \"Las flores que arrancas\" (2021, Festival de M\u00e1laga, Cinema Invisible), winner of the award for best short film category C at Cinema Jove; among other works. He is currently developing his first fiction feature film entitled \"Salen las lobas\", selected for the Summer Campus of the Film Academy.<\/li>\n<\/ul>\n<p><img loading=\"lazy\" decoding=\"async\" class=\"wp-image-7699 aligncenter\" src=\"https:\/\/fundacionporlajusticia.org\/wp-content\/uploads\/2023\/11\/Claudia-Estrada-e1701172995610-1024x934.jpeg\" alt=\"\" width=\"400\" height=\"365\" \/><\/p>\n<p>&nbsp;<\/p>\n<h3>Coke Arijo's \"La hora escrita\" (The Written Hour)<\/h3>\n<ul>\n<li><span style=\"text-decoration: underline;\">The proposal in one sentence<\/span>The cruelty of a war-related population exodus\": \"The cruelty of a war-related population exodus\".<\/li>\n<li><span style=\"text-decoration: underline;\">To get to know each other better<\/span>Coke holds a degree in Audiovisual Communication and a master's degree in 3D Design from Animum Creativity Advanced School. For more than 15 years he has combined his work as a freelance audiovisual director with the creation of digital content, commercials and advertising campaigns for brands such as Uber, Airzone, Dunkin, Carrefour, Dani Garc\u00eda, D\u00e9cimas... His short films have been awarded and selected in many national and international festivals, mentored by professionals such as Paco Cabezas, In\u00e9s Nofuentes or Jorge Laplace. Their latest work, \"Mi Condici\u00f3n\", starring Jaime Ord\u00f3\u00f1ez and Noem\u00ed Ruiz, available on Filmin, has been selected at more than 50 festivals and has won more than twenty awards. The short films \"Mil\u00edmetros\" and \"La hora escrita\" are his next projects as a director, while he is developing the feature-length documentary \"Los tres escalones\".<\/li>\n<\/ul>\n<p><img loading=\"lazy\" decoding=\"async\" class=\"wp-image-7700 aligncenter\" src=\"https:\/\/fundacionporlajusticia.org\/wp-content\/uploads\/2023\/11\/Coke-Arijo-e1701172943978.jpeg\" alt=\"\" width=\"400\" height=\"388\" \/><\/p>\n<p>&nbsp;<\/p>\n<h3>\"La semilla de Rider\", by Iv\u00e1n Fern\u00e1ndez de C\u00f3rdoba<\/h3>\n<ul>\n<li><span style=\"text-decoration: underline;\">The proposal in one sentence<\/span>One rainy night, under the lights of a city and a society educated to look the other way, a young home-delivery man was run over. Whose fault is it?\"<\/li>\n<li><span style=\"text-decoration: underline;\">To get to know each other better<\/span>Iv\u00e1n studied graphic design, photography, audiovisual production, screenwriting at EICTV and film directing at Ciudad de la Luz. He is the screenwriter and director of the feature films \"Cruzando el sentido\" and \"#Seguidores\", as well as the short films \"Un lugar\" and \"Quieto Billy\", among others. Throughout his career, he has won more than 50 awards and 200 selections at national and international festivals, as well as nominations for the Goya Awards. In 2022 he received an award at the V Berlanga Awards. He is currently combining different audiovisual commissions with the pre-production of what will be his third fiction feature film.<\/li>\n<\/ul>\n<p><img loading=\"lazy\" decoding=\"async\" class=\"wp-image-7702 aligncenter\" src=\"https:\/\/fundacionporlajusticia.org\/wp-content\/uploads\/2023\/11\/Ivan-Fernandez-de-Cordoba-01-1024x1024.jpeg\" alt=\"\" width=\"400\" height=\"400\" \/><\/p>\n<p style=\"text-align: center;\"><a href='https:\/\/fundacionporlajusticia.org\/en\/humans-lab-personas-mentoras\/' class='big-button bigpink'>MEET THIS YEAR'S MENTORS!<\/a><\/p>","protected":false},"excerpt":{"rendered":"<p>Conoce las propuestas seleccionadas para la primera edici\u00f3n de nuestro laboratorio de creaci\u00f3n audiovisual El Humans Lab se celebra en Val\u00e8ncia desde el viernes 1 hasta el domingo 3 de diciembre. Las personas seleccionadas podr\u00e1n disfrutar de dos clases magistrales (que tambi\u00e9n estar\u00e1n abiertas al p\u00fablico en general), dos sesiones tutorizadas one-to-one sobre sus proyectos [&hellip;]<\/p>\n","protected":false},"author":2,"featured_media":7660,"parent":0,"menu_order":0,"comment_status":"closed","ping_status":"closed","template":"","meta":{"_et_pb_use_builder":"","_et_pb_old_content":"","_et_gb_content_width":"","_uf_show_specific_survey":0,"_uf_disable_surveys":false,"footnotes":""},"class_list":["post-7696","page","type-page","status-publish","has-post-thumbnail","hentry"],"aioseo_notices":[],"_links":{"self":[{"href":"https:\/\/fundacionporlajusticia.org\/en\/wp-json\/wp\/v2\/pages\/7696","targetHints":{"allow":["GET"]}}],"collection":[{"href":"https:\/\/fundacionporlajusticia.org\/en\/wp-json\/wp\/v2\/pages"}],"about":[{"href":"https:\/\/fundacionporlajusticia.org\/en\/wp-json\/wp\/v2\/types\/page"}],"author":[{"embeddable":true,"href":"https:\/\/fundacionporlajusticia.org\/en\/wp-json\/wp\/v2\/users\/2"}],"replies":[{"embeddable":true,"href":"https:\/\/fundacionporlajusticia.org\/en\/wp-json\/wp\/v2\/comments?post=7696"}],"version-history":[{"count":5,"href":"https:\/\/fundacionporlajusticia.org\/en\/wp-json\/wp\/v2\/pages\/7696\/revisions"}],"predecessor-version":[{"id":7719,"href":"https:\/\/fundacionporlajusticia.org\/en\/wp-json\/wp\/v2\/pages\/7696\/revisions\/7719"}],"wp:featuredmedia":[{"embeddable":true,"href":"https:\/\/fundacionporlajusticia.org\/en\/wp-json\/wp\/v2\/media\/7660"}],"wp:attachment":[{"href":"https:\/\/fundacionporlajusticia.org\/en\/wp-json\/wp\/v2\/media?parent=7696"}],"curies":[{"name":"wp","href":"https:\/\/api.w.org\/{rel}","templated":true}]}}