{"id":609,"date":"2022-03-07T07:50:54","date_gmt":"2022-03-07T07:50:54","guid":{"rendered":"https:\/\/fundacionporlajusticia.accesia.info\/?page_id=609"},"modified":"2025-03-17T16:44:05","modified_gmt":"2025-03-17T16:44:05","slug":"equipo2025","status":"publish","type":"page","link":"https:\/\/fundacionporlajusticia.org\/en\/humansfest\/equipo2025\/","title":{"rendered":"HumansFest 2025 \u2013 TEAM"},"content":{"rendered":"<p>[et_pb_section fb_built=\u00bb1&#8243; admin_label=\u00bbTITULO\u00bb _builder_version=\u00bb4.16&#8243; _module_preset=\u00bbdefault\u00bb background_color=\u00bb#FFFFFF\u00bb custom_padding=\u00bb0px||0px||false|false\u00bb bottom_divider_color=\u00bb#ef4b67&#8243; animation_style=\u00bbzoom\u00bb locked=\u00bboff\u00bb global_colors_info=\u00bb{}\u00bb][et_pb_row column_structure=\u00bb1_5,3_5,1_5&#8243; _builder_version=\u00bb4.16&#8243; _module_preset=\u00bbdefault\u00bb global_colors_info=\u00bb{}\u00bb][et_pb_column type=\u00bb1_5&#8243; _builder_version=\u00bb4.16&#8243; _module_preset=\u00bbdefault\u00bb global_colors_info=\u00bb{}\u00bb][\/et_pb_column][et_pb_column type=\u00bb3_5&#8243; _builder_version=\u00bb4.16&#8243; _module_preset=\u00bbdefault\u00bb global_colors_info=\u00bb{}\u00bb][et_pb_text _builder_version=\u00bb4.27.4&#8243; _module_preset=\u00bbdefault\u00bb header_text_align=\u00bbcenter\u00bb header_text_color=\u00bb#635b54&#8243; header_font_size=\u00bb50px\u00bb global_colors_info=\u00bb{}\u00bb]<\/p>\n<h1>El equipo<\/h1>\n<p>[\/et_pb_text][et_pb_divider _builder_version=\u00bb4.16&#8243; _module_preset=\u00bbdefault\u00bb global_colors_info=\u00bb{}\u00bb][\/et_pb_divider][\/et_pb_column][et_pb_column type=\u00bb1_5&#8243; _builder_version=\u00bb4.16&#8243; _module_preset=\u00bbdefault\u00bb global_colors_info=\u00bb{}\u00bb][et_pb_image src=\u00bbhttps:\/\/fundacionporlajusticia.org\/wp-content\/uploads\/2022\/03\/logoHm.png\u00bb title_text=\u00bblogoHm\u00bb url=\u00bb@ET-DC@eyJkeW5hbWljIjp0cnVlLCJjb250ZW50IjoicG9zdF9saW5rX3VybF9wYWdlIiwic2V0dGluZ3MiOnsicG9zdF9pZCI6IjUifX0=@\u00bb align=\u00bbright\u00bb src_tablet=\u00bbhttps:\/\/fundacionporlajusticia.org\/wp-content\/uploads\/2022\/03\/logoHm.png\u00bb src_phone=\u00bbhttps:\/\/fundacionporlajusticia.org\/wp-content\/uploads\/2022\/03\/logoHm.png\u00bb src_last_edited=\u00bbon|phone\u00bb disabled_on=\u00bbon|off|off\u00bb _builder_version=\u00bb4.17.1&#8243; _dynamic_attributes=\u00bburl\u00bb _module_preset=\u00bbdefault\u00bb global_colors_info=\u00bb{}\u00bb src__hover_enabled=\u00bbon|desktop\u00bb src__hover=\u00bbhttps:\/\/fundacionporlajusticia.org\/wp-content\/uploads\/2022\/03\/logoHm.png\u00bb][\/et_pb_image][\/et_pb_column][\/et_pb_row][\/et_pb_section][et_pb_section fb_built=\u00bb1&#8243; _builder_version=\u00bb4.16&#8243; _module_preset=\u00bbdefault\u00bb custom_margin=\u00bb0px||0px||false|false\u00bb custom_padding=\u00bb0px||0px||false|false\u00bb global_colors_info=\u00bb{}\u00bb][et_pb_row column_structure=\u00bb1_4,3_4&#8243; _builder_version=\u00bb4.16&#8243; _module_preset=\u00bbdefault\u00bb animation_style=\u00bbflip\u00bb global_colors_info=\u00bb{}\u00bb][et_pb_column type=\u00bb1_4&#8243; _builder_version=\u00bb4.16&#8243; _module_preset=\u00bbdefault\u00bb global_colors_info=\u00bb{}\u00bb][et_pb_image src=\u00bbhttps:\/\/fundacionporlajusticia.org\/wp-content\/uploads\/2025\/03\/1.jpg\u00bb title_text=\u00bb1&#8243; _builder_version=\u00bb4.27.4&#8243; _module_preset=\u00bbdefault\u00bb width=\u00bb80%\u00bb width_tablet=\u00bb80%\u00bb width_phone=\u00bb80%\u00bb width_last_edited=\u00bbon|desktop\u00bb max_width=\u00bb80%\u00bb global_colors_info=\u00bb{}\u00bb][\/et_pb_image][\/et_pb_column][et_pb_column type=\u00bb3_4&#8243; _builder_version=\u00bb4.16&#8243; _module_preset=\u00bbdefault\u00bb global_colors_info=\u00bb{}\u00bb][et_pb_text admin_label=\u00bbNombre\u00bb _builder_version=\u00bb4.27.4&#8243; _module_preset=\u00bbdefault\u00bb global_colors_info=\u00bb{}\u00bb]<\/p>\n<h3><strong>Pilar Almenar &#8211;<\/strong>\u00a0Directora del Humans Fest<\/h3>\n<p>[\/et_pb_text][et_pb_toggle title=\u00bbConoce m\u00e1s sobre Pilar\u00bb admin_label=\u00bbconoce mas\u00bb _builder_version=\u00bb4.27.4&#8243; _module_preset=\u00bbdefault\u00bb global_colors_info=\u00bb{}\u00bb]<\/p>\n<p>Pilar Almenar es Licenciada en Ciencias Ambientales por la Universitat de Val\u00e8ncia y M\u00e1ster en Periodismo por la Universidad Aut\u00f3noma de Madrid y El Pa\u00eds. En la actualidad trabaja como periodista freelance, formadora y gestora de proyectos. Interesada en el periodismo cultural y social, ha trabajado para numerosos medios de comunicaci\u00f3n en radio, digital, prensa y televisi\u00f3n (El Pa\u00eds, La Marea, El Salto, P\u00fablico, Carne Cruda, Jornada, Vice y \u00c0 Punt M\u00e8dia). Desde 2019 colabora con el programa matinal de la radio de \u00c0 Punt (Les Not\u00edcies del Mat\u00ed) como responsable de la secci\u00f3n #GentQueSuma, sobre proyectos con impacto social.<\/p>\n<p>Como profesional de la comunicaci\u00f3n ha trabajado para entidades y festivales culturales (Acad\u00e8mia Valenciana de l&#8217;Audiovisual, Asociaci\u00f3n de Galer\u00edas de Arte Contempor\u00e1neo de la Comunidad Valenciana (LaVac) o PhotOn Festival, entre otros) y tambi\u00e9n para organizaciones sociales y de cooperaci\u00f3n al desarrollo como Joves\u00f3lides, la Coordinadora Valenciana de ONGDs, UNRWA &#8211; Agencia de la ONU para la poblaci\u00f3n refugiada de Palestina, asociaci\u00f3n Por Ti Mujer, Interm\u00f3n Oxfam y la Coordinadora Valenciana de ONGDs, entre otras.<\/p>\n<p>Con amplia experiencia en proyectos con impacto social, desde 2017 dirige el <a href=\"http:\/\/impresas.org\/\" target=\"_blank\" rel=\"noopener\">Proyecto Impresas<\/a>, revista editada por mujeres reclusas en la prisi\u00f3n de Picassent (Val\u00e8ncia). En 2019, recibi\u00f3 el Premio Africanidad al periodismo social por la Federaci\u00f3n Uni\u00f3n Africana Espa\u00f1a y, junto a Impresas, la Menci\u00f3n Especial del Jurado en la categor\u00eda Comunicaci\u00f3n en los I Premios Cooperaci\u00f3n de la Coordinadora Valenciana de ONGDs.<\/p>\n<p>[\/et_pb_toggle][\/et_pb_column][\/et_pb_row][et_pb_row _builder_version=\u00bb4.16&#8243; _module_preset=\u00bbdefault\u00bb global_colors_info=\u00bb{}\u00bb][et_pb_column type=\u00bb4_4&#8243; _builder_version=\u00bb4.16&#8243; _module_preset=\u00bbdefault\u00bb global_colors_info=\u00bb{}\u00bb][et_pb_divider _builder_version=\u00bb4.16&#8243; _module_preset=\u00bbdefault\u00bb global_colors_info=\u00bb{}\u00bb][\/et_pb_divider][\/et_pb_column][\/et_pb_row][et_pb_row _builder_version=\u00bb4.16&#8243; _module_preset=\u00bbdefault\u00bb global_colors_info=\u00bb{}\u00bb][et_pb_column type=\u00bb4_4&#8243; _builder_version=\u00bb4.16&#8243; _module_preset=\u00bbdefault\u00bb global_colors_info=\u00bb{}\u00bb][\/et_pb_column][\/et_pb_row][et_pb_row column_structure=\u00bb1_4,3_4&#8243; _builder_version=\u00bb4.16&#8243; _module_preset=\u00bbdefault\u00bb animation_style=\u00bbflip\u00bb global_colors_info=\u00bb{}\u00bb][et_pb_column type=\u00bb1_4&#8243; _builder_version=\u00bb4.16&#8243; _module_preset=\u00bbdefault\u00bb global_colors_info=\u00bb{}\u00bb][et_pb_image src=\u00bbhttps:\/\/fundacionporlajusticia.org\/wp-content\/uploads\/2025\/03\/2.jpg\u00bb title_text=\u00bb2&#8243; _builder_version=\u00bb4.27.4&#8243; _module_preset=\u00bbdefault\u00bb global_colors_info=\u00bb{}\u00bb][\/et_pb_image][\/et_pb_column][et_pb_column type=\u00bb3_4&#8243; _builder_version=\u00bb4.16&#8243; _module_preset=\u00bbdefault\u00bb global_colors_info=\u00bb{}\u00bb][et_pb_text admin_label=\u00bbNombre\u00bb _builder_version=\u00bb4.27.4&#8243; _module_preset=\u00bbdefault\u00bb global_colors_info=\u00bb{}\u00bb]<\/p>\n<h3><strong>Cristina Viv\u00f3 &#8211;<\/strong>\u00a0Coordinadora de producci\u00f3n<\/h3>\n<p>[\/et_pb_text][et_pb_toggle title=\u00bbConoce m\u00e1s sobre Cristina\u00bb admin_label=\u00bbconoce mas\u00bb _builder_version=\u00bb4.27.4&#8243; _module_preset=\u00bbdefault\u00bb global_colors_info=\u00bb{}\u00bb]<\/p>\n<p>Periodista y licenciada en Comunicaci\u00f3n Audiovisual, con m\u00e1s de quince a\u00f1os de experiencia en producci\u00f3n cinematogr\u00e1fica, televisiva y comunicaci\u00f3n cinematogr\u00e1fica. Desde hace una d\u00e9cada, trabaja como responsable de prensa en cert\u00e1menes como el Festival de M\u00e1laga, la SEMINCI y los Premios Gaud\u00ed, y fue creadora de la secci\u00f3n de contenidos digitales del Festival de Cine de Fuengirola. Adem\u00e1s, es creadora y coordinadora del laboratorio de desarrollo de proyectos Humans Lab, organizado por Humans Fest y la Fundaci\u00f3n por la Justicia.<\/p>\n<p>Como productora, ha estado al frente de documentales premiados como <em>Almost Ghosts<\/em> (SEMINCI, Premio Mejor Documental en Arizona) y <em>Bull Run<\/em> (DOC NYC, Premio Berlanga). Tambi\u00e9n ha participado en la producci\u00f3n de formatos televisivos reconocidos como <em>Mi familia en la mochila<\/em>, <em>Informe<\/em> y <em>Terres de Cinema<\/em> para TVE y \u00c0 Punt.<\/p>\n<p>En ficci\u00f3n, ha trabajado como directora de producci\u00f3n en m\u00e1s de una veintena de proyectos. Actualmente, compagina su labor en festivales con el desarrollo de largometrajes y cortometrajes en diferentes fases de producci\u00f3n, al frente de su propia productora.<\/p>\n<p>[\/et_pb_toggle][\/et_pb_column][\/et_pb_row][et_pb_row _builder_version=\u00bb4.16&#8243; _module_preset=\u00bbdefault\u00bb global_colors_info=\u00bb{}\u00bb][et_pb_column type=\u00bb4_4&#8243; _builder_version=\u00bb4.16&#8243; _module_preset=\u00bbdefault\u00bb global_colors_info=\u00bb{}\u00bb][et_pb_divider _builder_version=\u00bb4.16&#8243; _module_preset=\u00bbdefault\u00bb global_colors_info=\u00bb{}\u00bb][\/et_pb_divider][\/et_pb_column][\/et_pb_row][et_pb_row column_structure=\u00bb1_4,3_4&#8243; admin_label=\u00bbCarmen\u00bb _builder_version=\u00bb4.27.4&#8243; _module_preset=\u00bbdefault\u00bb animation_style=\u00bbflip\u00bb global_colors_info=\u00bb{}\u00bb][et_pb_column type=\u00bb1_4&#8243; _builder_version=\u00bb4.16&#8243; _module_preset=\u00bbdefault\u00bb global_colors_info=\u00bb{}\u00bb][et_pb_image src=\u00bbhttps:\/\/fundacionporlajusticia.org\/wp-content\/uploads\/2025\/03\/3.jpg\u00bb title_text=\u00bb3&#8243; _builder_version=\u00bb4.27.4&#8243; _module_preset=\u00bbdefault\u00bb global_colors_info=\u00bb{}\u00bb][\/et_pb_image][\/et_pb_column][et_pb_column type=\u00bb3_4&#8243; _builder_version=\u00bb4.16&#8243; _module_preset=\u00bbdefault\u00bb global_colors_info=\u00bb{}\u00bb][et_pb_text admin_label=\u00bbNombre\u00bb _builder_version=\u00bb4.27.4&#8243; _module_preset=\u00bbdefault\u00bb global_colors_info=\u00bb{}\u00bb]<\/p>\n<h3><strong>Carmen Rodr\u00edguez &#8211;<\/strong> Coordinadora de incidencia<\/h3>\n<p>[\/et_pb_text][et_pb_toggle title=\u00bbConoce m\u00e1s sobre Carmen\u00bb admin_label=\u00bbconoce mas\u00bb _builder_version=\u00bb4.27.4&#8243; _module_preset=\u00bbdefault\u00bb global_colors_info=\u00bb{}\u00bb]<\/p>\n<p>Carmen es licenciada en Ciencias Pol\u00edticas y Sociolog\u00eda y M\u00e1ster en Relaciones Internacionales y Comunicaci\u00f3n por la Universidad Complutense de Madrid. Ha trabajado desde 1994 como periodista en medios de comunicaci\u00f3n como la Agencia EFE, la Cadena COPE y el diario mexicano Milenio, tanto en el Reino Unido como en Espa\u00f1a. Desde el a\u00f1o 2000, ha trabajado en el \u00e1mbito de la comunicaci\u00f3n, la sensibilizaci\u00f3n y la organizaci\u00f3n de eventos en entidades sociales como la Fundaci\u00f3n Mujeres, la Uni\u00f3n de Cooperativas Madrile\u00f1as de Trabajo Asociado, Oxfam Interm\u00f3n y Oxfam International. Su experiencia le ha llevado a conocer a fondo tem\u00e1ticas como la lucha contra la violencia de g\u00e9nero, la econom\u00eda social y solidaria, el comercio justo y la cooperaci\u00f3n internacional al desarrollo, y le ha llevado a participar en respuestas humanitarias en pa\u00edses como Chad, Sud\u00e1n, Mozambique y la India.<\/p>\n<p>Se incorpor\u00f3 a la Coordinadora Valenciana de ONGD en 2017 primero como t\u00e9cnica de sensibilizaci\u00f3n y organizaci\u00f3n de eventos y luego como responsable de comunicaci\u00f3n. En la actualidad es la directora de la Coordinadora, y realiza consultor\u00edas en materia de sensibilizaci\u00f3n y comunicaci\u00f3n para la transformaci\u00f3n social, \u00e1rea en la que lleva a\u00f1os especializ\u00e1ndose.<\/p>\n<p>[\/et_pb_toggle][\/et_pb_column][\/et_pb_row][et_pb_row _builder_version=\u00bb4.16&#8243; _module_preset=\u00bbdefault\u00bb global_colors_info=\u00bb{}\u00bb][et_pb_column type=\u00bb4_4&#8243; _builder_version=\u00bb4.16&#8243; _module_preset=\u00bbdefault\u00bb global_colors_info=\u00bb{}\u00bb][et_pb_divider _builder_version=\u00bb4.16&#8243; _module_preset=\u00bbdefault\u00bb global_colors_info=\u00bb{}\u00bb][\/et_pb_divider][\/et_pb_column][\/et_pb_row][et_pb_row column_structure=\u00bb1_4,3_4&#8243; admin_label=\u00bbLaura\u00bb _builder_version=\u00bb4.16&#8243; _module_preset=\u00bbdefault\u00bb animation_style=\u00bbflip\u00bb global_colors_info=\u00bb{}\u00bb][et_pb_column type=\u00bb1_4&#8243; _builder_version=\u00bb4.16&#8243; _module_preset=\u00bbdefault\u00bb global_colors_info=\u00bb{}\u00bb][et_pb_image src=\u00bbhttps:\/\/fundacionporlajusticia.org\/wp-content\/uploads\/2025\/03\/4.jpg\u00bb title_text=\u00bb4&#8243; _builder_version=\u00bb4.27.4&#8243; _module_preset=\u00bbdefault\u00bb global_colors_info=\u00bb{}\u00bb][\/et_pb_image][\/et_pb_column][et_pb_column type=\u00bb3_4&#8243; _builder_version=\u00bb4.16&#8243; _module_preset=\u00bbdefault\u00bb global_colors_info=\u00bb{}\u00bb][et_pb_text admin_label=\u00bbNombre\u00bb _builder_version=\u00bb4.27.4&#8243; _module_preset=\u00bbdefault\u00bb global_colors_info=\u00bb{}\u00bb]<\/p>\n<h3><strong>Laura Bellver &#8211;<\/strong> Responsable de comunicaci\u00f3n<\/h3>\n<p>[\/et_pb_text][et_pb_toggle title=\u00bbConoce m\u00e1s sobre Laura\u00bb admin_label=\u00bbconoce mas\u00bb _builder_version=\u00bb4.27.4&#8243; _module_preset=\u00bbdefault\u00bb hover_enabled=\u00bb0&#8243; global_colors_info=\u00bb{}\u00bb sticky_enabled=\u00bb0&#8243;]<\/p>\n<p>Laura es licenciada en Periodismo por la Universitat de Val\u00e8ncia (2012). Posteriormente, ha realizado m\u00e1steres de Innovaci\u00f3n en Periodismo, G\u00e9nero y Pol\u00edticas de Igualdad, as\u00ed como Marketing Digital y Comercio Electr\u00f3nico. Ha trabajado cerca de diez a\u00f1os en agencias de comunicaci\u00f3n, pero desde 2020 ejerce como periodista <em>freelance<\/em> en diferentes proyectos relacionados con la cultura y el \u00e1mbito social. Se incorpor\u00f3 al equipo de Humans Fest como responsable de comunicaci\u00f3n en 2022.<\/p>\n<p><a href=\"https:\/\/www.linkedin.com\/in\/laura-bellver-cars%C3%AD\/\" target=\"_blank\" rel=\"noopener\">Perfil de LinkedIn<\/a><\/p>\n<p>[\/et_pb_toggle][\/et_pb_column][\/et_pb_row][\/et_pb_section]<\/p>\n","protected":false},"excerpt":{"rendered":"<p>El equipoPilar Almenar &#8211;\u00a0Directora del Humans FestPilar Almenar es Licenciada en Ciencias Ambientales por la Universitat de Val\u00e8ncia y M\u00e1ster en Periodismo por la Universidad Aut\u00f3noma de Madrid y El Pa\u00eds. En la actualidad trabaja como periodista freelance, formadora y gestora de proyectos. Interesada en el periodismo cultural y social, ha trabajado para numerosos medios [&hellip;]<\/p>\n","protected":false},"author":1,"featured_media":0,"parent":442,"menu_order":0,"comment_status":"closed","ping_status":"closed","template":"","meta":{"_et_pb_use_builder":"on","_et_pb_old_content":"","_et_gb_content_width":"","_uf_show_specific_survey":0,"_uf_disable_surveys":false,"footnotes":""},"class_list":["post-609","page","type-page","status-publish","hentry"],"aioseo_notices":[],"_links":{"self":[{"href":"https:\/\/fundacionporlajusticia.org\/en\/wp-json\/wp\/v2\/pages\/609","targetHints":{"allow":["GET"]}}],"collection":[{"href":"https:\/\/fundacionporlajusticia.org\/en\/wp-json\/wp\/v2\/pages"}],"about":[{"href":"https:\/\/fundacionporlajusticia.org\/en\/wp-json\/wp\/v2\/types\/page"}],"author":[{"embeddable":true,"href":"https:\/\/fundacionporlajusticia.org\/en\/wp-json\/wp\/v2\/users\/1"}],"replies":[{"embeddable":true,"href":"https:\/\/fundacionporlajusticia.org\/en\/wp-json\/wp\/v2\/comments?post=609"}],"version-history":[{"count":47,"href":"https:\/\/fundacionporlajusticia.org\/en\/wp-json\/wp\/v2\/pages\/609\/revisions"}],"predecessor-version":[{"id":12675,"href":"https:\/\/fundacionporlajusticia.org\/en\/wp-json\/wp\/v2\/pages\/609\/revisions\/12675"}],"up":[{"embeddable":true,"href":"https:\/\/fundacionporlajusticia.org\/en\/wp-json\/wp\/v2\/pages\/442"}],"wp:attachment":[{"href":"https:\/\/fundacionporlajusticia.org\/en\/wp-json\/wp\/v2\/media?parent=609"}],"curies":[{"name":"wp","href":"https:\/\/api.w.org\/{rel}","templated":true}]}}