{"id":6022,"date":"2022-06-03T14:59:15","date_gmt":"2022-06-03T14:59:15","guid":{"rendered":"https:\/\/fundacionporlajusticia.accesia.info\/?page_id=6022"},"modified":"2025-05-19T17:11:20","modified_gmt":"2025-05-19T17:11:20","slug":"premio-pau-justicia","status":"publish","type":"page","link":"https:\/\/fundacionporlajusticia.org\/en\/premio-pau-justicia\/","title":{"rendered":"\u201cPau i Justicia\u201d Award"},"content":{"rendered":"<p>[et_pb_section fb_built=\u00bb1&#8243; admin_label=\u00bbTITULO\u00bb _builder_version=\u00bb4.16&#8243; _module_preset=\u00bbdefault\u00bb background_color=\u00bb#FFFFFF\u00bb custom_padding=\u00bb0px||0px||false|false\u00bb bottom_divider_color=\u00bb#ef4b67&#8243; locked=\u00bboff\u00bb global_colors_info=\u00bb{}\u00bb][et_pb_row column_structure=\u00bb3_4,1_4&#8243; _builder_version=\u00bb4.16&#8243; _module_preset=\u00bbdefault\u00bb global_colors_info=\u00bb{}\u00bb][et_pb_column type=\u00bb3_4&#8243; _builder_version=\u00bb4.16&#8243; _module_preset=\u00bbdefault\u00bb global_colors_info=\u00bb{}\u00bb][et_pb_text _builder_version=\u00bb4.17.1&#8243; _module_preset=\u00bbdefault\u00bb header_text_align=\u00bbleft\u00bb header_text_color=\u00bb#635b54&#8243; header_font_size=\u00bb50px\u00bb background_image=\u00bbhttps:\/\/fundacionporlajusticia.org\/wp-content\/uploads\/2022\/03\/bg-pelicula-2.png\u00bb module_alignment=\u00bbleft\u00bb header_text_shadow_style=\u00bbpreset1&#8243; global_colors_info=\u00bb{}\u00bb]<\/p>\n<h1 style=\"text-align: left;\">Premios \u00abPau i Just\u00edcia\u00bb<\/h1>\n<p>[\/et_pb_text][\/et_pb_column][et_pb_column type=\u00bb1_4&#8243; _builder_version=\u00bb4.16&#8243; _module_preset=\u00bbdefault\u00bb global_colors_info=\u00bb{}\u00bb][et_pb_image src=\u00bbhttps:\/\/fundacionporlajusticia.org\/wp-content\/uploads\/2022\/03\/logoHm.png\u00bb title_text=\u00bblogoHm\u00bb url=\u00bb@ET-DC@eyJkeW5hbWljIjp0cnVlLCJjb250ZW50IjoicG9zdF9saW5rX3VybF9wYWdlIiwic2V0dGluZ3MiOnsicG9zdF9pZCI6IjUifX0=@\u00bb align=\u00bbright\u00bb disabled_on=\u00bbon|off|off\u00bb _builder_version=\u00bb4.16&#8243; _dynamic_attributes=\u00bburl\u00bb _module_preset=\u00bbdefault\u00bb global_colors_info=\u00bb{}\u00bb][\/et_pb_image][\/et_pb_column][\/et_pb_row][\/et_pb_section][et_pb_section fb_built=\u00bb1&#8243; _builder_version=\u00bb4.16&#8243; _module_preset=\u00bbdefault\u00bb global_colors_info=\u00bb{}\u00bb][et_pb_row _builder_version=\u00bb4.16&#8243; _module_preset=\u00bbdefault\u00bb global_colors_info=\u00bb{}\u00bb][et_pb_column type=\u00bb4_4&#8243; _builder_version=\u00bb4.16&#8243; _module_preset=\u00bbdefault\u00bb global_colors_info=\u00bb{}\u00bb][et_pb_text _builder_version=\u00bb4.17.1&#8243; _module_preset=\u00bbdefault\u00bb global_colors_info=\u00bb{}\u00bb]<\/p>\n<p><strong>El Premio \u00abPau i Just\u00edcia\u00bb<\/strong>\u00a0surge con la finalidad de reconocer la trayectoria de un\/a cineasta, productora o director\/a de cine en materia de Derechos Humanos por parte de la\u00a0<a href=\"https:\/\/fundacionporlajusticia.accesia.info\" target=\"_blank\" rel=\"noopener\">Fundaci\u00f3n por la Justicia<\/a>.\u00a0<strong>Un premio que reconoce la labor de quienes se comprometen por los derechos humanos y la justicia a trav\u00e9s del audiovisual.<\/strong><\/p>\n<p>Las personas premiadas se caracterizan por la dedicaci\u00f3n de su vida profesional a dar a conocer los objetivos del milenio y poner voz y luz a colectivos a los que se les vulneran sus derechos de forma sistem\u00e1tica. Un cine comprometido con la cooperaci\u00f3n internacional, sanidad, educaci\u00f3n, sistema judicial, sistema penitenciario y defensa de derechos.<\/p>\n<p>[\/et_pb_text][et_pb_divider _builder_version=\u00bb4.16&#8243; _module_preset=\u00bbdefault\u00bb global_colors_info=\u00bb{}\u00bb][\/et_pb_divider][\/et_pb_column][\/et_pb_row][et_pb_row column_structure=\u00bb1_2,1_2&#8243; _builder_version=\u00bb4.16.0&#8243; _module_preset=\u00bbdefault\u00bb global_colors_info=\u00bb{}\u00bb][et_pb_column type=\u00bb1_2&#8243; _builder_version=\u00bb4.16.0&#8243; _module_preset=\u00bbdefault\u00bb global_colors_info=\u00bb{}\u00bb][et_pb_testimonial author=\u00bbRed Carpet Human Rights Film Festival (el primer festival de cine y derechos humanos de Palestina)\u00bb company_name=\u00bbXV Premio 2024&#8243; portrait_url=\u00bbhttps:\/\/fundacionporlajusticia.org\/wp-content\/uploads\/2024\/05\/RED-CARPET.png\u00bb _builder_version=\u00bb4.27.4&#8243; _module_preset=\u00bbdefault\u00bb hover_enabled=\u00bb0&#8243; global_colors_info=\u00bb{}\u00bb title_text=\u00bbRED CARPET\u00bb sticky_enabled=\u00bb0&#8243;][\/et_pb_testimonial][et_pb_testimonial author=\u00bbIsabel Coixet, directora\u00bb company_name=\u00bbXIV Premio 2023&#8243; portrait_url=\u00bbhttps:\/\/fundacionporlajusticia.org\/wp-content\/uploads\/2024\/05\/FOTO-ISABEL-COIXET.jpg\u00bb _builder_version=\u00bb4.25.1&#8243; _module_preset=\u00bbdefault\u00bb global_colors_info=\u00bb{}\u00bb][\/et_pb_testimonial][et_pb_testimonial author=\u00bbWaad Al-Kateab, Cineasta\u00bb company_name=\u00bbXIII Premio 2022&#8243; portrait_url=\u00bbhttps:\/\/fundacionporlajusticia.org\/wp-content\/uploads\/2022\/06\/WhatsApp-Image-2022-06-07-at-3.56.36-PM.jpeg\u00bb _builder_version=\u00bb4.25.1&#8243; _module_preset=\u00bbdefault\u00bb global_colors_info=\u00bb{}\u00bb][\/et_pb_testimonial][et_pb_testimonial author=\u00bbJosefina Molina, Cineasta \u00bb company_name=\u00bbXII Premio 2021&#8243; portrait_url=\u00bbhttps:\/\/fundacionporlajusticia.org\/wp-content\/uploads\/2022\/04\/Josefina-Molina_Premio_Justicia-Pau.jpeg\u00bb _builder_version=\u00bb4.16.0&#8243; _module_preset=\u00bbdefault\u00bb global_colors_info=\u00bb{}\u00bb][\/et_pb_testimonial][et_pb_testimonial author=\u00bbPepe Viyuela-Actor\u00bb company_name=\u00bbXI Premio 2020&#8243; portrait_url=\u00bbhttps:\/\/fundacionporlajusticia.org\/wp-content\/uploads\/2022\/04\/Pepe-Viyuela_Premi_Pau_Justicia-min.png\u00bb _builder_version=\u00bb4.16.0&#8243; _module_preset=\u00bbdefault\u00bb global_colors_info=\u00bb{}\u00bb][\/et_pb_testimonial][\/et_pb_column][et_pb_column type=\u00bb1_2&#8243; _builder_version=\u00bb4.16.0&#8243; _module_preset=\u00bbdefault\u00bb global_colors_info=\u00bb{}\u00bb][et_pb_testimonial author=\u00bbAbdelatif Hwidar-Actor y director\u00bb company_name=\u00bbX Premio 2019&#8243; portrait_url=\u00bbhttps:\/\/fundacionporlajusticia.org\/wp-content\/uploads\/2022\/04\/Hwidar-Abdelatif.webp\u00bb _builder_version=\u00bb4.16.0&#8243; _module_preset=\u00bbdefault\u00bb global_colors_info=\u00bb{}\u00bb][\/et_pb_testimonial][et_pb_testimonial author=\u00bbSilvia Munt-Directora, actriz y productora\u00bb company_name=\u00bbIX Premio 2018&#8243; portrait_url=\u00bbhttps:\/\/fundacionporlajusticia.org\/wp-content\/uploads\/2022\/04\/Silvia_Munt_Premio_Justicia-Pau-1.jpg\u00bb _builder_version=\u00bb4.16.0&#8243; _module_preset=\u00bbdefault\u00bb global_colors_info=\u00bb{}\u00bb][\/et_pb_testimonial][et_pb_testimonial author=\u00bbJuan Diego Botto-Actor\u00bb company_name=\u00bbVIII Premio 2017-2016&#8243; portrait_url=\u00bbhttps:\/\/fundacionporlajusticia.org\/wp-content\/uploads\/2022\/04\/Juan-Diego-Boto.jpg\u00bb _builder_version=\u00bb4.16.0&#8243; _module_preset=\u00bbdefault\u00bb global_colors_info=\u00bb{}\u00bb][\/et_pb_testimonial][et_pb_testimonial author=\u00bbMontxo Armend\u00e1riz (Direcor) y Puy Oria (Productora)\u00bb company_name=\u00bbVII Premio 2015&#8243; portrait_url=\u00bbhttps:\/\/fundacionporlajusticia.org\/wp-content\/uploads\/2022\/04\/Puy.jpg\u00bb _builder_version=\u00bb4.16.0&#8243; _module_preset=\u00bbdefault\u00bb global_colors_info=\u00bb{}\u00bb][\/et_pb_testimonial][et_pb_testimonial author=\u00bbCarles Bosch\u00bb company_name=\u00bbVI Premio 2014&#8243; url=\u00bbhttps:\/\/fundacionporlajusticia.org\/queda-inaugurado-el-fic-valencia-y-comienzan-las-proyecciones-de-la-seccion-oficial\/\u00bb portrait_url=\u00bbhttps:\/\/fundacionporlajusticia.org\/wp-content\/uploads\/2022\/04\/Carles_Bosch_Premi_Justicia_Pau.jpeg\u00bb _builder_version=\u00bb4.16.0&#8243; _module_preset=\u00bbdefault\u00bb link_option_url=\u00bbhttps:\/\/fundacionporlajusticia.org\/queda-inaugurado-el-fic-valencia-y-comienzan-las-proyecciones-de-la-seccion-oficial\/\u00bb global_colors_info=\u00bb{}\u00bb][\/et_pb_testimonial][\/et_pb_column][\/et_pb_row][\/et_pb_section]<\/p>\n","protected":false},"excerpt":{"rendered":"<p>Premios \u00abPau i Just\u00edcia\u00bbEl Premio \u00abPau i Just\u00edcia\u00bb\u00a0surge con la finalidad de reconocer la trayectoria de un\/a cineasta, productora o director\/a de cine en materia de Derechos Humanos por parte de la\u00a0Fundaci\u00f3n por la Justicia.\u00a0Un premio que reconoce la labor de quienes se comprometen por los derechos humanos y la justicia a trav\u00e9s del audiovisual. [&hellip;]<\/p>\n","protected":false},"author":2,"featured_media":0,"parent":0,"menu_order":0,"comment_status":"closed","ping_status":"closed","template":"","meta":{"_et_pb_use_builder":"on","_et_pb_old_content":"","_et_gb_content_width":"","_uf_show_specific_survey":0,"_uf_disable_surveys":false,"footnotes":""},"class_list":["post-6022","page","type-page","status-publish","hentry"],"aioseo_notices":[],"_links":{"self":[{"href":"https:\/\/fundacionporlajusticia.org\/en\/wp-json\/wp\/v2\/pages\/6022","targetHints":{"allow":["GET"]}}],"collection":[{"href":"https:\/\/fundacionporlajusticia.org\/en\/wp-json\/wp\/v2\/pages"}],"about":[{"href":"https:\/\/fundacionporlajusticia.org\/en\/wp-json\/wp\/v2\/types\/page"}],"author":[{"embeddable":true,"href":"https:\/\/fundacionporlajusticia.org\/en\/wp-json\/wp\/v2\/users\/2"}],"replies":[{"embeddable":true,"href":"https:\/\/fundacionporlajusticia.org\/en\/wp-json\/wp\/v2\/comments?post=6022"}],"version-history":[{"count":10,"href":"https:\/\/fundacionporlajusticia.org\/en\/wp-json\/wp\/v2\/pages\/6022\/revisions"}],"predecessor-version":[{"id":13015,"href":"https:\/\/fundacionporlajusticia.org\/en\/wp-json\/wp\/v2\/pages\/6022\/revisions\/13015"}],"wp:attachment":[{"href":"https:\/\/fundacionporlajusticia.org\/en\/wp-json\/wp\/v2\/media?parent=6022"}],"curies":[{"name":"wp","href":"https:\/\/api.w.org\/{rel}","templated":true}]}}