{"id":5144,"date":"2022-05-04T12:50:22","date_gmt":"2022-05-04T12:50:22","guid":{"rendered":"https:\/\/fundacionporlajusticia.accesia.info\/?page_id=5144"},"modified":"2026-04-23T13:47:00","modified_gmt":"2026-04-23T11:47:00","slug":"quienes-somos","status":"publish","type":"page","link":"https:\/\/fundacionporlajusticia.org\/en\/quienes-somos\/","title":{"rendered":"Who Are We?"},"content":{"rendered":"<p>[et_pb_section fb_built=\u00bb1&#8243; admin_label=\u00bbHeader\u00bb _builder_version=\u00bb4.27.5&#8243; background_color=\u00bb#FFFFFF\u00bb background_image=\u00bbhttps:\/\/fundacionporlajusticia.org\/wp-content\/uploads\/2026\/04\/Fundacion-por-la-Justicia-Aniversario-250616-004-scaled.jpg\u00bb custom_margin=\u00bb||-30px||false|false\u00bb custom_padding=\u00bb||156px|||\u00bb saved_tabs=\u00bball\u00bb global_colors_info=\u00bb{}\u00bb][et_pb_row _builder_version=\u00bb4.27.5&#8243; custom_margin=\u00bb|auto|-240px|auto|false|false\u00bb custom_padding=\u00bb233px|||||\u00bb animation_direction=\u00bbleft\u00bb locked=\u00bboff\u00bb global_colors_info=\u00bb{}\u00bb][et_pb_column type=\u00bb4_4&#8243; _builder_version=\u00bb4.27.5&#8243; background_color=\u00bb#92857c\u00bb custom_padding=\u00bb50px|40px|50px|40px|true|true\u00bb global_colors_info=\u00bb{}\u00bb][et_pb_text admin_label=\u00bbTitulo\u00bb _builder_version=\u00bb4.27.5&#8243; text_font=\u00bbMontserrat|600|||||||\u00bb text_text_color=\u00bb#92857c\u00bb text_font_size=\u00bb24px\u00bb text_line_height=\u00bb1.4em\u00bb header_font=\u00bbMontserrat|700||on|||||\u00bb header_text_color=\u00bb#efebe2&#8243; header_font_size=\u00bb70px\u00bb header_letter_spacing=\u00bb0.1em\u00bb header_line_height=\u00bb1.1em\u00bb header_2_font_size=\u00bb96px\u00bb header_3_font_size=\u00bb96px\u00bb header_4_font_size=\u00bb96px\u00bb header_5_font_size=\u00bb96px\u00bb header_6_font_size=\u00bb96px\u00bb text_orientation=\u00bbright\u00bb text_font_size_tablet=\u00bb\u00bb text_font_size_phone=\u00bb20px\u00bb text_font_size_last_edited=\u00bbon|desktop\u00bb header_font_size_tablet=\u00bb56px\u00bb header_font_size_phone=\u00bb30px\u00bb header_font_size_last_edited=\u00bbon|phone\u00bb header_2_font_size_tablet=\u00bb56px\u00bb header_2_font_size_phone=\u00bb30px\u00bb header_2_font_size_last_edited=\u00bbon|phone\u00bb header_3_font_size_tablet=\u00bb56px\u00bb header_3_font_size_phone=\u00bb30px\u00bb header_3_font_size_last_edited=\u00bbon|phone\u00bb header_4_font_size_tablet=\u00bb56px\u00bb header_4_font_size_phone=\u00bb30px\u00bb header_4_font_size_last_edited=\u00bbon|phone\u00bb header_5_font_size_tablet=\u00bb56px\u00bb header_5_font_size_phone=\u00bb30px\u00bb header_5_font_size_last_edited=\u00bbon|phone\u00bb header_6_font_size_tablet=\u00bb56px\u00bb header_6_font_size_phone=\u00bb30px\u00bb header_6_font_size_last_edited=\u00bbon|phone\u00bb text_orientation_tablet=\u00bbleft\u00bb text_orientation_phone=\u00bb\u00bb text_orientation_last_edited=\u00bbon|tablet\u00bb locked=\u00bboff\u00bb global_colors_info=\u00bb{}\u00bb]<\/p>\n<h1>QUI\u00c9NES SOMOS<\/h1>\n<p>[\/et_pb_text][\/et_pb_column][\/et_pb_row][\/et_pb_section][et_pb_section fb_built=\u00bb1&#8243; _builder_version=\u00bb4.27.5&#8243; _module_preset=\u00bbdefault\u00bb global_colors_info=\u00bb{}\u00bb][et_pb_row _builder_version=\u00bb4.27.5&#8243; _module_preset=\u00bbdefault\u00bb global_colors_info=\u00bb{}\u00bb][et_pb_column type=\u00bb4_4&#8243; _builder_version=\u00bb4.27.5&#8243; _module_preset=\u00bbdefault\u00bb global_colors_info=\u00bb{}\u00bb][et_pb_divider show_divider=\u00bboff\u00bb _builder_version=\u00bb4.27.5&#8243; _module_preset=\u00bbdefault\u00bb global_colors_info=\u00bb{}\u00bb][\/et_pb_divider][\/et_pb_column][\/et_pb_row][\/et_pb_section][et_pb_section fb_built=\u00bb1&#8243; _builder_version=\u00bb4.27.5&#8243; _module_preset=\u00bbdefault\u00bb global_colors_info=\u00bb{}\u00bb][\/et_pb_section][et_pb_section fb_built=\u00bb1&#8243; _builder_version=\u00bb4.27.5&#8243; _module_preset=\u00bbdefault\u00bb custom_margin=\u00bb-196px|||||\u00bb global_colors_info=\u00bb{}\u00bb][et_pb_row column_structure=\u00bb1_2,1_2&#8243; _builder_version=\u00bb4.27.5&#8243; _module_preset=\u00bbdefault\u00bb custom_padding=\u00bb|100px||||\u00bb locked=\u00bboff\u00bb global_colors_info=\u00bb{}\u00bb][et_pb_column type=\u00bb1_2&#8243; _builder_version=\u00bb4.27.5&#8243; _module_preset=\u00bbdefault\u00bb global_colors_info=\u00bb{}\u00bb][et_pb_image src=\u00bbhttps:\/\/fundacionporlajusticia.org\/wp-content\/uploads\/2022\/03\/2021-Mozambique-1.jpeg\u00bb title_text=\u00bb2021 Mozambique\u00bb align=\u00bbcenter\u00bb _builder_version=\u00bb4.17.1&#8243; _module_preset=\u00bbdefault\u00bb width=\u00bb90%\u00bb max_width=\u00bb90%\u00bb border_radii=\u00bbon|20px|20px|20px|20px\u00bb border_width_all=\u00bb1px\u00bb border_color_all=\u00bb#60cbba\u00bb global_colors_info=\u00bb{}\u00bb][\/et_pb_image][\/et_pb_column][et_pb_column type=\u00bb1_2&#8243; _builder_version=\u00bb4.27.5&#8243; _module_preset=\u00bbdefault\u00bb global_colors_info=\u00bb{}\u00bb][et_pb_text _builder_version=\u00bb4.27.5&#8243; _module_preset=\u00bbdefault\u00bb text_font=\u00bb&#8211;et_global_heading_font||||||||\u00bb header_font=\u00bb&#8211;et_global_heading_font||||||||\u00bb transform_scale=\u00bb105%|105%\u00bb min_height=\u00bb33px\u00bb custom_margin=\u00bb|-18px||-18px|false|false\u00bb custom_padding=\u00bb12px|0px|3px|||\u00bb global_colors_info=\u00bb{}\u00bb]<\/p>\n<h3 style=\"text-align: center;\">Queremos la paz,<\/h3>\n<h3 style=\"text-align: center;\">Defendemos los Derechos Humanos<\/h3>\n<p>[\/et_pb_text][et_pb_divider _builder_version=\u00bb4.27.5&#8243; _module_preset=\u00bbdefault\u00bb custom_margin=\u00bb||1px|||\u00bb global_colors_info=\u00bb{}\u00bb][\/et_pb_divider][et_pb_text _builder_version=\u00bb4.27.5&#8243; _module_preset=\u00bbdefault\u00bb text_text_color=\u00bb#92857c\u00bb global_colors_info=\u00bb{}\u00bb]<\/p>\n<p style=\"text-align: justify;\">Fundaci\u00f3n por la Justicia es una organizaci\u00f3n sin \u00e1nimo de lucro que trabaja en favor de los <strong>Derechos Humanos<\/strong> y de la justicia social, en aras de alcanzar una sociedad en paz, m\u00e1s justa, y m\u00e1s solidaria.<\/p>\n<p style=\"text-align: justify;\"><strong>Desde 1994<\/strong> ha centrado sus esfuerzos en sensibilizar a la sociedad ante las injusticias y la vulneraci\u00f3n de Derechos Humanos, en contribuir a una educaci\u00f3n y formaci\u00f3n espec\u00edfica en esta materia y en generar oportunidades de futuro para unos colectivos especialmente vulnerados. Su \u00e1mbito geogr\u00e1fico de actuaci\u00f3n ha sido tanto Espa\u00f1a como los pa\u00edses de \u00c1frica, el Caribe y el Pac\u00edfico.<\/p>\n<p style=\"text-align: justify;\">\n<p>[\/et_pb_text][et_pb_button button_url=\u00bbhttps:\/\/fundacionporlajusticia.org\/proyectos\/\u00bb button_text=\u00bb\u00bfQu\u00e9 hacemos?\u00bb button_alignment=\u00bbcenter\u00bb _builder_version=\u00bb4.27.5&#8243; _module_preset=\u00bbdefault\u00bb custom_button=\u00bbon\u00bb button_text_size=\u00bb18px\u00bb button_text_color=\u00bb#FFFFFF\u00bb button_bg_color=\u00bb#ada39a\u00bb button_border_color=\u00bb#92857c\u00bb transform_scale=\u00bb105%|105%\u00bb global_colors_info=\u00bb{}\u00bb][\/et_pb_button][\/et_pb_column][\/et_pb_row][et_pb_row _builder_version=\u00bb4.27.5&#8243; _module_preset=\u00bbdefault\u00bb custom_padding=\u00bb||39px|||\u00bb global_colors_info=\u00bb{}\u00bb][et_pb_column type=\u00bb4_4&#8243; _builder_version=\u00bb4.17.1&#8243; _module_preset=\u00bbdefault\u00bb global_colors_info=\u00bb{}\u00bb][et_pb_text _builder_version=\u00bb4.17.1&#8243; _module_preset=\u00bbdefault\u00bb global_colors_info=\u00bb{}\u00bb]<\/p>\n<p style=\"text-align: justify;\"><span style=\"color: #92857c;\">Nuestra misi\u00f3n se fundamenta en s\u00f3lidos valores de <strong>paz, justicia, solidaridad, igualdad, respeto de la diversidad cultural, independencia, transparencia y compromiso con la sociedad.<\/strong><\/span><\/p>\n<p style=\"text-align: justify;\"><span style=\"color: #92857c;\">Aspiramos a ser coherentes con nuestro lema \u00abQueremos la Paz, trabajamos por la Justicia\u00bb.<\/span><\/p>\n<p><span style=\"color: #92857c;\">Trabajamos en diversos proyectos que tiene que ver con las tem\u00e1ticas principales de:<\/span><\/p>\n<p><a href=\"https:\/\/fundacionporlajusticia.org\/mujer-y-derechos-humanos\/\">\u2022 Mujeres y DDHH<\/a><br \/><a href=\"https:\/\/fundacionporlajusticia.org\/infancia-ddhh\/\">\u2022 Infancia y DDHH<\/a><br \/><span style=\"color: #92857c;\">\u2022 Inserci\u00f3n laboral y DDHH<\/span><br \/><span style=\"color: #92857c;\">\u2022 Justicia Restaurativa<\/span><br \/><span style=\"color: #92857c;\">\u2022 Sensibilizaci\u00f3n en materia de DDHH<\/span><br \/><span style=\"color: #92857c;\">\u2022 Gobierno Abierto y Lucha contra la corrupci\u00f3n<\/span><br \/><span style=\"color: #92857c;\">\u2022 Personas Reclusas<\/span><br \/><span style=\"color: #92857c;\">\u2022 Personas refugiadas<\/span><br \/><span style=\"color: #92857c;\">\u2022 Formaci\u00f3n\u00a0<\/span><\/p>\n<p>&nbsp;<\/p>\n<p>[\/et_pb_text][\/et_pb_column][\/et_pb_row][\/et_pb_section]<\/p>\n","protected":false},"excerpt":{"rendered":"<p>QUI\u00c9NES SOMOSQueremos la paz, Defendemos los Derechos HumanosFundaci\u00f3n por la Justicia es una organizaci\u00f3n sin \u00e1nimo de lucro que trabaja en favor de los Derechos Humanos y de la justicia social, en aras de alcanzar una sociedad en paz, m\u00e1s justa, y m\u00e1s solidaria. Desde 1994 ha centrado sus esfuerzos en sensibilizar a la sociedad [&hellip;]<\/p>\n","protected":false},"author":2,"featured_media":0,"parent":0,"menu_order":0,"comment_status":"closed","ping_status":"closed","template":"","meta":{"_et_pb_use_builder":"on","_et_pb_old_content":"<p>Fundaci\u00f3n por la Justicia es una organizaci\u00f3n sin \u00e1nimo de lucro que trabaja en favor de los Derechos Humanos y de la justicia social, en aras de alcanzar una sociedad en paz, m\u00e1s justa, y m\u00e1s solidaria.<\/p><p><br \/>Desde hace 25 a\u00f1os ha centrado sus esfuerzos en sensibilizar a la sociedad ante las injusticias y la vulneraci\u00f3n de Derechos Humanos, en contribuir a una educaci\u00f3n y formaci\u00f3n espec\u00edfica en esta materia y en generar oportunidades de futuro para unos colectivos especialmente vulnerables y en riesgo de exclusi\u00f3n. Su \u00e1mbito geogr\u00e1fico de actuaci\u00f3n ha sido tanto Espa\u00f1a como los pa\u00edses m\u00e1s desfavorecidos de \u00c1frica, el Caribe y el Pac\u00edfico (pa\u00edses ACP).<\/p>","_et_gb_content_width":"","_uf_show_specific_survey":0,"_uf_disable_surveys":false,"footnotes":""},"class_list":["post-5144","page","type-page","status-publish","hentry"],"aioseo_notices":[],"_links":{"self":[{"href":"https:\/\/fundacionporlajusticia.org\/en\/wp-json\/wp\/v2\/pages\/5144","targetHints":{"allow":["GET"]}}],"collection":[{"href":"https:\/\/fundacionporlajusticia.org\/en\/wp-json\/wp\/v2\/pages"}],"about":[{"href":"https:\/\/fundacionporlajusticia.org\/en\/wp-json\/wp\/v2\/types\/page"}],"author":[{"embeddable":true,"href":"https:\/\/fundacionporlajusticia.org\/en\/wp-json\/wp\/v2\/users\/2"}],"replies":[{"embeddable":true,"href":"https:\/\/fundacionporlajusticia.org\/en\/wp-json\/wp\/v2\/comments?post=5144"}],"version-history":[{"count":28,"href":"https:\/\/fundacionporlajusticia.org\/en\/wp-json\/wp\/v2\/pages\/5144\/revisions"}],"predecessor-version":[{"id":14623,"href":"https:\/\/fundacionporlajusticia.org\/en\/wp-json\/wp\/v2\/pages\/5144\/revisions\/14623"}],"wp:attachment":[{"href":"https:\/\/fundacionporlajusticia.org\/en\/wp-json\/wp\/v2\/media?parent=5144"}],"curies":[{"name":"wp","href":"https:\/\/api.w.org\/{rel}","templated":true}]}}