{"id":467,"date":"2022-03-05T07:44:50","date_gmt":"2022-03-05T07:44:50","guid":{"rendered":"https:\/\/fundacionporlajusticia.accesia.info\/?page_id=467"},"modified":"2022-04-28T10:14:39","modified_gmt":"2022-04-28T10:14:39","slug":"humans-fest-2022-bases","status":"publish","type":"page","link":"https:\/\/fundacionporlajusticia.org\/en\/humansfest\/humans-fest-2022-bases\/","title":{"rendered":"HumansFest 2022 \u2013 Rules"},"content":{"rendered":"<p>[et_pb_section fb_built=\u00bb1&#8243; admin_label=\u00bbTITULO\u00bb _builder_version=\u00bb4.16&#8243; _module_preset=\u00bbdefault\u00bb background_color=\u00bb#FFFFFF\u00bb custom_padding=\u00bb0px||0px||false|false\u00bb bottom_divider_color=\u00bb#ef4b67&#8243; locked=\u00bboff\u00bb global_colors_info=\u00bb{}\u00bb][et_pb_row column_structure=\u00bb3_4,1_4&#8243; _builder_version=\u00bb4.16&#8243; _module_preset=\u00bbdefault\u00bb global_colors_info=\u00bb{}\u00bb][et_pb_column type=\u00bb3_4&#8243; _builder_version=\u00bb4.16&#8243; _module_preset=\u00bbdefault\u00bb global_colors_info=\u00bb{}\u00bb][et_pb_text _builder_version=\u00bb4.16&#8243; _module_preset=\u00bbdefault\u00bb header_text_align=\u00bbleft\u00bb header_text_color=\u00bb#635b54&#8243; header_font_size=\u00bb50px\u00bb background_image=\u00bbhttps:\/\/fundacionporlajusticia.org\/wp-content\/uploads\/2022\/03\/bg-pelicula-2.png\u00bb module_alignment=\u00bbleft\u00bb header_text_shadow_style=\u00bbpreset1&#8243; global_colors_info=\u00bb{}\u00bb]<\/p>\n<h1>Bases 2022<\/h1>\n<p>[\/et_pb_text][\/et_pb_column][et_pb_column type=\u00bb1_4&#8243; _builder_version=\u00bb4.16&#8243; _module_preset=\u00bbdefault\u00bb global_colors_info=\u00bb{}\u00bb][et_pb_image src=\u00bbhttps:\/\/fundacionporlajusticia.org\/wp-content\/uploads\/2022\/03\/logoHm.png\u00bb title_text=\u00bblogoHm\u00bb url=\u00bb@ET-DC@eyJkeW5hbWljIjp0cnVlLCJjb250ZW50IjoicG9zdF9saW5rX3VybF9wYWdlIiwic2V0dGluZ3MiOnsicG9zdF9pZCI6IjUifX0=@\u00bb align=\u00bbright\u00bb disabled_on=\u00bbon|off|off\u00bb _builder_version=\u00bb4.16&#8243; _dynamic_attributes=\u00bburl\u00bb _module_preset=\u00bbdefault\u00bb global_colors_info=\u00bb{}\u00bb][\/et_pb_image][\/et_pb_column][\/et_pb_row][\/et_pb_section][et_pb_section fb_built=\u00bb1&#8243; _builder_version=\u00bb4.16&#8243; _module_preset=\u00bbdefault\u00bb global_colors_info=\u00bb{}\u00bb][et_pb_row _builder_version=\u00bb4.16&#8243; _module_preset=\u00bbdefault\u00bb global_colors_info=\u00bb{}\u00bb][et_pb_column type=\u00bb4_4&#8243; _builder_version=\u00bb4.16&#8243; _module_preset=\u00bbdefault\u00bb global_colors_info=\u00bb{}\u00bb][et_pb_image src=\u00bbhttps:\/\/fundacionporlajusticia.org\/wp-content\/uploads\/2022\/04\/Bases_Cerradas_2022.jpg\u00bb title_text=\u00bbBases_Cerradas_2022&#8243; url=\u00bbhttps:\/\/filmmakers.festhome.com\/festival\/festival-internacional-de-cine-y-derechos-humanos-de-valencia-humans-fest\u00bb url_new_window=\u00bbon\u00bb align=\u00bbcenter\u00bb _builder_version=\u00bb4.17.1&#8243; _module_preset=\u00bbdefault\u00bb width=\u00bb25%\u00bb width_tablet=\u00bb50%\u00bb width_phone=\u00bb75%\u00bb width_last_edited=\u00bbon|phone\u00bb max_width=\u00bb74%\u00bb global_colors_info=\u00bb{}\u00bb][\/et_pb_image][et_pb_text _builder_version=\u00bb4.16&#8243; _module_preset=\u00bbdefault\u00bb global_colors_info=\u00bb{}\u00bb]<\/p>\n<h2><span style=\"color: #ef4b67;\">XIII HUMANS FEST 2022<\/span><\/h2>\n<h3>\u00a0<\/h3>\n<h3><span style=\"color: #635b54;\"><strong>PRE\u00c1MBULO<\/strong><\/span><\/h3>\n<p><span style=\"color: #635b54;\"><strong><\/strong><\/span><\/p>\n<p>La nueva edici\u00f3n del Festival Internacional de Cine y Derechos Humanos de Val\u00e8ncia, Humans Fest, se celebrar\u00e1 <strong>del 9 al 18 de junio de 2022<\/strong> en la ciudad de<strong> Valencia<\/strong> con las siguientes secciones a concurso:<\/p>\n<p>&nbsp;<\/p>\n<h3><span style=\"color: #ef4b67;\"><strong>SECCI\u00d3N OFICIAL:<\/strong><\/span><\/h3>\n<p><span style=\"color: #ef4b67;\"><strong><\/strong><\/span><\/p>\n<p><span style=\"color: #ef4b67;\"><strong><\/strong><\/span><\/p>\n<ul>\n<li><span style=\"color: #635b54;\"><strong>Secci\u00f3n \u2018Humans Fic\u2019 \u2013 1000 \u20ac (Largometraje ficci\u00f3n)<\/strong><\/span><\/li>\n<li><span style=\"color: #635b54;\"><strong>Secci\u00f3n \u2018Humans Doc\u2019 \u2013 1000 \u20ac (Largometraje documental)<\/strong><\/span><\/li>\n<li><span style=\"color: #635b54;\"><strong>Secci\u00f3n Cortometrajes:<\/strong><\/span><\/li>\n<li><strong><span style=\"color: #635b54;\">Secci\u00f3n \u2018Curt i Barrejat\u2019.<\/span>\u00a0<\/strong>Cortos internacionales de g\u00e9nero ficci\u00f3n y documental<strong>.\u00a0<\/strong>Se otorgar\u00e1n dos premios: al <strong>Mejor Corto de ficci\u00f3n \u2013 350 \u20ac<\/strong> y al <strong>Mejor corto documental \u2013 350 \u20ac<\/strong>.<\/li>\n<li><strong>Secci\u00f3n \u2018Acollida\u2019<\/strong>: Secci\u00f3n de cortometrajes valencianos por los derechos humanos. Premio econ\u00f3mico de<strong>\u00a0350\u20ac<\/strong><\/li>\n<li><strong>Secci\u00f3n \u20181 minut, 1 frontera\u2019:<\/strong> Nuestra tradicional secci\u00f3n \u00ab1 minuto, 1 derecho\u00bb dedicada este a\u00f1o al concepto fronteras. Premio econ\u00f3mico de <strong>300\u20ac.<\/strong><\/li>\n<\/ul>\n<p>[\/et_pb_text][et_pb_divider _builder_version=\u00bb4.16&#8243; _module_preset=\u00bbdefault\u00bb global_colors_info=\u00bb{}\u00bb][\/et_pb_divider][et_pb_text _builder_version=\u00bb4.16&#8243; _module_preset=\u00bbdefault\u00bb custom_padding=\u00bb1px|||||\u00bb global_colors_info=\u00bb{}\u00bb]<\/p>\n<h3><span style=\"color: #ef4b67;\"><strong>NORMAS GENERALES:<\/strong><\/span><\/h3>\n<p><span style=\"color: #ef4b67;\"><strong><\/strong><\/span><\/p>\n<p><strong>1.\u00a0\u00a0S\u00f3lo podr\u00e1n participar pel\u00edculas cuya tem\u00e1tica est\u00e9 relacionada con los derechos humanos<\/strong>, <strong>particularmente<\/strong> con el eje propuesto para la presente edici\u00f3n del Festival Internacional de Cine y Derechos Humanos: <strong>el derecho a la migraci\u00f3n y al refugio<\/strong>.<\/p>\n<ul>\n<li style=\"list-style-type: none;\">\n<ul>\n<li>Entendemos la migraci\u00f3n como un fen\u00f3meno natural y global y queremos alejarnos del paradigma securitario dominante con pel\u00edculas que nos revelen la complejidad de la migraci\u00f3n, desde las causas: desigualdad, conflictos sociales y b\u00e9licos, violencia estructural y de g\u00e9nero, cambio clim\u00e1tico\u2026 y las consecuencias: racismo, xenofobia, diversidad, retos de integraci\u00f3n, diversidad, multiculturalidad,\u2026<\/li>\n<li><strong style=\"font-size: 14px;\">Priorizamos las nuevas narrativas sobre la migraci\u00f3n y una mirada empoderadora de las personas migradas<\/strong><span style=\"font-size: 14px;\"> que se aleje de la victimizaci\u00f3n e incluya una perspectiva interseccional.<\/span><\/li>\n<li>En la <strong style=\"font-size: 14px;\">Secci\u00f3n Acollida<\/strong><span style=\"font-size: 14px;\">, de<\/span><strong style=\"font-size: 14px;\"> cortometrajes valencianos<\/strong><span style=\"font-size: 14px;\">, el eje tem\u00e1tico se abre a <\/span><strong style=\"font-size: 14px;\">todos los derechos humanos<\/strong><span style=\"font-size: 14px;\">, recogidos en la Declaraci\u00f3n Universal.<\/span><\/li>\n<\/ul>\n<\/li>\n<\/ul>\n<p><strong><\/strong><\/p>\n<p><strong>2.\u00a0<\/strong>Todas las <strong>producciones presentadas a la secci\u00f3n oficial deber\u00e1n ser posteriores al 1 de junio de 2020<\/strong>.<\/p>\n<p><strong><\/strong><\/p>\n<p><strong>3.\u00a0<\/strong>Las obras deber\u00e1n estar <strong>subtituladas en ingl\u00e9s, castellano o valenciano<\/strong>.<\/p>\n<p><strong><\/strong><\/p>\n<p><strong>4.\u00a0<\/strong>Se abre la convocatoria para las siguientes <strong>secciones<\/strong>.<\/p>\n<ul>\n<li><strong><span style=\"font-size: 14px;\">Oficial <\/span><span style=\"font-size: 14px;\">Competitiva Largometrajes de ficci\u00f3n y documental.<\/span><\/strong><\/li>\n<li><strong>Oficial Competitiva de Cortometrajes.<\/strong><\/li>\n<li><strong>Oficial de cortometrajes valencianos.<\/strong><\/li>\n<li><strong>Un minuto, Una frontera.<\/strong><\/li>\n<\/ul>\n<p><strong><\/strong><\/p>\n<p>La organizaci\u00f3n del Humans Fest determinar\u00e1 los comit\u00e9s de selecci\u00f3n de cada una de las secciones y los jurados de las mismas, que estar\u00e1n integrados por miembros del Festival y por personas expertas en el g\u00e9nero cinematogr\u00e1fico, quienes realizar\u00e1n su trabajo seg\u00fan los par\u00e1metros de calidad y creatividad fijados previamente por la Direcci\u00f3n del Festival.<\/p>\n<p>Para la secci\u00f3n <strong>\u2018Un minuto, una frontera\u2019 el veredicto ser\u00e1 otorgado por el p\u00fablico (jurado popular)<\/strong>.<\/p>\n<p>&nbsp;<\/p>\n<h3><span style=\"color: #ef4b67;\"><strong>FECHAS IMPORTANTES<\/strong><\/span><\/h3>\n<p><span style=\"color: #ef4b67;\"><strong><\/strong><\/span><\/p>\n<ul>\n<li style=\"list-style-type: none;\">\n<ul>\n<li><strong>Fecha l\u00edmite de inscripci\u00f3n de todas las secciones, menos\u00a0 <strong style=\"font-size: 14px;\">\u2018Un minuto una frontera\u2019:<\/strong>\u00a022 de abril de 2022<\/strong>.<\/li>\n<li><strong style=\"font-size: 14px;\">Fecha l\u00edmite de inscripci\u00f3n de la secci\u00f3n \u2018Un minuto una frontera\u2019: 15 de mayo de 2022<\/strong><span style=\"font-size: 14px;\">.<\/span><\/li>\n<\/ul>\n<\/li>\n<\/ul>\n<p><strong><\/strong><\/p>\n<p>[\/et_pb_text][et_pb_text _builder_version=\u00bb4.16&#8243; _module_preset=\u00bbdefault\u00bb custom_padding=\u00bb1px|||||\u00bb global_colors_info=\u00bb{}\u00bb]<\/p>\n<h3><span style=\"color: #ef4b67;\"><strong>SECCIONES<\/strong><\/span><\/h3>\n<p><span style=\"color: #ef4b67;\"><strong><\/strong><\/span><\/p>\n<p><strong>6. Secci\u00f3n oficial competitiva internacional de largometrajes. HUMANS FIC.\u00a0<\/strong><\/p>\n<p><strong><\/strong><\/p>\n<ul>\n<li>La <strong>duraci\u00f3n m\u00ednima de los largometrajes ser\u00e1 de 60 minutos<\/strong> y abordar\u00e1 el eje protagonista de la edici\u00f3n en curso: Migraci\u00f3n en todas sus variantes.<\/li>\n<li>La pel\u00edcula deber\u00e1 ser <strong>in\u00e9dita en la ciudad de Valencia<\/strong>.<\/li>\n<li>Un jurado independiente determinar\u00e1 el <strong>Primer Premio valorado en 1000\u20ac<\/strong>.<\/li>\n<li>La <strong>asociaci\u00f3n de guionistas EDAV determinar\u00e1 el premio al mejor guion, sin dotaci\u00f3n econ\u00f3mica<\/strong>.<\/li>\n<li>La<strong> inscripci\u00f3n <\/strong>de proyectos ser\u00e1 de car\u00e1cter <strong>gratuito<\/strong>.<\/li>\n<\/ul>\n<p><strong><\/strong><\/p>\n<p><strong>7.<\/strong>\u00a0<strong>Secci\u00f3n oficial competitiva internacional de Largometraje Documental. HUMANS DOC.\u00a0<\/strong><\/p>\n<ul>\n<li>La<strong> duraci\u00f3n m\u00ednima de los documentales ser\u00e1 de 60 minutos<\/strong> y abordar\u00e1 el eje protagonista de la edici\u00f3n en curso; Migraci\u00f3n en todas sus variantes.<\/li>\n<li>La pel\u00edcula deber\u00e1 ser in\u00e9dita en la ciudad de Valencia.<\/li>\n<li>Un jurado independiente determinar\u00e1 el <strong>Primer Premio valorado en 1000\u20ac<\/strong>.<\/li>\n<li>La <strong>inscripci\u00f3n<\/strong> de proyectos ser\u00e1 de car\u00e1cter <strong>gratuito<\/strong>.<\/li>\n<\/ul>\n<p><strong><\/strong><\/p>\n<p><strong>8. Secci\u00f3n oficial competitiva internacional de cortometrajes. CURT I BARREJAT<\/strong><\/p>\n<ul>\n<li>La <strong>duraci\u00f3n m\u00e1xima de los cortometrajes ser\u00e1 de 30 minutos<\/strong> y abordar\u00e1 el eje protagonista de la edici\u00f3n en curso; Migraci\u00f3n en todas sus variantes.<\/li>\n<li>La pel\u00edcula deber\u00e1 ser <strong>in\u00e9dita en la ciudad de Valencia<\/strong>.<\/li>\n<li>Un jurado independiente determinar\u00e1 el <strong>Primer Premio a Mejor Cortometraje de Ficci\u00f3n valorado en 350\u20ac<\/strong>.<\/li>\n<li>Un jurado independiente determinar\u00e1 el <strong>Primer Premio a Cortometraje Documental valorado en 350\u20ac<\/strong>.<\/li>\n<li>La <strong>inscripci\u00f3n<\/strong> de proyectos ser\u00e1 de car\u00e1cter <strong>gratuito<\/strong>.<\/li>\n<\/ul>\n<p><strong><\/strong><\/p>\n<p><strong>9. Secci\u00f3n oficial competitiva de cortometrajes valencianos.\u00a0 ACOLLIDA.<\/strong><\/p>\n<ul>\n<li>S\u00f3lo podr\u00e1n participar<strong> cortometrajes producidos en la Comunitat Valenciana al menos en un 30%<\/strong>.<\/li>\n<li>La pel\u00edcula deber\u00e1 ser <strong>in\u00e9dita en la ciudad de Valencia<\/strong>.<\/li>\n<li>La <strong>duraci\u00f3n m\u00e1xima<\/strong> de los cortometrajes ser\u00e1 de<strong> 30 minutos<\/strong> y abordar\u00e1 el eje protagonista de la edici\u00f3n en curso; Migraci\u00f3n en todas sus variantes.<\/li>\n<li>Un jurado independiente determinar\u00e1 el <strong>Primer Premio valorado en 350\u20ac.<\/strong><\/li>\n<li>El coste de <strong>inscripci\u00f3n<\/strong> ser\u00e1 <strong>gratuito<\/strong>. Si as\u00ed lo desean y si cumplen los requisitos, las productoras podr\u00e1n inscribir simult\u00e1neamente sus obras en la secci\u00f3n internacional y en la de cortometrajes valencianos pero, en caso de ser seleccionado, solo se proyectar\u00e1 en una de las secciones.<\/li>\n<\/ul>\n<p><strong><\/strong><\/p>\n<p><strong>10. Un minuto, una frontera<\/strong><\/p>\n<p>La XIII edici\u00f3n del Humans Fest convoca una <strong>nueva edici\u00f3n del premio a micrometrajes realizados por centros educativos<\/strong>.<\/p>\n<ul>\n<li>Podr\u00e1n participar <strong>cortos realizados en centros educativos de la Comunitat Valenciana<\/strong> de educaci\u00f3n reglada y no reglada.<\/li>\n<li>La <strong>duraci\u00f3n m\u00e1xima ser\u00e1 de 1 minuto 30 segundos<\/strong>, cr\u00e9ditos incluidos, relacionado con cualquier vertiente del tratamiento de las fronteras.<\/li>\n<li>La <strong>fecha l\u00edmite de recepci\u00f3n de proyectos ser\u00e1 el 15 de mayo de 2022<\/strong>.<\/li>\n<li>El <strong>premio<\/strong> ser\u00e1 <strong>otorgado por el p\u00fablico<\/strong>.<\/li>\n<li>El coste de <strong>inscripci\u00f3n<\/strong> ser\u00e1 <strong>gratuito<\/strong>.<\/li>\n<li>El env\u00edo de proyectos se puede realizar enviando la copia final por correo electr\u00f3nico, indicando t\u00edtulo de la obra y autor del mismo. <a href=\"mailto:humans@humansfest.com\">humans@humansfest.com<\/a>.<\/li>\n<li>El premio al Mejor Proyecto \u2018Un minuto una frontera\u2019 est\u00e1 dotado con <strong>300 \u20ac<\/strong> y se elegir\u00e1 mediante votaci\u00f3n del p\u00fablico durante las fechas del Festival.<\/li>\n<li>La <strong>entrega del galard\u00f3n<\/strong> se har\u00e1 efectiva en la <strong>ceremonia de clausura del Humans Fest, el 18 de junio de 2022<\/strong>.<\/li>\n<li><\/li>\n<\/ul>\n<h3><span style=\"color: #ef4b67;\"><strong>OBRAS ADMITIDAS<\/strong><\/span><\/h3>\n<p><span style=\"color: #ef4b67;\"><strong><\/strong><\/span><\/p>\n<p><strong>11. Obras admitidas<\/strong><\/p>\n<ul>\n<li>Las <strong>pel\u00edculas escogidas no podr\u00e1n ser retiradas por sus productores una vez publicada la selecci\u00f3n<\/strong>.<\/li>\n<li>Los productores\/distribuidores deber\u00e1n enviar una copia en DCP, BluRay o Alta Resoluci\u00f3n, bien online, a la sede del festival junto con un dossier de la obra, tres im\u00e1genes de la pel\u00edcula y una biofilmograf\u00eda del director.<\/li>\n<\/ul>\n<p><strong>HUMANS FEST<\/strong><\/p>\n<p><strong>FUNDACI\u00d3N POR LA JUSTICIA<\/strong><\/p>\n<p><strong>C\/ Ripalda, 16, bajo<\/strong><\/p>\n<p><strong>46003 Val\u00e8ncia<\/strong><\/p>\n<ul>\n<li>Las obras <strong>podr\u00e1n ser proyectadas en sesiones especiales del festival previo consentimiento de los\/las autores\/as<\/strong>. El Festival podr\u00e1 tomar una muestra de las obras seleccionadas para utilizar en cualquier medio con fines promocionales en el marco de Humans Fest (programa impreso, prensa, Internet, redes sociales, tr\u00e1iler, etc.)<\/li>\n<\/ul>\n<p><strong>12. Obras admitidas<\/strong><\/p>\n<ul>\n<li>La persona f\u00edsica o jur\u00eddica que realice la inscripci\u00f3n declara que posee todos los derechos de propiedad intelectual de la obra exhibida en el festival y del material audiovisual incluido en ella (banda sonora, im\u00e1genes ajenas. etc). El festival no se har\u00e1 responsable si esta norma es incumplida.<\/li>\n<li>Las pel\u00edculas escogidas no podr\u00e1n ser retiradas por sus productores una vez anunciada su selecci\u00f3n.<\/li>\n<li>Los productores\/ distribuidores deber\u00e1n enviar v\u00eda online o una copia en DCP, BluRay o Alta Resoluci\u00f3n a la sede del festival junto con un dossier de la obra, tres im\u00e1genes de la pel\u00edcula y una biofilmograf\u00eda del director con foto. Enviar subt\u00edtulos en ingl\u00e9s, castellano o catal\u00e1n en un archivo aparte en formato .srt.<\/li>\n<li>El festival no se har\u00e1 cargo de los costes de env\u00edo de las pel\u00edculas. Cualquier gasto generado por el env\u00edo de los materiales correr\u00e1 a cargo del seleccionado. El festival no se hace responsable de los posibles da\u00f1os que sufran dichos materiales durante el traslado.<\/li>\n<\/ul>\n<h3><span style=\"color: #ef4b67;\"><strong><\/strong><\/span><\/h3>\n<h3><span style=\"color: #ef4b67;\"><strong>JURADO<\/strong><\/span><\/h3>\n<p><strong><\/strong><\/p>\n<p><strong>13.- Jurado \/ Comit\u00e9 de selecci\u00f3n:<\/strong><\/p>\n<ul>\n<li>La organizaci\u00f3n del Humans Fest determinar\u00e1 los comit\u00e9s de selecci\u00f3n de cada una de las secciones y los jurados de las mismas.<\/li>\n<li>El jurado estar\u00e1 compuesto por reconocidas personalidades del medio audiovisual, la cultura y el voluntariado. Los miembros del mismo se anunciar\u00e1n oportunamente antes de la celebraci\u00f3n del festival.<\/li>\n<li>En el caso de la secci\u00f3n \u2018Un minuto, una frontera\u2019, el veredicto se otorgar\u00e1 por votaci\u00f3n popular de la manera que indique la organizaci\u00f3n del festival.<\/li>\n<li>Las decisiones, tanto del Comit\u00e9 de Selecci\u00f3n como de los Jurados, ser\u00e1n inapelables.<\/li>\n<li>Los proyectos ganadores se anunciar\u00e1n en la Gala de Clausura del XIII Festival Internacional de Cine y Derechos Humanos de Valencia.<\/li>\n<\/ul>\n<h3><span style=\"color: #ef4b67;\"><strong><\/strong><\/span><\/h3>\n<h3><span style=\"color: #ef4b67;\"><strong><\/strong><\/span><\/h3>\n<h3><span style=\"color: #ef4b67;\"><strong>ACEPTACI\u00d3N DE LAS BASES<\/strong><\/span><\/h3>\n<p><strong><\/strong><\/p>\n<p><strong>14. Aceptaci\u00f3n de las bases:<\/strong><\/p>\n<ul>\n<li>La presentaci\u00f3n de los trabajos implica la total aceptaci\u00f3n de estas bases y la interpretaci\u00f3n y aplicaci\u00f3n de las mismas corresponde a los organizadores del festival.<\/li>\n<li>Para cualquier aclaraci\u00f3n, duda o informaci\u00f3n adicional contactar con la organizaci\u00f3n del Festival a trav\u00e9s del correo <a href=\"mailto:humans@humansfest.com\"><strong>humans@humansfest.com<\/strong><\/a><\/li>\n<\/ul>\n<p>[\/et_pb_text][et_pb_divider _builder_version=\u00bb4.16&#8243; _module_preset=\u00bbdefault\u00bb global_colors_info=\u00bb{}\u00bb][\/et_pb_divider][\/et_pb_column][\/et_pb_row][et_pb_row _builder_version=\u00bb4.16&#8243; _module_preset=\u00bbdefault\u00bb global_colors_info=\u00bb{}\u00bb][et_pb_column type=\u00bb4_4&#8243; _builder_version=\u00bb4.16&#8243; _module_preset=\u00bbdefault\u00bb global_colors_info=\u00bb{}\u00bb][et_pb_button button_url=\u00bbhttps:\/\/festhome.com\/festival\/festival-internacional-de-cine-y-derechos-humanos-de-valencia-humans-fest\u00bb url_new_window=\u00bbon\u00bb button_text=\u00bbBASES CERRADAS\u00bb button_alignment=\u00bbcenter\u00bb _builder_version=\u00bb4.17.1&#8243; _module_preset=\u00bbdefault\u00bb custom_button=\u00bbon\u00bb button_text_color=\u00bb#ef4b67&#8243; button_border_color=\u00bb#ef4b67&#8243; button_icon_color=\u00bb#ef4b67&#8243; custom_margin=\u00bb30px||||false|false\u00bb hover_enabled=\u00bb0&#8243; global_colors_info=\u00bb{}\u00bb sticky_enabled=\u00bb0&#8243;][\/et_pb_button][et_pb_image src=\u00bbhttps:\/\/fundacionporlajusticia.org\/wp-content\/uploads\/2022\/03\/logo_orange_964x242-768&#215;193-1.png\u00bb title_text=\u00bblogo_orange_964x242-768&#215;193&#8243; url=\u00bbhttps:\/\/filmmakers.festhome.com\/festival\/festival-internacional-de-cine-y-derechos-humanos-de-valencia-humans-fest\u00bb align=\u00bbcenter\u00bb _builder_version=\u00bb4.16&#8243; _module_preset=\u00bbdefault\u00bb width=\u00bb50%\u00bb width_tablet=\u00bb50%\u00bb width_phone=\u00bb49%\u00bb width_last_edited=\u00bbon|desktop\u00bb max_width=\u00bb50%\u00bb global_colors_info=\u00bb{}\u00bb][\/et_pb_image][\/et_pb_column][\/et_pb_row][\/et_pb_section]<\/p>\n","protected":false},"excerpt":{"rendered":"<p>Bases 2022XIII HUMANS FEST 2022 \u00a0 PRE\u00c1MBULO La nueva edici\u00f3n del Festival Internacional de Cine y Derechos Humanos de Val\u00e8ncia, Humans Fest, se celebrar\u00e1 del 9 al 18 de junio de 2022 en la ciudad de Valencia con las siguientes secciones a concurso: &nbsp; SECCI\u00d3N OFICIAL: Secci\u00f3n \u2018Humans Fic\u2019 \u2013 1000 \u20ac (Largometraje ficci\u00f3n) Secci\u00f3n [&hellip;]<\/p>\n","protected":false},"author":1,"featured_media":0,"parent":442,"menu_order":0,"comment_status":"closed","ping_status":"closed","template":"","meta":{"_et_pb_use_builder":"on","_et_pb_old_content":"","_et_gb_content_width":"","_uf_show_specific_survey":0,"_uf_disable_surveys":false,"footnotes":""},"class_list":["post-467","page","type-page","status-publish","hentry"],"aioseo_notices":[],"_links":{"self":[{"href":"https:\/\/fundacionporlajusticia.org\/en\/wp-json\/wp\/v2\/pages\/467","targetHints":{"allow":["GET"]}}],"collection":[{"href":"https:\/\/fundacionporlajusticia.org\/en\/wp-json\/wp\/v2\/pages"}],"about":[{"href":"https:\/\/fundacionporlajusticia.org\/en\/wp-json\/wp\/v2\/types\/page"}],"author":[{"embeddable":true,"href":"https:\/\/fundacionporlajusticia.org\/en\/wp-json\/wp\/v2\/users\/1"}],"replies":[{"embeddable":true,"href":"https:\/\/fundacionporlajusticia.org\/en\/wp-json\/wp\/v2\/comments?post=467"}],"version-history":[{"count":31,"href":"https:\/\/fundacionporlajusticia.org\/en\/wp-json\/wp\/v2\/pages\/467\/revisions"}],"predecessor-version":[{"id":4974,"href":"https:\/\/fundacionporlajusticia.org\/en\/wp-json\/wp\/v2\/pages\/467\/revisions\/4974"}],"up":[{"embeddable":true,"href":"https:\/\/fundacionporlajusticia.org\/en\/wp-json\/wp\/v2\/pages\/442"}],"wp:attachment":[{"href":"https:\/\/fundacionporlajusticia.org\/en\/wp-json\/wp\/v2\/media?parent=467"}],"curies":[{"name":"wp","href":"https:\/\/api.w.org\/{rel}","templated":true}]}}