{"id":3539,"date":"2017-01-21T11:08:19","date_gmt":"2017-01-21T11:08:19","guid":{"rendered":"https:\/\/fundacionporlajusticia.accesia.info\/es\/?page_id=4041"},"modified":"2017-01-21T11:08:19","modified_gmt":"2017-01-21T11:08:19","slug":"paciente-4","status":"publish","type":"page","link":"https:\/\/fundacionporlajusticia.org\/en\/humansfest\/programacion-2-2\/seccion-oficial-2017\/paciente-4\/","title":{"rendered":"PATIENT"},"content":{"rendered":"<table>\n<tbody>\n<tr>\n<td style=\"width: 206px; text-align: center; vertical-align: middle;\" width=\"206\"><img loading=\"lazy\" decoding=\"async\" class=\"aligncenter size-full wp-image-4046\" src=\"https:\/\/fundacionporlajusticia.org\/wp-content\/uploads\/2017\/01\/PACIENTE-_poster.jpg\" alt=\"PACIENTE _poster\" width=\"716\" height=\"1024\" \/><\/td>\n<td width=\"376\">\n<h1><strong>THE HISTORY<\/strong><\/h1>\n<p style=\"text-align: justify;\">PATIENT is the word that defines us when we must follow medical instructions or we have to remain calm while waiting. In Colombia, a country whose harsh health system forces its users to face absurd bureaucratic obstacles to access its services, PATIENT is not only the one who suffers from the disease and hopes to overcome it, but also the one who is in charge of taking care of him and fighting daily against the system to ensure your loved one receives everything they need.<\/p>\n<p style=\"text-align: justify;\">PATIENT is Nubia, a mother who is the head of the household who, despite living with the anguish of losing her daughter to an aggressive cancer, manages to go through with admirable firmness and conviction the labyrinthine processes of the health system on which her daughter&#039;s life depends. .<\/p>\n<\/td>\n<\/tr>\n<tr>\n<td style=\"width: 206px; vertical-align: top; text-align: left;\" rowspan=\"2\" width=\"206\">\n<h2>\u00a0Colombia, 2015<\/h2>\n<h4><strong>Director:<\/strong><\/h4>\n<h4>Jorge Caballero<\/h4>\n<h4><strong>Script: <\/strong><\/h4>\n<h4>Carol Ann Figueroa<\/h4>\n<h4><strong> Production:<\/strong><\/h4>\n<h4>Jorge Caballero<\/h4>\n<h4><strong>Production manager:<\/strong><\/h4>\n<h4>Rosa Mercedes Ramos<\/h4>\n<h4><strong>Field producers:<\/strong><\/h4>\n<h4>Carol Ann Figueroa<\/h4>\n<h4>Alejandro Ospina<\/h4>\n<h4>Angela Garcia Ferriz<\/h4>\n<h4><strong>Associate producer: <\/strong><\/h4>\n<h4>Gustavo Leon<\/h4>\n<h4><strong>Photography and camera:<\/strong><\/h4>\n<h4>Lucas Jaramillo<\/h4>\n<h4><strong>Sound: <\/strong><\/h4>\n<h4>Alejandro Molano<\/h4>\n<h4><strong>Edition: <\/strong><\/h4>\n<h4>Ivan Guarnizo<\/h4>\n<h4>Jorge Caballero<\/h4>\n<h4><strong> Duration: 73&#039;<\/strong><\/h4>\n<h4><strong>Country of production: <\/strong><\/h4>\n<h4>Colombia<\/h4>\n<\/td>\n<td width=\"376\">\n<h1><strong>\u00a0DIRECTOR<\/strong><\/h1>\n<p style=\"text-align: justify;\"><a href=\"https:\/\/fundacionporlajusticia.org\/wp-content\/uploads\/2017\/01\/fotojorge.jpg\"><img loading=\"lazy\" decoding=\"async\" class=\"aligncenter size-full wp-image-4045\" src=\"https:\/\/fundacionporlajusticia.org\/wp-content\/uploads\/2017\/01\/fotojorge.jpg\" alt=\"fotojorge\" width=\"301\" height=\"448\" \/><\/a>Jorge Caballero has a degree in Telecommunications Engineering and Audiovisual Communication. Producer and director of the company GusanoFilms with which he has developed documentaries such as <em>Trifle, Birth<\/em> y <em>Patient<\/em> achieving recognition at prestigious festivals. He has been winner of the National Documentary Award of Colombia on two occasions. He combines these activities with his work on the master&#039;s degree as an interactive documentary teacher and tutor, as well as post-production coordinator. He is a guest professor at several Ibero-American universities and festivals such as DOCSDF, DocMontevideo, Ambulante, Cartagena Film Festival or the National Film Council of Ecuador.<\/p>\n<\/td>\n<\/tr>\n<tr>\n<td width=\"376\">\n<h1><strong>FESTIVALS AND AWARDS<\/strong><\/h1>\n<ul>\n<li>Best Director Cartagena Film Festival FICCI<\/li>\n<li>Special mention from the jury. Guadalajara Film Festival.<\/li>\n<li>Best director documentary competition. Malaga Festival.<\/li>\n<li>Signis Cin\u00e9Latino Award reencountered Toulouse<\/li>\n<li>Best film in the Latitudes section. Docs Barcelona<\/li>\n<li>Best Documentary San Diego Latino Film Fest<\/li>\n<li>Special mention Havana Film Festival New York<\/li>\n<li>National Cinemateca Award for feature film distribution<\/li>\n<li>Night Award. Signs of Nuit Ecuador.<\/li>\n<li>Best documentary. FENAVID Bolivia.<\/li>\n<li>SIGNIS Award. FENAVID Bolivia.<\/li>\n<li>IDFA -November<\/li>\n<li>Cartagena FICCI (Documentary competition and Colombia)<\/li>\n<li>FicBaq Barranquilla<\/li>\n<li>Guadalajara<\/li>\n<li>Thessaloniki Greece<\/li>\n<li>San Diego Latino<\/li>\n<li>Tolousse Reencountres<\/li>\n<li>SXSW (Only the interactive part, convergence panel)<\/li>\n<li>Havana NewYork Latino<\/li>\n<li>E Tudo Verdade Brazil<\/li>\n<li>Docs Barcelona<\/li>\n<li>Malaga Film Festival. Spain<\/li>\n<li>EDOC. Ecuador<\/li>\n<li>AFI DOCS Washington<\/li>\n<li>Dokufest. Kosovo<\/li>\n<li>BFI London 16.<\/li>\n<li>MARFICI. Argentina.<\/li>\n<li>SydneyLatino. Australia.<\/li>\n<li>Medell\u00edn Colombian Film Festival. Colombia<\/li>\n<li>Signs of Night Tucum\u00e1n Argentina<\/li>\n<li>Signs of night Quito.<\/li>\n<li>Creative Commons Bogot\u00e1 Festival.<\/li>\n<li>Nomads Bucaramanga Colombia.<\/li>\n<li>Santa Cruz de la Sierra, Bolivia.<\/li>\n<li>APODoc PR. Puerto Rico.<\/li>\n<li>TO FILM. Swiss.<\/li>\n<li>Nominee Latin UK Awards LUKAS 2016. UK<\/li>\n<\/ul>\n<\/td>\n<\/tr>\n<tr>\n<td colspan=\"2\" width=\"581\"><iframe loading=\"lazy\" src=\"https:\/\/www.youtube.com\/embed\/yDo1w0d1Pnk\" width=\"1040\" height=\"585\" frameborder=\"0\" allowfullscreen=\"allowfullscreen\"><\/iframe><\/td>\n<\/tr>\n<tr>\n<td colspan=\"2\" width=\"581\"><\/td>\n<\/tr>\n<\/tbody>\n<\/table>\n<p>&nbsp;<\/p>","protected":false},"excerpt":{"rendered":"<p>LA HISTORIA PACIENTE es la palabra que nos define cuando debemos seguir indicaciones m\u00e9dicas o tenemos que mantener la calma mientras esperamos. En Colombia, pa\u00eds cuyo inclemente sistema de salud obliga a sus usuarios a enfrentar absurdos obst\u00e1culos burocr\u00e1ticos para acceder a sus servicios, PACIENTE no es solo quien padece la enfermedad y espera superarla, [&hellip;]<\/p>\n","protected":false},"author":2,"featured_media":0,"parent":2927,"menu_order":9,"comment_status":"closed","ping_status":"closed","template":"","meta":{"_et_pb_use_builder":"","_et_pb_old_content":"","_et_gb_content_width":"","_uf_show_specific_survey":0,"_uf_disable_surveys":false,"footnotes":""},"class_list":["post-3539","page","type-page","status-publish","hentry"],"aioseo_notices":[],"_links":{"self":[{"href":"https:\/\/fundacionporlajusticia.org\/en\/wp-json\/wp\/v2\/pages\/3539","targetHints":{"allow":["GET"]}}],"collection":[{"href":"https:\/\/fundacionporlajusticia.org\/en\/wp-json\/wp\/v2\/pages"}],"about":[{"href":"https:\/\/fundacionporlajusticia.org\/en\/wp-json\/wp\/v2\/types\/page"}],"author":[{"embeddable":true,"href":"https:\/\/fundacionporlajusticia.org\/en\/wp-json\/wp\/v2\/users\/2"}],"replies":[{"embeddable":true,"href":"https:\/\/fundacionporlajusticia.org\/en\/wp-json\/wp\/v2\/comments?post=3539"}],"version-history":[{"count":0,"href":"https:\/\/fundacionporlajusticia.org\/en\/wp-json\/wp\/v2\/pages\/3539\/revisions"}],"up":[{"embeddable":true,"href":"https:\/\/fundacionporlajusticia.org\/en\/wp-json\/wp\/v2\/pages\/2927"}],"wp:attachment":[{"href":"https:\/\/fundacionporlajusticia.org\/en\/wp-json\/wp\/v2\/media?parent=3539"}],"curies":[{"name":"wp","href":"https:\/\/api.w.org\/{rel}","templated":true}]}}