{"id":350,"date":"2022-03-04T14:53:12","date_gmt":"2022-03-04T14:53:12","guid":{"rendered":"https:\/\/fundacionporlajusticia.accesia.info\/?page_id=350"},"modified":"2024-03-05T14:15:27","modified_gmt":"2024-03-05T14:15:27","slug":"haz-un-legado","status":"publish","type":"page","link":"https:\/\/fundacionporlajusticia.org\/en\/forma-parte\/haz-un-legado\/","title":{"rendered":"Make a legacy"},"content":{"rendered":"<p>[et_pb_section fb_built=\u00bb1&#8243; admin_label=\u00bbTITULO\u00bb _builder_version=\u00bb4.16&#8243; background_enable_color=\u00bboff\u00bb background_image=\u00bbhttps:\/\/fundacionporlajusticia.org\/wp-content\/uploads\/2022\/03\/diego-ph-SZYreZsJ-fE-unsplash.jpg\u00bb custom_margin=\u00bb||200px||false|false\u00bb saved_tabs=\u00bball\u00bb locked=\u00bboff\u00bb global_colors_info=\u00bb{}\u00bb][et_pb_row _builder_version=\u00bb4.16&#8243; custom_margin=\u00bb|auto|-240px|auto|false|false\u00bb animation_style=\u00bbbounce\u00bb locked=\u00bboff\u00bb global_colors_info=\u00bb{}\u00bb][et_pb_column type=\u00bb4_4&#8243; _builder_version=\u00bb4.16&#8243; background_color=\u00bbrgba(146,133,124,0.7)\u00bb custom_padding=\u00bb50px|40px|50px|40px|true|true\u00bb global_colors_info=\u00bb{}\u00bb][et_pb_text admin_label=\u00bbTitulo\u00bb _builder_version=\u00bb4.24.0&#8243; text_font=\u00bbMontserrat|600|||||||\u00bb text_text_color=\u00bb#92857c\u00bb text_font_size=\u00bb24px\u00bb text_line_height=\u00bb1.4em\u00bb header_font=\u00bbMontserrat|700||on|||||\u00bb header_text_color=\u00bb#efebe2&#8243; header_font_size=\u00bb70px\u00bb header_letter_spacing=\u00bb0.1em\u00bb header_line_height=\u00bb1.1em\u00bb header_2_font_size=\u00bb96px\u00bb header_3_font_size=\u00bb96px\u00bb header_4_font_size=\u00bb96px\u00bb header_5_font_size=\u00bb96px\u00bb header_6_font_size=\u00bb96px\u00bb text_orientation=\u00bbright\u00bb hover_enabled=\u00bb0&#8243; text_font_size_tablet=\u00bb\u00bb text_font_size_phone=\u00bb20px\u00bb text_font_size_last_edited=\u00bbon|desktop\u00bb header_font_size_tablet=\u00bb56px\u00bb header_font_size_phone=\u00bb30px\u00bb header_font_size_last_edited=\u00bbon|phone\u00bb header_2_font_size_tablet=\u00bb56px\u00bb header_2_font_size_phone=\u00bb30px\u00bb header_2_font_size_last_edited=\u00bbon|phone\u00bb header_3_font_size_tablet=\u00bb56px\u00bb header_3_font_size_phone=\u00bb30px\u00bb header_3_font_size_last_edited=\u00bbon|phone\u00bb header_4_font_size_tablet=\u00bb56px\u00bb header_4_font_size_phone=\u00bb30px\u00bb header_4_font_size_last_edited=\u00bbon|phone\u00bb header_5_font_size_tablet=\u00bb56px\u00bb header_5_font_size_phone=\u00bb30px\u00bb header_5_font_size_last_edited=\u00bbon|phone\u00bb header_6_font_size_tablet=\u00bb56px\u00bb header_6_font_size_phone=\u00bb30px\u00bb header_6_font_size_last_edited=\u00bbon|phone\u00bb text_orientation_tablet=\u00bbleft\u00bb text_orientation_phone=\u00bb\u00bb text_orientation_last_edited=\u00bbon|tablet\u00bb locked=\u00bboff\u00bb global_colors_info=\u00bb{}\u00bb sticky_enabled=\u00bb0&#8243;]<\/p>\n<h1 style=\"text-align: center;\">Herencias<\/h1>\n<p>[\/et_pb_text][\/et_pb_column][\/et_pb_row][\/et_pb_section][et_pb_section fb_built=\u00bb1&#8243; _builder_version=\u00bb4.16&#8243; _module_preset=\u00bbdefault\u00bb background_color=\u00bb#92857c\u00bb background_image=\u00bbhttps:\/\/fundacionporlajusticia.org\/wp-content\/uploads\/2022\/03\/Fonzo_Verde_Fundacion_baja.jpeg\u00bb global_colors_info=\u00bb{}\u00bb][et_pb_row admin_label=\u00bbComo\u00bb _builder_version=\u00bb4.16&#8243; _module_preset=\u00bbdefault\u00bb global_colors_info=\u00bb{}\u00bb][et_pb_column type=\u00bb4_4&#8243; _builder_version=\u00bb4.16&#8243; _module_preset=\u00bbdefault\u00bb global_colors_info=\u00bb{}\u00bb][et_pb_text admin_label=\u00bbTitulo\u00bb _builder_version=\u00bb4.16.0&#8243; _module_preset=\u00bbdefault\u00bb text_font=\u00bb|700|||||||\u00bb text_text_color=\u00bb#FFFFFF\u00bb text_orientation=\u00bbcenter\u00bb background_layout=\u00bbdark\u00bb custom_padding=\u00bb7px|||||\u00bb animation_style=\u00bbfold\u00bb global_colors_info=\u00bb{}\u00bb]<\/p>\n<h2 style=\"text-align: center;\"><span style=\"color: #92857c;\">\u00abEs necesario dejar un legado de amor y amabilidad para este mundo\u00bb<\/span><\/h2>\n<h3 style=\"text-align: center;\"><span style=\"color: #60cbba;\">Debasar a Mridha<\/span><\/h3>\n<p>[\/et_pb_text][et_pb_text admin_label=\u00bbTexto\u00bb _builder_version=\u00bb4.16&#8243; _module_preset=\u00bbdefault\u00bb text_font_size=\u00bb16px\u00bb background_layout=\u00bbdark\u00bb animation_style=\u00bbfade\u00bb global_colors_info=\u00bb{}\u00bb][\/et_pb_text][\/et_pb_column][\/et_pb_row][\/et_pb_section][et_pb_section fb_built=\u00bb1&#8243; _builder_version=\u00bb4.16&#8243; _module_preset=\u00bbdefault\u00bb global_colors_info=\u00bb{}\u00bb][et_pb_row column_structure=\u00bb1_4,3_4&#8243; _builder_version=\u00bb4.16&#8243; _module_preset=\u00bbdefault\u00bb global_colors_info=\u00bb{}\u00bb][et_pb_column type=\u00bb1_4&#8243; _builder_version=\u00bb4.16&#8243; _module_preset=\u00bbdefault\u00bb global_colors_info=\u00bb{}\u00bb][et_pb_image src=\u00bbhttps:\/\/fundacionporlajusticia.org\/wp-content\/uploads\/2022\/04\/c-lega.png\u00bb title_text=\u00bbc-lega\u00bb _builder_version=\u00bb4.16.0&#8243; _module_preset=\u00bbdefault\u00bb global_colors_info=\u00bb{}\u00bb][\/et_pb_image][\/et_pb_column][et_pb_column type=\u00bb3_4&#8243; _builder_version=\u00bb4.16&#8243; _module_preset=\u00bbdefault\u00bb global_colors_info=\u00bb{}\u00bb][et_pb_text _builder_version=\u00bb4.24.0&#8243; _module_preset=\u00bbdefault\u00bb global_colors_info=\u00bb{}\u00bb]<\/p>\n<p>CL\u00c1USULAS TESTAMENTARIAS PARA INSTITUIR HEREDERA O HACER UN LEGADO A FUNDACI\u00d3N POR LA JUSTICIA<\/p>\n<p><strong>1.-INSTITUCI\u00d3N DE HEREDERA:<\/strong><\/p>\n<p><strong>\u201cInstituye heredera universal <\/strong>de todos sus bienes, derechos y acciones,<strong> o de un porcentaje de su herencia<\/strong> (que hay que cuantificar) a FUNDACI\u00d3N POR LA JUSTICIA DE LA COMUNITAT VALENCIANA, que consta inscrita en el Registro de Fundaciones de la Generalitat Valenciana, por resoluci\u00f3n del Secretario General de la Conseller\u00eda de Cultura de 17 de Mayo de 1995, con el n\u00famero 132-V, siendo su C.I.F n\u00famero G96356290\u201d.<\/p>\n<p><strong>2.-ASIGNACI\u00d3N DE LEGADO:<\/strong><\/p>\n<p>A.-LEGADO DE MET\u00c1LICO:<br \/>\u201c<strong>Lega<\/strong> a FUNDACI\u00d3N POR LA JUSTICIA DE LA COMUNITAT VALENCIANA, que consta inscrita en el Registro de Fundaciones de la Generalitat Valenciana, por resoluci\u00f3n del Secretario General de la Conseller\u00eda de Cultura de 17 de Mayo de 1995, con el n\u00famero132-V, siendo su C.I. F n\u00famero G96356290, la CANTIDAD DE \u2026\u2026EUROS\u201d.<\/p>\n<p>B.-LEGADO DE BIENES MUEBLES (CUADROS, JOYAS\u2026), DE VALORES (ACCIONES), O DE FONDOS DE INVERSI\u00d3N:<\/p>\n<p>\u201c<strong>Lega<\/strong> a FUNDACI\u00d3N POR LA JUSTICIA DE LA COMUNITAT VALENCIANA, que consta inscrita en el Registro de Fundaciones de la Generalitat Valenciana, por resoluci\u00f3n del Secretario General de la Conselleria de Cultura de 17 de Mayo de 1995, con el n\u00famero 132-V, siendo su C.I.F. n\u00famero G96356290, el CUADRO (datos de identificaci\u00f3n), o las JOYAS (describirlas), o las ACCIONES ((relacionarlas e identificarlas) o el FONDO DE INVERSI\u00d3N (identificarlo).\u201d<\/p>\n<p>C.-LEGADO DE BIENES INMUEBLES:<br \/>\u201c<strong>Lega<\/strong> a FUNDACI\u00d3N POR LA JUSTICIA DE LA COMUNITAT VALENCIANA, que consta inscrita en el Registro de Fundaciones de la Generalitat Valenciana, por resoluci\u00f3n del Secretario General de la Conselleria de Cultura de 17 de Mayo de 1995 con el n\u00famero 132-V, siendo su C.I.F. n\u00famero G96356290, la FINCA registral n\u00famero\u2026 del Registro de la Propiedad de\u2026, consistente en ( vivienda, plaza de garaje, trastero, r\u00fastica..), sita en el t\u00e9rmino municipal de\u2026, en la calle\u2026con el n\u00famero de polic\u00eda, o en la Partida o paraje\u2026\u201d<\/p>\n<p><strong>3.- DECISION SOBRE PERSONAS BENEFICIARIAS<\/strong><\/p>\n<p>Tanto si se designa a Fundaci\u00f3n por la Justicia como heredera o como destinataria de alg\u00fan legado, el testador o testadora podr\u00e1 indicar el grupo de personas beneficiarias, a saber, menores, mayores, mujeres, migrantes, v\u00edctimas de guerra, personas con alguna discapacidad\u2026<\/p>\n<p>En el caso de que el testador o testadora no indique ninguna preferencia, se destinar\u00e1 lo recibido a los proyectos que la FxJ lleva a cabo con personas vulnerables, tanto en Espa\u00f1a como en alguno de los pa\u00edses en los que trabaja.<\/p>\n<p>Estamos a tu disposici\u00f3n para cualquier duda o aclaraci\u00f3n al respecto.<\/p>\n<p>[\/et_pb_text][\/et_pb_column][\/et_pb_row][\/et_pb_section]<\/p>\n","protected":false},"excerpt":{"rendered":"<p>Herencias\u00bbEs necesario dejar un legado de amor y amabilidad para este mundo\u00bb Debasar a MridhaCL\u00c1USULAS TESTAMENTARIAS PARA INSTITUIR HEREDERA O HACER UN LEGADO A FUNDACI\u00d3N POR LA JUSTICIA 1.-INSTITUCI\u00d3N DE HEREDERA: \u201cInstituye heredera universal de todos sus bienes, derechos y acciones, o de un porcentaje de su herencia (que hay que cuantificar) a FUNDACI\u00d3N POR [&hellip;]<\/p>\n","protected":false},"author":1,"featured_media":0,"parent":149,"menu_order":0,"comment_status":"closed","ping_status":"closed","template":"","meta":{"_et_pb_use_builder":"on","_et_pb_old_content":"","_et_gb_content_width":"","_uf_show_specific_survey":0,"_uf_disable_surveys":false,"footnotes":""},"class_list":["post-350","page","type-page","status-publish","hentry"],"aioseo_notices":[],"_links":{"self":[{"href":"https:\/\/fundacionporlajusticia.org\/en\/wp-json\/wp\/v2\/pages\/350","targetHints":{"allow":["GET"]}}],"collection":[{"href":"https:\/\/fundacionporlajusticia.org\/en\/wp-json\/wp\/v2\/pages"}],"about":[{"href":"https:\/\/fundacionporlajusticia.org\/en\/wp-json\/wp\/v2\/types\/page"}],"author":[{"embeddable":true,"href":"https:\/\/fundacionporlajusticia.org\/en\/wp-json\/wp\/v2\/users\/1"}],"replies":[{"embeddable":true,"href":"https:\/\/fundacionporlajusticia.org\/en\/wp-json\/wp\/v2\/comments?post=350"}],"version-history":[{"count":12,"href":"https:\/\/fundacionporlajusticia.org\/en\/wp-json\/wp\/v2\/pages\/350\/revisions"}],"predecessor-version":[{"id":11524,"href":"https:\/\/fundacionporlajusticia.org\/en\/wp-json\/wp\/v2\/pages\/350\/revisions\/11524"}],"up":[{"embeddable":true,"href":"https:\/\/fundacionporlajusticia.org\/en\/wp-json\/wp\/v2\/pages\/149"}],"wp:attachment":[{"href":"https:\/\/fundacionporlajusticia.org\/en\/wp-json\/wp\/v2\/media?parent=350"}],"curies":[{"name":"wp","href":"https:\/\/api.w.org\/{rel}","templated":true}]}}