{"id":335,"date":"2022-03-04T14:48:17","date_gmt":"2022-03-04T14:48:17","guid":{"rendered":"https:\/\/fundacionporlajusticia.accesia.info\/?page_id=335"},"modified":"2026-02-26T13:06:39","modified_gmt":"2026-02-26T12:06:39","slug":"haz-voluntariado","status":"publish","type":"page","link":"https:\/\/fundacionporlajusticia.org\/en\/colabora\/haz-voluntariado\/","title":{"rendered":"Volunteer"},"content":{"rendered":"<p>[et_pb_section fb_built=\u00bb1&#8243; admin_label=\u00bbTITULO\u00bb _builder_version=\u00bb4.16&#8243; background_enable_color=\u00bboff\u00bb background_image=\u00bbhttps:\/\/fundacionporlajusticia.org\/wp-content\/uploads\/2022\/03\/diego-ph-SZYreZsJ-fE-unsplash.jpg\u00bb custom_margin=\u00bb||200px||false|false\u00bb saved_tabs=\u00bball\u00bb locked=\u00bboff\u00bb global_colors_info=\u00bb{}\u00bb][et_pb_row _builder_version=\u00bb4.16&#8243; custom_margin=\u00bb|auto|-240px|auto|false|false\u00bb animation_style=\u00bbbounce\u00bb locked=\u00bboff\u00bb global_colors_info=\u00bb{}\u00bb][et_pb_column type=\u00bb4_4&#8243; _builder_version=\u00bb4.16&#8243; background_color=\u00bbrgba(146,133,124,0.7)\u00bb custom_padding=\u00bb50px|40px|50px|40px|true|true\u00bb global_colors_info=\u00bb{}\u00bb][et_pb_text admin_label=\u00bbTitulo\u00bb _builder_version=\u00bb4.16.0&#8243; text_font=\u00bbMontserrat|600|||||||\u00bb text_text_color=\u00bb#92857c\u00bb text_font_size=\u00bb24px\u00bb text_line_height=\u00bb1.4em\u00bb header_font=\u00bbMontserrat|700||on|||||\u00bb header_text_color=\u00bb#efebe2&#8243; header_font_size=\u00bb70px\u00bb header_letter_spacing=\u00bb0.1em\u00bb header_line_height=\u00bb1.1em\u00bb header_2_font_size=\u00bb96px\u00bb header_3_font_size=\u00bb96px\u00bb header_4_font_size=\u00bb96px\u00bb header_5_font_size=\u00bb96px\u00bb header_6_font_size=\u00bb96px\u00bb text_orientation=\u00bbright\u00bb text_font_size_tablet=\u00bb\u00bb text_font_size_phone=\u00bb20px\u00bb text_font_size_last_edited=\u00bbon|desktop\u00bb header_font_size_tablet=\u00bb56px\u00bb header_font_size_phone=\u00bb100%\u00bb header_font_size_last_edited=\u00bbon|phone\u00bb header_2_font_size_tablet=\u00bb56px\u00bb header_2_font_size_phone=\u00bb30px\u00bb header_2_font_size_last_edited=\u00bbon|phone\u00bb header_3_font_size_tablet=\u00bb56px\u00bb header_3_font_size_phone=\u00bb30px\u00bb header_3_font_size_last_edited=\u00bbon|phone\u00bb header_4_font_size_tablet=\u00bb56px\u00bb header_4_font_size_phone=\u00bb30px\u00bb header_4_font_size_last_edited=\u00bbon|phone\u00bb header_5_font_size_tablet=\u00bb56px\u00bb header_5_font_size_phone=\u00bb30px\u00bb header_5_font_size_last_edited=\u00bbon|phone\u00bb header_6_font_size_tablet=\u00bb56px\u00bb header_6_font_size_phone=\u00bb30px\u00bb header_6_font_size_last_edited=\u00bbon|phone\u00bb text_orientation_tablet=\u00bbleft\u00bb text_orientation_phone=\u00bb\u00bb text_orientation_last_edited=\u00bbon|tablet\u00bb locked=\u00bboff\u00bb global_colors_info=\u00bb{}\u00bb]<\/p>\n<h1>Haz Voluntariado<\/h1>\n<p>[\/et_pb_text][\/et_pb_column][\/et_pb_row][\/et_pb_section][et_pb_section fb_built=\u00bb1&#8243; _builder_version=\u00bb4.16&#8243; _module_preset=\u00bbdefault\u00bb global_colors_info=\u00bb{}\u00bb][et_pb_row column_structure=\u00bb1_4,3_4&#8243; _builder_version=\u00bb4.27.5&#8243; _module_preset=\u00bbdefault\u00bb hover_enabled=\u00bb0&#8243; global_colors_info=\u00bb{}\u00bb sticky_enabled=\u00bb0&#8243;][et_pb_column type=\u00bb1_4&#8243; _builder_version=\u00bb4.27.5&#8243; _module_preset=\u00bbdefault\u00bb hover_enabled=\u00bb0&#8243; global_colors_info=\u00bb{}\u00bb sticky_enabled=\u00bb0&#8243;][et_pb_image src=\u00bbhttps:\/\/fundacionporlajusticia.org\/wp-content\/uploads\/2022\/04\/c-cola.png\u00bb title_text=\u00bbc-cola\u00bb _builder_version=\u00bb4.16.0&#8243; _module_preset=\u00bbdefault\u00bb global_colors_info=\u00bb{}\u00bb][\/et_pb_image][\/et_pb_column][et_pb_column type=\u00bb3_4&#8243; _builder_version=\u00bb4.16&#8243; _module_preset=\u00bbdefault\u00bb global_colors_info=\u00bb{}\u00bb][et_pb_text _builder_version=\u00bb4.27.5&#8243; _module_preset=\u00bbdefault\u00bb hover_enabled=\u00bb0&#8243; global_colors_info=\u00bb{}\u00bb sticky_enabled=\u00bb0&#8243;]<\/p>\n<p>\u00a1Fundaci\u00f3n por la Justicia te necesita! Hacer voluntariado en Fundaci\u00f3n por la Justicia te posibilitar\u00e1 formar parte de los equipos que desarrollan y llevan adelante nuestros proyectos comunes. Adem\u00e1s, podr\u00e1s beneficiarte de nuestros cursos para formaci\u00f3n de voluntarios y voluntarias especializados en Derechos Humanos.<\/p>\n<p>Indicar en el asunto del email el voluntariado que os interesa:<\/p>\n<ul>\n<li><strong>Voluntariado para la Escoleta Matinal del barrio de Nazaret en Valencia<\/strong><br \/>La tarea consiste en participar como monitor\/a voluntario\/a en el Proyecto Escuela Matinal de la Fundaci\u00f3n por la Justicia, que tiene lugar de 8:00h a 9:30h en el Colegio Nuestra Se\u00f1ora de los Desamparados, en el barrio de Nazaret. Preparamos el desayuno de 30 ni\u00f1as\/os provenientes de familias con pocos recursos o desestructuradas, y luego dedicamos entre 30 y 45 minutos a la realizaci\u00f3n de actividades deportivas con el fin de mejorar la salud f\u00edsica y mental de las\/os ni\u00f1as\/os y favorecer un ambiente respetuoso y arm\u00f3nico dentro y fuera de la escuela. Necesitamos a personas adultas (mayores de 18 a\u00f1os) y con formaci\u00f3n y\/o experiencia en actividades educativas, vinculadas con el arte, l\u00fadicas y\/o deportivas relacionadas con la infancia. Lo principal es que le guste trabajar con ni\u00f1as\/os, por lo que la paciencia, la comprensi\u00f3n, la iniciativa positiva y las ganas de jugar son imprescindibles.<\/li>\n<\/ul>\n<p>&nbsp;<\/p>\n<ul>\n<li><strong>Voluntariado para Espai Comunitari de Catarroja<br \/><\/strong>Ayudamos con los deberes, con refuerzo escolar y merendamos juntos y juntas.<br \/>\u00bfQui\u00e9n es el p\u00fablico? Adolescentes de 12 a 17 a\u00f1os con dificultades de aprendizaje.<br \/>\u00bfQu\u00e9 horario? De 17-19h de la tarde, de lunes a jueves (los viernes hacemos actividades m\u00e1s l\u00fadicas) <br \/>\u00bfQui\u00e9n organiza? Fundaci\u00f3n por la Justicia en colaboraci\u00f3n con la organizaci\u00f3n Ca La Mare, de Catarroja.<br \/>Lugar: Calle las Moreras n\u00ba8, Catarroja. <br \/>\u00bfQu\u00e9 perfil necesitamos? Gente que nos pueda ayudar con el repaso, t\u00e9cnicas de estudio etc. Especialmente necesitamos refuerzo de ingl\u00e9s, matem\u00e1ticas, f\u00edsica y qu\u00edmica. <br \/>Buscamos perfil de gente que se pueda compromete a venir m\u00ednimo una vez cada dos semanas.<\/li>\n<\/ul>\n<p>&nbsp;<\/p>\n<ul>\n<li><strong>Voluntariado para el Humans Fest<\/strong><br \/>Hacer voluntariado en el Humans Fest es una oportunidad para desarrollar tus habilidades en la organizaci\u00f3n de un evento cultural y activista con proyecci\u00f3n internacional. As\u00ed, aqu\u00ed podr\u00e1s conocer a activistas y cineastas, ver pel\u00edculas, practicar un idioma extranjero traduciendo a las personas invitadas de otros festivales internacionales, mejorar tu capacidad comunicativa, y ampliar tu conocimiento sobre derechos humanos, formando parte de un equipo de alta calidad humana y profesional. El voluntariado del festival tiene un horario flexible que se puede combinar con estudios o trabajo a tiempo parcial.<\/li>\n<\/ul>\n<p><strong><\/strong><\/p>\n<p>&nbsp;<\/p>\n<p>[\/et_pb_text][et_pb_button button_text=\u00bbManda un mail a info@fundacionporlajusticia.org\u00bb button_alignment=\u00bbcenter\u00bb _builder_version=\u00bb4.27.5&#8243; _module_preset=\u00bbdefault\u00bb global_colors_info=\u00bb{}\u00bb][\/et_pb_button][\/et_pb_column][\/et_pb_row][\/et_pb_section]<\/p>\n","protected":false},"excerpt":{"rendered":"<p>Haz Voluntariado\u00a1Fundaci\u00f3n por la Justicia te necesita! Hacer voluntariado en Fundaci\u00f3n por la Justicia te posibilitar\u00e1 formar parte de los equipos que desarrollan y llevan adelante nuestros proyectos comunes. Adem\u00e1s, podr\u00e1s beneficiarte de nuestros cursos para formaci\u00f3n de voluntarios y voluntarias especializados en Derechos Humanos. Indicar en el asunto del email el voluntariado que os [&hellip;]<\/p>\n","protected":false},"author":1,"featured_media":0,"parent":149,"menu_order":0,"comment_status":"closed","ping_status":"closed","template":"","meta":{"_et_pb_use_builder":"on","_et_pb_old_content":"","_et_gb_content_width":"","_uf_show_specific_survey":0,"_uf_disable_surveys":false,"footnotes":""},"class_list":["post-335","page","type-page","status-publish","hentry"],"aioseo_notices":[],"_links":{"self":[{"href":"https:\/\/fundacionporlajusticia.org\/en\/wp-json\/wp\/v2\/pages\/335","targetHints":{"allow":["GET"]}}],"collection":[{"href":"https:\/\/fundacionporlajusticia.org\/en\/wp-json\/wp\/v2\/pages"}],"about":[{"href":"https:\/\/fundacionporlajusticia.org\/en\/wp-json\/wp\/v2\/types\/page"}],"author":[{"embeddable":true,"href":"https:\/\/fundacionporlajusticia.org\/en\/wp-json\/wp\/v2\/users\/1"}],"replies":[{"embeddable":true,"href":"https:\/\/fundacionporlajusticia.org\/en\/wp-json\/wp\/v2\/comments?post=335"}],"version-history":[{"count":23,"href":"https:\/\/fundacionporlajusticia.org\/en\/wp-json\/wp\/v2\/pages\/335\/revisions"}],"predecessor-version":[{"id":14137,"href":"https:\/\/fundacionporlajusticia.org\/en\/wp-json\/wp\/v2\/pages\/335\/revisions\/14137"}],"up":[{"embeddable":true,"href":"https:\/\/fundacionporlajusticia.org\/en\/wp-json\/wp\/v2\/pages\/149"}],"wp:attachment":[{"href":"https:\/\/fundacionporlajusticia.org\/en\/wp-json\/wp\/v2\/media?parent=335"}],"curies":[{"name":"wp","href":"https:\/\/api.w.org\/{rel}","templated":true}]}}