{"id":3048,"date":"2017-01-25T10:03:58","date_gmt":"2017-01-25T10:03:58","guid":{"rendered":"https:\/\/fundacionporlajusticia.accesia.info\/es\/?page_id=4539"},"modified":"2022-03-21T15:44:40","modified_gmt":"2022-03-21T15:44:40","slug":"encuentro-con-los-directores","status":"publish","type":"page","link":"https:\/\/fundacionporlajusticia.org\/en\/actividades-paralelas\/encuentro-con-los-directores\/","title":{"rendered":"MEETING WITH DIRECTORS"},"content":{"rendered":"<blockquote><p>Reflect on the Humans Fest discussions and join the debate between cinema and Human Rights<\/p><\/blockquote>\n<table>\n<tbody>\n<tr>\n<td>\n<h3><b>FILM LIBRARY<\/b><\/h3>\n<\/td>\n<\/tr>\n<tr>\n<td>\n<h2><b>Saturday February 11, 2017<br \/>\n<\/b><\/h2>\n<\/td>\n<\/tr>\n<tr>\n<td><b>6:00 p.m.<i>\u00a0\u00a0\u00a0\u00a0\u00a0 in the same boat<\/i><\/b><b>, <\/b>Rudy Gnutti. 2016. 72\u2032<br \/>\nPresentation by the director<br \/>\nLater <strong>colloquium<\/strong> together with Rudi Gnutti (director), Joan Romero (Professor of Human Geography at the University of Valencia) and Quique S\u00e1nchez (Foundation for Justice).<b><br \/>\n<\/b><br \/>\n<i>Globalization, neoliberal economic model; inter\/intra inequality; unemployment and middle class; Socialize risks, privatize benefits; Growth as a fetish; Environment (finite planet);  Solutions: education, innovation and public programs, a possible universal basic income?<\/i><\/td>\n<\/tr>\n<tr>\n<td>\n<h2><b>Tuesday February 14, 2017<\/b><\/h2>\n<\/td>\n<\/tr>\n<tr>\n<td><b>6:00 p.m. \u00a0 \u00a0\u00a0<\/b> <b><i>Tarajal: Dismantling impunity on the southern border<\/i><\/b>, Xavier Artigas, Xapo Ortega, Marc Serra. 2016. 80\u2032<br \/>\nPresentation by the director<br \/>\nLater <b>colloquium<\/b> together with Xavier Artigas, Xapo Ortega and Jaume Dur\u00e0 (CEAR).<br \/>\n<i>Migration, refugees, right to asylum; Police brutality, repression; Fortress Europe, externalization of borders.<\/i><\/td>\n<\/tr>\n<tr>\n<td><b>8:00 p.m.<\/b>\u00a0\u00a0\u00a0\u00a0\u00a0 <b><i>The strategy of silence<\/i><\/b>, Vincent Peris. 2016. 88\u2032<br \/>\nPresentation by the director and Rosa Garrote (President of the Metro Victims Association).<br \/>\n<i>Reparation, justice, memory. Sleepy, passive society. Corruption and media manipulation.<\/i><\/td>\n<\/tr>\n<tr>\n<td>\n<h2><b>Wednesday February 15, 2017<\/b><\/h2>\n<\/td>\n<\/tr>\n<tr>\n<td>\u00a0<b>6:00 p.m.<\/b>\u00a0\u00a0\u00a0\u00a0\u00a0 <b><i>When Two Worlds Collide<\/i><\/b>, Heidi Brandenburg, Mathew Orzel. 2016. 103\u2032<br \/>\nLater <strong>colloquium<\/strong> together with Mar\u00eda Escalona (Amnesty International PV), Pepa Pr\u00f3sper Candel (Valencia en Bici \u2013 Acci\u00f3 Ecologista Agr\u00f3) and Edgard Vega (Centre Del\u00e0s d&#039;Estudis de Pau).<br \/>\n<i><i>Rights of indigenous people; Natural resources exploitation; economic model, developmentalism, growth, extractivism, predation; foreign investment\/interference (FTAs); state repression, subversion, civil disobedience, armed resistance.<\/i><\/i><\/td>\n<\/tr>\n<tr>\n<td><b>8:00 p.m.\u00a0\u00a0\u00a0\u00a0\u00a0 <\/b><b><i>An Insignificant Man<\/i><\/b>, Khushboo Ranka, Vinay Shukla. 2016. 96\u2032<br \/>\nPresentation by the directors.<br \/>\nLater <b>colloquium<\/b> along with Khushboo Ranka, Vinay Shuklam and Pablo O\u00f1ate (Professor of Political Science at UC3).<br \/>\n<i>New policy; left-wing populisms; democracy and participation; corruption; 15M\/ Podemos similarities (harassment, mud machine, personalisms, internal democracy).<\/i><\/td>\n<\/tr>\n<tr>\n<td>\n<h2><b>Thursday February 16, 2017<br \/>\n<\/b><\/h2>\n<\/td>\n<\/tr>\n<tr>\n<td><b>6:00 p.m.<\/b>\u00a0\u00a0\u00a0\u00a0\u00a0 <b><i>Just A Normal Person<\/i><\/b>, Malin Bj\u00f6rkman-Widell. 2015. 58\u2032<br \/>\nPresentation by the director and the protagonist of the documentary (Sam Gisslow).<br \/>\nLater <b>colloquium<\/b> along with Malin Bj\u00f6rkman-Widell, Sam Gisslow, \u00c1ngel Gal\u00e1n (Movement Against Intolerance) and Jos\u00e9 de Lamo (General Director of Equality in Diversity of the GVA).<br \/>\n<i>Transsexuality; transphobia, intolerance and exclusion; legal and institutional aspects; Adolescence; social pressure.<\/i><\/td>\n<\/tr>\n<tr>\n<td><b> 8:00 p.m.\u00a0\u00a0\u00a0\u00a0\u00a0 <\/b><b><i>Transit Havana<\/i><\/b>, Daniel Abma. 2016. 86\u2032<br \/>\nPresentation by the director and screenwriter.<br \/>\nLater <b>colloquium<\/b> along with Daniel Abma, Alex Bakker (screenwriter) and Lambda.<br \/>\n<i>Transsexuality, LGBTI groups; social revolution\/sexual revolution in Cuba; transphobia, intolerance and exclusion; legal and institutional aspects; access to healthcare.<\/i><b><br \/>\n<\/b><\/td>\n<\/tr>\n<\/tbody>\n<\/table>","protected":false},"excerpt":{"rendered":"<p>Reflexiona en los coloquios Humans Fest y \u00fanete al debate entre el cine y los Derechos Humanos FILMOTECA S\u00e1bado 11 febrero 2017 18.00h\u00a0\u00a0\u00a0\u00a0\u00a0 En el mismo barco, Rudy Gnutti. 2016. 72&#8242; Presentaci\u00f3n a cargo del director Posterior coloquio junto a Rudi Gnutti (director), Joan Romero (Catedr\u00e1tico de Geograf\u00eda Humana de la Universidad de Valencia) y [&hellip;]<\/p>\n","protected":false},"author":2,"featured_media":0,"parent":2027,"menu_order":2,"comment_status":"closed","ping_status":"closed","template":"","meta":{"_et_pb_use_builder":"","_et_pb_old_content":"","_et_gb_content_width":"","_uf_show_specific_survey":0,"_uf_disable_surveys":false,"footnotes":""},"class_list":["post-3048","page","type-page","status-publish","hentry"],"aioseo_notices":[],"_links":{"self":[{"href":"https:\/\/fundacionporlajusticia.org\/en\/wp-json\/wp\/v2\/pages\/3048","targetHints":{"allow":["GET"]}}],"collection":[{"href":"https:\/\/fundacionporlajusticia.org\/en\/wp-json\/wp\/v2\/pages"}],"about":[{"href":"https:\/\/fundacionporlajusticia.org\/en\/wp-json\/wp\/v2\/types\/page"}],"author":[{"embeddable":true,"href":"https:\/\/fundacionporlajusticia.org\/en\/wp-json\/wp\/v2\/users\/2"}],"replies":[{"embeddable":true,"href":"https:\/\/fundacionporlajusticia.org\/en\/wp-json\/wp\/v2\/comments?post=3048"}],"version-history":[{"count":3,"href":"https:\/\/fundacionporlajusticia.org\/en\/wp-json\/wp\/v2\/pages\/3048\/revisions"}],"predecessor-version":[{"id":3360,"href":"https:\/\/fundacionporlajusticia.org\/en\/wp-json\/wp\/v2\/pages\/3048\/revisions\/3360"}],"up":[{"embeddable":true,"href":"https:\/\/fundacionporlajusticia.org\/en\/wp-json\/wp\/v2\/pages\/2027"}],"wp:attachment":[{"href":"https:\/\/fundacionporlajusticia.org\/en\/wp-json\/wp\/v2\/media?parent=3048"}],"curies":[{"name":"wp","href":"https:\/\/api.w.org\/{rel}","templated":true}]}}