{"id":3029,"date":"2015-09-11T10:36:13","date_gmt":"2015-09-11T10:36:13","guid":{"rendered":"https:\/\/fundacionporlajusticia.accesia.info\/en\/programacion-2\/"},"modified":"2022-03-21T15:43:43","modified_gmt":"2022-03-21T15:43:43","slug":"programacion-2","status":"publish","type":"page","link":"https:\/\/fundacionporlajusticia.org\/en\/programacion-2\/","title":{"rendered":"PROGRAMMING"},"content":{"rendered":"<blockquote>\n<p style=\"text-align: center;\"><b><a href=\"https:\/\/fundacionporlajusticia.org\/wp-content\/uploads\/2016\/10\/cropped-Logo-Human-Fest_VIII.png\"><img loading=\"lazy\" decoding=\"async\" class=\"wp-image-3918 size-full aligncenter\" src=\"https:\/\/fundacionporlajusticia.org\/wp-content\/uploads\/2016\/10\/cropped-Logo-Human-Fest_VIII.png\" alt=\"cropped-Logo-Human-Fest_VIII.png\" width=\"280\" height=\"201\" \/><\/a><\/b> Valencia, from February 10 to 19, 2017, the best of audiovisuals on human rights.<\/p>\n<\/blockquote>\n<table>\n<tbody>\n<tr>\n<td>\n<blockquote>\n<h2><b>Friday, February 10, 2017<\/b><\/h2>\n<\/blockquote>\n<\/td>\n<\/tr>\n<tr>\n<td>\n<h3><b>Film Library <\/b><\/h3>\n<\/td>\n<\/tr>\n<tr>\n<td><b>8:00 p.m. \u00a0 \u00a0\u00a0 <\/b><b>Inauguration of the Humans Fest<\/b> with Tonino Guiti\u00e1n as master of ceremony.<br \/>\nThe Pau i Justicia award will be presented.<br \/>\nFree entrance<\/td>\n<\/tr>\n<tr>\n<td><b>8:30 p.m. \u00a0 \u00a0\u00a0<\/b> <b><i>Talk<\/i><\/b>, Joaqu\u00edn Oristrell, 2015. 75\u00b4<br \/>\nInaugural screening, Pau i Justicia Cycle<\/td>\n<\/tr>\n<tr>\n<td>\u00a0<b>10:30 p.m.<\/b>\u00a0\u00a0\u00a0\u00a0\u00a0 <b><i>Patient<\/i><\/b>, Jorge Caballero. 2015. 70\u2032<\/td>\n<\/tr>\n<tr>\n<td>\n<h3><b>Radio City<br \/>\n<\/b><\/h3>\n<\/td>\n<\/tr>\n<tr>\n<td><b>10:45 p.m.<\/b>\u00a0\u00a0\u00a0\u00a0\u00a0 <b>Humans Fest opening party.<\/b><\/td>\n<\/tr>\n<tr>\n<td>\n<blockquote>\n<h2><strong>Saturday February 11, 2017<\/strong><\/h2>\n<\/blockquote>\n<\/td>\n<\/tr>\n<tr>\n<td>\n<h3><b>Film Library <\/b><\/h3>\n<\/td>\n<\/tr>\n<tr>\n<td><b>6:00 p.m.\u00a0\u00a0\u00a0\u00a0\u00a0 <\/b><b><i>in the same boat<\/i><\/b><b>, <\/b>Rudy Gnutti. 2016. 72\u2032<br \/>\nPresentation by the director<br \/>\nLater <strong>colloquium<\/strong> together with Rudi Gnutti, Joan Romero (Professor of Human Geography at the University of Valencia) and Quique S\u00e1nchez (Foundation for Justice).<strong><br \/>\n<\/strong><\/td>\n<\/tr>\n<tr>\n<td><strong><b>10:30 p.m. \u00a0 \u00a0\u00a0 <\/b><b><i>invisible mothers<\/i><\/b><\/strong>, Lorenzo Benitez. 2016. 67\u2032<strong><br \/>\n<\/strong><\/td>\n<\/tr>\n<tr>\n<td>\n<blockquote>\n<h2><strong>Sunday February 12, 2017<br \/>\n<\/strong><\/h2>\n<\/blockquote>\n<\/td>\n<\/tr>\n<tr>\n<td>\n<h3><strong>\u00a0Rector Peset Residence Hall<\/strong><\/h3>\n<\/td>\n<\/tr>\n<tr>\n<td><b>6:00 p.m. \u00a0 \u00a0\u00a0 <\/b><b><i>Audiovisual as a tool of change <\/i><\/b>Human Rights Forum<br \/>\n<b>Screening of Valencian Shorts<\/b><\/p>\n<ul style=\"list-style-type: square;\">\n<li>Lives in transit, Sof\u00eda Olins. 2016<\/li>\n<li>We are in all the rivers, Rub\u00e9n Monsuy. 2016<\/li>\n<li>Waiting for Europe, Samuel Sebastian. 2016<\/li>\n<li>Marhaba, Emilio Mart\u00ed. 2016<\/li>\n<\/ul>\n<p><b>Round table<\/b><br \/>\nModerator: Nanguan Manzam (CEAR)<br \/>\nParticipating: Ann Hern\u00e1ndez, Rub\u00e9n Monsuy, Samuel Sebasti\u00e1n and Emilio Mart\u00ed.<strong><br \/>\n<\/strong><\/td>\n<\/tr>\n<tr>\n<td>\n<h3><b>Film Library <\/b><\/h3>\n<\/td>\n<\/tr>\n<tr>\n<td><b>8:00 p.m. \u00a0 \u00a0\u00a0<\/b> <b><i>Sands of Silence: Waves of Courage<\/i><\/b>, Chelo Alvarez-Stehle. 2016. 86\u2032<br \/>\nPresentation by the director.<strong><br \/>\n<\/strong><\/td>\n<\/tr>\n<tr>\n<td>\n<blockquote>\n<h2><strong><b>Monday February 13, 2017<\/b><br \/>\n<\/strong><\/h2>\n<\/blockquote>\n<\/td>\n<\/tr>\n<tr>\n<td>\n<h3><strong>The Nau<\/strong><\/h3>\n<\/td>\n<\/tr>\n<tr>\n<td><b>6:00 p.m. \u00a0 \u00a0\u00a0<\/b> <b><i>Capturing rights: Image and Human Rights <\/i><\/b>Human Rights Forum<br \/>\n<b>Round table <\/b><br \/>\nParticipating: Paco Roca, Ismael Quintanilla, Samuel Sebastian.<strong><br \/>\n<\/strong><\/td>\n<\/tr>\n<tr>\n<td>\n<h3><strong>Arag\u00f3 Cinema<\/strong><\/h3>\n<\/td>\n<\/tr>\n<tr>\n<td><b>8:00 p.m.\u00a0\u00a0\u00a0\u00a0\u00a0 <\/b><b><i>Short Film Section Screening (Right of Asylum and Refugees)<\/i><\/b><\/p>\n<ul style=\"list-style-type: square;\">\n<li>\u00a0\u00a0Mayday Relay (14&#039;)<\/li>\n<li>\u00a0\u00a0Eisen (19&#039;)<\/li>\n<li>\u00a0\u00a0Safe Space (13&#039;)<\/li>\n<li>\u00a0\u00a0Gurugu (5&#039;)<\/li>\n<li>\u00a0\u00a0Border (1&#039;)<\/li>\n<li>\u00a0\u00a0Invisibles (24&#039;)<\/li>\n<li>\u00a0\u00a0Dent de lle\u00f3 (5&#039;)<\/li>\n<\/ul>\n<p>We will have the presence of the Jury:<br \/>\nGiovanna Ribes, Mar\u00eda Escalona and Nanguan Manzam.<strong><br \/>\n<\/strong><\/td>\n<\/tr>\n<tr>\n<td><b>9:30 p.m.\u00a0\u00a0\u00a0\u00a0\u00a0 <\/b><b><i>Breaking borders through short films<\/i><\/b> Human Rights Forum<br \/>\n<b>Meeting<\/b><br \/>\nModerator: Samuel Sebastian<br \/>\nParticipating: Jorge Bellver, Xavier Satorra and Mohamad Bitari (Invisibles)<br \/>\nIrene Cubells and \u00c1lvaro Yebra (Distributor &#039;Some like it short&#039;)<\/td>\n<\/tr>\n<tr>\n<td>\n<blockquote>\n<h2><strong>Tuesday February 14, 2017<br \/>\n<\/strong><\/h2>\n<\/blockquote>\n<\/td>\n<\/tr>\n<tr>\n<td>\n<h3><b>Film Library <\/b><\/h3>\n<\/td>\n<\/tr>\n<tr>\n<td><b>6:00 p.m. \u00a0 \u00a0\u00a0<\/b> <b><i>Tarajal: Dismantling impunity on the southern border<\/i><\/b>, Xavier Artigas, Xapo Ortega, Marc Serra. 2016. 80\u2032<br \/>\nPresentation by the director<br \/>\nSubsequent discussion with Xavier Artigas, Xapo Ortega and Jaume Dur\u00e0 (CEAR).<strong><br \/>\n<\/strong><\/td>\n<\/tr>\n<tr>\n<td><b>8:00 p.m.<\/b>\u00a0\u00a0\u00a0\u00a0\u00a0 <b><i>The strategy of silence<\/i><\/b>, Vincent Peris. 2016. 88\u2032<br \/>\nPresentation by the director and Rosa Garrote (President of the Metro Victims Association).<strong><br \/>\n<\/strong><\/td>\n<\/tr>\n<tr>\n<td>\n<blockquote>\n<h2><strong><b>Wednesday, February 15, 2017<\/b><br \/>\n<\/strong><\/h2>\n<\/blockquote>\n<\/td>\n<\/tr>\n<tr>\n<td>\n<h3><b>The Nau<br \/>\n<\/b><\/h3>\n<\/td>\n<\/tr>\n<tr>\n<td><b>4:30 p.m.\u00a0\u00a0\u00a0\u00a0\u00a0 <\/b><b><i>Monitor and report: Documentalists, political advocacy and Human Rights<\/i><\/b> Human Rights Forum<br \/>\n<b>Round table<\/b><br \/>\nModerator: Samuel Sebastian<br \/>\nParticipating: Vicent Peris (The Strategy of Silence), Xapo Ortega (Tarajal), Vinay Shukla and Khushboo Ranka (An Insignificant Man) and Laura Ballester (Journalist Levante-EMV)<br \/>\n<strong><br \/>\n<\/strong><\/td>\n<\/tr>\n<tr>\n<td>\n<h3><b>Film Library<br \/>\n<\/b><\/h3>\n<\/td>\n<\/tr>\n<tr>\n<td><b>6:00 p.m.<\/b>\u00a0\u00a0\u00a0\u00a0\u00a0 <b><i>When Two Worlds Collide<\/i><\/b>, Heidi Brandenburg, Mathew Orzel. 2016. 103\u2032<br \/>\nLater <strong>colloquium<\/strong> together with Mar\u00eda Escalona (Amnesty International PV), Pepa Pr\u00f3sper Candel (Valencia en Bici \u2013 Acci\u00f3 Ecologista Agr\u00f3) and Edgard Vega (Centre Del\u00e0s d&#039;Estudis de Pau).<strong><br \/>\n<\/strong><\/td>\n<\/tr>\n<tr>\n<td><b>8:00 p.m. \u00a0 \u00a0\u00a0 <\/b><b><i>An Insignificant Man<\/i><\/b>, Khushboo Ranka, Vinay Shukla. 2016. 96\u2032<br \/>\nPresentation by the directors.<br \/>\nLater <strong>colloquium<\/strong> along with Khushboo Ranka, Vinay Shuklam and Pablo O\u00f1ate (Professor of Political Science at UC3).<strong><br \/>\n<\/strong><\/td>\n<\/tr>\n<tr>\n<td>\n<h2><strong><b>Thursday February 16, 2017<\/b><br \/>\n<\/strong><\/h2>\n<\/td>\n<\/tr>\n<tr>\n<td><b>SGAE \u2013 General Society of Authors and Editors<\/b><\/td>\n<\/tr>\n<tr>\n<td><b>12.00h \u00a0 \u00a0\u00a0 <\/b><b><i>world day of child soldiers<\/i><\/b>, Human Rights Forum<br \/>\n<b>Projection<\/b>: That wasn&#039;t me, Esteban Crespo, 24&#039;<br \/>\n<b>Round table<\/b><br \/>\nModerator: Samuel Sebastian.<br \/>\nParticipating: Encarna Dur\u00e1n Costell (Entreculturas Education Technician) and Chema Segura (Jesuit Migrant Service).<\/td>\n<\/tr>\n<tr>\n<td>\n<h3><b>Film Library <\/b><\/h3>\n<\/td>\n<\/tr>\n<tr>\n<td><b>6:00 p.m.<\/b>\u00a0\u00a0\u00a0\u00a0\u00a0 <b><i>Just A Normal Person<\/i><\/b>, Malin Bj\u00f6rkman-Widell. 2015. 58\u2032<br \/>\nPresentation by the director and the protagonist of the documentary (Sam Gisslow).<br \/>\nSubsequent discussion with Malin Bj\u00f6rkman-Widell, Sam Gisslow, \u00c1ngel Gal\u00e1n (Movement Against Intolerance) and Jos\u00e9 de Lamo (General Director of Equality in Diversity of the GVA).<strong><br \/>\n<\/strong><\/td>\n<\/tr>\n<tr>\n<td><b>8:00 p.m.\u00a0\u00a0\u00a0\u00a0\u00a0 <\/b><b><i>Transit Havana<\/i><\/b>, Daniel Abma. 2016. 86\u2032<br \/>\nPresentation by the director and screenwriter.<br \/>\nSubsequent discussion with Daniel Abma, Alex Bakker (screenwriter) and Lambda.<strong><br \/>\n<\/strong><\/td>\n<\/tr>\n<tr>\n<td>\n<h3><b>Ca Revolta <\/b><\/h3>\n<\/td>\n<\/tr>\n<tr>\n<td><b>10:45 p.m. <\/b><b><i>Meeting with directors<\/i><\/b>. Human Rights Forum<br \/>\nJust a Normal Person (Malin Bj\u00f6rkman-Widell + Sam Gisslow)<br \/>\nTransit Havana (Daniel Abma + Alex Bakker)<br \/>\nCoordinate Lambda<strong>.<br \/>\n<\/strong><\/td>\n<\/tr>\n<tr>\n<td>\n<h2><strong><b>Friday, February 17, 2017<\/b><br \/>\n<\/strong><\/h2>\n<\/td>\n<\/tr>\n<tr>\n<td>\n<h3><b>Film Library <\/b><\/h3>\n<\/td>\n<\/tr>\n<tr>\n<td><b>6:00 p.m. \u00a0 \u00a0\u00a0<\/b> <b><i>Talk<\/i><\/b>, Joaqu\u00edn Oristrell, 2015. 75\u00b4<br \/>\nPau i Justicia Cycle<\/td>\n<\/tr>\n<tr>\n<td><b>8:00 p.m. \u00a0 \u00a0\u00a0<\/b> <b><i>The mother-of-pearl button<\/i><\/b>, Patricio Guzm\u00e1n. 2015. 82\u2032<br \/>\nWorld Premiere <b><i>Witnesses<\/i><\/b>, Emilio Mart\u00ed. 2017.<br \/>\n<b>Closing of Humans Fest<\/b><br \/>\nFree entrance.<\/td>\n<\/tr>\n<tr>\n<td>\n<h3><b>Radio City <\/b><\/h3>\n<\/td>\n<\/tr>\n<tr>\n<td><b>10:45 p.m. <\/b><b><i>Humans Fest closing party.<\/i><\/b><br \/>\n<b><i>Short films section 1 minute 1 right<\/i><\/b><br \/>\nCinestudio d&#039;or from February 11 to 16, 2017<br \/>\n<b>Dona and Cinema Humans Fest Cycle<\/b><\/td>\n<\/tr>\n<tr>\n<td>\n<blockquote>\n<h2><b>Saturday February 18, 2017<\/b><\/h2>\n<\/blockquote>\n<\/td>\n<\/tr>\n<tr>\n<td>\n<h3><b>Muvim<\/b><\/h3>\n<\/td>\n<\/tr>\n<tr>\n<td><b>6:00 p.m. \u00a0 \u00a0\u00a0<\/b> <b><i>Women at the forefront, the law of the strongest<\/i><\/b>, Lula Gomez. 2016. 48&#039;<br \/>\nDona i Cinema Cycle<br \/>\nWith the presence of the director<strong><br \/>\n<\/strong><\/td>\n<\/tr>\n<tr>\n<td><b>Sunday February 19, 2017<\/b><\/td>\n<\/tr>\n<tr>\n<td>\n<h3><b>Muvim<\/b><\/h3>\n<\/td>\n<\/tr>\n<tr>\n<td><b>6:00 p.m. \u00a0 \u00a0\u00a0 <\/b><b><i>Dona i Cinema Short Film Session<\/i><\/b><\/p>\n<ul style=\"list-style-type: square;\">\n<li><em><strong> Uncut<\/strong><\/em> (Women&#039;s war against female genital mutilations), Emanuela Zuccal\u00e0 and Simona Ghizzoni. 2015, 20&#039;<\/li>\n<li><em><strong> The law of blood<\/strong><\/em>, Emanuela Zuccal\u00e0. 2016. 13&#039;<\/li>\n<li><em><strong> Only so far will I know that I am alive<\/strong><\/em> (Just so you know I&#039;m alive), Emanuela Zuccal\u00e0 i Simona Ghizzoni. 2014.<\/li>\n<\/ul>\n<p>Dona i Cinema Cycle<br \/>\nWith the presence of the director Emanuela Zuccal\u00e0.<strong><br \/>\n<\/strong><\/td>\n<\/tr>\n<tr>\n<td>\u00a0Click to download the <a href=\"https:\/\/fundacionporlajusticia.org\/wp-content\/uploads\/2017\/02\/programacion.pdf\" target=\"_blank\" rel=\"noopener\">programming of the VIII Edition of HUMANS FEST<\/a><\/td>\n<\/tr>\n<tr>\n<td>\u00a0<img loading=\"lazy\" decoding=\"async\" class=\"wp-image-4313 size-full aligncenter\" src=\"https:\/\/fundacionporlajusticia.org\/wp-content\/uploads\/2017\/01\/logos-pie-2017-v4.jpg\" alt=\"logos-pie-2017 v4\" width=\"1040\" height=\"250\" \/><\/td>\n<\/tr>\n<\/tbody>\n<\/table>","protected":false},"excerpt":{"rendered":"<p>Valencia, del 10 al 19 de febrero 2017 lo mejor del audiovisual sobre derechos humanos. Viernes 10 de febrero de 2017 Filmoteca 20.00h \u00a0 \u00a0\u00a0 Inauguraci\u00f3n del Humans Fest con Tonino Guiti\u00e1n como maestro de ceremonia. Se har\u00e1 entrega del premio Pau i Justicia. Entrada gratuita 20.30h \u00a0 \u00a0\u00a0 Hablar, Joaqu\u00edn Oristrell, 2015. 75\u00b4 Proyecci\u00f3n [&hellip;]<\/p>\n","protected":false},"author":2,"featured_media":0,"parent":0,"menu_order":2,"comment_status":"closed","ping_status":"closed","template":"","meta":{"_et_pb_use_builder":"","_et_pb_old_content":"","_et_gb_content_width":"","_uf_show_specific_survey":0,"_uf_disable_surveys":false,"footnotes":""},"class_list":["post-3029","page","type-page","status-publish","hentry"],"aioseo_notices":[],"_links":{"self":[{"href":"https:\/\/fundacionporlajusticia.org\/en\/wp-json\/wp\/v2\/pages\/3029","targetHints":{"allow":["GET"]}}],"collection":[{"href":"https:\/\/fundacionporlajusticia.org\/en\/wp-json\/wp\/v2\/pages"}],"about":[{"href":"https:\/\/fundacionporlajusticia.org\/en\/wp-json\/wp\/v2\/types\/page"}],"author":[{"embeddable":true,"href":"https:\/\/fundacionporlajusticia.org\/en\/wp-json\/wp\/v2\/users\/2"}],"replies":[{"embeddable":true,"href":"https:\/\/fundacionporlajusticia.org\/en\/wp-json\/wp\/v2\/comments?post=3029"}],"version-history":[{"count":1,"href":"https:\/\/fundacionporlajusticia.org\/en\/wp-json\/wp\/v2\/pages\/3029\/revisions"}],"predecessor-version":[{"id":3346,"href":"https:\/\/fundacionporlajusticia.org\/en\/wp-json\/wp\/v2\/pages\/3029\/revisions\/3346"}],"wp:attachment":[{"href":"https:\/\/fundacionporlajusticia.org\/en\/wp-json\/wp\/v2\/media?parent=3029"}],"curies":[{"name":"wp","href":"https:\/\/api.w.org\/{rel}","templated":true}]}}