{"id":3007,"date":"2014-09-16T08:40:04","date_gmt":"2014-09-16T08:40:04","guid":{"rendered":"https:\/\/fundacionporlajusticia.accesia.info\/?page_id=299"},"modified":"2022-03-21T16:58:55","modified_gmt":"2022-03-21T16:58:55","slug":"jurado","status":"publish","type":"page","link":"https:\/\/fundacionporlajusticia.org\/en\/humansfest\/programacion-2-2\/jurado\/","title":{"rendered":"JURY 2017"},"content":{"rendered":"<table>\n<tbody>\n<tr>\n<td>\n<h1 style=\"text-align: justify;\"><b> <strong><b>Jury Presidents<\/b><br \/>\n<\/strong><\/b><\/h1>\n<\/td>\n<\/tr>\n<tr>\n<td>\n<h3 id=\"yui_3_16_0_1_1445347903073_4500\" style=\"text-align: justify;\"><b id=\"yui_3_16_0_1_1445347903073_4499\"><strong>Montxo Armend\u00e1riz and Puy Oria<br \/>\n<\/strong><\/b><\/h3>\n<p style=\"margin: 0cm 0cm 8pt; text-align: justify;\"><span style=\"font-size: 11.0pt; font-family: 'Arial','sans-serif'; color: #1d1d1b; background: white;\"><img loading=\"lazy\" decoding=\"async\" class=\"alignleft wp-image-4680 size-thumbnail\" src=\"https:\/\/fundacionporlajusticia.org\/wp-content\/uploads\/2014\/09\/montxo-armendariz-150x150.jpg\" alt=\"montxo armendariz\" width=\"150\" height=\"150\" \/> <a href=\"https:\/\/fundacionporlajusticia.org\/wp-content\/uploads\/2014\/09\/puy-oria.jpg\"><img loading=\"lazy\" decoding=\"async\" class=\"alignleft wp-image-4681 size-thumbnail\" src=\"https:\/\/fundacionporlajusticia.org\/wp-content\/uploads\/2014\/09\/puy-oria-150x150.jpg\" alt=\"puy oria\" width=\"150\" height=\"150\" \/><\/a>Winners of the Pau i Justicia Award at the 2016 edition of the festival, both lead the independent production company Oria Films. Montxo Armend\u00e1riz is a film director, screenwriter and winner of two Goya awards for best adapted screenplay and best original screenplay. Puy Oria is a producer and has participated in feature films such as Obaba (2005), Silencio roto (2001) and Don&#039;t be afraid (2011).<\/span><\/p>\n<p><span id=\"yui_3_16_0_1_1445347903073_4332\"><strong>\u00a0<\/strong><\/span><\/td>\n<\/tr>\n<tr>\n<td>\n<h1><b> <strong><b>Members of the jury<\/b><br \/>\n<\/strong><\/b><\/h1>\n<\/td>\n<\/tr>\n<tr>\n<td>\n<h3><b id=\"yui_3_16_0_1_1445347903073_4498\"><strong><img loading=\"lazy\" decoding=\"async\" class=\"alignleft size-thumbnail wp-image-4682\" src=\"https:\/\/fundacionporlajusticia.org\/wp-content\/uploads\/2014\/09\/Fanigrande-150x150.jpeg\" alt=\"Fanigrande\" width=\"150\" height=\"150\" \/>Fani Grande<br \/>\n<\/strong><\/b><\/h3>\n<p style=\"margin: 0cm 0cm 8pt; text-align: justify;\"><span style=\"font-size: 11.0pt; font-family: 'Arial','sans-serif'; color: #1d1d1b; background: white;\">Journalist, blogger and writer. Reference for national columnism thanks to \u201cEl F\u00e9mur de Eva\u201d, a column reinvented in the form of a blog, later converted into a book of essays, and also a radio program on Valencia Radio. Activist for the rights especially of women around the world. <\/span><\/p>\n<p><strong>\u00a0<\/strong><\/td>\n<\/tr>\n<tr>\n<td>\n<h3><strong><strong><img loading=\"lazy\" decoding=\"async\" class=\"alignleft size-thumbnail wp-image-4683\" src=\"https:\/\/fundacionporlajusticia.org\/wp-content\/uploads\/2014\/09\/Ricardo-Maci\u00e1n-150x150.jpeg\" alt=\"Ricardo Maci\u00e1n\" width=\"150\" height=\"150\" \/>Ricardo Maci\u00e1n<br \/>\n<\/strong><\/strong><\/h3>\n<p style=\"margin: 0cm 0cm 8pt; text-align: justify;\"><span style=\"font-size: 11.0pt; font-family: 'Arial','sans-serif'; color: #1d1d1b; background: white;\">Documentary maker, reporter, director of photography. Photojournalist in the Balkans, Palestine, Somalia, among others. Director and screenwriter of independent documentary and fiction projects.  Among the most notable: \u201cLos Ojos de Ariana\u201d (about Afghan Films), with awards at different festivals. He is currently developing a feature-length documentary about the figure of Carceller, the editor of the transgressive weekly La Traca, shot along with the cartoonist Bluff on the Paterna wall in 1940. <\/span><\/p>\n<\/td>\n<\/tr>\n<tr>\n<td>\n<h3 style=\"text-align: justify;\"><strong><strong><img loading=\"lazy\" decoding=\"async\" class=\"alignleft size-thumbnail wp-image-4684\" src=\"https:\/\/fundacionporlajusticia.org\/wp-content\/uploads\/2014\/09\/CarlosMadrid-150x150.jpeg\" alt=\"CarlosMadrid\" width=\"150\" height=\"150\" \/>Carlos Madrid<\/strong><\/strong><\/h3>\n<p style=\"margin: 0cm; margin-bottom: .0001pt; text-align: justify;\"><span style=\"font-size: 11.0pt; font-family: 'Arial','sans-serif'; color: #1d1d1b; background: white;\">He studies advertising, public relations and communication, combining his time at different cultural magazines (Milk, DJMAG) with work at the Observatori Festival as Communication Director. He has recently been appointed Director of the Valencia International Film Festival \u2013 Cinema Jove after 8 years at the head of La Cabina \u2013 Medium Film Festival. <\/span><\/p>\n<p style=\"text-align: justify;\"><span id=\"yui_3_16_0_1_1446550711463_3175\"><strong>\u00a0<\/strong><\/span><\/p>\n<\/td>\n<\/tr>\n<tr>\n<td>\n<h1 style=\"text-align: justify;\"><strong><b>Official Short Film Section Jury<\/b><br \/>\n<\/strong><\/h1>\n<\/td>\n<\/tr>\n<tr>\n<td>\n<h3 style=\"text-align: justify;\"><strong><strong><img loading=\"lazy\" decoding=\"async\" class=\"alignleft wp-image-4454 size-thumbnail\" src=\"https:\/\/fundacionporlajusticia.org\/wp-content\/uploads\/2014\/09\/NANGUAN-MANZAM-JURADO-CORTOS-150x150.jpg\" alt=\"NANGUAN MANZAM JURADO CORTOS\" width=\"150\" height=\"150\" \/>Nanguan Manzam<br \/>\n<\/strong><\/strong><\/h3>\n<p style=\"margin: 0cm 0cm 8pt; text-align: justify;\"><span style=\"font-size: 11.0pt; font-family: 'Arial','sans-serif'; color: #1d1d1b; background: white;\">Born in Equatorial Guinea, Nanguan came to complete her studies in Spain and settled in Valencia, where she works as a social technician in social awareness and political advocacy at the Spanish Committee for Refugee Assistance (CEAR). She is also a short story writer and<\/span><span style=\"font-size: 11.0pt; font-family: 'Arial','sans-serif'; color: #1d1d1b;\">\u00a0<span style=\"background: white;\">has just published her second book, \u201cBiyaare\u201d, stories about gender, identity and immigration.\u201d<\/span><\/span><\/p>\n<p style=\"text-align: justify;\"><span id=\"yui_3_16_0_1_1446550711463_3175\"><strong><strong><br \/>\n<\/strong><br \/>\n<\/strong><\/span><\/p>\n<\/td>\n<\/tr>\n<tr>\n<td>\n<h3 style=\"text-align: justify;\"><strong><strong><img loading=\"lazy\" decoding=\"async\" class=\"alignleft size-thumbnail wp-image-4455\" src=\"https:\/\/fundacionporlajusticia.org\/wp-content\/uploads\/2014\/09\/GIOVANNA-RIBES-CORTOS-150x150.jpg\" alt=\"GIOVANNA RIBES CORTOS\" width=\"150\" height=\"150\" \/>Giovanna Ribes<br \/>\n<\/strong><\/strong><\/h3>\n<p style=\"margin: 0cm 0cm 8pt; text-align: justify;\"><span style=\"font-size: 11.0pt; font-family: 'Arial','sans-serif'; color: #1d1d1b; background: white;\">Valencian director, producer and screenwriter. His first feature-length fiction film \u201cUn Suave Olor a canela\u201d was released in 2014. In 2017 the premiere of his second feature-length fiction \u201cLa Familia: Dementia\u201d is expected. She is a founding member of DONESenART and directs the Dona i Cinema International Festival, which makes the work of women filmmakers visible. <\/span><\/p>\n<p style=\"text-align: justify;\"><span id=\"yui_3_16_0_1_1446550711463_3175\"><strong>\u00a0<\/strong><\/span><\/p>\n<\/td>\n<\/tr>\n<tr>\n<td>\n<h3 style=\"text-align: justify;\"><strong><img loading=\"lazy\" decoding=\"async\" class=\"alignleft size-thumbnail wp-image-4456\" src=\"https:\/\/fundacionporlajusticia.org\/wp-content\/uploads\/2014\/09\/MARIA-ESCALONA-SECCION-CORTOS-150x150.jpg\" alt=\"MARIA ESCALONA SECCION CORTOS\" width=\"150\" height=\"150\" \/>Maria Escalona<br \/>\n<\/strong><\/h3>\n<p style=\"margin: 0cm; margin-bottom: .0001pt; text-align: justify;\"><span style=\"font-family: 'inherit','serif'; color: #1d1d1b;\">Amnesty International Activist Pais Valencianci\u00e0<\/span><\/p>\n<p style=\"margin: 0cm 0cm 8.0pt 0cm;\"><span style=\"font-size: 11.0pt; font-family: 'Arial','sans-serif'; color: #1d1d1b;\"><span style=\"background: white;\">\u00a0<\/span><\/span><\/p>\n<p style=\"text-align: justify;\"><span id=\"yui_3_16_0_1_1446550711463_3175\"><strong><strong><br \/>\n<\/strong><br \/>\n<\/strong><\/span><\/p>\n<\/td>\n<\/tr>\n<\/tbody>\n<\/table>\n<h4 id=\"yui_3_16_0_1_1445347903073_4500\" style=\"text-align: justify;\"><\/h4>\n<h4><\/h4>\n<h4 style=\"text-align: justify;\"><\/h4>\n<h4 style=\"text-align: justify;\"><\/h4>\n<h4><\/h4>","protected":false},"excerpt":{"rendered":"<p>Presidentes del Jurado Montxo Armend\u00e1riz y Puy Oria Ganadores del Premio Pau i Justicia de la edici\u00f3n 2016 del festival, ambos lideran la productora independiente Oria Films. Montxo Armend\u00e1riz es director de cine, guionista y ganador de dos premios Goya por mejor guion adaptado y mejor guion original. Puy Oria es productora y ha participado [&hellip;]<\/p>\n","protected":false},"author":2,"featured_media":0,"parent":868,"menu_order":7,"comment_status":"closed","ping_status":"closed","template":"","meta":{"_et_pb_use_builder":"","_et_pb_old_content":"","_et_gb_content_width":"","_uf_show_specific_survey":0,"_uf_disable_surveys":false,"footnotes":""},"class_list":["post-3007","page","type-page","status-publish","hentry"],"aioseo_notices":[],"_links":{"self":[{"href":"https:\/\/fundacionporlajusticia.org\/en\/wp-json\/wp\/v2\/pages\/3007","targetHints":{"allow":["GET"]}}],"collection":[{"href":"https:\/\/fundacionporlajusticia.org\/en\/wp-json\/wp\/v2\/pages"}],"about":[{"href":"https:\/\/fundacionporlajusticia.org\/en\/wp-json\/wp\/v2\/types\/page"}],"author":[{"embeddable":true,"href":"https:\/\/fundacionporlajusticia.org\/en\/wp-json\/wp\/v2\/users\/2"}],"replies":[{"embeddable":true,"href":"https:\/\/fundacionporlajusticia.org\/en\/wp-json\/wp\/v2\/comments?post=3007"}],"version-history":[{"count":4,"href":"https:\/\/fundacionporlajusticia.org\/en\/wp-json\/wp\/v2\/pages\/3007\/revisions"}],"predecessor-version":[{"id":3538,"href":"https:\/\/fundacionporlajusticia.org\/en\/wp-json\/wp\/v2\/pages\/3007\/revisions\/3538"}],"up":[{"embeddable":true,"href":"https:\/\/fundacionporlajusticia.org\/en\/wp-json\/wp\/v2\/pages\/868"}],"wp:attachment":[{"href":"https:\/\/fundacionporlajusticia.org\/en\/wp-json\/wp\/v2\/media?parent=3007"}],"curies":[{"name":"wp","href":"https:\/\/api.w.org\/{rel}","templated":true}]}}