{"id":2999,"date":"2017-01-24T11:15:17","date_gmt":"2017-01-24T11:15:17","guid":{"rendered":"https:\/\/fundacionporlajusticia.accesia.info\/es\/?page_id=4413"},"modified":"2022-03-26T07:44:09","modified_gmt":"2022-03-26T07:44:09","slug":"seccion-dona-i-cinema","status":"publish","type":"page","link":"https:\/\/fundacionporlajusticia.org\/en\/humansfest\/programacion-2-2\/seccion-dona-i-cinema\/","title":{"rendered":"2017 EDITION DONA I CINEMA SECTION"},"content":{"rendered":"<table>\n<tbody>\n<tr>\n<td>\n<h1><a href=\"https:\/\/fundacionporlajusticia.org\/wp-content\/uploads\/2017\/01\/Dona_cinema.png\"><img loading=\"lazy\" decoding=\"async\" class=\"aligncenter wp-image-4861\" src=\"https:\/\/fundacionporlajusticia.org\/wp-content\/uploads\/2017\/01\/Dona_cinema-289x300.png\" alt=\"Dona i cinema\" width=\"198\" height=\"206\" \/><\/a><\/h1>\n<h1 style=\"text-align: center;\"><b>From February 18 to 19, 2017<\/b><\/h1>\n<\/td>\n<\/tr>\n<tr>\n<td>\n<h2><b>Saturday 18<br \/>\n<\/b><\/h2>\n<\/td>\n<\/tr>\n<tr>\n<td>\n<h3><b>MUVIM<\/b><\/h3>\n<\/td>\n<\/tr>\n<tr>\n<td><b><img loading=\"lazy\" decoding=\"async\" class=\"alignright size-thumbnail wp-image-4502\" src=\"https:\/\/fundacionporlajusticia.org\/wp-content\/uploads\/2017\/01\/still3_MAF-150x150.jpg\" alt=\"still3_MAF\" width=\"150\" height=\"150\" \/>6:00 p.m.<\/b>\u00a0\u00a0\u00a0\u00a0\u00a0 <b><i>Women at the forefront, the law of the strongest<\/i><\/b>, Lula Gomez. 2016. 48&#039;<\/p>\n<p>Later <strong>colloquium<\/strong> with the director Lula G\u00f3mez, Claudia Garc\u00eda Giraldo, survivor of political violence in Colombia, and Trini Blanch Mar\u00edn, head of the Assemblea de Cooperaci\u00f3 per la Pau in the Valenci\u00e0 Country.<\/p>\n<p><b><br \/>\nSynopsis<\/b>: The documentary is about seven Colombian women who, fed up with war, decide to confront it without weapons, with dialogue, reintegration and justice.<\/td>\n<\/tr>\n<tr>\n<td>\n<h2><b>Sunday 19<\/b><\/h2>\n<\/td>\n<\/tr>\n<tr>\n<td>\n<h3><b>MUVIM<\/b><\/h3>\n<\/td>\n<\/tr>\n<tr>\n<td><b>6:00 p.m.\u00a0\u00a0\u00a0\u00a0\u00a0 <\/b><b><i>Dona i Cinema Short Film Session<\/i><\/b> With the presence of the director Emanuela Zuccal\u00e0.<b><br \/>\n<\/b><\/td>\n<\/tr>\n<tr>\n<td><i><strong><img loading=\"lazy\" decoding=\"async\" class=\"alignright size-thumbnail wp-image-4542\" src=\"https:\/\/fundacionporlajusticia.org\/wp-content\/uploads\/2017\/01\/uncut_001-150x150.jpg\" alt=\"uncut_001\" width=\"150\" height=\"150\" \/>Uncut<\/strong> (Women&#039;s war against female genital mutilations), <\/i>Emanuela Zuccal\u00e0 and Simona Ghizzoni. 2015, 20&#039;<br \/>\n<b>Synopsis<\/b>: Webdocumentary about the coalition of women in 3 African countries \u2013 Somaliland, Kenya and Ethiopia \u2013 to end this cruel practice.<\/td>\n<\/tr>\n<tr>\n<td><strong><i><img loading=\"lazy\" decoding=\"async\" class=\"alignright wp-image-4504 size-thumbnail\" src=\"https:\/\/fundacionporlajusticia.org\/wp-content\/uploads\/2017\/01\/legge-sangue-150x150.jpg\" alt=\"legge-sangue\" width=\"150\" height=\"150\" \/>The law of blood<\/i><\/strong>, Emanuela Zuccal\u00e0. 2016. 13&#039;<br \/>\n<strong><b>Synopsis<\/b>: <\/strong>For years she has been the only woman victim of a blood feud. His face is the symbol of the absurdity of the fights between families in Northern Albania<\/td>\n<\/tr>\n<tr>\n<td><i><strong><img loading=\"lazy\" decoding=\"async\" class=\"alignright size-thumbnail wp-image-4543\" src=\"https:\/\/fundacionporlajusticia.org\/wp-content\/uploads\/2017\/01\/Poster_SOLOPERFARTISAPERE-150x150.jpg\" alt=\"Poster_SOLOPERFARTISAPERE\" width=\"150\" height=\"150\" \/>Only so far will I know that I am alive<\/strong> (Just so you know I&#039;m alive), <\/i>Emanuela Zuccal\u00e0 and Simona Ghizzoni. 2014.<br \/>\n<b>Synopsis<\/b>: Compilation of testimonies from Sahrawi women<\/td>\n<\/tr>\n<\/tbody>\n<\/table>\n<p>&nbsp;<\/p>","protected":false},"excerpt":{"rendered":"<p>Del 18 al 19 de febrero 2017 S\u00e1bado 18 MUVIM 18.00h\u00a0\u00a0\u00a0\u00a0\u00a0 Mujeres al frente, la ley de la m\u00e1s fuerte, Lula G\u00f3mez. 2016. 48\u2019 Posterior coloquio con la directora Lula G\u00f3mez, Claudia Garc\u00eda Giraldo, sobreviviente de violencia pol\u00edtica en Colombia, y Trini Blanch Mar\u00edn, responsable de Assemblea de Cooperaci\u00f3 per la Pau en el Pa\u00eds [&hellip;]<\/p>\n","protected":false},"author":2,"featured_media":0,"parent":868,"menu_order":3,"comment_status":"closed","ping_status":"closed","template":"","meta":{"_et_pb_use_builder":"","_et_pb_old_content":"","_et_gb_content_width":"","_uf_show_specific_survey":0,"_uf_disable_surveys":false,"footnotes":""},"class_list":["post-2999","page","type-page","status-publish","hentry"],"aioseo_notices":[],"_links":{"self":[{"href":"https:\/\/fundacionporlajusticia.org\/en\/wp-json\/wp\/v2\/pages\/2999","targetHints":{"allow":["GET"]}}],"collection":[{"href":"https:\/\/fundacionporlajusticia.org\/en\/wp-json\/wp\/v2\/pages"}],"about":[{"href":"https:\/\/fundacionporlajusticia.org\/en\/wp-json\/wp\/v2\/types\/page"}],"author":[{"embeddable":true,"href":"https:\/\/fundacionporlajusticia.org\/en\/wp-json\/wp\/v2\/users\/2"}],"replies":[{"embeddable":true,"href":"https:\/\/fundacionporlajusticia.org\/en\/wp-json\/wp\/v2\/comments?post=2999"}],"version-history":[{"count":4,"href":"https:\/\/fundacionporlajusticia.org\/en\/wp-json\/wp\/v2\/pages\/2999\/revisions"}],"predecessor-version":[{"id":3534,"href":"https:\/\/fundacionporlajusticia.org\/en\/wp-json\/wp\/v2\/pages\/2999\/revisions\/3534"}],"up":[{"embeddable":true,"href":"https:\/\/fundacionporlajusticia.org\/en\/wp-json\/wp\/v2\/pages\/868"}],"wp:attachment":[{"href":"https:\/\/fundacionporlajusticia.org\/en\/wp-json\/wp\/v2\/media?parent=2999"}],"curies":[{"name":"wp","href":"https:\/\/api.w.org\/{rel}","templated":true}]}}