{"id":2994,"date":"2017-01-23T13:10:40","date_gmt":"2017-01-23T13:10:40","guid":{"rendered":"https:\/\/fundacionporlajusticia.accesia.info\/es\/?page_id=4258"},"modified":"2022-03-21T15:42:52","modified_gmt":"2022-03-21T15:42:52","slug":"invisibles","status":"publish","type":"page","link":"https:\/\/fundacionporlajusticia.org\/en\/programacion-2\/seccion-oficial-de-cortometrajes\/invisibles\/","title":{"rendered":"INVISIBLE"},"content":{"rendered":"<table>\n<tbody>\n<tr>\n<td style=\"width: 206px; vertical-align: top;\" width=\"206\"><img loading=\"lazy\" decoding=\"async\" class=\"size-medium wp-image-4362 alignleft\" src=\"https:\/\/fundacionporlajusticia.org\/wp-content\/uploads\/2017\/01\/POSTER-RED-225x300.jpg\" alt=\"POSTER-RED\" width=\"225\" height=\"300\" \/><\/td>\n<td width=\"376\">\n<h1><strong>THE HISTORY<\/strong><\/h1>\n<p>A transmedia social project starring refugees and migrants in Barcelona.<\/p>\n<p>Three people from Syria tell us about their experiences of the war and how it changed their lives. The 2015 Nobel Peace Prize winner, Ahmed Galai, explains the situation regarding the Arab Springs and Human Rights, and what is happening in Syria.<\/p>\n<p>Mohamad, Bakri and Mireille, from different points of view, show their dramas and desires.<\/td>\n<\/tr>\n<tr>\n<td width=\"206\">\n<h4><strong>Director:<\/strong><\/h4>\n<h4>Xavier Satorra<\/h4>\n<h4><strong>25\u2032<br \/>\n<\/strong><\/h4>\n<h4><strong>Screenplay, Production:<\/strong><\/h4>\n<h4>Xavier Satorra<\/h4>\n<h4><strong>Realization:<\/strong><\/h4>\n<h4>Oscar Dhooge<\/h4>\n<h4>Anna Achon<\/h4>\n<h4>Sophie K\u00f6hler<\/h4>\n<h4><strong>Edition:<\/strong><\/h4>\n<h4>Xavier Satorra<\/h4>\n<h4>Eduard Pic\u00f3<\/h4>\n<h4><strong>Animation:<\/strong><\/h4>\n<h4>Joaquin Jordan<\/h4>\n<h4><strong>Original music:<\/strong><\/h4>\n<h4>Carlos Fraile<\/h4>\n<h4>Gani Mirzo<\/h4>\n<h4><strong>Music edition:<\/strong><\/h4>\n<h4>Carlos Fraile<\/h4>\n<h4><strong>With the participation of:<\/strong><\/h4>\n<h4>Mohamad Bitari, Bakri Bouchi, Mireille Al-Farah, Ahmed Galai, N\u00faria campanera<\/h4>\n<\/td>\n<td width=\"376\">\n<h1><strong>DIRECTOR<\/strong><\/h1>\n<p><img loading=\"lazy\" decoding=\"async\" class=\"size-medium wp-image-4360 alignleft\" src=\"https:\/\/fundacionporlajusticia.org\/wp-content\/uploads\/2017\/01\/XaviSato-300x169.jpg\" alt=\"XaviSato\" width=\"300\" height=\"169\" \/><\/p>\n<p>&nbsp;<\/td>\n<\/tr>\n<\/tbody>\n<\/table>\n<p>&nbsp;<\/p>","protected":false},"excerpt":{"rendered":"<p>LA HISTORIA Un proyecto social transmedia protagonizado por personas refugiadas y migrantes en Barcelona. Tres personas de Siria nos cuentan sus experiencias de la guerra y c\u00f3mo cambi\u00f3 su vida. El Premio Nobel de la Paz 2015, Ahmed Galai, explica la situaci\u00f3n sobre las Primaveras \u00c1rabes y los Derechos Humanos, y lo que est\u00e1 sucediendo [&hellip;]<\/p>\n","protected":false},"author":2,"featured_media":0,"parent":2969,"menu_order":6,"comment_status":"closed","ping_status":"closed","template":"","meta":{"_et_pb_use_builder":"","_et_pb_old_content":"","_et_gb_content_width":"","_uf_show_specific_survey":0,"_uf_disable_surveys":false,"footnotes":""},"class_list":["post-2994","page","type-page","status-publish","hentry"],"aioseo_notices":[],"_links":{"self":[{"href":"https:\/\/fundacionporlajusticia.org\/en\/wp-json\/wp\/v2\/pages\/2994","targetHints":{"allow":["GET"]}}],"collection":[{"href":"https:\/\/fundacionporlajusticia.org\/en\/wp-json\/wp\/v2\/pages"}],"about":[{"href":"https:\/\/fundacionporlajusticia.org\/en\/wp-json\/wp\/v2\/types\/page"}],"author":[{"embeddable":true,"href":"https:\/\/fundacionporlajusticia.org\/en\/wp-json\/wp\/v2\/users\/2"}],"replies":[{"embeddable":true,"href":"https:\/\/fundacionporlajusticia.org\/en\/wp-json\/wp\/v2\/comments?post=2994"}],"version-history":[{"count":1,"href":"https:\/\/fundacionporlajusticia.org\/en\/wp-json\/wp\/v2\/pages\/2994\/revisions"}],"predecessor-version":[{"id":3341,"href":"https:\/\/fundacionporlajusticia.org\/en\/wp-json\/wp\/v2\/pages\/2994\/revisions\/3341"}],"up":[{"embeddable":true,"href":"https:\/\/fundacionporlajusticia.org\/en\/wp-json\/wp\/v2\/pages\/2969"}],"wp:attachment":[{"href":"https:\/\/fundacionporlajusticia.org\/en\/wp-json\/wp\/v2\/media?parent=2994"}],"curies":[{"name":"wp","href":"https:\/\/api.w.org\/{rel}","templated":true}]}}