{"id":2987,"date":"2017-01-23T13:09:09","date_gmt":"2017-01-23T13:09:09","guid":{"rendered":"https:\/\/fundacionporlajusticia.accesia.info\/es\/?page_id=4253"},"modified":"2022-03-21T15:42:15","modified_gmt":"2022-03-21T15:42:15","slug":"gurugu","status":"publish","type":"page","link":"https:\/\/fundacionporlajusticia.org\/en\/programacion-2\/seccion-oficial-de-cortometrajes\/gurugu\/","title":{"rendered":"GURUGU"},"content":{"rendered":"<table>\n<tbody>\n<tr>\n<td style=\"width: 206px; vertical-align: top;\" width=\"206\"><a href=\"https:\/\/fundacionporlajusticia.org\/wp-content\/uploads\/2017\/01\/poster.jpg\"><img loading=\"lazy\" decoding=\"async\" class=\"aligncenter size-medium wp-image-4341\" src=\"https:\/\/fundacionporlajusticia.org\/wp-content\/uploads\/2017\/01\/poster-226x300.jpg\" alt=\"poster\" width=\"226\" height=\"300\" \/><\/a><\/td>\n<td style=\"width: 376px; vertical-align: top;\" width=\"376\">\n<h1><strong>THE HISTORY<\/strong><\/h1>\n<p>Melilla is an autonomous Spanish city located in North Africa. In the forests of Mount Gurug\u00fa in Morocco, thousands of Africans await their moment to jump the fence that separates the two continents. Fofana and Abou are two friends who traveled together for years across the African continent until they reached Mount Gurug\u00fa. The Melilla fence has caused them to separate.<\/td>\n<\/tr>\n<tr>\n<td width=\"206\">\n<h4><strong>Director:<\/strong><\/h4>\n<h4>Telmo Iragorri<\/h4>\n<h4><strong>14\u2032 28\u2033<br \/>\n<\/strong><\/h4>\n<h4><strong>Mounting:<\/strong><\/h4>\n<h4>Telmo Iragorri<\/h4>\n<h4><strong>Photography:<\/strong><\/h4>\n<h4>Pablo Gonz\u00e1lez Cebri\u00e1n<\/h4>\n<h4><strong>Motion Graphics:<\/strong><\/h4>\n<h4>Violet of the Fountain<\/h4>\n<h4><strong>Music:<\/strong><\/h4>\n<h4>Mystical Orient<\/h4>\n<h4>Tribalsix<\/h4>\n<\/td>\n<td width=\"376\">\n<h1><strong>DIRECTOR<\/strong><\/h1>\n<p><img loading=\"lazy\" decoding=\"async\" class=\"wp-image-4339 size-medium alignleft\" src=\"https:\/\/fundacionporlajusticia.org\/wp-content\/uploads\/2017\/01\/telmo-profile-picture-300x203.jpg\" alt=\"telmo-profile-picture\" width=\"300\" height=\"203\" \/><\/p>\n<p>&nbsp;<\/td>\n<\/tr>\n<\/tbody>\n<\/table>\n<p>&nbsp;<\/p>","protected":false},"excerpt":{"rendered":"<p>LA HISTORIA Melilla es una ciudad aut\u00f3noma espa\u00f1ola situada en el norte de \u00c1frica. En los bosques del monte Gurug\u00fa en Marruecos, miles de africanos esperan su momento para saltar la valla que separa los dos continentes. Fofana y Abou son dos amigos que viajaron juntos durante a\u00f1os por el continente africano hasta llegar al [&hellip;]<\/p>\n","protected":false},"author":2,"featured_media":0,"parent":2969,"menu_order":4,"comment_status":"closed","ping_status":"closed","template":"","meta":{"_et_pb_use_builder":"","_et_pb_old_content":"","_et_gb_content_width":"","_uf_show_specific_survey":0,"_uf_disable_surveys":false,"footnotes":""},"class_list":["post-2987","page","type-page","status-publish","hentry"],"aioseo_notices":[],"_links":{"self":[{"href":"https:\/\/fundacionporlajusticia.org\/en\/wp-json\/wp\/v2\/pages\/2987","targetHints":{"allow":["GET"]}}],"collection":[{"href":"https:\/\/fundacionporlajusticia.org\/en\/wp-json\/wp\/v2\/pages"}],"about":[{"href":"https:\/\/fundacionporlajusticia.org\/en\/wp-json\/wp\/v2\/types\/page"}],"author":[{"embeddable":true,"href":"https:\/\/fundacionporlajusticia.org\/en\/wp-json\/wp\/v2\/users\/2"}],"replies":[{"embeddable":true,"href":"https:\/\/fundacionporlajusticia.org\/en\/wp-json\/wp\/v2\/comments?post=2987"}],"version-history":[{"count":1,"href":"https:\/\/fundacionporlajusticia.org\/en\/wp-json\/wp\/v2\/pages\/2987\/revisions"}],"predecessor-version":[{"id":3339,"href":"https:\/\/fundacionporlajusticia.org\/en\/wp-json\/wp\/v2\/pages\/2987\/revisions\/3339"}],"up":[{"embeddable":true,"href":"https:\/\/fundacionporlajusticia.org\/en\/wp-json\/wp\/v2\/pages\/2969"}],"wp:attachment":[{"href":"https:\/\/fundacionporlajusticia.org\/en\/wp-json\/wp\/v2\/media?parent=2987"}],"curies":[{"name":"wp","href":"https:\/\/api.w.org\/{rel}","templated":true}]}}