{"id":2983,"date":"2017-01-23T13:08:36","date_gmt":"2017-01-23T13:08:36","guid":{"rendered":"https:\/\/fundacionporlajusticia.accesia.info\/es\/?page_id=4251"},"modified":"2022-03-21T15:42:13","modified_gmt":"2022-03-21T15:42:13","slug":"safe-space","status":"publish","type":"page","link":"https:\/\/fundacionporlajusticia.org\/en\/programacion-2\/seccion-oficial-de-cortometrajes\/safe-space\/","title":{"rendered":"SAFE SPACE"},"content":{"rendered":"<table>\n<tbody>\n<tr>\n<td style=\"width: 206px; vertical-align: top;\" width=\"206\"><a href=\"https:\/\/fundacionporlajusticia.org\/wp-content\/uploads\/2017\/01\/GR_Plakat_Final.jpg\"><img loading=\"lazy\" decoding=\"async\" class=\"aligncenter wp-image-4331 size-medium\" src=\"https:\/\/fundacionporlajusticia.org\/wp-content\/uploads\/2017\/01\/GR_Plakat_Final-213x300.jpg\" alt=\"GR_Plakat_Final\" width=\"213\" height=\"300\" \/><\/a><\/td>\n<td style=\"width: 376px; vertical-align: top;\" width=\"376\">\n<h1><strong>THE HISTORY<\/strong><\/h1>\n<p><span id=\"result_box\" class=\"\" lang=\"es\">Sara is supporting protests at a refugee camp where she met her friend Patrick, a refugee activist. The fight for<span class=\"\"> Equality seems adventurous by day and romantic by night, until one night a sexual assault occurs.<\/span><br \/>\n<span class=\"\">The film stops, changes its shape completely, and begins a 360\u00b0 panorama in which all the plots<\/span> about the incident are discussed, <span class=\"\">SAFE SPACE is a bold and important discursive film that<\/span> makes us m<span class=\"\">many questions and leaves us with the difficult task of finding our own answers.<\/span><\/span><\/td>\n<\/tr>\n<tr>\n<td width=\"206\">\n<h4><strong>Germany, 2014<\/strong><\/h4>\n<h4><strong>Director:<\/strong><\/h4>\n<h4>Zora Rux<\/h4>\n<h4><strong>13\u2032<br \/>\n<\/strong><\/h4>\n<h4><strong>Script:<\/strong><\/h4>\n<h4>Zora Rux<\/h4>\n<h4>Christian Brecht<\/h4>\n<h4><strong>Editor:<\/strong><\/h4>\n<h4>Nina Caspers<\/h4>\n<h4><strong>Photography:<\/strong><\/h4>\n<h4>\u00c1gnes P\u00e1kozdi<\/h4>\n<h4><strong>Producer:<\/strong><\/h4>\n<h4>Fred Burle<\/h4>\n<h4><strong>Sound:<\/strong><\/h4>\n<h4>Tobias R\u00fcther<\/h4>\n<\/td>\n<td width=\"376\">\n<h1><strong>DIRECTOR<\/strong><\/h1>\n<p>&nbsp;<\/p>\n<p><span id=\"result_box\" class=\"\" lang=\"es\"><span class=\"\"><a href=\"https:\/\/fundacionporlajusticia.org\/wp-content\/uploads\/2017\/01\/zora_quadrat-copyright-rebekka-stange.jpeg\"><img loading=\"lazy\" decoding=\"async\" class=\"size-medium wp-image-4328 alignright\" src=\"https:\/\/fundacionporlajusticia.org\/wp-content\/uploads\/2017\/01\/zora_quadrat-copyright-rebekka-stange-293x300.jpeg\" alt=\"zora_quadrat copyright rebekka stange\" width=\"293\" height=\"300\" \/><\/a>ZORA RUX was born in 1988 in Berlin.<\/span> <span class=\"\">After working on Roy Andersson&#039;s &quot;A Pigeon Sat On A Branch&quot; as <\/span><span class=\"\">Casting Director has been studying directing at the German Film and Television Academy in Berlin (DFFB) since 2011.<\/span><\/span><\/td>\n<\/tr>\n<\/tbody>\n<\/table>\n<p>&nbsp;<\/p>","protected":false},"excerpt":{"rendered":"<p>LA HISTORIA Sara est\u00e1 apoyando las\u00a0 protestas de un campamento de\u00a0 refugiados donde conoci\u00f3 a su amigo Patrick, un activista de refugiados. La pelea por la igualdad parece aventurera de d\u00eda y rom\u00e1ntica por la noche, hasta que una noche un asalto sexual sucede. La pel\u00edcula se detiene, cambia su forma completamente, y comienza una [&hellip;]<\/p>\n","protected":false},"author":2,"featured_media":0,"parent":2969,"menu_order":3,"comment_status":"closed","ping_status":"closed","template":"","meta":{"_et_pb_use_builder":"","_et_pb_old_content":"","_et_gb_content_width":"","_uf_show_specific_survey":0,"_uf_disable_surveys":false,"footnotes":""},"class_list":["post-2983","page","type-page","status-publish","hentry"],"aioseo_notices":[],"_links":{"self":[{"href":"https:\/\/fundacionporlajusticia.org\/en\/wp-json\/wp\/v2\/pages\/2983","targetHints":{"allow":["GET"]}}],"collection":[{"href":"https:\/\/fundacionporlajusticia.org\/en\/wp-json\/wp\/v2\/pages"}],"about":[{"href":"https:\/\/fundacionporlajusticia.org\/en\/wp-json\/wp\/v2\/types\/page"}],"author":[{"embeddable":true,"href":"https:\/\/fundacionporlajusticia.org\/en\/wp-json\/wp\/v2\/users\/2"}],"replies":[{"embeddable":true,"href":"https:\/\/fundacionporlajusticia.org\/en\/wp-json\/wp\/v2\/comments?post=2983"}],"version-history":[{"count":1,"href":"https:\/\/fundacionporlajusticia.org\/en\/wp-json\/wp\/v2\/pages\/2983\/revisions"}],"predecessor-version":[{"id":3338,"href":"https:\/\/fundacionporlajusticia.org\/en\/wp-json\/wp\/v2\/pages\/2983\/revisions\/3338"}],"up":[{"embeddable":true,"href":"https:\/\/fundacionporlajusticia.org\/en\/wp-json\/wp\/v2\/pages\/2969"}],"wp:attachment":[{"href":"https:\/\/fundacionporlajusticia.org\/en\/wp-json\/wp\/v2\/media?parent=2983"}],"curies":[{"name":"wp","href":"https:\/\/api.w.org\/{rel}","templated":true}]}}