{"id":2969,"date":"2017-01-24T09:39:54","date_gmt":"2017-01-24T09:39:54","guid":{"rendered":"https:\/\/fundacionporlajusticia.accesia.info\/es\/?page_id=4356"},"modified":"2022-03-21T15:43:44","modified_gmt":"2022-03-21T15:43:44","slug":"seccion-oficial-de-cortometrajes","status":"publish","type":"page","link":"https:\/\/fundacionporlajusticia.org\/en\/programacion-2\/seccion-oficial-de-cortometrajes\/","title":{"rendered":"OFFICIAL SECTION SHORT FILMS"},"content":{"rendered":"<blockquote><p>This year the Official Short Film Section will be specialized in the <b>right of asylum <\/b>and the <b>right to refugee<\/b>, both fundamental human rights.<\/p>\n<p>It will be projected in <a href=\"http:\/\/aragocinema.com\/\">Arag\u00f3 Cinema<\/a> on Monday, February 13 at 8 p.m.<\/p><\/blockquote>\n<table>\n<tbody>\n<tr>\n<td>\n<h2><strong><a href=\"https:\/\/fundacionporlajusticia.org\/es\/mayday-relay\/\">Mayday Relay<\/a><a href=\"https:\/\/fundacionporlajusticia.org\/es\/mayday-relay\/\" target=\"_blank\" rel=\"noopener\"><img loading=\"lazy\" decoding=\"async\" class=\"alignnone wp-image-4383 size-thumbnail\" src=\"https:\/\/fundacionporlajusticia.org\/wp-content\/uploads\/2017\/01\/mayday_relay_rgb_still_2.1000x5501-150x150.jpg\" alt=\"mayday_relay_rgb_still_2.1000x550\" width=\"150\" height=\"150\" \/><\/a><\/strong><\/h2>\n<\/td>\n<td>\n<h2><strong><a href=\"https:\/\/fundacionporlajusticia.org\/es\/eisen\/\">Eisen<\/a><a href=\"https:\/\/fundacionporlajusticia.org\/es\/eisen\/\"><img loading=\"lazy\" decoding=\"async\" class=\"alignnone wp-image-4385 size-thumbnail\" src=\"https:\/\/fundacionporlajusticia.org\/wp-content\/uploads\/2017\/01\/eisen-150x150.jpg\" alt=\"Eisen\" width=\"150\" height=\"150\" \/><\/a><\/strong><\/h2>\n<\/td>\n<td>\n<h2><strong><a href=\"https:\/\/fundacionporlajusticia.org\/es\/safe-space\/\" target=\"_blank\" rel=\"noopener\">Safe Space<\/a><\/strong><\/h2>\n<p><a href=\"https:\/\/fundacionporlajusticia.org\/es\/safe-space\/\" target=\"_blank\" rel=\"noopener\"><img loading=\"lazy\" decoding=\"async\" class=\"alignnone wp-image-4386 size-thumbnail\" src=\"https:\/\/fundacionporlajusticia.org\/wp-content\/uploads\/2017\/01\/Safe-space-150x150.jpg\" alt=\"\" width=\"150\" height=\"150\" \/><\/a><\/td>\n<\/tr>\n<tr>\n<td>\n<h2><strong><a href=\"https:\/\/fundacionporlajusticia.org\/es\/gurugu\/\" target=\"_blank\" rel=\"noopener\">Gurugu<\/a><\/strong><\/h2>\n<p><a href=\"https:\/\/fundacionporlajusticia.org\/es\/gurugu\/\" target=\"_blank\" rel=\"noopener\"><img loading=\"lazy\" decoding=\"async\" class=\"alignnone wp-image-4390 size-thumbnail\" src=\"https:\/\/fundacionporlajusticia.org\/wp-content\/uploads\/2017\/01\/gurugu-150x150.jpg\" alt=\"\" width=\"150\" height=\"150\" \/><\/a><\/td>\n<td>\n<h2><strong><a href=\"https:\/\/fundacionporlajusticia.org\/es\/border\/\" target=\"_blank\" rel=\"noopener\">Border<\/a><\/strong><\/h2>\n<p><a href=\"https:\/\/fundacionporlajusticia.org\/es\/border\/\" target=\"_blank\" rel=\"noopener\"><img loading=\"lazy\" decoding=\"async\" class=\"alignnone wp-image-4391 size-thumbnail\" src=\"https:\/\/fundacionporlajusticia.org\/wp-content\/uploads\/2017\/01\/border-150x150.jpg\" alt=\"Border\" width=\"150\" height=\"150\" \/><\/a><\/td>\n<td>\n<h2><strong><a href=\"https:\/\/fundacionporlajusticia.org\/es\/invisibles\/\" target=\"_blank\" rel=\"noopener\">invisible<\/a><\/strong><\/h2>\n<p><a href=\"https:\/\/fundacionporlajusticia.org\/es\/invisibles\/\" target=\"_blank\" rel=\"noopener\"><img loading=\"lazy\" decoding=\"async\" class=\"alignnone wp-image-4392 size-thumbnail\" src=\"https:\/\/fundacionporlajusticia.org\/wp-content\/uploads\/2017\/01\/INVISIBLES-150x150.jpg\" alt=\"Invisibles\" width=\"150\" height=\"150\" \/><\/a><\/td>\n<\/tr>\n<tr>\n<td>\n<h2><strong><a href=\"https:\/\/fundacionporlajusticia.org\/es\/dent-de-lleo\/\" target=\"_blank\" rel=\"noopener\">Dent de lle\u00f3<\/a><\/strong><\/h2>\n<p><a href=\"https:\/\/fundacionporlajusticia.org\/es\/dent-de-lleo\/\"><img loading=\"lazy\" decoding=\"async\" class=\"alignnone wp-image-4393 size-thumbnail\" src=\"https:\/\/fundacionporlajusticia.org\/wp-content\/uploads\/2017\/01\/dent-de-lleo-150x150.jpg\" alt=\"Dent de lle\u00f3\" width=\"150\" height=\"150\" \/><\/a><\/td>\n<td><\/td>\n<td><\/td>\n<\/tr>\n<\/tbody>\n<\/table>","protected":false},"excerpt":{"rendered":"<p>This year the Official Short Film Section will specialize in the right to asylum and the right to refugees, both fundamental human rights. It will be screened at Arag\u00f3 Cinema on Monday, February 13 at 8 p.m. Mayday Relay Eisen Safe Space Gurug\u00fa Border Invisibles Dent de lle\u00f3<\/p>","protected":false},"author":2,"featured_media":0,"parent":3029,"menu_order":2,"comment_status":"closed","ping_status":"closed","template":"","meta":{"_et_pb_use_builder":"","_et_pb_old_content":"","_et_gb_content_width":"","_uf_show_specific_survey":0,"_uf_disable_surveys":false,"footnotes":""},"class_list":["post-2969","page","type-page","status-publish","hentry"],"aioseo_notices":[],"_links":{"self":[{"href":"https:\/\/fundacionporlajusticia.org\/en\/wp-json\/wp\/v2\/pages\/2969","targetHints":{"allow":["GET"]}}],"collection":[{"href":"https:\/\/fundacionporlajusticia.org\/en\/wp-json\/wp\/v2\/pages"}],"about":[{"href":"https:\/\/fundacionporlajusticia.org\/en\/wp-json\/wp\/v2\/types\/page"}],"author":[{"embeddable":true,"href":"https:\/\/fundacionporlajusticia.org\/en\/wp-json\/wp\/v2\/users\/2"}],"replies":[{"embeddable":true,"href":"https:\/\/fundacionporlajusticia.org\/en\/wp-json\/wp\/v2\/comments?post=2969"}],"version-history":[{"count":3,"href":"https:\/\/fundacionporlajusticia.org\/en\/wp-json\/wp\/v2\/pages\/2969\/revisions"}],"predecessor-version":[{"id":3348,"href":"https:\/\/fundacionporlajusticia.org\/en\/wp-json\/wp\/v2\/pages\/2969\/revisions\/3348"}],"up":[{"embeddable":true,"href":"https:\/\/fundacionporlajusticia.org\/en\/wp-json\/wp\/v2\/pages\/3029"}],"wp:attachment":[{"href":"https:\/\/fundacionporlajusticia.org\/en\/wp-json\/wp\/v2\/media?parent=2969"}],"curies":[{"name":"wp","href":"https:\/\/api.w.org\/{rel}","templated":true}]}}