{"id":2966,"date":"2017-01-21T13:29:38","date_gmt":"2017-01-21T13:29:38","guid":{"rendered":"https:\/\/fundacionporlajusticia.accesia.info\/es\/?page_id=4083"},"modified":"2022-03-21T16:59:00","modified_gmt":"2022-03-21T16:59:00","slug":"when-two-worlds-collide","status":"publish","type":"page","link":"https:\/\/fundacionporlajusticia.org\/en\/humansfest\/programacion-2-2\/seccion-oficial-2017\/when-two-worlds-collide\/","title":{"rendered":"WHEN TWO WORLDS COLLIDE"},"content":{"rendered":"<table>\n<tbody>\n<tr>\n<td style=\"width: 206px; text-align: center; vertical-align: middle;\" width=\"206\"><img loading=\"lazy\" decoding=\"async\" class=\"aligncenter size-full wp-image-4089\" src=\"https:\/\/fundacionporlajusticia.org\/wp-content\/uploads\/2017\/01\/WTWC_POSTER.jpg\" alt=\"WTWC_POSTER\" width=\"677\" height=\"1000\" \/><\/td>\n<td width=\"376\">\n<h1><strong>THE HISTORY<\/strong><\/h1>\n<p style=\"text-align: justify;\">Documentary that is placed in the line of fire directly in front of two powerful forces. On one side is President Alan Garc\u00eda, who, eager to enter the world stage, aggressively begins the extraction of oil, minerals and gas from the indigenous Amazonian land that had remained intact; while on the other hand, the indigenous Alberto Pizango leads a strong opposition due to the demands of his followers that were ignored.<\/p>\n<p style=\"text-align: justify;\">Eventually, the tense war of words erupts into protests and clashes between both sides, escalating to deadly violence.<\/p>\n<\/td>\n<\/tr>\n<tr>\n<td style=\"width: 206px; vertical-align: top; text-align: left;\" rowspan=\"2\" width=\"206\">\n<h2>Peru, 2016<\/h2>\n<h4><strong>Address: <\/strong><\/h4>\n<h4>Heidi Brandenburg<\/h4>\n<h4>Matthew Orzel<\/h4>\n<h4><strong>Production: <\/strong><\/h4>\n<h4>Taira Akbar<\/h4>\n<h4>Jeffrey Morris<\/h4>\n<h4><strong> Music:<\/strong><\/h4>\n<h4>H. Scott Salinas<\/h4>\n<h4><strong>Edition: <\/strong><\/h4>\n<h4>Carla Gutierrez<\/h4>\n<h4><strong> Camera:<\/strong><\/h4>\n<h4>Jack Weisman<\/h4>\n<h4><strong> Duration: 103&#039;<\/strong><\/h4>\n<h4><strong>Country of production:<\/strong><\/h4>\n<h4>Peru<\/h4>\n<h4><strong>Producer:<\/strong><\/h4>\n<h4>Yachaywasi Films<\/h4>\n<h4><strong> Distribution: <\/strong><\/h4>\n<h4>First Run Features<\/h4>\n<\/td>\n<td width=\"376\">\n<h1><strong>\u00a0DIRECTORS<\/strong><\/h1>\n<p style=\"text-align: justify;\"><img loading=\"lazy\" decoding=\"async\" class=\"aligncenter size-full wp-image-4099\" src=\"https:\/\/fundacionporlajusticia.org\/wp-content\/uploads\/2017\/01\/heidy-when-two-worlds-collide-sundance-winner-2016-700x489.jpg\" alt=\"heidy-when-two-worlds-collide-sundance-winner-2016-700x489\" width=\"700\" height=\"489\" \/><\/p>\n<p style=\"text-align: justify;\">Heidi Brandenburg is a passionate observer of human nature and the environment. Co-founded <em>Yachaywasi Films with <\/em>Mathew Orzel to address social and environmental issues and challenge audiences to rethink preconceptions. He was born in Paraguay, although he grew up in Peru and Germany; and currently lives in Washington, DC.<\/p>\n<p style=\"text-align: justify;\">Mathew Orzel is a documentary filmmaker and visual artist whose work focuses on the complexities of human relationships. He has worked as a sound designer, editor and director on the short film.<\/p>\n<p style=\"text-align: justify;\">They both graduated in Visual Communication from the University of Wales. For both, <em>WHEN TWO WORLDS COLLIDE <\/em>It is his first feature film<\/p>\n<\/td>\n<\/tr>\n<tr>\n<td width=\"376\">\n<h1><strong>FESTIVALS AND AWARDS<\/strong><\/h1>\n<ul>\n<li>SUNDANCE FILM FESTIVAL 2016<br \/>\nPARK CITY, UT WINNER: SPECIAL JURY AWARD: BEST DEBUT FEATURE<\/li>\n<li>RIVERRUN INTERNATIONAL FILM FESTIVAL US MINNEAPOLIS<\/li>\n<li>ST. PAUL INTERNATIONAL FILM FESTIVAL<br \/>\nMINNEAPOLIS, MINNESOTA SPECIAL JURY MENTION<\/li>\n<li>DOCUMENTAMADRID 2016 MADRID, SPAIN<br \/>\nWINNER: GRAND JURY PRIZE<\/li>\n<li>MONTCLAIR FILM FESTIVAL MONTCLAIR, NJ<\/li>\n<li>HOT DOCS CANADIAN INTERNATIONAL DOCUMENTARY FESTIVAL TORONTO, ON TOP TEN AUDIENCE FAVORITE (NO. 5)<\/li>\n<li>CINEMAMBIENTE TURIN, ITALY WINNER: BEST INTERNATIONAL DOCUMENTARY<\/li>\n<li>SHEFFIELD DOC FEST SHEFFIELD, UK<\/li>\n<li>HUMAN RIGHTS WATCH FILM FESTIVAL<br \/>\nNEW YORK, US<\/li>\n<li>THE 19TH SHANGHAI INTERNATIONAL FILM FESTIVAL SHANGHAI, CHINA<br \/>\nWINNER: GOLDEN GOBLET AWARD FOR BEST DOCUMENTARY FILM<\/li>\n<li>AFI FILM FESTIVAL WASHINGTON, US<br \/>\nNANTUCKET FILM FESTIVAL NANTUCKET, US<\/li>\n<li>NZIFF NEW ZEALAND INTERNATIONAL FILM FESTIVAL AUCKLAND, NZ<\/li>\n<li>LIMA PUCP FILM FESTIVAL<br \/>\nLIMA PERU<\/li>\n<li>DOCUFEST FILM FESTIVAL<br \/>\nPRIZREN, KOSOVO WINNER: GREEN DOX AWARD<\/li>\n<\/ul>\n<\/td>\n<\/tr>\n<tr>\n<td colspan=\"2\" width=\"581\"><iframe loading=\"lazy\" src=\"https:\/\/www.youtube.com\/embed\/Qe9ZybqKOLg\" width=\"1040\" height=\"585\" frameborder=\"0\" allowfullscreen=\"allowfullscreen\"><\/iframe><\/td>\n<\/tr>\n<tr>\n<td colspan=\"2\" width=\"581\"><\/td>\n<\/tr>\n<\/tbody>\n<\/table>\n<p>&nbsp;<\/p>","protected":false},"excerpt":{"rendered":"<p>LA HISTORIA Documental que se coloca en la l\u00ednea de fuego directamente frente a dos poderosas fuerzas. Por un lado est\u00e1 el presidente Alan Garc\u00eda, quien, deseoso de entrar en el escenario mundial, comienza agresivamente la extracci\u00f3n de petr\u00f3leo, minerales y gas de la tierra ind\u00edgena amaz\u00f3nica que hab\u00eda permanecido intacta; mientras que por el [&hellip;]<\/p>\n","protected":false},"author":2,"featured_media":0,"parent":2927,"menu_order":10,"comment_status":"closed","ping_status":"closed","template":"","meta":{"_et_pb_use_builder":"","_et_pb_old_content":"","_et_gb_content_width":"","_uf_show_specific_survey":0,"_uf_disable_surveys":false,"footnotes":""},"class_list":["post-2966","page","type-page","status-publish","hentry"],"aioseo_notices":[],"_links":{"self":[{"href":"https:\/\/fundacionporlajusticia.org\/en\/wp-json\/wp\/v2\/pages\/2966","targetHints":{"allow":["GET"]}}],"collection":[{"href":"https:\/\/fundacionporlajusticia.org\/en\/wp-json\/wp\/v2\/pages"}],"about":[{"href":"https:\/\/fundacionporlajusticia.org\/en\/wp-json\/wp\/v2\/types\/page"}],"author":[{"embeddable":true,"href":"https:\/\/fundacionporlajusticia.org\/en\/wp-json\/wp\/v2\/users\/2"}],"replies":[{"embeddable":true,"href":"https:\/\/fundacionporlajusticia.org\/en\/wp-json\/wp\/v2\/comments?post=2966"}],"version-history":[{"count":1,"href":"https:\/\/fundacionporlajusticia.org\/en\/wp-json\/wp\/v2\/pages\/2966\/revisions"}],"predecessor-version":[{"id":3334,"href":"https:\/\/fundacionporlajusticia.org\/en\/wp-json\/wp\/v2\/pages\/2966\/revisions\/3334"}],"up":[{"embeddable":true,"href":"https:\/\/fundacionporlajusticia.org\/en\/wp-json\/wp\/v2\/pages\/2927"}],"wp:attachment":[{"href":"https:\/\/fundacionporlajusticia.org\/en\/wp-json\/wp\/v2\/media?parent=2966"}],"curies":[{"name":"wp","href":"https:\/\/api.w.org\/{rel}","templated":true}]}}