{"id":2960,"date":"2017-01-22T20:31:36","date_gmt":"2017-01-22T20:31:36","guid":{"rendered":"https:\/\/fundacionporlajusticia.accesia.info\/es\/?page_id=3980"},"modified":"2022-03-21T16:58:59","modified_gmt":"2022-03-21T16:58:59","slug":"an-insignificant-man","status":"publish","type":"page","link":"https:\/\/fundacionporlajusticia.org\/en\/humansfest\/programacion-2-2\/seccion-oficial-2017\/an-insignificant-man\/","title":{"rendered":"AN INSIGNIFICANT MAN"},"content":{"rendered":"<table>\n<tbody>\n<tr>\n<td style=\"width: 206px; text-align: center; vertical-align: middle;\" width=\"206\"><a href=\"https:\/\/fundacionporlajusticia.org\/wp-content\/uploads\/2017\/01\/INSIGNIFICANT-MAN_POSTER.jpg\"><img loading=\"lazy\" decoding=\"async\" class=\"alignleft size-full wp-image-3983\" src=\"https:\/\/fundacionporlajusticia.org\/wp-content\/uploads\/2017\/01\/INSIGNIFICANT-MAN_POSTER.jpg\" alt=\"INSIGNIFICANT MAN_POSTER\" width=\"303\" height=\"448\" \/><\/a><\/td>\n<td width=\"376\">\n<h1><strong>THE HISTORY<\/strong><\/h1>\n<p style=\"text-align: justify;\">In the center of <em>An insignificant man<\/em> is the man who most polarizes public opinion in India today: Arvind Kejriwal. The documentary follows Kejriwal and his party (<em>Common Man&#039;s Party<\/em>), a new insurgency political party whose discourse revolves around basic public services such as water and electricity and which fights against both <em>establishments<\/em> oldest and most powerful politicians in the country. The film provides a close look at Keyriwal&#039;s political style, which arouses a clear division of opinion: some consider him selfish and anarchic, while others insist on considering him a fundamental shift in the Indian Rah political paradigm.<\/p>\n<\/td>\n<\/tr>\n<tr>\n<td style=\"width: 206px; vertical-align: top; text-align: left;\" rowspan=\"2\" width=\"206\">\n<h2>India, 2016<\/h2>\n<h4><strong>Directors:<\/strong><\/h4>\n<h4>Khushboo Ranka,<\/h4>\n<h4>Vinay Shukla<\/h4>\n<h4><strong>Duration: 96&#039;<\/strong><\/h4>\n<h4><strong>Country of production: <\/strong><\/h4>\n<h4>India<\/h4>\n<h4><strong>Producers: <\/strong><\/h4>\n<h4>Ruchi Bhimani,<\/h4>\n<h4>Anand Gandhi,<\/h4>\n<h4>Khusboo Ranka,<\/h4>\n<h4>Vinay Shukla.<\/h4>\n<h4><strong>Executive production: <\/strong><\/h4>\n<h4>Vijay Vaidyanathan<\/h4>\n<h4><strong>Music: <\/strong><\/h4>\n<h4>Ola Fl\u00f8ttum<\/h4>\n<h4><strong>Edition: <\/strong><\/h4>\n<h4>Manan Bhatt,<\/h4>\n<h4>Abhinav Tyagi<\/h4>\n<h4><\/h4>\n<\/td>\n<td width=\"376\">\n<h1><strong>\u00a0DIRECTORS<\/strong><\/h1>\n<p style=\"text-align: justify;\"><img loading=\"lazy\" decoding=\"async\" class=\"aligncenter size-full wp-image-3982\" src=\"https:\/\/fundacionporlajusticia.org\/wp-content\/uploads\/2017\/01\/khusboo-ranka.jpg\" alt=\"khusboo-ranka\" width=\"720\" height=\"527\" \/>Vinay Shukla has been an assistant director, and in 2011 he wrote and directed his first short film titled Bureaucracy Sonata, which premiered at the 42nd International Film Festival of India and won the HBO Best Short Film Award in New York at SAIFF 2012.<br \/>\nKhushboo Ranka recently co-wrote the fiction feature film Ship of Theseus which won awards at the 2012 Toronto International Film Festival. Her first short film, Continuum, was screened at several international film festivals.<\/p>\n<\/td>\n<\/tr>\n<tr>\n<td width=\"376\">\n<h1><strong>FESTIVALS AND AWARDS<\/strong><\/h1>\n<ul>\n<li>TIFF \u2013 Toronto International Film Festival<\/li>\n<li>BFI London<\/li>\n<li>Warsaw International Film Festival<\/li>\n<li>Busan International Film Festival<\/li>\n<li>Sao Paulo International Film Festival<\/li>\n<li>Jiomami Mumbai Film Festival<\/li>\n<\/ul>\n<\/td>\n<\/tr>\n<tr>\n<td colspan=\"2\" width=\"581\"><iframe loading=\"lazy\" src=\"https:\/\/www.youtube.com\/embed\/9iCWYwtyVy8\" width=\"1040\" height=\"585\" frameborder=\"0\" allowfullscreen=\"allowfullscreen\"><\/iframe><\/td>\n<\/tr>\n<tr>\n<td colspan=\"2\" width=\"581\"><\/td>\n<\/tr>\n<\/tbody>\n<\/table>","protected":false},"excerpt":{"rendered":"<p>LA HISTORIA En el centro de An insignificant man se encuentra el hombre que m\u00e1s polariza a d\u00eda de hoy la opini\u00f3n p\u00fablica en la India: Arvind Kejriwal. El documental sigue a Kejriwal y su partido (Common Man\u2019s Party), un nuevo partido pol\u00edtico de insurgencia cuyo discurso gira entorno a servicios p\u00fablicos b\u00e1sicos como agua [&hellip;]<\/p>\n","protected":false},"author":2,"featured_media":0,"parent":2927,"menu_order":8,"comment_status":"closed","ping_status":"closed","template":"","meta":{"_et_pb_use_builder":"","_et_pb_old_content":"","_et_gb_content_width":"","_uf_show_specific_survey":0,"_uf_disable_surveys":false,"footnotes":""},"class_list":["post-2960","page","type-page","status-publish","hentry"],"aioseo_notices":[],"_links":{"self":[{"href":"https:\/\/fundacionporlajusticia.org\/en\/wp-json\/wp\/v2\/pages\/2960","targetHints":{"allow":["GET"]}}],"collection":[{"href":"https:\/\/fundacionporlajusticia.org\/en\/wp-json\/wp\/v2\/pages"}],"about":[{"href":"https:\/\/fundacionporlajusticia.org\/en\/wp-json\/wp\/v2\/types\/page"}],"author":[{"embeddable":true,"href":"https:\/\/fundacionporlajusticia.org\/en\/wp-json\/wp\/v2\/users\/2"}],"replies":[{"embeddable":true,"href":"https:\/\/fundacionporlajusticia.org\/en\/wp-json\/wp\/v2\/comments?post=2960"}],"version-history":[{"count":1,"href":"https:\/\/fundacionporlajusticia.org\/en\/wp-json\/wp\/v2\/pages\/2960\/revisions"}],"predecessor-version":[{"id":3332,"href":"https:\/\/fundacionporlajusticia.org\/en\/wp-json\/wp\/v2\/pages\/2960\/revisions\/3332"}],"up":[{"embeddable":true,"href":"https:\/\/fundacionporlajusticia.org\/en\/wp-json\/wp\/v2\/pages\/2927"}],"wp:attachment":[{"href":"https:\/\/fundacionporlajusticia.org\/en\/wp-json\/wp\/v2\/media?parent=2960"}],"curies":[{"name":"wp","href":"https:\/\/api.w.org\/{rel}","templated":true}]}}