{"id":2957,"date":"2017-01-21T13:31:28","date_gmt":"2017-01-21T13:31:28","guid":{"rendered":"https:\/\/fundacionporlajusticia.accesia.info\/es\/?page_id=3998"},"modified":"2022-03-21T16:58:54","modified_gmt":"2022-03-21T16:58:54","slug":"in-the-same-boat","status":"publish","type":"page","link":"https:\/\/fundacionporlajusticia.org\/en\/humansfest\/programacion-2-2\/seccion-oficial-2017\/in-the-same-boat\/","title":{"rendered":"IN THE SAME BOAT"},"content":{"rendered":"<table>\n<tbody>\n<tr>\n<td style=\"width: 206px; text-align: center; vertical-align: middle;\" width=\"206\"><img loading=\"lazy\" decoding=\"async\" class=\"aligncenter size-full wp-image-4004\" src=\"https:\/\/fundacionporlajusticia.org\/wp-content\/uploads\/2017\/01\/POSTER-IntheSB-DEF-SANGRE.jpg\" alt=\"POSTER IntheSB DEF SANGRE\" width=\"717\" height=\"1024\" \/><\/td>\n<td width=\"376\">\n<h1><strong>THE HISTORY<\/strong><\/h1>\n<p style=\"text-align: justify;\">Documentary that talks about how this ship, a metaphor for our civilization, has a unique opportunity before it: technological advances could be the key to achieving a better and fairer world, but if we do not learn to manage them, and we do not reorient the helm of this ship, the future could be threatened. The film listens to the most important specialists and such emblematic characters as Zygmunt Bauman or the former president of Uruguay Jos\u00e9 M\u00fajica, but it does not fail to also listen to the testimonies of ordinary people, all of us.<\/p>\n<\/td>\n<\/tr>\n<tr>\n<td style=\"width: 206px; vertical-align: top; text-align: left;\" rowspan=\"2\" width=\"206\">\n<h2><strong>Spain, 2016<\/strong><\/h2>\n<h4><strong>Director: <\/strong><\/h4>\n<h4>Rudy Gnutti<\/h4>\n<h4><strong>Script: <\/strong><\/h4>\n<h4>Rudy Gnutti,<\/h4>\n<h4>Francisco Mir<\/h4>\n<h4>Bernat Udina<\/h4>\n<h4><strong> Music:<\/strong><\/h4>\n<h4>Rudy Gnutti<\/h4>\n<h4><strong>Photography: <\/strong><\/h4>\n<h4>Felix Bonnin<\/h4>\n<h4><strong>Production Managers: <\/strong><\/h4>\n<h4>Pasqual Otal<\/h4>\n<h4>Joan Bosch<\/h4>\n<h4><strong>Director assistant:<\/strong><\/h4>\n<h4>Bernat Udina<\/h4>\n<h4><strong>Production Assistants:<\/strong><\/h4>\n<h4>Martha Ramirez<\/h4>\n<h4>Estitxu Elizasu<\/h4>\n<h4><strong>Music: <\/strong><\/h4>\n<h4>Rudy Gnutti<\/h4>\n<h4><strong>Sound: <\/strong><\/h4>\n<h4>Marc Barrera<\/h4>\n<h4>Fernando Novillo<\/h4>\n<h4><strong>Mounting: <\/strong><\/h4>\n<h4>Bernat Udina<\/h4>\n<h4>Aimon Ninyerola<\/h4>\n<h4><strong> Postproduction: <\/strong><\/h4>\n<h4>Albert Oliveras<\/h4>\n<h4><strong>Sound Studio: Polford\u00a0<\/strong><\/h4>\n<h4><strong>Producers: <\/strong><\/h4>\n<h4><strong>Movies 59 <\/strong><\/h4>\n<h4><strong>Nao Cinematographic<\/strong><\/h4>\n<h4><strong>Ancora Music <\/strong><\/h4>\n<h4><strong>Duration: 72&#039;<\/strong><\/h4>\n<\/td>\n<td width=\"376\">\n<h1><strong>\u00a0DIRECTOR<\/strong><\/h1>\n<p style=\"text-align: justify;\"><img loading=\"lazy\" decoding=\"async\" class=\"aligncenter size-full wp-image-4002\" src=\"https:\/\/fundacionporlajusticia.org\/wp-content\/uploads\/2017\/01\/Rudy-Gnutti-In-the-same-boat-_-En-el-mismo-barco.jpg\" alt=\"Rudy Gnutti - In the same boat _ En el mismo barco\" width=\"252\" height=\"404\" \/><br \/>\nBrescia (Italy), 1963. He carried out his musical studies in Rome and Barcelona. He specialized in the Chigiana school, with the teacher Ennio Morricone and with the contemporary music composer Franco Donatoni. Since the 90s, he has lived in Barcelona. He is the founder of the music production company \u201cQuadrophenia\u201d. He has composed music for all types of audiovisual formats: film, television, theater and dance. In 2009, he created the production company \u201cAncora Musica\u201d and participates in the co-production of television series and feature films. In 2010, he wrote and shot his first documentary, \u201cEl Amor de los Poetas\u201d, for Channel 33. Between 2011 and 2012, he wrote and shot \u201cThe Artist&#039;s Office\u201d and \u201cTrabajadoras\u201d.<\/p>\n<\/td>\n<\/tr>\n<tr>\n<td width=\"376\">\n<h1><strong>FESTIVALS AND AWARDS<\/strong><\/h1>\n<ul>\n<li>Release pending<\/li>\n<\/ul>\n<\/td>\n<\/tr>\n<tr>\n<td colspan=\"2\" width=\"581\"><iframe loading=\"lazy\" src=\"https:\/\/www.youtube.com\/embed\/ohhFAQGq91o\" width=\"1040\" height=\"585\" frameborder=\"0\" allowfullscreen=\"allowfullscreen\"><\/iframe><\/td>\n<\/tr>\n<tr>\n<td colspan=\"2\" width=\"581\"><\/td>\n<\/tr>\n<\/tbody>\n<\/table>\n<p>&nbsp;<\/p>","protected":false},"excerpt":{"rendered":"<p>LA HISTORIA Documental que habla de c\u00f3mo este barco, met\u00e1fora de nuestra civilizaci\u00f3n, tiene delante una oportunidad \u00fanica: los avances tecnol\u00f3gicos podr\u00edan ser la clave para conseguir un mundo mejor y m\u00e1s justo, pero, si no aprendemos a administrarlos, y no reorientamos el tim\u00f3n de este barco, el futuro podr\u00eda ser amenazado. El film escucha [&hellip;]<\/p>\n","protected":false},"author":2,"featured_media":0,"parent":2927,"menu_order":7,"comment_status":"closed","ping_status":"closed","template":"","meta":{"_et_pb_use_builder":"","_et_pb_old_content":"","_et_gb_content_width":"","_uf_show_specific_survey":0,"_uf_disable_surveys":false,"footnotes":""},"class_list":["post-2957","page","type-page","status-publish","hentry"],"aioseo_notices":[],"_links":{"self":[{"href":"https:\/\/fundacionporlajusticia.org\/en\/wp-json\/wp\/v2\/pages\/2957","targetHints":{"allow":["GET"]}}],"collection":[{"href":"https:\/\/fundacionporlajusticia.org\/en\/wp-json\/wp\/v2\/pages"}],"about":[{"href":"https:\/\/fundacionporlajusticia.org\/en\/wp-json\/wp\/v2\/types\/page"}],"author":[{"embeddable":true,"href":"https:\/\/fundacionporlajusticia.org\/en\/wp-json\/wp\/v2\/users\/2"}],"replies":[{"embeddable":true,"href":"https:\/\/fundacionporlajusticia.org\/en\/wp-json\/wp\/v2\/comments?post=2957"}],"version-history":[{"count":1,"href":"https:\/\/fundacionporlajusticia.org\/en\/wp-json\/wp\/v2\/pages\/2957\/revisions"}],"predecessor-version":[{"id":3331,"href":"https:\/\/fundacionporlajusticia.org\/en\/wp-json\/wp\/v2\/pages\/2957\/revisions\/3331"}],"up":[{"embeddable":true,"href":"https:\/\/fundacionporlajusticia.org\/en\/wp-json\/wp\/v2\/pages\/2927"}],"wp:attachment":[{"href":"https:\/\/fundacionporlajusticia.org\/en\/wp-json\/wp\/v2\/media?parent=2957"}],"curies":[{"name":"wp","href":"https:\/\/api.w.org\/{rel}","templated":true}]}}