{"id":2941,"date":"2017-01-21T11:50:15","date_gmt":"2017-01-21T11:50:15","guid":{"rendered":"https:\/\/fundacionporlajusticia.accesia.info\/es\/?page_id=4051"},"modified":"2022-03-21T16:57:52","modified_gmt":"2022-03-21T16:57:52","slug":"sands-of-silence","status":"publish","type":"page","link":"https:\/\/fundacionporlajusticia.org\/en\/humansfest\/programacion-2-2\/seccion-oficial-2017\/sands-of-silence\/","title":{"rendered":"SANDS OF SILENCE"},"content":{"rendered":"<table>\n<tbody>\n<tr>\n<td style=\"width: 206px; text-align: center; vertical-align: middle;\" width=\"206\"><img loading=\"lazy\" decoding=\"async\" class=\"aligncenter size-full wp-image-4056\" src=\"https:\/\/fundacionporlajusticia.org\/wp-content\/uploads\/2017\/01\/SOS-Cartel_RGB_10-28-2016-web.jpg\" alt=\"SOS Cartel_RGB_10-28-2016 web\" width=\"683\" height=\"1024\" \/><\/td>\n<td width=\"376\">\n<h1><strong>THE HISTORY<\/strong><\/h1>\n<p style=\"text-align: justify;\">At <em>Sands of Silence<\/em> (Sands of Silence), a 15-year quest to expose the underworld of sexual trafficking and exploitation from Asia to the Americas, ends up taking journalist Chelo \u00c1lvarez-Stehle back to the windswept beach where her childhood ended and their family secrets began. Documenting the transformation of young women in Mexico and Nepal from helpless victims to resilient survivors and passionate activists, Chelo undertakes a parallel journey toward personal healing and family reconciliation. An intimate story about an endemic problem, Sands of Silence celebrates the triumph of the spirit with a call to action to break the chains of sexual exploitation around the world.<\/p>\n<\/td>\n<\/tr>\n<tr>\n<td style=\"width: 206px; vertical-align: top; text-align: left;\" rowspan=\"2\" width=\"206\">\n<h2>United States, 2016<\/h2>\n<h4><strong>Director: <\/strong><\/h4>\n<h4>Chelo \u00c1lvarez-Stehle<\/h4>\n<h4><strong>Script: <\/strong><\/h4>\n<h4>Chelo \u00c1lvarez-Stehle<\/h4>\n<h4><strong> Production: <\/strong><\/h4>\n<h4>Chelo \u00c1lvarez-Stehle<\/h4>\n<h4><strong> Executive production: <\/strong><\/h4>\n<h4>Deirdre Roney<\/h4>\n<h4>Mark Stehle<\/h4>\n<h4><strong>Associated production:<\/strong><\/h4>\n<h4>Mabel Valdivieso<\/h4>\n<h4>Lara Weithorn<\/h4>\n<h4><strong>Production consulting:<\/strong><\/h4>\n<h4>Gabriela Bohm<\/h4>\n<h4>Klara Grunning-Harris<\/h4>\n<h4>Iones Hernandez<\/h4>\n<h4>Lorena Manriquez<\/h4>\n<h4><strong>Edition: <\/strong><\/h4>\n<h4>Kate Amend<\/h4>\n<h4>Jean-Philippe Boucicaut<\/h4>\n<h4>Marla Ulloa<\/h4>\n<h4>Maria Zeiss<\/h4>\n<h4><strong>Music: <\/strong><\/h4>\n<h4>Jason Castillo<\/h4>\n<h4><strong> Duration: 86&#039;<\/strong><\/h4>\n<h4><strong>Country of production:<\/strong><\/h4>\n<h4>USA<\/h4>\n<h4><\/h4>\n<\/td>\n<td width=\"376\">\n<h1><strong>\u00a0DIRECTOR<\/strong><\/h1>\n<p style=\"text-align: justify;\"><img loading=\"lazy\" decoding=\"async\" class=\"aligncenter size-full wp-image-4055\" src=\"https:\/\/fundacionporlajusticia.org\/wp-content\/uploads\/2017\/01\/SAND_fotografiaDelDirector.jpg\" alt=\"SAND_fotografiaDelDirector\" width=\"336\" height=\"355\" \/>He has worked as a journalist and documentary filmmaker for nearly two decades exposing stories of sexual exploitation and trafficking. He was born and raised in Spain and worked in Japan on documentaries for NHK and as a correspondent for the Spanish newspaper <em>The world<\/em> in Tokyo and then in Los Angeles, when he moved to California in 1995. In 2002, Canal+ Spain transformed its first report on child trafficking in the Himalayas into the documentary film <em>Tin Girls<\/em>. He has produced\/made several short documentaries, including: <em>A tale of modern slavery<\/em> and, more recently, <em>through the wall,<\/em> a short documentary about a family divided by the border between the US and Mexico. He is producing\/making a high social impact video game SOS_SLAVES and a series of microdocumentaries on sexual exploitation and trafficking, SOS Interactiveor.<\/p>\n<\/td>\n<\/tr>\n<tr>\n<td width=\"376\">\n<h1><strong>FESTIVALS AND AWARDS<\/strong><\/h1>\n<ul>\n<li>First Silver Biznaga Award in its world premiere in April at the Malaga Festival<\/li>\n<li>Audience Award for Best Documentary Film at its premiere in October at the <em>Awareness Film Festival<\/em> of the Angels<\/li>\n<li>Awards for Best Documentary and Audience Award at the <em>Malibu International Film<\/em> Festival.<\/li>\n<\/ul>\n<\/td>\n<\/tr>\n<tr>\n<td colspan=\"2\" width=\"581\"><iframe loading=\"lazy\" src=\"https:\/\/www.youtube.com\/embed\/DhLhy4WShXo\" width=\"1040\" height=\"585\" frameborder=\"0\" allowfullscreen=\"allowfullscreen\"><\/iframe><\/td>\n<\/tr>\n<tr>\n<td colspan=\"2\" width=\"581\"><\/td>\n<\/tr>\n<\/tbody>\n<\/table>\n<p>&nbsp;<\/p>","protected":false},"excerpt":{"rendered":"<p>LA HISTORIA En Sands of Silence (Arenas de Silencio), una b\u00fasqueda de 15 a\u00f1os para exponer el submundo de la trata y la explotaci\u00f3n sexual desde Asia a las Am\u00e9ricas, acaba llevando a la periodista Chelo \u00c1lvarez-Stehle de vuelta a la playa azotada por el viento donde su infancia termin\u00f3 y sus secretos familiares comenzaron. [&hellip;]<\/p>\n","protected":false},"author":2,"featured_media":0,"parent":2927,"menu_order":2,"comment_status":"closed","ping_status":"closed","template":"","meta":{"_et_pb_use_builder":"","_et_pb_old_content":"","_et_gb_content_width":"","_uf_show_specific_survey":0,"_uf_disable_surveys":false,"footnotes":""},"class_list":["post-2941","page","type-page","status-publish","hentry"],"aioseo_notices":[],"_links":{"self":[{"href":"https:\/\/fundacionporlajusticia.org\/en\/wp-json\/wp\/v2\/pages\/2941","targetHints":{"allow":["GET"]}}],"collection":[{"href":"https:\/\/fundacionporlajusticia.org\/en\/wp-json\/wp\/v2\/pages"}],"about":[{"href":"https:\/\/fundacionporlajusticia.org\/en\/wp-json\/wp\/v2\/types\/page"}],"author":[{"embeddable":true,"href":"https:\/\/fundacionporlajusticia.org\/en\/wp-json\/wp\/v2\/users\/2"}],"replies":[{"embeddable":true,"href":"https:\/\/fundacionporlajusticia.org\/en\/wp-json\/wp\/v2\/comments?post=2941"}],"version-history":[{"count":1,"href":"https:\/\/fundacionporlajusticia.org\/en\/wp-json\/wp\/v2\/pages\/2941\/revisions"}],"predecessor-version":[{"id":3449,"href":"https:\/\/fundacionporlajusticia.org\/en\/wp-json\/wp\/v2\/pages\/2941\/revisions\/3449"}],"up":[{"embeddable":true,"href":"https:\/\/fundacionporlajusticia.org\/en\/wp-json\/wp\/v2\/pages\/2927"}],"wp:attachment":[{"href":"https:\/\/fundacionporlajusticia.org\/en\/wp-json\/wp\/v2\/media?parent=2941"}],"curies":[{"name":"wp","href":"https:\/\/api.w.org\/{rel}","templated":true}]}}