{"id":2938,"date":"2017-01-21T10:39:36","date_gmt":"2017-01-21T10:39:36","guid":{"rendered":"https:\/\/fundacionporlajusticia.accesia.info\/es\/?page_id=4027"},"modified":"2022-03-21T16:57:51","modified_gmt":"2022-03-21T16:57:51","slug":"madres-invisibles","status":"publish","type":"page","link":"https:\/\/fundacionporlajusticia.org\/en\/humansfest\/programacion-2-2\/seccion-oficial-2017\/madres-invisibles\/","title":{"rendered":"INVISIBLE MOTHERS"},"content":{"rendered":"<table>\n<tbody>\n<tr>\n<td style=\"width: 206px; text-align: center; vertical-align: middle;\" width=\"206\"><img loading=\"lazy\" decoding=\"async\" class=\"aligncenter size-full wp-image-4039\" src=\"https:\/\/fundacionporlajusticia.org\/wp-content\/uploads\/2017\/01\/MADRES_poster.jpg\" alt=\"MADRES_poster\" width=\"316\" height=\"448\" \/><\/td>\n<td width=\"376\">\n<h1><strong>THE HISTORY<\/strong><\/h1>\n<p style=\"text-align: justify;\">Hafida is a single mother in Tangier. She ran away from home when she became pregnant. Years later she has become a reproductive and sexual health educator and returns to her city, El Jadida, with her son. The men in the family reject her motherhood. Sex outside of marriage is a crime in Morocco. The law marks single mothers as whores and their children as bastards.<\/p>\n<\/td>\n<\/tr>\n<tr>\n<td style=\"width: 206px; vertical-align: top; text-align: left;\" rowspan=\"2\" width=\"206\">\n<h2>\u00a0Spain, 2016<\/h2>\n<h4><strong>Director: <\/strong><\/h4>\n<h4>Lorenzo Benitez<\/h4>\n<h4><strong>Script:<\/strong><\/h4>\n<h4>Lorenzo Benitez<\/h4>\n<h4>Helena Madico<\/h4>\n<h4><strong> Producers:<\/strong><\/h4>\n<h4>Lorenzo Benitez<\/h4>\n<h4>Juan Valentin Romero<\/h4>\n<h4><strong> Photography: <\/strong><\/h4>\n<h4>Pedro Sara<\/h4>\n<h4><strong>Music: <\/strong><\/h4>\n<h4>Diego Lara<\/h4>\n<h4><strong>Sound: <\/strong><\/h4>\n<h4>Mari Luz Dominguez<\/h4>\n<h4>Maria Zafra<\/h4>\n<h4>Diego Lara<\/h4>\n<h4>Yolaforgive<\/h4>\n<h4><strong>Duration: 67&#039;<\/strong><\/h4>\n<h4><strong>Original languages: <\/strong><\/h4>\n<h4>Dariya (Moroccan Arabic)<\/h4>\n<h4>Spanish<\/h4>\n<h4>French<\/h4>\n<h4><strong> Country of production:<\/strong><\/h4>\n<h4>Spain<\/h4>\n<h4><strong>Distribution:<\/strong><\/h4>\n<h4>Juan Valentin Romero<\/h4>\n<\/td>\n<td width=\"376\">\n<h1><strong>\u00a0DIRECTOR<\/strong><\/h1>\n<p style=\"text-align: justify;\"><img loading=\"lazy\" decoding=\"async\" class=\"aligncenter size-full wp-image-4028\" src=\"https:\/\/fundacionporlajusticia.org\/wp-content\/uploads\/2017\/01\/MADRES_fotografiaDelDirector.jpg\" alt=\"MADRES_fotografiaDelDirector\" width=\"448\" height=\"336\" \/><\/p>\n<p style=\"text-align: justify;\">Lorenzo Ben\u00edtez is an advisor to the EU-Latin America co-production and international distribution workshop PUENTES\/EAVE program to be held in 2016 at the Locarno Festival. He has been assistant director and producer of documentaries at Al Jazeera, ZDF, TVE, SRF and Canal Sur.<\/p>\n<\/td>\n<\/tr>\n<tr>\n<td width=\"376\">\n<h1><strong>FESTIVALS AND AWARDS<\/strong><\/h1>\n<ul>\n<li>DocumentaMadrid International Festival 2016. Competitive Section. Premiere in Spain.<\/li>\n<li>Cinema Rif. Tangier. 2016. Premiere in Morocco.<\/li>\n<li>Seville European Film Festival 2016. Andalusian Panorama.<\/li>\n<li>Beirut International Film Festival 2016. &#039;Rejection Front&#039; Section.<\/li>\n<li>C\u00e1diz Alcances Documentary Film Festival 2016. Inaugural film.<\/li>\n<li>Cartagena International Film Festival 2016. European Panorama.<\/li>\n<li>Tarifa African Film Festival 2016.<\/li>\n<li>AMAL International Euro-Arab Film Festival 2016.<\/li>\n<li>Miradasdoc International Festival 2017.<\/li>\n<li>Nominated for ASECAN Andalusian Cinema awards for Best Documentary and Best New Director.<\/li>\n<\/ul>\n<\/td>\n<\/tr>\n<tr>\n<td colspan=\"2\" width=\"581\"><iframe loading=\"lazy\" src=\"https:\/\/player.vimeo.com\/video\/78004531?color=a3703c&amp;title=0&amp;byline=0&amp;portrait=0\" width=\"1040\" height=\"585\" frameborder=\"0\" allowfullscreen=\"allowfullscreen\"><\/iframe><\/td>\n<\/tr>\n<tr>\n<td colspan=\"2\" width=\"581\"><\/td>\n<\/tr>\n<\/tbody>\n<\/table>\n<p>&nbsp;<\/p>","protected":false},"excerpt":{"rendered":"<p>LA HISTORIA Hafida es madre soltera en T\u00e1nger. Huy\u00f3 de casa cuando se qued\u00f3 embarazada. A\u00f1os despu\u00e9s se ha convertido en educadora de salud reproductiva y sexual y vuelve a su ciudad, El Jadida, con su hijo. Los hombres de la familia rechazan su maternidad. El sexo fuera del matrimonio es un delito en Marruecos. [&hellip;]<\/p>\n","protected":false},"author":2,"featured_media":0,"parent":2927,"menu_order":1,"comment_status":"closed","ping_status":"closed","template":"","meta":{"_et_pb_use_builder":"","_et_pb_old_content":"","_et_gb_content_width":"","_uf_show_specific_survey":0,"_uf_disable_surveys":false,"footnotes":""},"class_list":["post-2938","page","type-page","status-publish","hentry"],"aioseo_notices":[],"_links":{"self":[{"href":"https:\/\/fundacionporlajusticia.org\/en\/wp-json\/wp\/v2\/pages\/2938","targetHints":{"allow":["GET"]}}],"collection":[{"href":"https:\/\/fundacionporlajusticia.org\/en\/wp-json\/wp\/v2\/pages"}],"about":[{"href":"https:\/\/fundacionporlajusticia.org\/en\/wp-json\/wp\/v2\/types\/page"}],"author":[{"embeddable":true,"href":"https:\/\/fundacionporlajusticia.org\/en\/wp-json\/wp\/v2\/users\/2"}],"replies":[{"embeddable":true,"href":"https:\/\/fundacionporlajusticia.org\/en\/wp-json\/wp\/v2\/comments?post=2938"}],"version-history":[{"count":1,"href":"https:\/\/fundacionporlajusticia.org\/en\/wp-json\/wp\/v2\/pages\/2938\/revisions"}],"predecessor-version":[{"id":3448,"href":"https:\/\/fundacionporlajusticia.org\/en\/wp-json\/wp\/v2\/pages\/2938\/revisions\/3448"}],"up":[{"embeddable":true,"href":"https:\/\/fundacionporlajusticia.org\/en\/wp-json\/wp\/v2\/pages\/2927"}],"wp:attachment":[{"href":"https:\/\/fundacionporlajusticia.org\/en\/wp-json\/wp\/v2\/media?parent=2938"}],"curies":[{"name":"wp","href":"https:\/\/api.w.org\/{rel}","templated":true}]}}