{"id":2751,"date":"2015-12-09T07:57:34","date_gmt":"2015-12-09T07:57:34","guid":{"rendered":"https:\/\/fundacionporlajusticia.accesia.info\/es\/?page_id=3734"},"modified":"2022-03-21T17:17:17","modified_gmt":"2022-03-21T17:17:17","slug":"seccion-1-minuto-1-derecho","status":"publish","type":"page","link":"https:\/\/fundacionporlajusticia.org\/en\/humansfest\/el_festival\/ediciones-anteriores\/seccion-1-minuto-1-derecho\/","title":{"rendered":"2016 EDITION \u2013 SECTION 1 MINUTE, 1 RIGHT"},"content":{"rendered":"<blockquote><p><strong>The screenings of this section will be at La Filmoteca<\/strong><\/p>\n<p>&nbsp;<\/p><\/blockquote>\n<h1>1.- Picassent Penitentiary Center Shorts.<\/h1>\n<blockquote>\n<p style=\"text-align: left;\"><img loading=\"lazy\" decoding=\"async\" class=\"alignleft wp-image-3739 size-medium\" src=\"https:\/\/fundacionporlajusticia.org\/wp-content\/uploads\/2015\/12\/TRASNUMEROS-300x169.jpg\" alt=\"TRASNUMEROS\" width=\"300\" height=\"169\" \/>At the Festival, 4 short films made at the Picassent Penitentiary Center will be screened in which the production companies \u201cPez en el agua\u201d together with Amnesty International, directed by Mariola Ponce and Christian Feij\u00f3o, and \u201cQuatre Films\u201d have collaborated; directed by Carlos Mart\u00ednez, Eva Mar\u00edn and Carlos Sanch\u00eds.<\/p>\n<p>&nbsp;<\/p>\n<p style=\"text-align: left;\"><strong>Screening December 10, 2015 at 8:15 p.m.\u00a0<\/strong><\/p>\n<\/blockquote>\n<h1>2. Victoria Calabuig.<\/h1>\n<blockquote><p><img loading=\"lazy\" decoding=\"async\" class=\"alignleft size-medium wp-image-3748\" src=\"https:\/\/fundacionporlajusticia.org\/wp-content\/uploads\/2015\/12\/victoria-300x169.jpg\" alt=\"victoria\" width=\"300\" height=\"169\" \/>EASD<\/p>\n<p>1:08 minutes.<\/p>\n<p>2015.<\/p>\n<p><strong>Screening December 13, 2015 at 6:00 p.m. at the Filmoteca<\/strong><\/p>\n<p>&nbsp;<\/p><\/blockquote>\n<h1>3. Ver\u00f3nica Pallard\u00f3.<\/h1>\n<blockquote><p><img loading=\"lazy\" decoding=\"async\" class=\"alignleft size-medium wp-image-3753\" src=\"https:\/\/fundacionporlajusticia.org\/wp-content\/uploads\/2015\/12\/victoria-palalrdo-300x169.jpg\" alt=\"victoria pallardo\" width=\"300\" height=\"169\" \/>EASD<\/p>\n<p>1:20 minutes.<\/p>\n<p>2015.<\/p>\n<p><strong>Screening December 13, 2015 at 8:00 p.m.<\/strong><\/p><\/blockquote>\n<h1>4. Rub\u00e9n Dar\u00edo Aled\u00f3n.<\/h1>\n<blockquote><p><img loading=\"lazy\" decoding=\"async\" class=\"alignleft size-medium wp-image-3756\" src=\"https:\/\/fundacionporlajusticia.org\/wp-content\/uploads\/2015\/12\/ruben-dario-300x169.jpg\" alt=\"ruben dario\" width=\"300\" height=\"169\" \/>EASD.<\/p>\n<p>1 minute.<\/p>\n<p>2015.<\/p>\n<p><strong>Screening December 13, 2015 at 8:00 p.m.<\/strong><\/p><\/blockquote>\n<h1><\/h1>\n<h1>5. Nikita Parapelitsa.<\/h1>\n<blockquote><p><img loading=\"lazy\" decoding=\"async\" class=\"alignleft size-medium wp-image-3758\" src=\"https:\/\/fundacionporlajusticia.org\/wp-content\/uploads\/2015\/12\/nikita-300x169.jpg\" alt=\"nikita\" width=\"300\" height=\"169\" \/>EASD.<\/p>\n<p>1:53 minutes.<\/p>\n<p>2015.<\/p>\n<p><strong>Screening December 15, 2015 at 6:00 p.m.<\/strong><\/p><\/blockquote>\n<h1><\/h1>\n<h1>6. Mar\u00eda Rubio.<\/h1>\n<blockquote><p><img loading=\"lazy\" decoding=\"async\" class=\"alignleft size-medium wp-image-3760\" src=\"https:\/\/fundacionporlajusticia.org\/wp-content\/uploads\/2015\/12\/maria-rubio-300x169.jpg\" alt=\"maria rubio\" width=\"300\" height=\"169\" \/>EASD.<\/p>\n<p>1:20 minutes.<\/p>\n<p>2015.<\/p>\n<p><strong>Screening December 15, 2015 at 6:00 p.m.<\/strong><\/p><\/blockquote>\n<h1><\/h1>\n<h1>7. Laura Di Mascio.<\/h1>\n<blockquote><p><img loading=\"lazy\" decoding=\"async\" class=\"alignleft size-medium wp-image-3763\" src=\"https:\/\/fundacionporlajusticia.org\/wp-content\/uploads\/2015\/12\/lauradimascio-300x169.jpg\" alt=\"lauradimascio\" width=\"300\" height=\"169\" \/>EASD.<\/p>\n<p>1 minute.<\/p>\n<p>2015.<\/p>\n<p><strong>Screening December 15, 2015 at 8:00 p.m.<\/strong><\/p>\n<p>&nbsp;<\/p><\/blockquote>\n<h1>8. Jordi Bosca.<\/h1>\n<blockquote><p><img loading=\"lazy\" decoding=\"async\" class=\"alignleft size-medium wp-image-3767\" src=\"https:\/\/fundacionporlajusticia.org\/wp-content\/uploads\/2015\/12\/jordi-bosca-300x165.jpg\" alt=\"jordi bosca\" width=\"300\" height=\"165\" \/>EASD.<\/p>\n<p>1:09 minutes.<\/p>\n<p>2015.<\/p>\n<p><strong>Screening December 16, 2015 at 6:00 p.m.<\/strong><\/p>\n<p>&nbsp;<\/p><\/blockquote>\n<h1>9. Joel Miralles.<\/h1>\n<blockquote><p><img loading=\"lazy\" decoding=\"async\" class=\"alignleft size-medium wp-image-3768\" src=\"https:\/\/fundacionporlajusticia.org\/wp-content\/uploads\/2015\/12\/jordi-miralles-300x169.jpg\" alt=\"jordi miralles\" width=\"300\" height=\"169\" \/>EASD.<\/p>\n<p>1:45 minutes.<\/p>\n<p>2015.<\/p>\n<p><strong>Screening December 16, 2015 at 8:15 p.m.<\/strong><\/p><\/blockquote>\n<h1><\/h1>\n<h1>10. Isabel Viso.<\/h1>\n<blockquote><p><a href=\"https:\/\/fundacionporlajusticia.org\/wp-content\/uploads\/2015\/12\/isabel-viso.jpg\"><img loading=\"lazy\" decoding=\"async\" class=\"alignleft size-medium wp-image-3771\" src=\"https:\/\/fundacionporlajusticia.org\/wp-content\/uploads\/2015\/12\/isabel-viso-300x169.jpg\" alt=\"isabel viso\" width=\"300\" height=\"169\" \/><\/a>EASD.<\/p>\n<p>1:18 minutes.<\/p>\n<p>2015.<\/p>\n<p><strong>Screening December 17, 2015 at 6:00 p.m.<\/strong><\/p>\n<p>&nbsp;<\/p><\/blockquote>\n<h1>11. \u00c1lvaro Cocera.<\/h1>\n<blockquote><p><img loading=\"lazy\" decoding=\"async\" class=\"alignleft size-medium wp-image-3774\" src=\"https:\/\/fundacionporlajusticia.org\/wp-content\/uploads\/2015\/12\/alvaro-cocera-300x169.jpg\" alt=\"alvaro cocera\" width=\"300\" height=\"169\" \/>EASD.<\/p>\n<p>0:57 minutes.<\/p>\n<p>2015.<\/p>\n<p><strong>Screening December 17, 2015 at 6:00 p.m.<\/strong><\/p><\/blockquote>\n<h1><\/h1>\n<h1>12. Emilio Mart\u00ed.<\/h1>\n<blockquote><p><img loading=\"lazy\" decoding=\"async\" class=\"alignleft size-medium wp-image-3775\" src=\"https:\/\/fundacionporlajusticia.org\/wp-content\/uploads\/2015\/12\/el-embargo-300x169.jpg\" alt=\"el embargo\" width=\"300\" height=\"169\" \/>\u00c0mbit, Dignity and social justice.<\/p>\n<p>1 minute.<\/p>\n<p>2015.<\/p>\n<p><strong>Screening December 18, 2015 at 8:00 p.m.<\/strong><\/p><\/blockquote>\n<p>&nbsp;<\/p>\n<ul>\n<li><strong>\u00abThe patio is there\u00bb<\/strong>. Sergio Miguel. German School of Valencia. 0:50 minutes. 2015. Screening 12\/17\/2015 at 8:30 p.m.<\/li>\n<li><strong>\u00abA l&#039;altre costat. Refugees welcome\u00bb<\/strong>. Sergi Moyano. IES Arabista Ribera de Carcaixent. Commission for equality. 1:35 minutes. 2015. Screening 12\/18\/2015 at 6:00 p.m.<\/li>\n<li><strong>\u00ab3,000 KM\u00bb<\/strong>. Pablo S\u00e1nchez, Daniel Segovia and Jose Sales. European University of Valencia. Law Degree.1:51 minutes. Screening 12\/10\/2015 at 10:30 p.m.<\/li>\n<li><strong>&quot;White roses&quot;<\/strong>. Carolina Branson. European University of Valencia. Law Degree. 2:44 minutes. Screening 12\/10\/2015 at 10:30 p.m.<\/li>\n<li><strong>&quot;There is a way out&quot;<\/strong>. Carla Tamarit. European University of Valencia. Law Degree. 1:34 Screening 12\/10\/2015 at 10:30 p.m.<\/li>\n<li><strong>&quot;Bad Education&quot;<\/strong>. Ada Paus, Yolanda Santiago and Carla Lafuente. European University of Valencia. Law Degree. 0:41 minutes. Screening 12\/10\/2015 at 10:30 p.m.<\/li>\n<li><strong>&quot;Nineteen&quot;<\/strong>. Pablo Aguilar and Laura Fraguas. European University of Valencia. Law Degree. 2:22 minutes. 2015. Screening 12\/11\/2015 at 6:00 p.m.<\/li>\n<li><strong>\u00abBehind the curtain\u00bb<\/strong>. Victor Gomez. European University of Valencia. Law Degree. European University of Valencia. Law Degree. 1:38 minutes. 2015. Screening 12\/12\/2015 at 6:00 p.m.<\/li>\n<\/ul>","protected":false},"excerpt":{"rendered":"<p>Las proyecciones de esta secci\u00f3n ser\u00e1n en La Filmoteca &nbsp; 1.- Cortos Centro Penitenciario Picassent. En el Festival \u00a0se proyectar\u00e1n 4 cortos realizados en el Centro Penitenciario de Picassent en los que han colaborado las productoras \u00abPez en el agua\u00bb junto a Amnist\u00eda Internacional, dirigidos por Mariola Ponce y Christian Feij\u00f3o, y \u00abQuatre Films\u00bb; dirigidos [&hellip;]<\/p>\n","protected":false},"author":2,"featured_media":0,"parent":2028,"menu_order":7,"comment_status":"closed","ping_status":"closed","template":"","meta":{"_et_pb_use_builder":"","_et_pb_old_content":"","_et_gb_content_width":"","_uf_show_specific_survey":0,"_uf_disable_surveys":false,"footnotes":""},"class_list":["post-2751","page","type-page","status-publish","hentry"],"aioseo_notices":[],"_links":{"self":[{"href":"https:\/\/fundacionporlajusticia.org\/en\/wp-json\/wp\/v2\/pages\/2751","targetHints":{"allow":["GET"]}}],"collection":[{"href":"https:\/\/fundacionporlajusticia.org\/en\/wp-json\/wp\/v2\/pages"}],"about":[{"href":"https:\/\/fundacionporlajusticia.org\/en\/wp-json\/wp\/v2\/types\/page"}],"author":[{"embeddable":true,"href":"https:\/\/fundacionporlajusticia.org\/en\/wp-json\/wp\/v2\/users\/2"}],"replies":[{"embeddable":true,"href":"https:\/\/fundacionporlajusticia.org\/en\/wp-json\/wp\/v2\/comments?post=2751"}],"version-history":[{"count":1,"href":"https:\/\/fundacionporlajusticia.org\/en\/wp-json\/wp\/v2\/pages\/2751\/revisions"}],"predecessor-version":[{"id":2880,"href":"https:\/\/fundacionporlajusticia.org\/en\/wp-json\/wp\/v2\/pages\/2751\/revisions\/2880"}],"up":[{"embeddable":true,"href":"https:\/\/fundacionporlajusticia.org\/en\/wp-json\/wp\/v2\/pages\/2028"}],"wp:attachment":[{"href":"https:\/\/fundacionporlajusticia.org\/en\/wp-json\/wp\/v2\/media?parent=2751"}],"curies":[{"name":"wp","href":"https:\/\/api.w.org\/{rel}","templated":true}]}}