{"id":2681,"date":"2015-09-24T17:13:28","date_gmt":"2015-09-24T17:13:28","guid":{"rendered":"https:\/\/fundacionporlajusticia.accesia.info\/?page_id=1426"},"modified":"2022-03-21T16:04:33","modified_gmt":"2022-03-21T16:04:33","slug":"la-buena-fe","status":"publish","type":"page","link":"https:\/\/fundacionporlajusticia.org\/en\/humansfest\/seccion-cortometrajes\/la-buena-fe\/","title":{"rendered":"THE GOOD FAITH"},"content":{"rendered":"<table width=\"586\">\n<tbody>\n<tr>\n<td width=\"200\">\u00a0<img loading=\"lazy\" decoding=\"async\" class=\"size-medium wp-image-1964 aligncenter\" src=\"https:\/\/fundacionporlajusticia.org\/wp-content\/uploads\/2015\/09\/cartel-begona-soler-la-buena-fe-cartel-212x300.jpg\" alt=\"cartel begona-soler-la-buena-fe-cartel\" width=\"212\" height=\"300\" \/><\/td>\n<td width=\"386\">\n<h1><strong>HISTORY<\/strong><\/h1>\n<p style=\"text-align: justify;\">Marisa, a 35 year old woman, arrives at the Emergency Department of a Hospital looking for help.<\/p>\n<\/td>\n<\/tr>\n<tr>\n<td rowspan=\"2\" width=\"200\">\n<h2><strong>Saturday, December 12th 10:30 p.m.<\/strong><\/h2>\n<h4><strong style=\"font-family: inherit; font-size: inherit; line-height: 1.5;\">2014, Spain<\/strong><\/h4>\n<h4><strong>Direction:<\/strong><br \/>\nBego\u00f1a Soler<\/h4>\n<h4><strong>17&#039;19 minutes.<\/strong><\/h4>\n<h4><strong>Production:<\/strong><br \/>\nHector Lazaro<br \/>\n<strong>Produced by:<\/strong><br \/>\nGeneral Video Productions<br \/>\nSara Mansanet<br \/>\n<strong>Screenwriter:<\/strong><\/h4>\n<h4>Bego\u00f1a Soler<br \/>\n<strong>Cinematographer:<\/strong><br \/>\nGabo Guerra<br \/>\n<strong>Music:<\/strong><\/h4>\n<h4>Joseph Zapater<br \/>\n<strong>sound<\/strong>:<br \/>\nJos\u00e9 Manuel Sospedra<br \/>\n<strong>Postproduction Sound:<\/strong><\/h4>\n<h4>Iv\u00e1n Mart\u00ednez-Rufat<br \/>\n<strong>Edition:<\/strong><br \/>\nSergio Gonz\u00e1lez Roman<br \/>\n<strong>Arts: <\/strong><br \/>\nNacho Ruip\u00e9rez<br \/>\n<strong>VFX:<\/strong><\/h4>\n<h4>Virtual Art<br \/>\n<strong>Cast: <\/strong><br \/>\nRosa Bel\u00e9n Ardid<\/h4>\n<h4>Lorena Lopez<\/h4>\n<h4>Alberto San Juan<\/h4>\n<h4>Amparo Valle<\/h4>\n<h4>Mayte Arnau<\/h4>\n<h4>Jose Soler<\/h4>\n<\/td>\n<td width=\"386\">\n<h1><strong>DIRECTOR<\/strong><\/h1>\n<p style=\"text-align: justify;\"><strong><img loading=\"lazy\" decoding=\"async\" class=\"alignright size-full wp-image-2189\" src=\"https:\/\/fundacionporlajusticia.org\/wp-content\/uploads\/2015\/09\/bego\u00f1asoler.jpg\" alt=\"bego\u00f1asoler\" width=\"248\" height=\"189\" \/>Bego\u00f1a Soler<\/strong> studied English and Communication at Baruch College and interpretation at the School of Uta Hagen, HB Studio, both in Manhattan (NY) where he lives for seven years. On his return to Spain he is trained in Film Direction and Screenplay at the Film School of Valencia (Nucine) where he works today as a teacher.<\/p>\n<p style=\"text-align: justify;\">He has written and directed several short films for which he has won several awards, including two for the best interpretation of his protagonists (&quot;The Shopping List&quot; 2005 and &quot;Cold Soup&quot; 2009). In 2012 releases \u00bbTwo + 1\u2033 which won the Audience Award for Best Short Film Festival in Valencia Radiocity.<\/p>\n<\/td>\n<\/tr>\n<tr>\n<td width=\"386\">\n<h1><strong>FESTIVALS &amp; AWARDS<\/strong><\/h1>\n<ul style=\"list-style-type: square;\">\n<li>2015 City of Astorga Film Festival<\/li>\n<li>2015 Fuengirola Film Festival<\/li>\n<li>2015 Dangers Horror and Fantasy Film Festival<\/li>\n<li>2015 Woman on Stage2015 TomaCine<\/li>\n<li>2015 Visual\u00edzame Audiovisual and Woman Festival (Best Original Screenplay Award)<\/li>\n<li>2015 Cinemamed<\/li>\n<li>SEMINCI, Valladolid Film Week- &#039;THE NIGHT OF THE SPANISH SHORT&#039; AWARD, October 2014, Spain<\/li>\n<li>\u00a0Zaragoza Film Festival, November 2014, Spain<\/li>\n<li>Courtoujours, February 2015, Switzerland<\/li>\n<li>Sgae en Corto, February 2015, Spain<\/li>\n<li>Cartagena de Indias International Film Festival, Cinema in the Streets section, March 2015, Colombia<\/li>\n<li>Cleveland Film Festival, March 2015, USA<\/li>\n<li>Medina del Campo Film Week, March 2015, Spain- BEST ACTRESS<\/li>\n<li>Women&#039;s Shorts (Various samples), Spain<\/li>\n<li>Leiden International Short Film Experience, Netherlands, November 2015<\/li>\n<li>Donostia Film and Human Rights Festival, April 2015, Spain<\/li>\n<li>Radiocity International Short Film Contest, Valencia, Spain, May 2015, AUDIENCE AWARD<\/li>\n<li>Cinema on the Street, May 2015, Colombia<\/li>\n<li>Alicante Film Festival, May 2015, Spain<\/li>\n<li>A Corti di Donne, June 2015, Italy<\/li>\n<li>Cinema Jove International Film Festival, June 2015, Spain- VALENCIAN PANORAMA<\/li>\n<li>Sant Joan d&#039;Alacant Film Festival, July, 2015, Spain, BEST DIRECTION, BEST ACTRESS<\/li>\n<li>l&#039;Alf\u00e0s del Pi Film Festival, July 2015, Spain<\/li>\n<li>Preview, Prat de Llobregat, July 2015, Spain<\/li>\n<li>Visual\u00edzame Audiovisual and Woman Festival, July 2015, Spain \u2013 BEST SCREENPLAY<\/li>\n<li>Islantilla Cinef\u00f3rum, Huelva, August 2015, Spain<\/li>\n<li>Villena Film Week, August 2015, Spain<\/li>\n<li>\u00d3rbigo Short Film Festival &#039;Luna de Cortos&#039;, August 2015, Spain \u2013 BEST SCREENPLAY<\/li>\n<li>Agust\u00ed Comes Short Film Series, August 2015, Spain<\/li>\n<li>Tarazona and Moncayo Comedy Film Festival, August 2015, Spain<\/li>\n<li>Villamayor de Cine, August 2015, Spain<\/li>\n<li>TomaCine Bu\u00f1ol, August 2015, Spain<\/li>\n<li>MicG\u00e9nero, September 2015, Mexico<\/li>\n<li>Salento International Film Festival, September 2015, Italy<\/li>\n<li>Manlleu Curtmetratges Festival, October 2015, Spain<\/li>\n<li>Women Make Waves Film Festival, October 2015, Taiwan<\/li>\n<li>Salamanca Spanish Short Film Week, October 2015, Spain<\/li>\n<li>Filmets, October 2015, Spain<\/li>\n<li>International Invisible Film Festival \u00abFilm Sozialak\u00bb, October 2015, Spain- SPECIAL JURY MENTION<\/li>\n<li>FICBE Intl&#039; Festival of Short Films with Social Themes, October 2015, Spain<\/li>\n<li>Ponferrada International Film Festival, October 2015, Spain<\/li>\n<li>Spanish Film Festival Berlin, October 2015, Germany<\/li>\n<li>Quartmetratges- YOUNG AUDIENCE AWARD<\/li>\n<li>Brno Sixteen, October 2015, Czech Republic- SPECIAL JURY MENTION<\/li>\n<li>Cinemed, October 2015, France<\/li>\n<li>National Short Film Contest Aula 18, October 2015, Spain- BEST ACTRESS<\/li>\n<li>Dangers Horror and Fantasy Film Festival, October 2015, Spain<\/li>\n<li>FENAVID Santa Cruz International Film Festival, October 2015, Bolivia<\/li>\n<li>Cortocomenius, October 2015, Spain<\/li>\n<li>\u00a0Sose International Film Festival, October 2015, Armenia- BEST SHORT FILM<\/li>\n<li>\u00a0Short Film Contest Ciudad de Soria, November 2015, Spain<\/li>\n<li>Sants Cinema Fantastic and Terror Marathon, November 2015, Spain<\/li>\n<li>FICC Cartagena, November 2015, Spain<\/li>\n<li>Aguilar de Campoo Short Film Festival, December, 2015, Spain- PANORAMA<\/li>\n<li>Film Exhibition Made by Women of Zaragoza- SPECIAL JURY MENTION<\/li>\n<li>Cinema Cituad\u00e0 Comprom\u00e9s, November 2015, Spain<\/li>\n<\/ul>\n<\/td>\n<\/tr>\n<tr>\n<td colspan=\"2\" width=\"586\"><iframe loading=\"lazy\" src=\"https:\/\/player.vimeo.com\/video\/125892751\" width=\"1040\" height=\"585\" frameborder=\"0\" allowfullscreen=\"allowfullscreen\"><\/iframe><\/td>\n<\/tr>\n<tr>\n<td colspan=\"2\" width=\"586\"><img loading=\"lazy\" decoding=\"async\" class=\"alignleft wp-image-1962\" src=\"https:\/\/fundacionporlajusticia.org\/wp-content\/uploads\/2015\/09\/foto3labuena-fe-300x169.jpg\" alt=\"foto3labuena fe\" width=\"293\" height=\"165\" \/> <img loading=\"lazy\" decoding=\"async\" class=\"alignleft wp-image-1961\" src=\"https:\/\/fundacionporlajusticia.org\/wp-content\/uploads\/2015\/09\/foto-la-buena-fe-4-300x136.jpg\" alt=\"foto la-buena-fe-4\" width=\"365\" height=\"165\" \/> <img loading=\"lazy\" decoding=\"async\" class=\"alignleft wp-image-1960\" src=\"https:\/\/fundacionporlajusticia.org\/wp-content\/uploads\/2015\/09\/foto-2la-buena-fe-300x169.jpg\" alt=\"foto 2la-buena-fe\" width=\"293\" height=\"165\" \/><\/td>\n<\/tr>\n<\/tbody>\n<\/table>","protected":false},"excerpt":{"rendered":"<p>\u00a0 HISTORY Marisa, a 35 year old woman, arrives to the Emergency Department of a Hospital looking for help. Saturday, 12 th december 22.30 h. 2014, Spain Direction: Bego\u00f1a Soler 17&#8217;19 minutes. Production: H\u00e9ctor L\u00e1zaro Produced by: General Video Productions Sara Mansanet Screenwriter: Bego\u00f1a Soler Cinematographer: Gabo Guerra Music: Josep Zapater Sound: Jos\u00e9 Manuel Sospedra [&hellip;]<\/p>\n","protected":false},"author":2,"featured_media":0,"parent":1068,"menu_order":9,"comment_status":"closed","ping_status":"closed","template":"","meta":{"_et_pb_use_builder":"","_et_pb_old_content":"","_et_gb_content_width":"","_uf_show_specific_survey":0,"_uf_disable_surveys":false,"footnotes":""},"class_list":["post-2681","page","type-page","status-publish","hentry"],"aioseo_notices":[],"_links":{"self":[{"href":"https:\/\/fundacionporlajusticia.org\/en\/wp-json\/wp\/v2\/pages\/2681","targetHints":{"allow":["GET"]}}],"collection":[{"href":"https:\/\/fundacionporlajusticia.org\/en\/wp-json\/wp\/v2\/pages"}],"about":[{"href":"https:\/\/fundacionporlajusticia.org\/en\/wp-json\/wp\/v2\/types\/page"}],"author":[{"embeddable":true,"href":"https:\/\/fundacionporlajusticia.org\/en\/wp-json\/wp\/v2\/users\/2"}],"replies":[{"embeddable":true,"href":"https:\/\/fundacionporlajusticia.org\/en\/wp-json\/wp\/v2\/comments?post=2681"}],"version-history":[{"count":5,"href":"https:\/\/fundacionporlajusticia.org\/en\/wp-json\/wp\/v2\/pages\/2681\/revisions"}],"predecessor-version":[{"id":3433,"href":"https:\/\/fundacionporlajusticia.org\/en\/wp-json\/wp\/v2\/pages\/2681\/revisions\/3433"}],"up":[{"embeddable":true,"href":"https:\/\/fundacionporlajusticia.org\/en\/wp-json\/wp\/v2\/pages\/1068"}],"wp:attachment":[{"href":"https:\/\/fundacionporlajusticia.org\/en\/wp-json\/wp\/v2\/media?parent=2681"}],"curies":[{"name":"wp","href":"https:\/\/api.w.org\/{rel}","templated":true}]}}