{"id":2661,"date":"2015-09-24T17:11:59","date_gmt":"2015-09-24T17:11:59","guid":{"rendered":"https:\/\/fundacionporlajusticia.accesia.info\/?page_id=1414"},"modified":"2022-03-21T16:04:25","modified_gmt":"2022-03-21T16:04:25","slug":"todo-un-futuro","status":"publish","type":"page","link":"https:\/\/fundacionporlajusticia.org\/en\/humansfest\/seccion-cortometrajes\/todo-un-futuro\/","title":{"rendered":"AN ENTIRE FUTURE TOGETHER"},"content":{"rendered":"<table>\n<tbody>\n<tr>\n<td style=\"width: 206px; vertical-align: top;\" width=\"206\"><img loading=\"lazy\" decoding=\"async\" class=\"aligncenter size-medium wp-image-2116\" src=\"https:\/\/fundacionporlajusticia.org\/wp-content\/uploads\/2015\/09\/AF_TUFJ_CARTEL_A4_alta-215x300.jpg\" alt=\"AF_TUFJ_CARTEL_A4_alta\" width=\"215\" height=\"300\" \/><\/td>\n<td style=\"width: 376px; vertical-align: top;\" width=\"376\">\n<h1><strong>\u00a0HISTORY<\/strong><\/h1>\n<p><strong>\u00a0<\/strong><\/p>\n<p>Bankers. Harassment. Sees it?<\/td>\n<\/tr>\n<tr>\n<td rowspan=\"2\" width=\"206\">\n<h2><strong>Saturday, December 12th 10:30 p.m.<\/strong><\/h2>\n<h4><strong style=\"font-family: inherit; font-size: inherit; line-height: 1.5;\">Spain, 2014<\/strong><\/h4>\n<h4><strong>Direction:\u00a0<\/strong><\/h4>\n<h4>Pablo Remon<\/h4>\n<h4><strong>16 minutes<\/strong><\/h4>\n<h4><strong>Production Company:<\/strong><\/h4>\n<h4>Tourmalet Films<\/h4>\n<h4><strong>Cast:<\/strong><\/h4>\n<h4>Juli\u00e1n Villagr\u00e1n, Luis Bermejo<br \/>\n<strong>Script:<\/strong><\/h4>\n<h4>Pablo Remon<br \/>\n<strong>Production:<\/strong><\/h4>\n<h4>Omar A. Razzak<br \/>\n<strong>Cinematography:<\/strong><\/h4>\n<h4>Christophe Farnier<br \/>\n<strong>Art:<\/strong><\/h4>\n<h4>Sany Climent<br \/>\n<strong>Editing:<\/strong><\/h4>\n<h4>Omar A. Razzak<br \/>\n<strong>Sound:<\/strong><\/h4>\n<h4>Sergio Gonzalez<\/h4>\n<\/td>\n<td width=\"376\">\n<h1><strong>DIRECTOR<\/strong><\/h1>\n<p style=\"text-align: justify;\"><img loading=\"lazy\" decoding=\"async\" class=\"alignright wp-image-2431 size-medium\" src=\"https:\/\/fundacionporlajusticia.org\/wp-content\/uploads\/2015\/09\/pabloremon-300x151.jpg\" alt=\"pabloremon\" width=\"300\" height=\"151\" \/>Pablo Rem\u00f3n graduated in Screenwriting at the Madrid Film School, ECAM. He has written the feature films Fantastic World (2003), Casual Day (2008) and Cinco Metros Cuadrados (2011). He has won the Best Screenplay Award at Malaga Film Festival, Best Screenplay at the Cinema Writers Circle and the Julio Alejandro Award for Best Iberoamerican Script. He has written and directed the short films Circus and A Whole Future Together, and is the head of Screenwriting at ECAM. In 2013 he wrote and directed his first theatrical production, The Abduction of Luis Guzm\u00e1n, released in Madrid at the Fringe Festival and at the Lara Theatre.<\/p>\n<\/td>\n<\/tr>\n<tr>\n<td width=\"376\">\n<h1><strong>FESTIVALS &amp; AWARDS<\/strong><\/h1>\n<ul style=\"list-style-type: square;\">\n<li>Best Short at K-Lidoscopi Contest<\/li>\n<li>Luis Bermejo- Best Actor- Avila Short Film Festival \u2013 Avilacine<\/li>\n<li>Best Short Film and Best Actor at the Palencia International Film Festival<\/li>\n<li>Nominated Best Short-Goya Awards<\/li>\n<li>Medina del Campo Festival \u2013 Jury Award for Best Short Film (Silver Roel)<\/li>\n<li>Malaga Festival<\/li>\n<li>Madrid In Short<\/li>\n<li>Alicante Festival<\/li>\n<\/ul>\n<\/td>\n<\/tr>\n<tr>\n<td colspan=\"2\" width=\"581\"><iframe loading=\"lazy\" src=\"https:\/\/player.vimeo.com\/video\/95007664\" width=\"1040\" height=\"585\" frameborder=\"0\" allowfullscreen=\"allowfullscreen\"><\/iframe><\/td>\n<\/tr>\n<tr>\n<td colspan=\"2\" width=\"581\"><img loading=\"lazy\" decoding=\"async\" class=\"alignleft wp-image-2119\" src=\"https:\/\/fundacionporlajusticia.org\/wp-content\/uploads\/2015\/09\/descarga-11-300x160.jpg\" alt=\"descarga (1)\" width=\"346\" height=\"185\" \/> <a href=\"https:\/\/fundacionporlajusticia.org\/wp-content\/uploads\/2015\/09\/descarga.jpg\"><img loading=\"lazy\" decoding=\"async\" class=\"alignleft wp-image-2120\" src=\"https:\/\/fundacionporlajusticia.org\/wp-content\/uploads\/2015\/09\/descarga.jpg\" alt=\"descarga\" width=\"278\" height=\"185\" \/><\/a> <a href=\"https:\/\/fundacionporlajusticia.org\/wp-content\/uploads\/2015\/09\/images.jpg\"><img loading=\"lazy\" decoding=\"async\" class=\"alignleft wp-image-2121\" src=\"https:\/\/fundacionporlajusticia.org\/wp-content\/uploads\/2015\/09\/images.jpg\" alt=\"images\" width=\"278\" height=\"185\" \/><\/a><\/td>\n<\/tr>\n<\/tbody>\n<\/table>","protected":false},"excerpt":{"rendered":"<p>\u00a0HISTORY \u00a0 Bankers. Harassment. \u00bfLove? Saturday, 12 th december 22.30 h. Spain, 2014 Direction:\u00a0 Pablo Rem\u00f3n 16 minutes Production Company: Tourmalet Films Cast: Juli\u00e1n Villagr\u00e1n, Luis Bermejo Script: Pablo Rem\u00f3n Production: Omar A. Razzak Cinematography: Christophe Farnier Art: Sany Climent Editing: Omar A. Razzak Sound: Sergio Gonz\u00e1lez DIRECTOR Pablo Rem\u00f3n graduated in Screenwriting at the [&hellip;]<\/p>\n","protected":false},"author":2,"featured_media":0,"parent":1068,"menu_order":6,"comment_status":"closed","ping_status":"closed","template":"","meta":{"_et_pb_use_builder":"","_et_pb_old_content":"","_et_gb_content_width":"","_uf_show_specific_survey":0,"_uf_disable_surveys":false,"footnotes":""},"class_list":["post-2661","page","type-page","status-publish","hentry"],"aioseo_notices":[],"_links":{"self":[{"href":"https:\/\/fundacionporlajusticia.org\/en\/wp-json\/wp\/v2\/pages\/2661","targetHints":{"allow":["GET"]}}],"collection":[{"href":"https:\/\/fundacionporlajusticia.org\/en\/wp-json\/wp\/v2\/pages"}],"about":[{"href":"https:\/\/fundacionporlajusticia.org\/en\/wp-json\/wp\/v2\/types\/page"}],"author":[{"embeddable":true,"href":"https:\/\/fundacionporlajusticia.org\/en\/wp-json\/wp\/v2\/users\/2"}],"replies":[{"embeddable":true,"href":"https:\/\/fundacionporlajusticia.org\/en\/wp-json\/wp\/v2\/comments?post=2661"}],"version-history":[{"count":5,"href":"https:\/\/fundacionporlajusticia.org\/en\/wp-json\/wp\/v2\/pages\/2661\/revisions"}],"predecessor-version":[{"id":3430,"href":"https:\/\/fundacionporlajusticia.org\/en\/wp-json\/wp\/v2\/pages\/2661\/revisions\/3430"}],"up":[{"embeddable":true,"href":"https:\/\/fundacionporlajusticia.org\/en\/wp-json\/wp\/v2\/pages\/1068"}],"wp:attachment":[{"href":"https:\/\/fundacionporlajusticia.org\/en\/wp-json\/wp\/v2\/media?parent=2661"}],"curies":[{"name":"wp","href":"https:\/\/api.w.org\/{rel}","templated":true}]}}