{"id":263,"date":"2021-01-29T13:16:24","date_gmt":"2022-03-04T10:07:47","guid":{"rendered":"https:\/\/fundacionporlajusticia.accesia.info\/?page_id=263"},"modified":"2022-03-21T16:21:35","modified_gmt":"2022-03-21T16:21:35","slug":"noticias","status":"publish","type":"page","link":"https:\/\/fundacionporlajusticia.org\/en\/humansfest\/2021-x-edicion\/noticias\/","title":{"rendered":"2021 \u2013 News"},"content":{"rendered":"<figure class=\"wp-block-image size-large\"><a href=\"https:\/\/fundacionporlajusticia.org\/wp-content\/uploads\/2022\/02\/Baner_rosa_festival_2022.png\"><img decoding=\"async\" src=\"https:\/\/fundacionporlajusticia.org\/wp-content\/uploads\/2022\/02\/Baner_rosa_festival_2022-1024x404.png\" alt=\"\" class=\"wp-image-6877\"\/><\/a><\/figure>\n\n\n\n<p class=\"has-text-align-center\"> For any questions you have us at: <a href=\"mailto:%20humans@humansfest.com\">humans@humansfest.com<\/a><\/p>\n\n\n\n<h2>News<br><\/h2>\n<hr>\n\n\n\n<h1 <p><strong>2022 13th Humans Fest<\/h1>\n\n<h4 style=\"color:#002b9e;\">Culturplaza | 23.02.2022<\/h4>\n<p><strong>Humans Fest puts migration at the heart of its new edition\n<\/strong><br><a href=\"https:\/\/valenciaplaza.com\/humans-fest-hace-de-la-migracion-el-eje-central-de-su-nueva-edicion\">Read the news<\/a><\/p>\n\n<h4 style=\"color:#002b9e;\">Europa Press | 22.02.2022<\/h4>\n<p><strong>Humans Fest will screen films on migration to \"move and mobilise\".\n<\/strong><br><a href=\"https:\/\/www.europapress.es\/comunitat-valenciana\/noticia-humans-fest-proyectara-cine-migracion-conmover-movilizar-20220222162201.html\">Read the news<\/a><\/p>\n\n<h4 style=\"color:#002b9e;\">20 minutes | 22.02.2022<\/h4>\n<p><strong>Humans Fest will screen films on migration to \"move and mobilise\".\n<\/strong><br><a href=\"https:\/\/www.20minutos.es\/noticia\/4960911\/0\/humans-fest-proyectara-cine-sobre-migracion-para-conmover-y-movilizar\/\">Read the news<\/a><\/p>\n\n<h4 style=\"color:#002b9e;\">PlazaTV | 02.02.2022<\/h4>\n<p><strong>Defending human rights around the world and through film\n<\/strong><br><a href=\"https:\/\/plazatv.valenciaplaza.com\/fundacion-por-la-justicia\">Read the news<\/a><\/p>\n\n<h4 style=\"color:#002b9e;\">Verlanga | 09.02.2022<\/h4>\n<p><strong>Majo Siscar's GPS\n<\/strong><br><a href=\"https:\/\/verlanga.com\/valenciaciudad\/el-gps-de-majo-siscar\/\">Read the news<\/a><\/p>\n\n<h4 style=\"color:#002b9e;\">Culturplaza | 27.01.2022<\/h4>\n<p><strong> Majo Siscar takes the helm of Humans Fest\n<\/strong><br> <a href=\"https:\/\/valenciaplaza.com\/majo-siscar-se-pone-al-frente-de-humans-fest#:~:text=El%20Festival%20de%20Cine%20de,Viv%C3%B3%20en%20los%20%C3%BAltimos%20meses.\">Read the news<\/a><\/p>\n\n<h1 <p><strong>2021 12th Humans Fest<\/h1>\n\n<h4 style=\"color:#002b9e;\">EFE Agency | 02\/21\/2021<\/h4>\n<p><strong>The Humans Fest closes its twelfth edition with more than 150,000 spectators<\/strong><br><a href=\"https:\/\/www.efe.com\/efe\/comunitat-valenciana\/cultura-y-ocio\/el-humans-fest-cierra-su-duodecima-edicion-con-mas-de-150-000-espectadores\/50000884-4470404\" target=\"_blank\" rel=\"noopener noreferrer\">Read the news<\/a><\/p>\n\n<h4 style=\"color:#002b9e;\">The newspaper here | 02\/21\/2021<\/h4>\n<p><strong>The Humans Fest says goodbye with 150,786 spectators<\/strong><br>The award for best international feature film went to &#039;Quo vadis, Aida?&#039;, by director Jasmila \u017dbani\u0107.<br><a href=\"https:\/\/www.elperiodicodeaqui.com\/epda-noticias\/el-humans-fest-se-despide-con-150-786-espectadores-\/239997\" target=\"_blank\" rel=\"noopener noreferrer\">Read the news<\/a><\/p>\n\n<h4 style=\"color:#002b9e;\">\u00c0 punt | 02\/20\/2021<\/h4>\n<p><strong>Informatiu nit<\/strong><br><a href=\"https:\/\/apuntmedia.es\/va\/noticies\/a-punt-ntc\/20-02-2021-informatiu-nit\" target=\"_blank\" rel=\"noopener noreferrer\">Watch video (21:39)<\/a><\/p>\n\n<h4 style=\"color:#002b9e;\">Valencia Plaza | 02\/21\/2021<\/h4>\n<p><strong>Closing gala of the 12th edition of the Humans Fest (Photos: Carlos Chiva)<\/strong><br><a href=\"https:\/\/valenciaplaza.com\/gala-de-clausura-de-la-xii-edicion-del-humans-fest-fotos-carlos-chiva\" target=\"_blank\" rel=\"noopener noreferrer\">See photo gallery<\/a><\/p>\n\n<h4 style=\"color:#002b9e;\">culturplaza | 02\/21\/2021<\/h4>\n<p><strong>The Humans Fest says goodbye by crowning &#039;Quo vadis, Aida?&#039;<\/strong><br>After two weeks of activities, the Valencia Film and Human Rights Festival, Humans Fest, closed its 12th edition with the closing ceremony and awards ceremony at the La Beneficencia cultural center. &#039;Quo vadis, Aida?&#039;, the big winner of the night, took home the award for best film in the official feature film section, in addition to the award for best script. On behalf of Jasmila \u017dbani\u0107, director of the film, he received the Esma Kucukalic award.<br><a href=\"https:\/\/valenciaplaza.com\/el-humans-fest-se-despide-coronando-quo-vadis-aida\" target=\"_blank\" rel=\"noopener noreferrer\">Read the news<\/a><\/p>\n\n<h4 style=\"color:#002b9e;\">culturplaza | 02\/18\/2021<\/h4>\n<p><strong>The documentary &#039;Asha. History of leprosy and hope&#039; arrives at Humans Fest<\/strong><br>This documentary was made in 2019 for the Fontilles Foundation, a leading non-profit organization in the fight against leprosy and other diseases.<br><a href=\"https:\/\/valenciaplaza.com\/el-documental-asha-historial-de-lepra-y-esperanza-llega-al-humans-fest\" target=\"_blank\" rel=\"noopener noreferrer\">Read the news<\/a><\/p>\n\n<h4 style=\"color:#002b9e;\">Digital Freedom | 02\/17\/2021<\/h4>\n<p><strong>&#039;The Rose Garden&#039;, the documentary about the murder of Spanish Jesuits in El Salvador<\/strong><br>Alberto Pla&#039;s film can be seen on YouTube until February 22.<br><a href=\"https:\/\/www.libertaddigital.com\/cultura\/cine\/2021-02-17\/jardin-rosas-alberto-pla-jesuitas-asesinato-el-salvador-ignacio-ellacuria-6710463\/\" target=\"_blank\" rel=\"noopener noreferrer\">Read the news<\/a><\/p>\n\n<h4 style=\"color:#002b9e;\">Radio square | 02\/16\/2021<\/h4>\n<p><strong>PODCAST The Afternoon with Marina<\/strong><br>Half the world should not rule over the other half.<br><a href=\"https:\/\/plazaradio.valenciaplaza.com\/documental-humans-fest-210216\" target=\"_blank\" rel=\"noopener noreferrer\">Listen to program<\/a><\/p>\n\n<h4 style=\"color:#002b9e;\">Culturplaza | 02\/16\/2021<\/h4>\n<p><strong>Jasmila \u017dbani\u0107: &quot;If the Srebrenica genocide were repeated, the outcome would be the same: the EU would not lift a finger&quot;<\/strong><br>The Bosnian director premieres her historical drama Quo vadis, Aida?, Audience Award at the last Rotterdam Festival, at the Humans Fest.<br><a href=\"https:\/\/valenciaplaza.com\/jasmila-bani-de-repetirse-el-genocidio-de-srebrenica-el-desenlace-seria-el-mismo-la-ue-no-levantaria-un-dedo\" target=\"_blank\" rel=\"noopener noreferrer\">Read the news<\/a><\/p>\n\n<h4 style=\"color:#002b9e;\">7televalence | 02\/11\/2021<\/h4>\n<p><strong>The Humans Fest inaugurates its 12th edition with a great online following<\/strong><br>Samuel Sebasti\u00e1n, director of the festival, is satisfied with the first day in which the 2021 Social Change award was awarded.<br><a href=\"https:\/\/7televalencia.com\/es\/humas-fest-nueva-edicion\/\" target=\"_blank\" rel=\"noopener noreferrer\">Watch video<\/a><\/p>\n\n<h4 style=\"color:#002b9e;\">Levante | 10.02.2021<\/h4>\n<p><strong>La Beneficencia hosts the inauguration of the Human Fest<\/strong><br>The festival is committed to supporting children and youth with sections dedicated to web series and video games.<br><a href=\"https:\/\/www.levante-emv.com\/cultura\/2021\/02\/10\/beneficencia-acoge-inauguracion-human-fest-34387775.html\" target=\"_blank\" rel=\"noopener noreferrer\">Read the news<\/a><\/p>\n\n<h4 style=\"color:#002b9e;\">\u00c0 punt | 9.02.2021<\/h4>\n<p><strong>Bona Vesprada<\/strong><br><a href=\"https:\/\/apuntmedia.es\/va\/a-la-carta\/programes\/vist-en-tv\/bona-vesprada\/09022021-bona-vesprada-tercera-part\" target=\"_blank\" rel=\"noopener noreferrer\">Watch video<\/a><\/p>\n\n<h4 style=\"color:#002b9e;\">Valencia Plaza | 9.02.2021<\/h4>\n<p><strong>Inauguration of the 12th edition of the Humans Fest (Photos: Carlos Chiva)<\/strong><br><a href=\"https:\/\/valenciaplaza.com\/inauguracion-de-la-xii-edicion-del-humans-fest-fotos-carlos-chiva\" target=\"_blank\" rel=\"noopener noreferrer\">See photo gallery<\/a><\/p>\n\n<h4 style=\"color:#002b9e;\">\u00c0 punt media | 8.02.2021<\/h4>\n<p><strong>The day \u00c0 Punt<\/strong><br><a href=\"https:\/\/apuntmedia.es\/va\/a-la-carta\/programes\/escoltat-en-la-radio\/el-dia-a-punt\/08022021-humans-fest\" target=\"_blank\" rel=\"noopener noreferrer\">Listen to program<\/a><\/p>\n\n<h4 style=\"color:#002b9e;\">\u00c0 punt media | 8.02.2021<\/h4>\n<p><strong>Next stop<\/strong><br><a href=\"https:\/\/apuntmedia.es\/va\/a-la-carta\/programes\/escoltat-en-la-radio\/proxima-parada\/08022021-proxima-parada-quarta-hora\" target=\"_blank\" rel=\"noopener noreferrer\">Listen to program<\/a><\/p>\n\n<h4 style=\"color:#002b9e;\">\u00c0 punt media | 8.02.2021<\/h4>\n<p><strong>The day \u00c0 Punt<\/strong><br><a href=\"https:\/\/www.ivoox.com\/08-02-2021-humans-fest-audios-mp3_rf_65084488_1.html\" target=\"_blank\" rel=\"noopener noreferrer\">Listen to program<\/a><\/p>\n\n<h4 style=\"color:#002b9e;\">\u00c0 punt | 8.02.2021<\/h4>\n<p><strong>The Humans Fest donates the tir d&#039;eixida to the dotzena edici\u00f3<\/strong><br>The Humans Fest, of which \u00c0 Punt is a sponsor, donates all the money to the edition. An international festival of cinema and human rights that will only reach 17,000 spectators, three times more than in 2019, and will become the festival with the largest audience in the Valencian Community.<br><a href=\"https:\/\/apuntmedia.es\/va\/a-la-carta\/programes\/escoltat-en-la-radio\/el-dia-a-punt\/el-humans-fest-dona-el-tir-d-eixida-a-la-dotzena-edicio\" target=\"_blank\" rel=\"noopener noreferrer\">Read the news<\/a><\/p>\n\n<h4 style=\"color:#002b9e;\">Valencia Plaza | 06.02.2021<\/h4>\n<p><strong>Human Fest\u2026despite the pandemic<\/strong><br>Next Monday the city of Valencia once again becomes the center and focus of analysis on Human Rights. Humans Fest is back. One of those necessary and essential festivals that brings to light realities, more silenced than ever by the pandemic, but that continue to happen in this world that we inhabit and build together. <br><a href=\"https:\/\/valenciaplaza.com\/human-festa-pesar-de-la-pandemia\" target=\"_blank\" rel=\"noopener noreferrer\">Read the news<\/a><\/p>\n\n<h4 style=\"color:#002b9e;\">Radio 3 | 02.02.2021<\/h4>\n<p><strong>The seventh vice \u2013 An acoustic with Lychees<\/strong><br><a href=\"https:\/\/plazaradio.valenciaplaza.com\/el-festival-humans-fest-apuesta-por-la-infancia-la-juventud-y-las-injusticias\" target=\"_blank\" rel=\"noopener noreferrer\">Listen to program<\/a><\/p>\n\n<h4 style=\"color:#002b9e;\">Plaza Radio | 01\/31\/2021<\/h4>\n<p><strong>PODCAST Obligations, the right ones<\/strong><br>We spoke with Samuel Sebasti\u00e1n, director of the Human Fest theme that involves childhood, youth, and the injustices to which these social groups are forced.<br><a href=\"https:\/\/plazaradio.valenciaplaza.com\/el-festival-humans-fest-apuesta-por-la-infancia-la-juventud-y-las-injusticias\" target=\"_blank\" rel=\"noopener noreferrer\">Read the news<\/a><\/p>\n<h4 style=\"color:#002b9e;\">Levante | 01\/29\/2021<\/h4>\n<p><strong>The Human Fest Festival includes &#039;webseries&#039; and a &#039;gamers&#039; section<\/strong><br>The International Film and Human Rights Festival of Valencia, Humans Fest, celebrates its 12th edition from February 8 to 22, organized by the Foundation for Justice with the collaboration of the Valencian Institute of Culture (IVC).<br><a href=\"https:\/\/www.levante-emv.com\/cultura\/2021\/01\/29\/festival-human-fest-incluye-webseries-32045939.html\" target=\"_blank\" rel=\"noopener noreferrer\">Read the news<\/a><\/p>\n\n<h4 style=\"color:#002b9e;\">Levante | 01\/29\/2021<\/h4>\n<p><strong>The Human Fest Festival includes &#039;webseries&#039; and a &#039;gamers&#039; section<\/strong><br>The International Film and Human Rights Festival of Valencia, Humans Fest, celebrates its 12th edition from February 8 to 22, organized by the Foundation for Justice with the collaboration of the Valencian Institute of Culture (IVC).<br><a href=\"https:\/\/www.rtve.es\/alacarta\/audios\/el-septimo-vicio\/acustico-lichis-04-02-21\/5783060\/\" target=\"_blank\" rel=\"noopener noreferrer\">Read the news<\/a><\/p>\n\n<h4 style=\"color:#002b9e;\">cultureplaza | 01\/29\/2021<\/h4>\n<p><strong>Humans Fest focuses on youth and adds a section of webseries and gamers<\/strong><br>This edition will reflect through cinema on injustices that already existed before the pandemic and that it has intensified. In addition, it grants the Premi pel Canvi Social to the Polio and Post-Polio Syndrome Association of the Valencian Community (APIP).<br><a href=\"https:\/\/valenciaplaza.com\/humans-fest-pone-el-foco-en-la-juventud-y-suma-seccion-de-webseries-y-gamers\" target=\"_blank\" rel=\"noopener noreferrer\">Read the news<\/a><\/p>\n\n<h4 style=\"color:#002b9e;\">the Diary | 01\/28\/2021<\/h4>\n<p><strong>Humans Fest incorporates social video jocs and series in an edition that aims to \u201clook to the future\u201d<\/strong><br>Personalities such as Manuela Carmena, Baltasar Garz\u00f3n, Joaquim Bosch or Herv\u00e9 Falciani will participate in this film and smoke festival.<br><a href=\"https:\/\/www.eldiario.es\/comunitat-valenciana\/eldiario-de-la-cultura\/humans-fest-incorpora-videojocs-socials-i-series-edicio-vol-mirar-futur_132_7175883.html\" target=\"_blank\" rel=\"noopener noreferrer\">Read the news<\/a><\/p>\n\n<h4 style=\"color:#002b9e;\">\u00c0 punt | 01\/28\/2021<\/h4>\n<p><strong>Informatiu migdia<\/strong><br><a href=\"https:\/\/apuntmedia.es\/va\/noticies\/a-punt-ntc\/28012021-ntc-migdia\" target=\"_blank\" rel=\"noopener noreferrer\">Watch video (42:08)<\/a><\/p>\n\n<h4 style=\"color:#002b9e;\">The Vanguard | 01\/28\/2021<\/h4>\n<p><strong>Humans Fest looks to the future with an edition dedicated to children and youth <\/strong>\n<br>The Humans Fest, Valencia&#039;s International Film and Human Rights Festival, looks towards the future of Human Rights with a twelfth edition dedicated to childhood and youth and during which it will recognize the career and social commitment of director Josefina Molina .,This has been revealed during the presentation of the festival organized by the Foundation for Justice and which will be held from February 8 to 22.\n<br><a href=\"https:\/\/www.lavanguardia.com\/vida\/20210128\/6205748\/humans-fest-mira-futuro-edicion-dedicada-infancia-juventud.html\" target=\"_blank\" rel=\"noopener noreferrer\">Read the news<\/a><\/p>\n\n<h4 style=\"color:#002b9e;\">20 minutes | 01\/28\/2021<\/h4>\n<p><strong>Humans Fest opens to webseries and video games in a new edition dedicated to childhood and youth<\/strong>\n<br>The International Film Festival I Drets Humans de Val\u00e8ncia, Humans Fest, will celebrate its 12th edition from February 8 to 22, dedicated to childhood and youth, and which will incorporate webseries from different countries and video games with social themes.<br><a href=\"https:\/\/amp.20minutos.es\/noticia\/4561197\/0\/humans-fest-se-abre-a-las-webseries-y-videojuegos-en-una-nueva-edicion-dedicada-a-la-infancia-y-la-juventud\/\" target=\"_blank\" rel=\"noopener noreferrer\">Read the news<\/a><\/p>\n\n<h4 style=\"color:#002b9e;\">EFE Agency | 01\/28\/2021<\/h4>\n<p><strong>Humans Fest looks to the future with an edition dedicated to children and youth<\/strong><br>The Humans Fest, Valencia&#039;s International Film and Human Rights Festival, looks towards the future of Human Rights with a twelfth edition dedicated to childhood and youth and during which it will recognize the career and social commitment of director Josefina Molina .<br><a href=\"https:\/\/www.efe.com\/efe\/comunitat-valenciana\/cultura-y-ocio\/humans-fest-mira-al-futuro-con-una-edicion-dedicada-a-la-infancia-y-juventud\/50000884-4451791\" target=\"_blank\" rel=\"noopener noreferrer\">Read the news<\/a><\/p>\n\n<h4 style=\"color:#002b9e;\">Valencia City | 01\/28\/2021<\/h4>\n<p><strong>The 12th edition of Humans Fest looks to the future of human rights<\/strong>\n<br>The festival is organized by the Foundation for Justice with the collaboration of the Institut Valenci\u00e0 de Cultura. It will be held in Valencia from February 8 to 22.<br><a href=\"https:\/\/valenciacity.es\/actualidad\/la-xii-edicion-de-humans-fest-mira-al-futuro-de-los-derechos-humanos\/\" target=\"_blank\" rel=\"noopener noreferrer\">Read the news<\/a><\/p>\n\n<h4 style=\"color:#002b9e;\">Valencia Urban Agenda | 01\/28\/2021<\/h4>\n<p><strong>HUMANS FEST RESISTANCE<\/strong><br><a href=\"https:\/\/au-agenda.com\/human-fest-resistencia\/\" target=\"_blank\" rel=\"noopener noreferrer\">Read the news<\/a><\/p>\n\n<h4 style=\"color:#002b9e;\">Chain Being | 01\/28\/2021<\/h4>\n<p><strong>Humans Fest dedicates the 12th edition of the festival to children and youth<\/strong><br>The International Film Festival I Drets Humans de Val\u00e8ncia, Humans Fest, celebrates its 12th edition. The Film Library of the Institut Valenci\u00e0 de Cultura will be the main venue of the Festival, organized by Fundaci\u00f3n por la Justicia, from February 8 to 22, for the first time, it will last fifteen days, thus increasing the number of activities and screenings, both online as in person.<br><a href=\"https:\/\/cadenaser.com\/emisora\/2021\/01\/28\/radio_valencia\/1611856451_998489.html\" target=\"_blank\" rel=\"noopener noreferrer\">Read the news<\/a><\/p>","protected":false},"excerpt":{"rendered":"<p>For any questions, please contact us at: humans@humansfest.com News<\/p>","protected":false},"author":2,"featured_media":0,"parent":2186,"menu_order":0,"comment_status":"closed","ping_status":"closed","template":"","meta":{"_et_pb_use_builder":"","_et_pb_old_content":"","_et_gb_content_width":"","_uf_show_specific_survey":0,"_uf_disable_surveys":false,"footnotes":""},"class_list":["post-263","page","type-page","status-publish","hentry"],"aioseo_notices":[],"_links":{"self":[{"href":"https:\/\/fundacionporlajusticia.org\/en\/wp-json\/wp\/v2\/pages\/263","targetHints":{"allow":["GET"]}}],"collection":[{"href":"https:\/\/fundacionporlajusticia.org\/en\/wp-json\/wp\/v2\/pages"}],"about":[{"href":"https:\/\/fundacionporlajusticia.org\/en\/wp-json\/wp\/v2\/types\/page"}],"author":[{"embeddable":true,"href":"https:\/\/fundacionporlajusticia.org\/en\/wp-json\/wp\/v2\/users\/2"}],"replies":[{"embeddable":true,"href":"https:\/\/fundacionporlajusticia.org\/en\/wp-json\/wp\/v2\/comments?post=263"}],"version-history":[{"count":7,"href":"https:\/\/fundacionporlajusticia.org\/en\/wp-json\/wp\/v2\/pages\/263\/revisions"}],"predecessor-version":[{"id":2187,"href":"https:\/\/fundacionporlajusticia.org\/en\/wp-json\/wp\/v2\/pages\/263\/revisions\/2187"}],"up":[{"embeddable":true,"href":"https:\/\/fundacionporlajusticia.org\/en\/wp-json\/wp\/v2\/pages\/2186"}],"wp:attachment":[{"href":"https:\/\/fundacionporlajusticia.org\/en\/wp-json\/wp\/v2\/media?parent=263"}],"curies":[{"name":"wp","href":"https:\/\/api.w.org\/{rel}","templated":true}]}}