{"id":2552,"date":"2015-09-17T12:20:09","date_gmt":"2015-09-17T12:20:09","guid":{"rendered":"https:\/\/fundacionporlajusticia.accesia.info\/?page_id=1075"},"modified":"2022-03-21T15:58:20","modified_gmt":"2022-03-21T15:58:20","slug":"boxing-for-freedom","status":"publish","type":"page","link":"https:\/\/fundacionporlajusticia.org\/en\/humansfest\/2016-vii-edicion\/seccion-oficial-3\/boxing-for-freedom\/","title":{"rendered":"BOXING FOR FREEDOM"},"content":{"rendered":"<table>\n<tbody>\n<tr>\n<td style=\"width: 206px; text-align: center; vertical-align: middle;\" width=\"206\">\u00a0<img loading=\"lazy\" decoding=\"async\" class=\"aligncenter wp-image-1183 size-full\" src=\"https:\/\/fundacionporlajusticia.org\/wp-content\/uploads\/2015\/09\/20150515_cartel.jpg\" alt=\"20150515_cartel\" width=\"220\" height=\"330\" \/><\/td>\n<td width=\"376\">\n<h1><strong>THE HISTORY<\/strong><\/h1>\n<p style=\"text-align: justify;\">Sadaf Rahimi is the best boxer in Afghanistan but she must face the traditions of her country, fear and her own destiny to be a free woman. She and her sister Shabnam joined Afghanistan&#039;s newly formed women&#039;s boxing team at the age of 13 when they returned to their country after taking refuge in Iran. Her successes in boxing and in studies will make her a reference for many young Afghan girls, but her path will not be free of threats and difficulties.<\/p>\n<\/td>\n<\/tr>\n<tr>\n<td style=\"width: 206px; vertical-align: top; text-align: left;\" rowspan=\"2\" width=\"206\">\n<h2><strong>Sunday, December 13, 6:00 p.m.<\/strong><\/h2>\n<h4><strong>Spain, 2015<\/strong><\/h4>\n<h4><strong>Direction, production and script<\/strong>:<\/h4>\n<h4>Juan Antonio Moreno<\/h4>\n<h4>Silvia Venegas<\/h4>\n<h4><strong>53 minutes<\/strong><\/h4>\n<h4><strong>Director of photography:<\/strong><\/h4>\n<h4>Alberto Gonzalez<\/h4>\n<h4><strong>Edition:<\/strong><\/h4>\n<h4>Nacho Ruiz Capillas<\/h4>\n<h4><strong>Format:<\/strong>\u00a0DCP<\/h4>\n<h4><strong>Language:<\/strong>\u00a0Persian and English<br class=\"autobr\" \/><strong>Subtitles in<\/strong>\u00a0Spanish<\/h4>\n<h4><strong>Distribution:<\/strong><\/h4>\n<h4>Freak Agency.<\/h4>\n<\/td>\n<td width=\"376\">\n<h1><strong>DIRECTOR<\/strong><\/h1>\n<p style=\"text-align: justify;\"><img loading=\"lazy\" decoding=\"async\" class=\"alignright size-medium wp-image-2687\" src=\"https:\/\/fundacionporlajusticia.org\/wp-content\/uploads\/2015\/09\/boxing-venegas-moreno-540x405-300x223.jpg\" alt=\"boxing-venegas-moreno-540x405\" width=\"300\" height=\"223\" \/>Silvia Venegas and Juan Antonio Moreno, both graduates in Journalism from UC3M. They founded the production company Making DOC in 2010 and their works have been selected and awarded at national and international festivals.<\/p>\n<p style=\"text-align: justify;\">\n<\/td>\n<\/tr>\n<tr>\n<td width=\"376\">\n<h1><strong>FESTIVALS AND AWARDS<\/strong><\/h1>\n<ul>\n<li>Selected for the European Film Award (EFA) in the European Documentary section 2015. European Film Academy.<\/li>\n<li>Silver Biznaga. Section Affirming women&#039;s rights. Malaga Spanish Cinema Festival. Spain.<\/li>\n<li>The United Nations Refugee Agency (UNHCR) Film Festival. Japan.<\/li>\n<li>Valencia International Film and Human Rights Festival. Spain.<\/li>\n<li>Alcine Festival. Spain.<\/li>\n<li>Miradasdoc International Documentary Festival. Spain.<\/li>\n<li>Segovia European Film Festival.<\/li>\n<li>Sample of Cinema made by women from Zaragoza.<\/li>\n<li>Cinebaix sample. Spain.<\/li>\n<li>Women Make Waves Film Festival. Taiwan (China).<\/li>\n<li>Invisible Cinema Festival. Spain.<\/li>\n<li>China Women&#039;s Film Festival) China.<\/li>\n<li>Toulouse Spanish Film Festival (CINESPA\u00d1A) France.<\/li>\n<li>Rizoma Festival. Spain.<\/li>\n<li>Human Rights Human Dignity International Film Festival. Myanmar.<\/li>\n<li>Buenos Aires International Human Rights Film Festival. Argentina.<\/li>\n<li>Pamplona Spain International Film and Women Exhibition.<\/li>\n<li>Madrid International Documentary Festival. Documentamadrid. Spain.<\/li>\n<li>Malaga Spanish Cinema Festival. Spain.<\/li>\n<li>Silk Road Festival. Ireland.<\/li>\n<li>Geneva International Festival and Human Rights Forum. FIFDH. Swiss.<\/li>\n<\/ul>\n<\/td>\n<\/tr>\n<tr>\n<td colspan=\"2\" width=\"581\"><iframe loading=\"lazy\" src=\"https:\/\/www.youtube.com\/embed\/G-U2rlrkm9w\" width=\"1040\" height=\"585\" frameborder=\"0\" allowfullscreen=\"allowfullscreen\"><\/iframe><\/td>\n<\/tr>\n<tr>\n<td colspan=\"2\" width=\"581\">\u00a0<img loading=\"lazy\" decoding=\"async\" class=\"alignleft wp-image-1562\" src=\"https:\/\/fundacionporlajusticia.org\/wp-content\/uploads\/2015\/09\/boxingforfreedom_12-300x200.jpg\" alt=\"boxingforfreedom_12\" width=\"270\" height=\"180\" \/><img loading=\"lazy\" decoding=\"async\" class=\"alignleft wp-image-1559\" src=\"https:\/\/fundacionporlajusticia.org\/wp-content\/uploads\/2015\/09\/boxingforfreedom_11-300x169.jpg\" alt=\"boxingforfreedom_1\" width=\"320\" height=\"180\" \/> <img loading=\"lazy\" decoding=\"async\" class=\"alignleft wp-image-1560\" src=\"https:\/\/fundacionporlajusticia.org\/wp-content\/uploads\/2015\/09\/boxingforfreedom_6-300x169.jpg\" alt=\"boxingforfreedom_6\" width=\"320\" height=\"180\" \/><\/td>\n<\/tr>\n<\/tbody>\n<\/table>\n<p>&nbsp;<\/p>","protected":false},"excerpt":{"rendered":"<p>\u00a0 LA HISTORIA Sadaf Rahimi es la mejor boxeadora de Afganist\u00e1n pero debe enfrentarse a las tradiciones de su pa\u00eds, al miedo y a su propio destino para ser una mujer libre. Ella y su hermana Shabnam se unieron al reci\u00e9n creado equipo de boxeo femenino de Afganist\u00e1n con 13 a\u00f1os cuando regresaron a su [&hellip;]<\/p>\n","protected":false},"author":2,"featured_media":0,"parent":1040,"menu_order":2,"comment_status":"closed","ping_status":"closed","template":"","meta":{"_et_pb_use_builder":"","_et_pb_old_content":"","_et_gb_content_width":"","_uf_show_specific_survey":0,"_uf_disable_surveys":false,"footnotes":""},"class_list":["post-2552","page","type-page","status-publish","hentry"],"aioseo_notices":[],"_links":{"self":[{"href":"https:\/\/fundacionporlajusticia.org\/en\/wp-json\/wp\/v2\/pages\/2552","targetHints":{"allow":["GET"]}}],"collection":[{"href":"https:\/\/fundacionporlajusticia.org\/en\/wp-json\/wp\/v2\/pages"}],"about":[{"href":"https:\/\/fundacionporlajusticia.org\/en\/wp-json\/wp\/v2\/types\/page"}],"author":[{"embeddable":true,"href":"https:\/\/fundacionporlajusticia.org\/en\/wp-json\/wp\/v2\/users\/2"}],"replies":[{"embeddable":true,"href":"https:\/\/fundacionporlajusticia.org\/en\/wp-json\/wp\/v2\/comments?post=2552"}],"version-history":[{"count":1,"href":"https:\/\/fundacionporlajusticia.org\/en\/wp-json\/wp\/v2\/pages\/2552\/revisions"}],"predecessor-version":[{"id":2844,"href":"https:\/\/fundacionporlajusticia.org\/en\/wp-json\/wp\/v2\/pages\/2552\/revisions\/2844"}],"up":[{"embeddable":true,"href":"https:\/\/fundacionporlajusticia.org\/en\/wp-json\/wp\/v2\/pages\/1040"}],"wp:attachment":[{"href":"https:\/\/fundacionporlajusticia.org\/en\/wp-json\/wp\/v2\/media?parent=2552"}],"curies":[{"name":"wp","href":"https:\/\/api.w.org\/{rel}","templated":true}]}}