{"id":2374,"date":"2014-10-20T15:34:21","date_gmt":"2014-10-20T15:34:21","guid":{"rendered":"https:\/\/fundacionporlajusticia.accesia.info\/?page_id=607"},"modified":"2022-03-26T07:34:20","modified_gmt":"2022-03-26T07:34:20","slug":"1-minuto-1-derecho","status":"publish","type":"page","link":"https:\/\/fundacionporlajusticia.org\/en\/humansfest\/el_festival\/2015-edicion-vi\/1-minuto-1-derecho\/","title":{"rendered":"2015 EDITION \u00ab1 MINUTE 1 RIGHT\u00bb"},"content":{"rendered":"<p style=\"text-align: JUSTIFY;\">The &quot;1 MINUTE-1 RIGHT&quot; contest, within the framework of the VIIIth Valencia Documentary Film and Human Rights Festival, presents short films that must deal with one of the human rights included in the Universal Declaration of Human Rights. The screening will be at the D&#039;OR cinemas in Valencia.<\/p>\n<h1>Microfilm Contest Award \u201c1 minute a right\u201d<\/h1>\n<blockquote><p><strong>Humans Fest<\/strong> announces two awards for this category:<\/p>\n<ul>\n<li>Work carried out in schools<\/li>\n<li>Centers that serve people at risk of social exclusion and penitentiaries and university centers<\/li>\n<\/ul>\n<p>Endowed with 250 euros each.<br \/>\nThe call is open.<br \/>\nRegistration at: press@humansfest.com<br \/>\nYou can know the bases here:\u00a0<a href=\"https:\/\/fundacionporlajusticia.org\/wp-content\/uploads\/2014\/10\/bases_micrometrajes.doc\">bases_microfilms<\/a><\/p><\/blockquote>\n<p style=\"text-align: JUSTIFY;\">Below are some of the shorts from previous editions<\/p>\n<p><strong>\u00a0<\/strong><strong>List of Short Films from the \u201c1 minute \u2013 1 Right\u201d Contest:<\/strong><\/p>\n<p><img loading=\"lazy\" decoding=\"async\" class=\"alignnone size-full wp-image-645\" src=\"https:\/\/fundacionporlajusticia.org\/wp-content\/uploads\/2014\/10\/1.-still.png\" alt=\"1. still\" width=\"400\" height=\"219\" \/><\/p>\n<p>Iran and freedom of expression. Dir: Adri\u00e1n Vidal. EASD.<\/p>\n<p><img loading=\"lazy\" decoding=\"async\" class=\"alignnone size-full wp-image-646\" src=\"https:\/\/fundacionporlajusticia.org\/wp-content\/uploads\/2014\/10\/2.-Still.png\" alt=\"2. Still\" width=\"400\" height=\"218\" \/><\/p>\n<p><em>Torture<\/em>. Dir: Isidoro Fern\u00e1ndez. EASD.\u00a0<strong>10\/25. 6:00 p.m.<\/strong><\/p>\n<p><img loading=\"lazy\" decoding=\"async\" class=\"alignnone size-full wp-image-647\" src=\"https:\/\/fundacionporlajusticia.org\/wp-content\/uploads\/2014\/10\/3.-Still.png\" alt=\"3. Still\" width=\"400\" height=\"218\" \/><\/p>\n<p><em>Thanks to international pressure, Pussy Riot are free<\/em>. Dir: Itziar Telletxea. EASD.<\/p>\n<p><img loading=\"lazy\" decoding=\"async\" class=\"alignnone size-full wp-image-648\" src=\"https:\/\/fundacionporlajusticia.org\/wp-content\/uploads\/2014\/10\/4.-Still.png\" alt=\"4. Still\" width=\"400\" height=\"228\" \/><\/p>\n<p><em>Once upon a time in Cuba<\/em>\u2026 Dir: Jaume Navarro. EASD.<\/p>\n<p><img loading=\"lazy\" decoding=\"async\" class=\"alignnone size-full wp-image-649\" src=\"https:\/\/fundacionporlajusticia.org\/wp-content\/uploads\/2014\/10\/5.-Still.png\" alt=\"5. Still\" width=\"400\" height=\"226\" \/><\/p>\n<p>Joan of Arc<em>. <\/em>Dir: M\u00f3nica Monroy, Jaime Goberna, Jorge L\u00f3pez, Bruno Louro. EASD.<\/p>\n<p><img loading=\"lazy\" decoding=\"async\" class=\"alignnone size-full wp-image-650\" src=\"https:\/\/fundacionporlajusticia.org\/wp-content\/uploads\/2014\/10\/6.-Still.png\" alt=\"6. Still\" width=\"400\" height=\"226\" \/><\/p>\n<p><em>Silence is not freedom<\/em>. Dir: Juliana Muir. EASD.<\/p>\n<p><img loading=\"lazy\" decoding=\"async\" class=\"alignnone size-full wp-image-631\" src=\"https:\/\/fundacionporlajusticia.org\/wp-content\/uploads\/2014\/10\/7.-Still.png\" alt=\"7. Still\" width=\"400\" height=\"224\" \/><\/p>\n<p><em>universal declaration<\/em>. Dir: Manuel Nadal. EASD.<\/p>\n<p><img loading=\"lazy\" decoding=\"async\" class=\"alignnone size-full wp-image-632\" src=\"https:\/\/fundacionporlajusticia.org\/wp-content\/uploads\/2014\/10\/8.-Still.png\" alt=\"8. Still\" width=\"400\" height=\"219\" \/><\/p>\n<p><em>Women in Afghanistan<\/em>. Dir: Melisa C\u00f3rdoba. EASD.<\/p>\n<p><img loading=\"lazy\" decoding=\"async\" class=\"alignnone size-full wp-image-633\" src=\"https:\/\/fundacionporlajusticia.org\/wp-content\/uploads\/2014\/10\/9.-Still.png\" alt=\"9. Still\" width=\"400\" height=\"217\" \/><\/p>\n<p><em>Censored video<\/em>. Dir: Mireia C\u00e1rdenas. EASD.<\/p>\n<p><img loading=\"lazy\" decoding=\"async\" class=\"alignnone size-full wp-image-634\" src=\"https:\/\/fundacionporlajusticia.org\/wp-content\/uploads\/2014\/10\/10.-Still.png\" alt=\"10. Still\" width=\"400\" height=\"218\" \/><\/p>\n<p><em>Prisoners of conscience in Cuba<\/em>. Dir: Pilar Delgado. EASD.<\/p>\n<p><img loading=\"lazy\" decoding=\"async\" class=\"alignnone size-full wp-image-635\" src=\"https:\/\/fundacionporlajusticia.org\/wp-content\/uploads\/2014\/10\/11.-Still.png\" alt=\"11. Still\" width=\"400\" height=\"214\" \/><\/p>\n<p><em>In the world<\/em>. Dir: Sara Rey. EASD.<\/p>\n<p><img loading=\"lazy\" decoding=\"async\" class=\"alignnone size-full wp-image-636\" src=\"https:\/\/fundacionporlajusticia.org\/wp-content\/uploads\/2014\/10\/12.-Still.png\" alt=\"12. Still\" width=\"400\" height=\"223\" \/><\/p>\n<p><em>\u00a0Don&#039;t let them silence your voice<\/em>. Dir: Nadia P\u00e9res, \u00c1ngel Mart\u00ednez. EASD.<\/p>\n<p><img loading=\"lazy\" decoding=\"async\" class=\"alignnone size-full wp-image-637\" src=\"https:\/\/fundacionporlajusticia.org\/wp-content\/uploads\/2014\/10\/13.-Still.png\" alt=\"13. Still\" width=\"400\" height=\"224\" \/><\/p>\n<p><em>Not everyone can do it<\/em>. Dir: \u00c1lvaro Justo. EASD.<\/p>\n<p><img loading=\"lazy\" decoding=\"async\" class=\"alignnone size-full wp-image-638\" src=\"https:\/\/fundacionporlajusticia.org\/wp-content\/uploads\/2014\/10\/14.-Still.png\" alt=\"14. Still\" width=\"400\" height=\"224\" \/><\/p>\n<p><em>Wall Poster<\/em>. Dir: Patricia G\u00e1zquez. EASD.<\/p>\n<p><img loading=\"lazy\" decoding=\"async\" class=\"alignnone size-full wp-image-639\" src=\"https:\/\/fundacionporlajusticia.org\/wp-content\/uploads\/2014\/10\/15.-Still.png\" alt=\"15. Still\" width=\"400\" height=\"222\" \/><\/p>\n<p><em>No to racism and prejudice of ideas<\/em>. Dir: Picassent Penitentiary.<\/p>\n<p><img loading=\"lazy\" decoding=\"async\" class=\"alignnone size-full wp-image-640\" src=\"https:\/\/fundacionporlajusticia.org\/wp-content\/uploads\/2014\/10\/16.-Still.png\" alt=\"16. Still\" width=\"400\" height=\"224\" \/><\/p>\n<p><em>Maria<\/em>. Dir: Erica Sansil. Brazil.<\/p>\n<p><img loading=\"lazy\" decoding=\"async\" class=\"alignnone size-full wp-image-641\" src=\"https:\/\/fundacionporlajusticia.org\/wp-content\/uploads\/2014\/10\/17.-Still.png\" alt=\"17. Still\" width=\"400\" height=\"220\" \/><\/p>\n<p><em>Speechless<\/em>. Dir: Kike Arroyo.<\/p>\n<p><img loading=\"lazy\" decoding=\"async\" class=\"alignnone size-full wp-image-642\" src=\"https:\/\/fundacionporlajusticia.org\/wp-content\/uploads\/2014\/10\/18.-Still.png\" alt=\"18. Still\" width=\"400\" height=\"221\" \/><\/p>\n<p><em>I decide<\/em>. The freedom train. Dir: Amparo Fortuny.\u00a0<strong><br \/>\n<\/strong><\/p>\n<p><img loading=\"lazy\" decoding=\"async\" class=\"alignnone size-full wp-image-643\" src=\"https:\/\/fundacionporlajusticia.org\/wp-content\/uploads\/2014\/10\/19.-Still.png\" alt=\"19. Still\" width=\"400\" height=\"222\" \/><\/p>\n<p><em>For Sale<\/em>. Dir: Jose Antonio Campos.<\/p>\n<p><img loading=\"lazy\" decoding=\"async\" class=\"alignnone size-full wp-image-644\" src=\"https:\/\/fundacionporlajusticia.org\/wp-content\/uploads\/2014\/10\/20.-Sill.png\" alt=\"20. Sill\" width=\"400\" height=\"224\" \/><\/p>\n<p><em>Without distinction of sex<\/em>. M\u00aa Jos\u00e9 Anrubia.<\/p>\n<p>&nbsp;<\/p>","protected":false},"excerpt":{"rendered":"<p>El concurso \u00ab1 MINUTO-1 DERECHO\u00bb, en el marco del VIII\u00ba Festival de Cine Documental y Derechos Humanos de Valencia presenta cortometrajes que deber\u00e1n versar sobre alguno de los derechos humanos recogidos en la Declaraci\u00f3n Universal de Derechos Humanos. La proyecci\u00f3n ser\u00e1 en los cines D\u00b4OR de Val\u00e8ncia. Premio Concurso Micrometrajes \u201c1 minuto un derecho\u201d Humans [&hellip;]<\/p>\n","protected":false},"author":2,"featured_media":0,"parent":2317,"menu_order":4,"comment_status":"closed","ping_status":"closed","template":"","meta":{"_et_pb_use_builder":"","_et_pb_old_content":"","_et_gb_content_width":"","_uf_show_specific_survey":0,"_uf_disable_surveys":false,"footnotes":""},"class_list":["post-2374","page","type-page","status-publish","hentry"],"aioseo_notices":[],"_links":{"self":[{"href":"https:\/\/fundacionporlajusticia.org\/en\/wp-json\/wp\/v2\/pages\/2374","targetHints":{"allow":["GET"]}}],"collection":[{"href":"https:\/\/fundacionporlajusticia.org\/en\/wp-json\/wp\/v2\/pages"}],"about":[{"href":"https:\/\/fundacionporlajusticia.org\/en\/wp-json\/wp\/v2\/types\/page"}],"author":[{"embeddable":true,"href":"https:\/\/fundacionporlajusticia.org\/en\/wp-json\/wp\/v2\/users\/2"}],"replies":[{"embeddable":true,"href":"https:\/\/fundacionporlajusticia.org\/en\/wp-json\/wp\/v2\/comments?post=2374"}],"version-history":[{"count":1,"href":"https:\/\/fundacionporlajusticia.org\/en\/wp-json\/wp\/v2\/pages\/2374\/revisions"}],"predecessor-version":[{"id":2838,"href":"https:\/\/fundacionporlajusticia.org\/en\/wp-json\/wp\/v2\/pages\/2374\/revisions\/2838"}],"up":[{"embeddable":true,"href":"https:\/\/fundacionporlajusticia.org\/en\/wp-json\/wp\/v2\/pages\/2317"}],"wp:attachment":[{"href":"https:\/\/fundacionporlajusticia.org\/en\/wp-json\/wp\/v2\/media?parent=2374"}],"curies":[{"name":"wp","href":"https:\/\/api.w.org\/{rel}","templated":true}]}}