{"id":2371,"date":"2014-10-07T10:13:48","date_gmt":"2014-10-07T10:13:48","guid":{"rendered":"https:\/\/fundacionporlajusticia.accesia.info\/?page_id=533"},"modified":"2022-03-21T15:55:38","modified_gmt":"2022-03-21T15:55:38","slug":"el-extraordinario-viaje-de-lucius-dumb","status":"publish","type":"page","link":"https:\/\/fundacionporlajusticia.org\/en\/humansfest\/el_festival\/2015-edicion-vi\/seccion-animacion-y-ddhh\/el-extraordinario-viaje-de-lucius-dumb\/","title":{"rendered":"The extraordinary journey of Lucius Dumb"},"content":{"rendered":"<p style=\"color: #48423f;\"><strong style=\"color: #1c1c1c;\"><img loading=\"lazy\" decoding=\"async\" class=\"alignleft size-medium wp-image-454\" src=\"https:\/\/fundacionporlajusticia.org\/wp-content\/uploads\/2014\/10\/el_extraordinario_viaje_de_lucius_dumb-cartel-5226-210x300.jpg\" alt=\"el_extraordinario_viaje_de_lucius_dumb-cartel-5226\" width=\"210\" height=\"300\" \/>The extraordinary journey of Lucius Dumb<\/strong><br \/>\nMaite Ruiz from Austri. Spain \/ Spain. 2013. Color. DCP.<br \/>\nA group of very intelligent and very crazy scientists decide that one of them will go out in search of an instrument that will turn the Earth into a peaceful planet. The chosen one is Lucius Dumb, a young, shy and kind scientist.<\/p>\n<p><iframe loading=\"lazy\" src=\"\/\/www.youtube.com\/embed\/Veh5er5CvoY\" width=\"560\" height=\"315\" frameborder=\"0\" allowfullscreen=\"allowfullscreen\"><\/iframe><\/p>","protected":false},"excerpt":{"rendered":"<p>El extraordinario viaje de Lucius Dumb Maite Ruiz de Austri. Espanya \/ Espa\u00f1a. 2013. Color. DCP. Un grupo de cient\u00edficos muy inteligentes y muy locos deciden que uno de ellos salga en busca de un instrumento que permita convertir la Tierra en un planeta pac\u00edfico. El elegido es Lucius Dumb, un cient\u00edfico joven, t\u00edmido y [&hellip;]<\/p>\n","protected":false},"author":2,"featured_media":0,"parent":2352,"menu_order":3,"comment_status":"closed","ping_status":"closed","template":"","meta":{"_et_pb_use_builder":"","_et_pb_old_content":"","_et_gb_content_width":"","_uf_show_specific_survey":0,"_uf_disable_surveys":false,"footnotes":""},"class_list":["post-2371","page","type-page","status-publish","hentry"],"aioseo_notices":[],"_links":{"self":[{"href":"https:\/\/fundacionporlajusticia.org\/en\/wp-json\/wp\/v2\/pages\/2371","targetHints":{"allow":["GET"]}}],"collection":[{"href":"https:\/\/fundacionporlajusticia.org\/en\/wp-json\/wp\/v2\/pages"}],"about":[{"href":"https:\/\/fundacionporlajusticia.org\/en\/wp-json\/wp\/v2\/types\/page"}],"author":[{"embeddable":true,"href":"https:\/\/fundacionporlajusticia.org\/en\/wp-json\/wp\/v2\/users\/2"}],"replies":[{"embeddable":true,"href":"https:\/\/fundacionporlajusticia.org\/en\/wp-json\/wp\/v2\/comments?post=2371"}],"version-history":[{"count":1,"href":"https:\/\/fundacionporlajusticia.org\/en\/wp-json\/wp\/v2\/pages\/2371\/revisions"}],"predecessor-version":[{"id":2836,"href":"https:\/\/fundacionporlajusticia.org\/en\/wp-json\/wp\/v2\/pages\/2371\/revisions\/2836"}],"up":[{"embeddable":true,"href":"https:\/\/fundacionporlajusticia.org\/en\/wp-json\/wp\/v2\/pages\/2352"}],"wp:attachment":[{"href":"https:\/\/fundacionporlajusticia.org\/en\/wp-json\/wp\/v2\/media?parent=2371"}],"curies":[{"name":"wp","href":"https:\/\/api.w.org\/{rel}","templated":true}]}}