{"id":2352,"date":"2014-10-06T10:45:03","date_gmt":"2014-10-06T10:45:03","guid":{"rendered":"https:\/\/fundacionporlajusticia.accesia.info\/?page_id=442"},"modified":"2022-03-26T08:09:22","modified_gmt":"2022-03-26T08:09:22","slug":"seccion-animacion-y-ddhh","status":"publish","type":"page","link":"https:\/\/fundacionporlajusticia.org\/en\/humansfest\/el_festival\/2015-edicion-vi\/seccion-animacion-y-ddhh\/","title":{"rendered":"2015 EDITION \u2013 ANIMATION AND HR SECTION"},"content":{"rendered":"<p><strong>Within the framework of the International Film and Human Rights Festival, the Film Library also programs a complementary cycle made up of a selection of animated films and short films whose themes are related to human rights.<\/strong><\/p>\n<p><strong>FILMS:<\/strong><br \/>\n<a href=\"https:\/\/fundacionporlajusticia.org\/en\/crulic\/\"><img loading=\"lazy\" decoding=\"async\" class=\"alignleft size-full wp-image-543\" src=\"https:\/\/fundacionporlajusticia.org\/wp-content\/uploads\/2014\/10\/cartel_CRULIC1.png\" alt=\"cartel_CRULIC\" width=\"180\" height=\"319\" \/><\/a> <a href=\"https:\/\/fundacionporlajusticia.org\/en\/la-tumba-de-las-luciernagas\/\"><img loading=\"lazy\" decoding=\"async\" class=\"alignleft size-full wp-image-544\" src=\"https:\/\/fundacionporlajusticia.org\/wp-content\/uploads\/2014\/10\/cartel_tumba1.png\" alt=\"cartel_tumba\" width=\"180\" height=\"319\" \/><\/a> <a href=\"https:\/\/fundacionporlajusticia.org\/en\/el-extraordinario-viaje-de-lucius-dumb\/\"><img loading=\"lazy\" decoding=\"async\" class=\"alignleft size-full wp-image-545\" src=\"https:\/\/fundacionporlajusticia.org\/wp-content\/uploads\/2014\/10\/VIAJE1.png\" alt=\"VIAJE\" width=\"180\" height=\"319\" \/><\/a><\/p>\n<p><a href=\"https:\/\/fundacionporlajusticia.org\/wp-content\/uploads\/2014\/10\/VIAJE.png\">\u00a0<\/a><\/p>\n<p><strong>SHORT FILMS<\/strong><br \/>\nSelection of short films that, through different tones and animation techniques, approach topics such as emigration (<em><strong>A giraffe sous la pluie<\/strong><\/em>), inequalities and child exploitation (<em><strong>to garota<\/strong><\/em>), famine in Africa (<em><strong>Ossudo<\/strong><\/em>), the overexploitation of the planet&#039;s natural resources (<em><strong>The evolutionary ultimatum<\/strong><\/em>) or respect for diversity (<em><strong>The girl who had only one ear<\/strong><\/em>,\u00a0<em><strong>Discouraged<\/strong><\/em>).<\/p>\n<p><a href=\"https:\/\/fundacionporlajusticia.org\/wp-content\/uploads\/2014\/10\/agarota.jpg\"><img loading=\"lazy\" decoding=\"async\" class=\"alignnone size-full wp-image-488\" src=\"https:\/\/fundacionporlajusticia.org\/wp-content\/uploads\/2014\/10\/agarota.jpg\" alt=\"agarota\" width=\"214\" height=\"317\" \/><\/a><br \/>\n<strong>to garota<\/strong>\u00a0(LA XIQUETA \/ THE GIRL).Fernando Pinheiro. 2005. 4\u2032<\/p>\n<p><a href=\"https:\/\/fundacionporlajusticia.org\/wp-content\/uploads\/2014\/10\/une-girafe-sous-la-pluie-310x437.jpg\"><img loading=\"lazy\" decoding=\"async\" class=\"alignnone wp-image-494 size-medium\" src=\"https:\/\/fundacionporlajusticia.org\/wp-content\/uploads\/2014\/10\/une-girafe-sous-la-pluie-310x437-223x300.jpg\" alt=\"une-girafe-sous-la-pluie-310x437\" width=\"223\" height=\"300\" \/><\/a><br \/>\n<strong>A giraffe sous la pluie<\/strong><strong>\u00a0<\/strong>(A GIRAFFE SOTA LA PLUJA \/ A GIRAFFE UNDER THE RAIN). Pascale Hecquet. 2007. 12\u2032<\/p>\n<p><a href=\"https:\/\/fundacionporlajusticia.org\/wp-content\/uploads\/2014\/10\/ossudo-julio-alves.jpg\"><img loading=\"lazy\" decoding=\"async\" class=\"alignnone size-medium wp-image-492\" src=\"https:\/\/fundacionporlajusticia.org\/wp-content\/uploads\/2014\/10\/ossudo-julio-alves-300x168.jpg\" alt=\"ossudo-julio-alves\" width=\"300\" height=\"168\" \/><\/a><br \/>\n<strong>Ossudo\u00a0<\/strong><strong>\u00a0<\/strong>(OSSUT \/ BONEY). Julio Alves. 2007. 14\u2032<\/p>\n<p><a href=\"https:\/\/fundacionporlajusticia.org\/wp-content\/uploads\/2014\/10\/el-empleo-santiago-bou-grasso-copia.jpg\"><img loading=\"lazy\" decoding=\"async\" class=\"alignnone size-medium wp-image-489\" src=\"https:\/\/fundacionporlajusticia.org\/wp-content\/uploads\/2014\/10\/el-empleo-santiago-bou-grasso-copia-300x147.jpg\" alt=\"el-empleo-santiago-bou-grasso-copia\" width=\"300\" height=\"147\" \/><\/a><br \/>\n<strong>The job.<\/strong><strong>\u00a0<\/strong>Santiago Bou Grasso. 2008. 6\u2032<\/p>\n<p><a href=\"https:\/\/fundacionporlajusticia.org\/wp-content\/uploads\/2014\/10\/ultimatum1.jpg\"><img loading=\"lazy\" decoding=\"async\" class=\"alignnone size-medium wp-image-493\" src=\"https:\/\/fundacionporlajusticia.org\/wp-content\/uploads\/2014\/10\/ultimatum1-156x300.jpg\" alt=\"ultimatum(1)\" width=\"156\" height=\"300\" \/><\/a><br \/>\n<strong>The evolutionary ultimatum.<\/strong><strong>\u00a0<\/strong>Pablo Llorens. 2009. 11\u2032<\/p>\n<p><a href=\"https:\/\/fundacionporlajusticia.org\/wp-content\/uploads\/2014\/10\/04-la_nina_que_tenia_una_sola_oreja.jpg\"><img loading=\"lazy\" decoding=\"async\" class=\"alignnone size-medium wp-image-487\" src=\"https:\/\/fundacionporlajusticia.org\/wp-content\/uploads\/2014\/10\/04-la_nina_que_tenia_una_sola_oreja-300x186.jpg\" alt=\"04-la_nina_que_tenia_una_sola_oreja\" width=\"300\" height=\"186\" \/><\/a><br \/>\n<strong>A baby who has a soa orella stain<\/strong><strong>\u00a0<\/strong>(THE XIQUETA WHO HAD ONLY ONE EAR \/ THE GIRL WHO HAD ONLY ONE EAR)<strong>.<\/strong><strong>\u00a0<\/strong>Alvaro Leon. 2009. 13\u2032<\/p>\n<p><a href=\"https:\/\/fundacionporlajusticia.org\/wp-content\/uploads\/2014\/10\/MAIN-DESANIMADO-EMILIO-MARTI-3.jpg\"><img loading=\"lazy\" decoding=\"async\" class=\"alignnone size-medium wp-image-491\" src=\"https:\/\/fundacionporlajusticia.org\/wp-content\/uploads\/2014\/10\/MAIN-DESANIMADO-EMILIO-MARTI-3-300x185.jpg\" alt=\"MAIN DESANIMADO EMILIO MARTI 3\" width=\"300\" height=\"185\" \/><\/a><br \/>\n<strong>Discouraged.<\/strong><strong>\u00a0<\/strong>Emilio Marti. 2011. 7\u2032<\/p>","protected":false},"excerpt":{"rendered":"<p>En el marco del Festival Internacional de Cine y Derechos Humanos, la Filmoteca programa tambi\u00e9n un ciclo complementario compuesto por una selecci\u00f3n de pel\u00edculas\u00a0 y de cortometrajes de animaci\u00f3n cuya tem\u00e1tica est\u00e1 relacionada con los derechos humanos. PEL\u00cdCULAS: \u00a0 CORTOMETRAJES Selecci\u00f3n de cortos que, a trav\u00e9s de diferentes tonos y t\u00e9cnicas de animaci\u00f3n, se aproximan [&hellip;]<\/p>\n","protected":false},"author":2,"featured_media":0,"parent":2317,"menu_order":2,"comment_status":"closed","ping_status":"closed","template":"","meta":{"_et_pb_use_builder":"","_et_pb_old_content":"","_et_gb_content_width":"","_uf_show_specific_survey":0,"_uf_disable_surveys":false,"footnotes":""},"class_list":["post-2352","page","type-page","status-publish","hentry"],"aioseo_notices":[],"_links":{"self":[{"href":"https:\/\/fundacionporlajusticia.org\/en\/wp-json\/wp\/v2\/pages\/2352","targetHints":{"allow":["GET"]}}],"collection":[{"href":"https:\/\/fundacionporlajusticia.org\/en\/wp-json\/wp\/v2\/pages"}],"about":[{"href":"https:\/\/fundacionporlajusticia.org\/en\/wp-json\/wp\/v2\/types\/page"}],"author":[{"embeddable":true,"href":"https:\/\/fundacionporlajusticia.org\/en\/wp-json\/wp\/v2\/users\/2"}],"replies":[{"embeddable":true,"href":"https:\/\/fundacionporlajusticia.org\/en\/wp-json\/wp\/v2\/comments?post=2352"}],"version-history":[{"count":1,"href":"https:\/\/fundacionporlajusticia.org\/en\/wp-json\/wp\/v2\/pages\/2352\/revisions"}],"predecessor-version":[{"id":2833,"href":"https:\/\/fundacionporlajusticia.org\/en\/wp-json\/wp\/v2\/pages\/2352\/revisions\/2833"}],"up":[{"embeddable":true,"href":"https:\/\/fundacionporlajusticia.org\/en\/wp-json\/wp\/v2\/pages\/2317"}],"wp:attachment":[{"href":"https:\/\/fundacionporlajusticia.org\/en\/wp-json\/wp\/v2\/media?parent=2352"}],"curies":[{"name":"wp","href":"https:\/\/api.w.org\/{rel}","templated":true}]}}