{"id":2344,"date":"2014-10-07T09:38:41","date_gmt":"2014-10-07T09:38:41","guid":{"rendered":"https:\/\/fundacionporlajusticia.accesia.info\/?page_id=505"},"modified":"2022-03-21T16:23:39","modified_gmt":"2022-03-21T16:23:39","slug":"505-2","status":"publish","type":"page","link":"https:\/\/fundacionporlajusticia.org\/en\/humansfest\/el_festival\/2015-edicion-vi\/seccion-oficial-2\/505-2\/","title":{"rendered":"Holy Water"},"content":{"rendered":"<p style=\"color: #48423f; text-align: justify;\"><a href=\"https:\/\/fundacionporlajusticia.org\/wp-content\/uploads\/2014\/09\/cartel_espanolaguabendita.jpg\"><img loading=\"lazy\" decoding=\"async\" class=\"alignleft wp-image-358 size-thumbnail\" src=\"https:\/\/fundacionporlajusticia.org\/wp-content\/uploads\/2014\/09\/cartel_espanolaguabendita-150x150.jpg\" alt=\"cartel_espanolaguabendita\" width=\"150\" height=\"150\" \/><\/a>Holy Water passes and<span id=\"yui_3_16_0_1_1412232277238_3870\">n a small village in Costa Rica. Residents of Nicaraguan origin predict a great drought for the summer months. Geiner, an 11-year-old boy, believes that spirits through shamans are the only ones who can make it rain.<\/span><\/p>\n<p>Director \u2013 Octavio Guerra.<br \/>\nCountry Spain.<br \/>\nDuration: 82 min.<br \/>\nYear of production: 2013.<br \/>\n<iframe loading=\"lazy\" src=\"\/\/player.vimeo.com\/video\/53274364\" width=\"500\" height=\"281\" frameborder=\"0\" allowfullscreen=\"allowfullscreen\"><\/iframe> <a href=\"http:\/\/vimeo.com\/53274364\">HOLY WATER TRAILER. Octavio Guerra<\/a> desde <a href=\"http:\/\/vimeo.com\/user13859864\">Octavio Guerra<\/a> on <a href=\"https:\/\/vimeo.com\">Vimeo<\/a>.<\/p>","protected":false},"excerpt":{"rendered":"<p>Agua Bendita transcurre en una peque\u00f1a aldea de Costa Rica. \u00a0Los habitantes de origen nicarag\u00fcense pronostican una gran sequ\u00eda para los meses de verano. Geiner, un ni\u00f1o de 11 a\u00f1os, cree que los esp\u00edritus a trav\u00e9s de los chamanes son los \u00fanicos que pueden hacer que llueva. Director \u2013 \u00a0Octavio Guerra. Pa\u00eds \u2013 Espa\u00f1a. Duraci\u00f3n: [&hellip;]<\/p>\n","protected":false},"author":2,"featured_media":0,"parent":2319,"menu_order":8,"comment_status":"closed","ping_status":"closed","template":"","meta":{"_et_pb_use_builder":"","_et_pb_old_content":"","_et_gb_content_width":"","_uf_show_specific_survey":0,"_uf_disable_surveys":false,"footnotes":""},"class_list":["post-2344","page","type-page","status-publish","hentry"],"aioseo_notices":[],"_links":{"self":[{"href":"https:\/\/fundacionporlajusticia.org\/en\/wp-json\/wp\/v2\/pages\/2344","targetHints":{"allow":["GET"]}}],"collection":[{"href":"https:\/\/fundacionporlajusticia.org\/en\/wp-json\/wp\/v2\/pages"}],"about":[{"href":"https:\/\/fundacionporlajusticia.org\/en\/wp-json\/wp\/v2\/types\/page"}],"author":[{"embeddable":true,"href":"https:\/\/fundacionporlajusticia.org\/en\/wp-json\/wp\/v2\/users\/2"}],"replies":[{"embeddable":true,"href":"https:\/\/fundacionporlajusticia.org\/en\/wp-json\/wp\/v2\/comments?post=2344"}],"version-history":[{"count":1,"href":"https:\/\/fundacionporlajusticia.org\/en\/wp-json\/wp\/v2\/pages\/2344\/revisions"}],"predecessor-version":[{"id":3530,"href":"https:\/\/fundacionporlajusticia.org\/en\/wp-json\/wp\/v2\/pages\/2344\/revisions\/3530"}],"up":[{"embeddable":true,"href":"https:\/\/fundacionporlajusticia.org\/en\/wp-json\/wp\/v2\/pages\/2319"}],"wp:attachment":[{"href":"https:\/\/fundacionporlajusticia.org\/en\/wp-json\/wp\/v2\/media?parent=2344"}],"curies":[{"name":"wp","href":"https:\/\/api.w.org\/{rel}","templated":true}]}}