{"id":2334,"date":"2014-10-07T09:21:51","date_gmt":"2014-10-07T09:21:51","guid":{"rendered":"https:\/\/fundacionporlajusticia.accesia.info\/?page_id=483"},"modified":"2022-03-21T16:23:28","modified_gmt":"2022-03-21T16:23:28","slug":"los-anos-salvajes","status":"publish","type":"page","link":"https:\/\/fundacionporlajusticia.org\/en\/humansfest\/el_festival\/2015-edicion-vi\/seccion-oficial-2\/los-anos-salvajes\/","title":{"rendered":"\u00a0The wild years"},"content":{"rendered":"<div style=\"color: #000000;\"><a href=\"https:\/\/fundacionporlajusticia.org\/wp-content\/uploads\/2014\/09\/los-an\u00a6\u00e2os-salvajes.jpg\"><img loading=\"lazy\" decoding=\"async\" class=\"alignleft wp-image-290 size-thumbnail\" src=\"https:\/\/fundacionporlajusticia.org\/wp-content\/uploads\/2014\/09\/los-an\u00a6\u00e2os-salvajes-150x150.jpg\" alt=\"los an\u00a6\u00e2os salvajes\" width=\"150\" height=\"150\" \/><\/a><\/div>\n<p style=\"color: #48423f; text-align: justify;\">This is the personal journey of Daniel, Yohannes and Habtom, three children between 9 and 12 years old who live poorly on the streets of Addis Ababa, the capital of Ethiopia, where 270,000 other street children suffer the same fate. During their trip we will discover their secrets, their thoughts and what they expect from the future.<\/p>\n<p>Director \u2013 Ventura Durall<br \/>\nCountry \u2013 Spain \/ Ethiopia<br \/>\nDuration \u2013 73 mins.<br \/>\nYear of production \u2013 2013.<\/p>\n<p><iframe loading=\"lazy\" src=\"\/\/www.youtube.com\/embed\/wcz_nmb-tcE\" width=\"560\" height=\"315\" frameborder=\"0\" allowfullscreen=\"allowfullscreen\"><\/iframe><\/p>","protected":false},"excerpt":{"rendered":"<p>\u00c9ste es el viaje personal de Daniel, Yohannes y Habtom, tres ni\u00f1os de entre 9 y 12 a\u00f1os que malviven en las calles de Addis Abeba, la capital de Etiop\u00eda, donde otros 270.000 ni\u00f1os de la calle corren su misma suerte. Durante su viaje descubriremos sus secretos, sus pensamientos y lo que esperan del futuro. [&hellip;]<\/p>\n","protected":false},"author":2,"featured_media":0,"parent":2319,"menu_order":3,"comment_status":"closed","ping_status":"closed","template":"","meta":{"_et_pb_use_builder":"","_et_pb_old_content":"","_et_gb_content_width":"","_uf_show_specific_survey":0,"_uf_disable_surveys":false,"footnotes":""},"class_list":["post-2334","page","type-page","status-publish","hentry"],"aioseo_notices":[],"_links":{"self":[{"href":"https:\/\/fundacionporlajusticia.org\/en\/wp-json\/wp\/v2\/pages\/2334","targetHints":{"allow":["GET"]}}],"collection":[{"href":"https:\/\/fundacionporlajusticia.org\/en\/wp-json\/wp\/v2\/pages"}],"about":[{"href":"https:\/\/fundacionporlajusticia.org\/en\/wp-json\/wp\/v2\/types\/page"}],"author":[{"embeddable":true,"href":"https:\/\/fundacionporlajusticia.org\/en\/wp-json\/wp\/v2\/users\/2"}],"replies":[{"embeddable":true,"href":"https:\/\/fundacionporlajusticia.org\/en\/wp-json\/wp\/v2\/comments?post=2334"}],"version-history":[{"count":1,"href":"https:\/\/fundacionporlajusticia.org\/en\/wp-json\/wp\/v2\/pages\/2334\/revisions"}],"predecessor-version":[{"id":3525,"href":"https:\/\/fundacionporlajusticia.org\/en\/wp-json\/wp\/v2\/pages\/2334\/revisions\/3525"}],"up":[{"embeddable":true,"href":"https:\/\/fundacionporlajusticia.org\/en\/wp-json\/wp\/v2\/pages\/2319"}],"wp:attachment":[{"href":"https:\/\/fundacionporlajusticia.org\/en\/wp-json\/wp\/v2\/media?parent=2334"}],"curies":[{"name":"wp","href":"https:\/\/api.w.org\/{rel}","templated":true}]}}