{"id":2319,"date":"2014-10-07T08:39:25","date_gmt":"2014-10-07T08:39:25","guid":{"rendered":"https:\/\/fundacionporlajusticia.accesia.info\/?page_id=446"},"modified":"2022-03-21T17:06:34","modified_gmt":"2022-03-21T17:06:34","slug":"seccion-oficial-2","status":"publish","type":"page","link":"https:\/\/fundacionporlajusticia.org\/en\/humansfest\/el_festival\/2015-edicion-vi\/seccion-oficial-2\/","title":{"rendered":"2015 EDITION \u2013 OFFICIAL SECTION"},"content":{"rendered":"<p><strong>Many thanks to the more than 120 participants in the Festival but after a difficult selection process, the VI Valencia International Film and Human Rights Festival has selected the following documentaries:<\/strong><\/p>\n<p style=\"text-align: justify;\">Parallel to the official section, the short film section, \u201c1 minute, 1 right\u201d is presented, which will exhibit a selection of the best pieces received. Animated films will also have their own space with titles linked to human rights. The festival program includes a series of activities and workshops that will complement the screenings, debates or concerts around Human Rights, both at the official headquarters of La Filmoteca and at the IVAM or the Picassent Penitentiary Center.<br \/>\nThe Festival also has an international dimension, since it has sub-venues in cities such as Salamanca, Sao Paulo, El Salvador, Lima and San Jos\u00e9 among others, in order to promote the creation of audiovisuals with social themes. This proposal, unique in the city of Valencia, is characterized by its humility, commitment to civil society and Human Rights and by the enthusiasm of all those who in some way are part of this project. We want all viewers to witness the reality that surrounds us, creating sensations in viewers that promote individual action.<br \/>\nThe Festival is an initiative of the Foundation for Justice, whose objective is to raise awareness of Human Rights through art and culture. The festival&#039;s aim is to bring more reflective and committed cinema to society, and to achieve this we are committed to a selection of films framed within the documentary genre, proposing a realistic, first-person look at the different topics covered: Rights of the women, the right to decent housing, social economy, integration of people with disabilities or immigration among others.<\/p>\n<p>&nbsp;<\/p>\n<p><a href=\"https:\/\/fundacionporlajusticia.org\/en\/475-cuando-el-matrimonio-se-convierte-en-castigo\/\"><img loading=\"lazy\" decoding=\"async\" class=\"alignleft wp-image-447 size-full\" src=\"https:\/\/fundacionporlajusticia.org\/wp-content\/uploads\/2014\/10\/cartel_1_475.png\" alt=\"cartel_1_475\" width=\"400\" height=\"709\" \/><\/a><\/p>\n<p><a href=\"https:\/\/fundacionporlajusticia.org\/en\/mataron-a-mi-hermano\/\"><img loading=\"lazy\" decoding=\"async\" class=\"wp-image-448 size-full alignright\" src=\"https:\/\/fundacionporlajusticia.org\/wp-content\/uploads\/2014\/10\/cartel_2_mataron.png\" alt=\"cartel_2_mataron\" width=\"400\" height=\"709\" \/><\/a><\/p>\n<p><a href=\"https:\/\/fundacionporlajusticia.org\/en\/los-anos-salvajes\/\"><img loading=\"lazy\" decoding=\"async\" class=\"size-full wp-image-456 alignleft\" src=\"https:\/\/fundacionporlajusticia.org\/wp-content\/uploads\/2014\/10\/cartel_3_ANYS.png\" alt=\"cartel_3_ANYS\" width=\"400\" height=\"709\" \/><\/a><\/p>\n<p><a href=\"https:\/\/fundacionporlajusticia.org\/en\/ruina\/\"><img loading=\"lazy\" decoding=\"async\" class=\"size-full wp-image-457 alignright\" src=\"https:\/\/fundacionporlajusticia.org\/wp-content\/uploads\/2014\/10\/cartel_4_ruina.png\" alt=\"cartel_4_ruina\" width=\"400\" height=\"709\" \/><\/a><\/p>\n<p><a href=\"https:\/\/fundacionporlajusticia.org\/en\/gabor\/\"><img loading=\"lazy\" decoding=\"async\" class=\"size-full wp-image-458 alignleft\" src=\"https:\/\/fundacionporlajusticia.org\/wp-content\/uploads\/2014\/10\/cartel_5_GABOR.png\" alt=\"cartel_5_GABOR\" width=\"400\" height=\"709\" \/><\/a><\/p>\n<p><a href=\"https:\/\/fundacionporlajusticia.org\/en\/de-cometas-y-fronteras\/\"><img loading=\"lazy\" decoding=\"async\" class=\"size-full wp-image-459 alignright\" src=\"https:\/\/fundacionporlajusticia.org\/wp-content\/uploads\/2014\/10\/cartel_6_cometas.png\" alt=\"cartel_6_cometas\" width=\"400\" height=\"709\" \/><\/a><\/p>\n<p><a href=\"https:\/\/fundacionporlajusticia.org\/en\/gurba-la-condena\/\"><img loading=\"lazy\" decoding=\"async\" class=\"size-full wp-image-460 alignleft\" src=\"https:\/\/fundacionporlajusticia.org\/wp-content\/uploads\/2014\/10\/cartel_7_GURBA.png\" alt=\"cartel_7_GURBA\" width=\"400\" height=\"709\" \/><\/a><\/p>\n<p><a href=\"https:\/\/fundacionporlajusticia.org\/en\/505-2\/\"><img loading=\"lazy\" decoding=\"async\" class=\"size-full wp-image-461 alignright\" src=\"https:\/\/fundacionporlajusticia.org\/wp-content\/uploads\/2014\/10\/cartel_8_BENDITA.png\" alt=\"cartel_8_BENDITA\" width=\"400\" height=\"709\" \/><\/a><\/p>\n<p><a href=\"https:\/\/fundacionporlajusticia.org\/en\/un-loro-en-la-horchateria\/\"><img loading=\"lazy\" decoding=\"async\" class=\"size-full wp-image-462 alignleft\" src=\"https:\/\/fundacionporlajusticia.org\/wp-content\/uploads\/2014\/10\/cartel_9_loro.png\" alt=\"cartel_9_loro\" width=\"400\" height=\"709\" \/><\/a><\/p>\n<p><a href=\"https:\/\/fundacionporlajusticia.org\/en\/de-sentido-comun\/\"><img loading=\"lazy\" decoding=\"async\" class=\"size-full wp-image-463 alignright\" src=\"https:\/\/fundacionporlajusticia.org\/wp-content\/uploads\/2014\/10\/cartel_10_sentido.png\" alt=\"cartel_10_sentido\" width=\"400\" height=\"709\" \/><\/a><\/p>\n<p>&nbsp;<\/p>\n<h4 style=\"text-align: justify;\"><\/h4>","protected":false},"excerpt":{"rendered":"<p>Muchas gracias a los m\u00e1s de 120 participantes en el Festival pero despu\u00e9s de un dif\u00edcil proceso de selecci\u00f3n, el VI Festival Internacional de Cine y Derechos humanos de Valencia ha seleccionado los siguientes documentales: Paralelamente a la secci\u00f3n oficial, se presenta la secci\u00f3n de cortometrajes, \u201c1 minuto, 1 derecho\u201d que exhibir\u00e1 una selecci\u00f3n de [&hellip;]<\/p>\n","protected":false},"author":2,"featured_media":0,"parent":2317,"menu_order":1,"comment_status":"closed","ping_status":"closed","template":"","meta":{"_et_pb_use_builder":"","_et_pb_old_content":"","_et_gb_content_width":"","_uf_show_specific_survey":0,"_uf_disable_surveys":false,"footnotes":""},"class_list":["post-2319","page","type-page","status-publish","hentry"],"aioseo_notices":[],"_links":{"self":[{"href":"https:\/\/fundacionporlajusticia.org\/en\/wp-json\/wp\/v2\/pages\/2319","targetHints":{"allow":["GET"]}}],"collection":[{"href":"https:\/\/fundacionporlajusticia.org\/en\/wp-json\/wp\/v2\/pages"}],"about":[{"href":"https:\/\/fundacionporlajusticia.org\/en\/wp-json\/wp\/v2\/types\/page"}],"author":[{"embeddable":true,"href":"https:\/\/fundacionporlajusticia.org\/en\/wp-json\/wp\/v2\/users\/2"}],"replies":[{"embeddable":true,"href":"https:\/\/fundacionporlajusticia.org\/en\/wp-json\/wp\/v2\/comments?post=2319"}],"version-history":[{"count":1,"href":"https:\/\/fundacionporlajusticia.org\/en\/wp-json\/wp\/v2\/pages\/2319\/revisions"}],"predecessor-version":[{"id":2349,"href":"https:\/\/fundacionporlajusticia.org\/en\/wp-json\/wp\/v2\/pages\/2319\/revisions\/2349"}],"up":[{"embeddable":true,"href":"https:\/\/fundacionporlajusticia.org\/en\/wp-json\/wp\/v2\/pages\/2317"}],"wp:attachment":[{"href":"https:\/\/fundacionporlajusticia.org\/en\/wp-json\/wp\/v2\/media?parent=2319"}],"curies":[{"name":"wp","href":"https:\/\/api.w.org\/{rel}","templated":true}]}}